{"id":14055,"date":"2024-04-18T08:56:20","date_gmt":"2024-04-18T06:56:20","guid":{"rendered":"https:\/\/www.envirofalk.com\/?page_id=14055"},"modified":"2025-08-06T09:44:31","modified_gmt":"2025-08-06T07:44:31","slug":"niederlassung-koeln","status":"publish","type":"page","link":"https:\/\/www.envirofalk.com\/ch\/unternehmen\/unsere-standorte\/niederlassung-koeln\/","title":{"rendered":"Niederlassung K\u00f6ln"},"content":{"rendered":"<div class=\"wpb-content-wrapper\"><p>[vc_section][vc_row full_width=&#187;stretch_row_content_no_spaces&#187;][vc_column]<div class=\"custom-top-banner img-box   has-icon\" style=\"background-image: url(https:\/\/www.envirofalk.com\/wp-content\/uploads\/2023\/11\/EF_NL_Koeln_1920x640_h-21034fe2.webp)\"><div class=\"container relative\"><div class=\"text-box\"><div class=\"slideInRight animated\"><img loading=\"lazy\" decoding=\"async\" width=\"1\" height=\"1\" src=\"https:\/\/www.envirofalk.com\/wp-content\/uploads\/2023\/09\/Wasseraufbereitung_EnviroFALK_Logo.svg\" class=\"attachment-120x120 size-120x120\" alt=\"EnviroFALK-Logo Icon\" \/><p>Immer in Ihrer N\u00e4he, unsere <strong>Standorte<\/strong><\/p><\/div><\/div><\/div><\/div>[\/vc_column][\/vc_row][vc_row el_class=&#187;breadcrumbs-wrapper&#187;][vc_column]<div class=\"breadcrumbs\"><label><\/label> <a href=\"https:\/\/www.envirofalk.com\/ch\/\">Home<\/a><\/div>[\/vc_column][\/vc_row][\/vc_section][vc_section][vc_row full_height=&#187;yes&#187; css_animation=&#187;slideInUp&#187; el_class=&#187;two-columns-row tablet-row align-top&#187; el_id=&#187;ansprechpartner&#187;][vc_column width=&#187;2\/3&#8243;][vc_custom_heading text=&#187;EnviroFALK GmbH &#8211; Niederlassung K\u00f6ln&#187; font_container=&#187;tag:h1|text_align:left&#187; use_theme_fonts=&#187;yes&#187;][vc_column_text]Unsere EnviroFALK Niederlassung K\u00f6ln punktet insbesondere durch einen professionellen Salzgro\u00dfhandel. Krankenh\u00e4user, Labore und Industriebranchen aus Nordrhein-Westfalen sch\u00e4tzen die zuverl\u00e4ssige Belieferung von Regenerier-Siedesalz nach DIN EN 973. Zudem k\u00fcmmert sich EnviroFALK in K\u00f6ln um die Regeneration Ihrer Ionenaustauscher. Schnell, p\u00fcnktlich und unkompliziert.[\/vc_column_text][vc_custom_heading text=&#187;Unsere Leistungen&#187; use_theme_fonts=&#187;yes&#187; css=&#187;.vc_custom_1699281572125{padding-bottom: 30px !important;}&#187;]<div class=\"quick-links default wpb_content_element\" data-background=\"\"><div class=\"flexbox\"><a href=\"https:\/\/envirofalk.com\/ch\/ionenaustauscher-regeneration\/\" target=\"_self\"><div class=\"icon lg\"><img decoding=\"async\" src=\"https:\/\/www.envirofalk.com\/wp-content\/uploads\/2023\/08\/Wasseraufbereitung_Ionenaustauscher_Icon.svg\" class=\"attachment-full size-full\" alt=\"\" \/><\/div><div><h4>Regenerationsservice f\u00fcr Ionenaustauscher<\/h4><\/div><\/a><\/div><div class=\"flexbox\"><a href=\"https:\/\/envirofalk.com\/ch\/verfahrenstechniken\/individuelle-wasseraufbereitung\/\" target=\"_self\"><div class=\"icon lg\"><img decoding=\"async\" src=\"https:\/\/www.envirofalk.com\/wp-content\/uploads\/2023\/09\/Wasseraufbereitung_EnviroFALK_Logo.svg\" class=\"attachment-full size-full\" alt=\"EnviroFALK-Logo Icon\" \/><\/div><div><h4>Regenerier-Siedesalztabletten f\u00fcr Enth\u00e4rtungsanlagen<\/h4><\/div><\/a><\/div><div class=\"flexbox\"><a href=\"https:\/\/envirofalk.com\/ch\/service\/\" target=\"_self\"><div class=\"icon lg\"><img decoding=\"async\" src=\"https:\/\/www.envirofalk.com\/wp-content\/uploads\/2023\/05\/icon_service.svg\" class=\"attachment-full size-full\" alt=\"Person mit Headset Icon\" \/><\/div><div><h4>Service und Wartung<\/h4><\/div><\/a><\/div><\/div>[\/vc_column][vc_column width=&#187;1\/3&#8243; el_class=&#187;has-bg&#187;]<div class=\"online-consultant-box  wpb_content_element\"><div class=\"online-consultant\"><div><div class=\"person-info\"><h5>Jasmin Reusch<\/h5><ul class=\"person-list\"><li><a href=\"tel:+49 2663 9908-93\">+49 2663 9908-93<\/a><\/li><\/ul><\/div><a href=\"#beratung\" target=\"_self\" class=\"custom-btn show-modal\"><i class=\"icon-chevron-right\"><\/i>Zur Onlinebratung<\/a><\/div><div class=\"relative\"><svg xmlns=\"http:\/\/www.w3.org\/2000\/svg\" viewBox=\"0 0 32.83 32.83\">\n\t\t\t\t\t\t\t\t\t<defs>\n\t\t\t\t\t\t\t\t\t\t<linearGradient id=\"gradient\" x1=\"0%\" y1=\"0%\" x2=\"0%\" y2=\"100%\" gradientTransform=\"rotate(-135)\">\n\t\t\t\t\t\t\t\t\t\t\t<stop offset=\"0%\" stop-color=\"#97be0d\"\/>\n\t\t\t\t\t\t\t\t\t\t\t\t<stop offset=\"100%\" stop-color=\"rgba(255, 255, 255, 0)\"\/>\n\t\t\t\t\t\t\t\t\t\t<\/linearGradient>\n\t\t\t\t\t\t\t\t\t<\/defs>\n\t\t\t\t\t\t\t\t\t<path class=\"wpb_animate_when_almost_visible circular-progress\" stroke=\"url(#gradient)\" stroke-width=\"1\" stroke-dasharray=\"100, 100\" fill=\"none\" d=\"M18,2.08a15.92,15.92,0,0,1,0,31.84h0A15.92,15.92,0,0,1,18,2.08\" transform=\"translate(-1.59 -1.58)\"\/>\n                            \t<\/svg><span><img loading=\"lazy\" decoding=\"async\" width=\"800\" height=\"800\" src=\"https:\/\/www.envirofalk.com\/wp-content\/uploads\/2023\/08\/Jasmin-Reusch_Ansprechpartner.png\" class=\"attachment-full size-full\" alt=\"Mitarbeiterin Jasmin Reusch\" srcset=\"https:\/\/www.envirofalk.com\/wp-content\/uploads\/2023\/08\/Jasmin-Reusch_Ansprechpartner.png 800w, https:\/\/www.envirofalk.com\/wp-content\/uploads\/2023\/08\/Jasmin-Reusch_Ansprechpartner-350x350.png 350w, https:\/\/www.envirofalk.com\/wp-content\/uploads\/2023\/08\/Jasmin-Reusch_Ansprechpartner-150x150.png 150w, https:\/\/www.envirofalk.com\/wp-content\/uploads\/2023\/08\/Jasmin-Reusch_Ansprechpartner-768x768.png 768w\" sizes=\"auto, (max-width: 800px) 100vw, 800px\" \/><\/span><\/div><\/div><\/div>[vc_column_text css=&#187;&#187;]<\/p>\n<div class=\"address\" style=\"text-align: center;\">\n<h3 style=\"text-align: center;\">EnviroFALK GmbH<br \/>\nNiederlassung K\u00f6ln<\/h3>\n<div class=\"address\">\n<div class=\"street\" style=\"text-align: center;\">Herseler Stra\u00dfe 3<\/div>\n<div class=\"city\" style=\"text-align: center;\">50389 Wesseling<\/div>\n<\/div>\n<p>Tel. <a href=\"tel:+02663 9908810\">+49 2663 9908810<\/a><\/p>\n<div class=\"fax\" style=\"text-align: center;\">Fax +49 2236 38458-29<\/div>\n<\/div>\n<p>[\/vc_column_text][vc_raw_html]JTVCd3NfZHNndm9fbWFwcyUyMG5hbWUlM0QlMjJLb2VsbiUyMiU1RA==[\/vc_raw_html][\/vc_column][\/vc_row][\/vc_section][vc_section parallax=&#187;content-moving&#187; css=&#187;.vc_custom_1699281713616{background-image: url(https:\/\/www.envirofalk.com\/wp-content\/uploads\/2023\/08\/Wasseraufbereitungsanlage_Reinigung_Oberflaechentechnik.jpg?id=498) !important;background-position: center !important;background-repeat: no-repeat !important;background-size: cover !important;}&#187;][vc_row el_class=&#187;tablet-row reverse vertical-center&#187;][vc_column css_animation=&#187;slideInRight&#187; width=&#187;1\/4&#8243;][\/vc_column][vc_column css_animation=&#187;fadeInLeft&#187; width=&#187;3\/4&#8243; css=&#187;.vc_custom_1697097162005{padding-top: 20px !important;padding-right: 20px !important;padding-bottom: 20px !important;padding-left: 20px !important;}&#187; el_class=&#187;has-bg&#187;][vc_column_text el_class=&#187;arrows-list&#187;]<\/p>\n<h2>Was EnviroFALK in K\u00f6ln so einzigartig macht:<\/h2>\n<ul>\n<li><span class=\"text\">Sie ben\u00f6tigen zur Regeneration Ihrer Vollentsalzungspatronen und Wasserenth\u00e4rtungsanlagen hochreines Spezialsalz? Dann sind Sie bei EnviroFALK in K\u00f6ln genau richtig!<\/span><\/li>\n<li><span class=\"text\">Profitieren Sie von unserem professionellen Salzgro\u00dfhandel f\u00fcr Regenerier-Siedesalztabletten.<\/span><\/li>\n<li>Sie m\u00f6chten Ihre Ionenaustauscher aufbereiten lassen und zwar sortenrein!<\/li>\n<li>Ein Anruf gen\u00fcgt und schon ist unser Regenerations-Mobil f\u00fcr Ionenaustauscher auf dem Weg zu Ihnen.<\/li>\n<li>Wir k\u00fcmmern uns um die Regeneration von Ionenaustauschern in jeder gew\u00fcnschten Form: Ionenaustauscher-Patronen aller g\u00e4ngigen Fabrikate, 60-Liter-F\u00e4sser oder 500-Liter-Container.<\/li>\n<\/ul>\n<p>[\/vc_column_text][\/vc_column][\/vc_row][\/vc_section][vc_section][vc_row el_class=&#187;tablet-row vertical-center&#187;][vc_column css_animation=&#187;slideInLeft&#187;]<div class=\"vacancies-wrapper wpb_content_element\"><h2 class=\"entry-title text-center\">Aktuelle Jobs in K\u00f6ln<\/h2><\/div>[\/vc_column][\/vc_row][\/vc_section]<\/p>\n<\/div>","protected":false},"excerpt":{"rendered":"<p>[vc_section][vc_row full_width=&#187;stretch_row_content_no_spaces&#187;][vc_column][\/vc_column][\/vc_row][vc_row el_class=&#187;breadcrumbs-wrapper&#187;][vc_column][\/vc_column][\/vc_row][\/vc_section][vc_section][vc_row full_height=&#187;yes&#187; css_animation=&#187;slideInUp&#187; el_class=&#187;two-columns-row tablet-row align-top&#187; el_id=&#187;ansprechpartner&#187;][vc_column width=&#187;2\/3&#8243;][vc_custom_heading text=&#187;EnviroFALK GmbH &#8211; Niederlassung K\u00f6ln&#187; font_container=&#187;tag:h1|text_align:left&#187; use_theme_fonts=&#187;yes&#187;][vc_column_text]Unsere EnviroFALK Niederlassung K\u00f6ln punktet insbesondere durch einen professionellen Salzgro\u00dfhandel. Krankenh\u00e4user, Labore und Industriebranchen aus Nordrhein-Westfalen sch\u00e4tzen die zuverl\u00e4ssige Belieferung von Regenerier-Siedesalz nach DIN EN 973. Zudem k\u00fcmmert sich EnviroFALK in K\u00f6ln um die Regeneration Ihrer Ionenaustauscher. Schnell, p\u00fcnktlich [&hellip;]<\/p>\n","protected":false},"author":3,"featured_media":0,"parent":14176,"menu_order":6,"comment_status":"closed","ping_status":"closed","template":"","meta":{"_acf_changed":false,"rs_blank_template":"","rs_page_bg_color":"","slide_template_v7":"","footnotes":""},"class_list":["post-14055","page","type-page","status-publish","hentry"],"acf":[],"yoast_head":"<!-- This site is optimized with the Yoast SEO Premium plugin v27.3 (Yoast SEO v27.3) - https:\/\/yoast.com\/product\/yoast-seo-premium-wordpress\/ -->\n<title>Niederlassung K\u00f6ln &#8211; EnviroFALK<\/title>\n<meta name=\"robots\" content=\"index, follow, max-snippet:-1, max-image-preview:large, max-video-preview:-1\" \/>\n<link rel=\"canonical\" href=\"https:\/\/www.envirofalk.com\/ch\/unternehmen\/unsere-standorte\/niederlassung-koeln\/\" \/>\n<meta property=\"og:locale\" content=\"de_DE\" \/>\n<meta property=\"og:type\" content=\"article\" \/>\n<meta property=\"og:title\" content=\"Niederlassung K\u00f6ln\" \/>\n<meta property=\"og:description\" content=\"[vc_section][vc_row full_width=&#187;stretch_row_content_no_spaces&#187;][vc_column][\/vc_column][\/vc_row][vc_row el_class=&#187;breadcrumbs-wrapper&#187;][vc_column][\/vc_column][\/vc_row][\/vc_section][vc_section][vc_row full_height=&#187;yes&#187; css_animation=&#187;slideInUp&#187; el_class=&#187;two-columns-row tablet-row align-top&#187; el_id=&#187;ansprechpartner&#187;][vc_column width=&#187;2\/3&#8243;][vc_custom_heading text=&#187;EnviroFALK GmbH &#8211; Niederlassung K\u00f6ln&#187; font_container=&#187;tag:h1|text_align:left&#187; use_theme_fonts=&#187;yes&#187;][vc_column_text]Unsere EnviroFALK Niederlassung K\u00f6ln punktet insbesondere durch einen professionellen Salzgro\u00dfhandel. Krankenh\u00e4user, Labore und Industriebranchen aus Nordrhein-Westfalen sch\u00e4tzen die zuverl\u00e4ssige Belieferung von Regenerier-Siedesalz nach DIN EN 973. Zudem k\u00fcmmert sich EnviroFALK in K\u00f6ln um die Regeneration Ihrer Ionenaustauscher. Schnell, p\u00fcnktlich [&hellip;]\" \/>\n<meta property=\"og:url\" content=\"https:\/\/www.envirofalk.com\/ch\/unternehmen\/unsere-standorte\/niederlassung-koeln\/\" \/>\n<meta property=\"og:site_name\" content=\"EnviroFALK\" \/>\n<meta property=\"article:publisher\" content=\"https:\/\/www.facebook.com\/envirofalk\" \/>\n<meta property=\"article:modified_time\" content=\"2025-08-06T07:44:31+00:00\" \/>\n<meta name=\"twitter:card\" content=\"summary_large_image\" \/>\n<meta name=\"twitter:label1\" content=\"Gesch\u00e4tzte Lesezeit\" \/>\n\t<meta name=\"twitter:data1\" content=\"2\u00a0Minuten\" \/>\n<script type=\"application\/ld+json\" class=\"yoast-schema-graph\">{\"@context\":\"https:\\\/\\\/schema.org\",\"@graph\":[{\"@type\":\"WebPage\",\"@id\":\"https:\\\/\\\/www.envirofalk.com\\\/ch\\\/unternehmen\\\/unsere-standorte\\\/niederlassung-koeln\\\/\",\"url\":\"https:\\\/\\\/www.envirofalk.com\\\/ch\\\/unternehmen\\\/unsere-standorte\\\/niederlassung-koeln\\\/\",\"name\":\"Niederlassung K\u00f6ln &#8211; EnviroFALK\",\"isPartOf\":{\"@id\":\"https:\\\/\\\/www.envirofalk.com\\\/#website\"},\"datePublished\":\"2024-04-18T06:56:20+00:00\",\"dateModified\":\"2025-08-06T07:44:31+00:00\",\"breadcrumb\":{\"@id\":\"https:\\\/\\\/www.envirofalk.com\\\/ch\\\/unternehmen\\\/unsere-standorte\\\/niederlassung-koeln\\\/#breadcrumb\"},\"inLanguage\":\"de-CH\",\"potentialAction\":[{\"@type\":\"ReadAction\",\"target\":[\"https:\\\/\\\/www.envirofalk.com\\\/ch\\\/unternehmen\\\/unsere-standorte\\\/niederlassung-koeln\\\/\"]}]},{\"@type\":\"BreadcrumbList\",\"@id\":\"https:\\\/\\\/www.envirofalk.com\\\/ch\\\/unternehmen\\\/unsere-standorte\\\/niederlassung-koeln\\\/#breadcrumb\",\"itemListElement\":[{\"@type\":\"ListItem\",\"position\":1,\"name\":\"Home\",\"item\":\"https:\\\/\\\/www.envirofalk.com\\\/ch\\\/\"},{\"@type\":\"ListItem\",\"position\":2,\"name\":\"Unternehmen\",\"item\":\"https:\\\/\\\/www.envirofalk.com\\\/ch\\\/unternehmen\\\/\"},{\"@type\":\"ListItem\",\"position\":3,\"name\":\"Unsere Standorte\",\"item\":\"https:\\\/\\\/www.envirofalk.com\\\/ch\\\/unternehmen\\\/unsere-standorte\\\/\"},{\"@type\":\"ListItem\",\"position\":4,\"name\":\"Niederlassung K\u00f6ln\"}]},{\"@type\":\"WebSite\",\"@id\":\"https:\\\/\\\/www.envirofalk.com\\\/#website\",\"url\":\"https:\\\/\\\/www.envirofalk.com\\\/\",\"name\":\"EnviroFALK\",\"description\":\"Wasseraufbereitungsanlagen f\u00fcr Industrie, Gewerbe &amp; Labor\",\"publisher\":{\"@id\":\"https:\\\/\\\/www.envirofalk.com\\\/#organization\"},\"potentialAction\":[{\"@type\":\"SearchAction\",\"target\":{\"@type\":\"EntryPoint\",\"urlTemplate\":\"https:\\\/\\\/www.envirofalk.com\\\/?s={search_term_string}\"},\"query-input\":{\"@type\":\"PropertyValueSpecification\",\"valueRequired\":true,\"valueName\":\"search_term_string\"}}],\"inLanguage\":\"de-CH\"},{\"@type\":\"Organization\",\"@id\":\"https:\\\/\\\/www.envirofalk.com\\\/#organization\",\"name\":\"EnviroFALK\",\"url\":\"https:\\\/\\\/www.envirofalk.com\\\/\",\"logo\":{\"@type\":\"ImageObject\",\"inLanguage\":\"de-CH\",\"@id\":\"https:\\\/\\\/www.envirofalk.com\\\/#\\\/schema\\\/logo\\\/image\\\/\",\"url\":\"https:\\\/\\\/www.envirofalk.com\\\/wp-content\\\/uploads\\\/2023\\\/01\\\/logo.svg\",\"contentUrl\":\"https:\\\/\\\/www.envirofalk.com\\\/wp-content\\\/uploads\\\/2023\\\/01\\\/logo.svg\",\"caption\":\"EnviroFALK\"},\"image\":{\"@id\":\"https:\\\/\\\/www.envirofalk.com\\\/#\\\/schema\\\/logo\\\/image\\\/\"},\"sameAs\":[\"https:\\\/\\\/www.facebook.com\\\/envirofalk\",\"https:\\\/\\\/www.linkedin.com\\\/company\\\/envirofalk-gmbh\",\"https:\\\/\\\/www.youtube.com\\\/channel\\\/UCM1L-2K6cfBbP3aYgJGbVdA\"],\"description\":\"EnviroFALK Prozesswassertechnik ist Ihr Spezialist f\u00fcr ma\u00dfgeschneiderte Wasseraufbereitungsl\u00f6sungen in der Industrie. Wir bieten innovative Technologien f\u00fcr die Erzeugung und Aufbereitung von Prozesswasser, um h\u00f6chste Effizienz und Qualit\u00e4t in Ihren Produktionsprozessen zu gew\u00e4hrleisten. Mit jahrzehntelanger Erfahrung entwickeln wir nachhaltige und ressourcenschonende L\u00f6sungen, die exakt auf die Anforderungen unserer Kunden abgestimmt sind. Unsere Leistungen umfassen die Filtration, Enth\u00e4rtung, Entsalzung und R\u00fcckgewinnung von Wasser f\u00fcr verschiedenste Anwendungen \u2013 von der Metallverarbeitung bis zur Lebensmittelindustrie. Unsere Experten begleiten Sie von der Planung \u00fcber die Implementierung bis hin zum Service, um eine zuverl\u00e4ssige und wirtschaftliche Wasseraufbereitung sicherzustellen.\",\"email\":\"info@envirofalk.com\",\"telephone\":\"+49 2663 9908-0\",\"legalName\":\"EnviroFALK GmbH\",\"foundingDate\":\"1989-05-01\"}]}<\/script>\n<!-- \/ Yoast SEO Premium plugin. -->","yoast_head_json":{"title":"Niederlassung K\u00f6ln &#8211; EnviroFALK","robots":{"index":"index","follow":"follow","max-snippet":"max-snippet:-1","max-image-preview":"max-image-preview:large","max-video-preview":"max-video-preview:-1"},"canonical":"https:\/\/www.envirofalk.com\/ch\/unternehmen\/unsere-standorte\/niederlassung-koeln\/","og_locale":"de_DE","og_type":"article","og_title":"Niederlassung K\u00f6ln","og_description":"[vc_section][vc_row full_width=&#187;stretch_row_content_no_spaces&#187;][vc_column][\/vc_column][\/vc_row][vc_row el_class=&#187;breadcrumbs-wrapper&#187;][vc_column][\/vc_column][\/vc_row][\/vc_section][vc_section][vc_row full_height=&#187;yes&#187; css_animation=&#187;slideInUp&#187; el_class=&#187;two-columns-row tablet-row align-top&#187; el_id=&#187;ansprechpartner&#187;][vc_column width=&#187;2\/3&#8243;][vc_custom_heading text=&#187;EnviroFALK GmbH &#8211; Niederlassung K\u00f6ln&#187; font_container=&#187;tag:h1|text_align:left&#187; use_theme_fonts=&#187;yes&#187;][vc_column_text]Unsere EnviroFALK Niederlassung K\u00f6ln punktet insbesondere durch einen professionellen Salzgro\u00dfhandel. Krankenh\u00e4user, Labore und Industriebranchen aus Nordrhein-Westfalen sch\u00e4tzen die zuverl\u00e4ssige Belieferung von Regenerier-Siedesalz nach DIN EN 973. Zudem k\u00fcmmert sich EnviroFALK in K\u00f6ln um die Regeneration Ihrer Ionenaustauscher. Schnell, p\u00fcnktlich [&hellip;]","og_url":"https:\/\/www.envirofalk.com\/ch\/unternehmen\/unsere-standorte\/niederlassung-koeln\/","og_site_name":"EnviroFALK","article_publisher":"https:\/\/www.facebook.com\/envirofalk","article_modified_time":"2025-08-06T07:44:31+00:00","twitter_card":"summary_large_image","twitter_misc":{"Gesch\u00e4tzte Lesezeit":"2\u00a0Minuten"},"schema":{"@context":"https:\/\/schema.org","@graph":[{"@type":"WebPage","@id":"https:\/\/www.envirofalk.com\/ch\/unternehmen\/unsere-standorte\/niederlassung-koeln\/","url":"https:\/\/www.envirofalk.com\/ch\/unternehmen\/unsere-standorte\/niederlassung-koeln\/","name":"Niederlassung K\u00f6ln &#8211; EnviroFALK","isPartOf":{"@id":"https:\/\/www.envirofalk.com\/#website"},"datePublished":"2024-04-18T06:56:20+00:00","dateModified":"2025-08-06T07:44:31+00:00","breadcrumb":{"@id":"https:\/\/www.envirofalk.com\/ch\/unternehmen\/unsere-standorte\/niederlassung-koeln\/#breadcrumb"},"inLanguage":"de-CH","potentialAction":[{"@type":"ReadAction","target":["https:\/\/www.envirofalk.com\/ch\/unternehmen\/unsere-standorte\/niederlassung-koeln\/"]}]},{"@type":"BreadcrumbList","@id":"https:\/\/www.envirofalk.com\/ch\/unternehmen\/unsere-standorte\/niederlassung-koeln\/#breadcrumb","itemListElement":[{"@type":"ListItem","position":1,"name":"Home","item":"https:\/\/www.envirofalk.com\/ch\/"},{"@type":"ListItem","position":2,"name":"Unternehmen","item":"https:\/\/www.envirofalk.com\/ch\/unternehmen\/"},{"@type":"ListItem","position":3,"name":"Unsere Standorte","item":"https:\/\/www.envirofalk.com\/ch\/unternehmen\/unsere-standorte\/"},{"@type":"ListItem","position":4,"name":"Niederlassung K\u00f6ln"}]},{"@type":"WebSite","@id":"https:\/\/www.envirofalk.com\/#website","url":"https:\/\/www.envirofalk.com\/","name":"EnviroFALK","description":"Wasseraufbereitungsanlagen f\u00fcr Industrie, Gewerbe &amp; Labor","publisher":{"@id":"https:\/\/www.envirofalk.com\/#organization"},"potentialAction":[{"@type":"SearchAction","target":{"@type":"EntryPoint","urlTemplate":"https:\/\/www.envirofalk.com\/?s={search_term_string}"},"query-input":{"@type":"PropertyValueSpecification","valueRequired":true,"valueName":"search_term_string"}}],"inLanguage":"de-CH"},{"@type":"Organization","@id":"https:\/\/www.envirofalk.com\/#organization","name":"EnviroFALK","url":"https:\/\/www.envirofalk.com\/","logo":{"@type":"ImageObject","inLanguage":"de-CH","@id":"https:\/\/www.envirofalk.com\/#\/schema\/logo\/image\/","url":"https:\/\/www.envirofalk.com\/wp-content\/uploads\/2023\/01\/logo.svg","contentUrl":"https:\/\/www.envirofalk.com\/wp-content\/uploads\/2023\/01\/logo.svg","caption":"EnviroFALK"},"image":{"@id":"https:\/\/www.envirofalk.com\/#\/schema\/logo\/image\/"},"sameAs":["https:\/\/www.facebook.com\/envirofalk","https:\/\/www.linkedin.com\/company\/envirofalk-gmbh","https:\/\/www.youtube.com\/channel\/UCM1L-2K6cfBbP3aYgJGbVdA"],"description":"EnviroFALK Prozesswassertechnik ist Ihr Spezialist f\u00fcr ma\u00dfgeschneiderte Wasseraufbereitungsl\u00f6sungen in der Industrie. Wir bieten innovative Technologien f\u00fcr die Erzeugung und Aufbereitung von Prozesswasser, um h\u00f6chste Effizienz und Qualit\u00e4t in Ihren Produktionsprozessen zu gew\u00e4hrleisten. Mit jahrzehntelanger Erfahrung entwickeln wir nachhaltige und ressourcenschonende L\u00f6sungen, die exakt auf die Anforderungen unserer Kunden abgestimmt sind. Unsere Leistungen umfassen die Filtration, Enth\u00e4rtung, Entsalzung und R\u00fcckgewinnung von Wasser f\u00fcr verschiedenste Anwendungen \u2013 von der Metallverarbeitung bis zur Lebensmittelindustrie. Unsere Experten begleiten Sie von der Planung \u00fcber die Implementierung bis hin zum Service, um eine zuverl\u00e4ssige und wirtschaftliche Wasseraufbereitung sicherzustellen.","email":"info@envirofalk.com","telephone":"+49 2663 9908-0","legalName":"EnviroFALK GmbH","foundingDate":"1989-05-01"}]}},"_links":{"self":[{"href":"https:\/\/www.envirofalk.com\/ch\/wp-json\/wp\/v2\/pages\/14055","targetHints":{"allow":["GET"]}}],"collection":[{"href":"https:\/\/www.envirofalk.com\/ch\/wp-json\/wp\/v2\/pages"}],"about":[{"href":"https:\/\/www.envirofalk.com\/ch\/wp-json\/wp\/v2\/types\/page"}],"author":[{"embeddable":true,"href":"https:\/\/www.envirofalk.com\/ch\/wp-json\/wp\/v2\/users\/3"}],"replies":[{"embeddable":true,"href":"https:\/\/www.envirofalk.com\/ch\/wp-json\/wp\/v2\/comments?post=14055"}],"version-history":[{"count":4,"href":"https:\/\/www.envirofalk.com\/ch\/wp-json\/wp\/v2\/pages\/14055\/revisions"}],"predecessor-version":[{"id":24625,"href":"https:\/\/www.envirofalk.com\/ch\/wp-json\/wp\/v2\/pages\/14055\/revisions\/24625"}],"up":[{"embeddable":true,"href":"https:\/\/www.envirofalk.com\/ch\/wp-json\/wp\/v2\/pages\/14176"}],"wp:attachment":[{"href":"https:\/\/www.envirofalk.com\/ch\/wp-json\/wp\/v2\/media?parent=14055"}],"curies":[{"name":"wp","href":"https:\/\/api.w.org\/{rel}","templated":true}]}}