{"id":14052,"date":"2024-04-18T08:56:43","date_gmt":"2024-04-18T06:56:43","guid":{"rendered":"https:\/\/www.envirofalk.com\/?page_id=14052"},"modified":"2024-04-18T08:56:43","modified_gmt":"2024-04-18T06:56:43","slug":"unsere-werte","status":"publish","type":"page","link":"https:\/\/www.envirofalk.com\/ch\/unternehmen\/unsere-werte\/","title":{"rendered":"Unsere Werte"},"content":{"rendered":"<div class=\"wpb-content-wrapper\"><p>[vc_section][vc_row full_width=&#187;stretch_row_content_no_spaces&#187;][vc_column]<div class=\"custom-top-banner img-box   has-icon\" style=\"background-image: url(https:\/\/www.envirofalk.com\/wp-content\/uploads\/2023\/08\/EnviroFALK_Mitarbeiter_Wasseraufbereitungsanlage.jpg)\"><div class=\"container relative\"><div class=\"text-box\"><div class=\"slideInRight animated\"><img decoding=\"async\" width=\"1\" height=\"1\" src=\"https:\/\/www.envirofalk.com\/wp-content\/uploads\/2023\/09\/Wasseraufbereitung_EnviroFALK_Logo.svg\" class=\"attachment-120x120 size-120x120\" alt=\"EnviroFALK-Logo Icon\" \/><p>Wir erm\u00f6glichen <strong>nachhaltige<\/strong> und <strong>effiziente<\/strong> Nutzung von Wasser<\/p><\/div><\/div><\/div><\/div>[\/vc_column][\/vc_row][vc_row el_class=&#187;breadcrumbs-wrapper&#187;][vc_column]<div class=\"breadcrumbs\"><label><\/label> <a href=\"https:\/\/www.envirofalk.com\/ch\/\">Home<\/a><\/div>[\/vc_column][\/vc_row][\/vc_section][vc_section][vc_row css_animation=&#187;slideInUp&#187; el_class=&#187;two-columns-row tablet-row&#187;][vc_column width=&#187;3\/4&#8243;][vc_custom_heading source=&#187;post_title&#187; font_container=&#187;tag:h1|text_align:left&#187; use_theme_fonts=&#187;yes&#187;][vc_column_text]<\/p>\n<div class=\"ce_row row column first\">\n<p class=\"ce_headline \"><strong>Wir erm\u00f6glichen die nachhaltige und effiziente Nutzung von Wasser.<\/strong><br \/>\n<strong>Durch ganzheitliche L\u00f6sungen st\u00e4rken wir Unternehmen und sch\u00fctzen<\/strong><br \/>\n<strong>das Leben von Mensch und Natur.<\/strong><\/p>\n<\/div>\n<p>[\/vc_column_text][\/vc_column][\/vc_row][\/vc_section][vc_section el_class=&#187;tablet-row vertical-center&#187;][vc_row content_placement=&#187;top&#187;][vc_column css_animation=&#187;slideInLeft&#187; width=&#187;1\/3&#8243; el_class=&#187;has-bg&#187;][vc_column_text]<\/p>\n<h2>Nachhaltigkeit<\/h2>\n<p>Wir bieten nachhaltige und effiziente L\u00f6sungen, Anlagen und Dienstleistungen, um die Herausforderungen der Wasser- und Abwasseraufbereitung zu bew\u00e4ltigen und die Umwelt und die Wasserressourcen f\u00fcr zuk\u00fcnftige Generationen zu sch\u00fctzen und zu erhalten.[\/vc_column_text][\/vc_column][vc_column css_animation=&#187;slideInUp&#187; width=&#187;1\/3&#8243; el_class=&#187;has-bg&#187;][vc_column_text css_animation=&#187;none&#187;]<\/p>\n<h2>Neugierde<\/h2>\n<p>Wir sind offen f\u00fcr innovative und &#171;unkonventionelle&#187; L\u00f6sungen und neue Denkans\u00e4tze, die mit unserer Mission \u00fcbereinstimmen.[\/vc_column_text][\/vc_column][vc_column css_animation=&#187;slideInRight&#187; width=&#187;1\/3&#8243; el_class=&#187;has-bg&#187;][vc_column_text]<\/p>\n<h2>Integrit\u00e4t<\/h2>\n<p>Wir erf\u00fcllen die h\u00f6chsten ethischen Standards. Wir \u00fcbernehmen die volle Verantwortung f\u00fcr unsere Verpflichtungen und ermutigen andere, ihre einzuhalten. Wir sind transparent, vertrauensw\u00fcrdig, fair und ehrlich.[\/vc_column_text][\/vc_column][\/vc_row][vc_row content_placement=&#187;top&#187;][vc_column css_animation=&#187;slideInLeft&#187; width=&#187;1\/3&#8243; el_class=&#187;has-bg&#187;][vc_column_text]<\/p>\n<h2>Miteinander<\/h2>\n<p>Wir geben unser Bestes, vermeiden Egos und arbeiten mit Empathie und Vertrauen daran, gemeinsam Gro\u00dfartiges zu leisten.[\/vc_column_text][\/vc_column][vc_column css_animation=&#187;slideInUp&#187; width=&#187;1\/3&#8243; el_class=&#187;has-bg&#187;][vc_column_text]<\/p>\n<h2>Herzlichkeit<\/h2>\n<div class=\"ce_text block\">\n<p>Wir begr\u00fc\u00dfen alles, was uns menschlich macht.<\/p>\n<\/div>\n<div class=\"ce_download oben40 block\"><\/div>\n<p>[\/vc_column_text][\/vc_column][vc_column css_animation=&#187;slideInRight&#187; width=&#187;1\/3&#8243; el_class=&#187;has-bg&#187;][vc_column_text]<\/p>\n<h2>CR Richtlinie der EnviroFALK<\/h2>\n<p><a href=\"https:\/\/www.envirofalk.com\/wp-content\/uploads\/2023\/08\/EF_CR-Richtlinie_EnviroFALK.pdf\" target=\"_blank\" rel=\"noopener\">Hier finden Sie unsere Richtlinie zu unternehmerischer Verantwortung.<\/a>[\/vc_column_text][\/vc_column][\/vc_row][vc_row][vc_column]<div class=\"posts-wrapper wpb_content_element\"><h2 class=\"entry-title text-center\">Das k\u00f6nnte Sie auch interessieren<\/h2><div id=\"all-posts\" class=\"flexbox has-slider\" data-posts=\"3\" data-cat-id=\"0\"><div id=\"post-22200\" class=\"post post-22200 type-post status-publish format-standard has-post-thumbnail hentry category-envirofalk-firmennews-ch category-aktuelles-ch\"><a href=\"https:\/\/www.envirofalk.com\/ch\/envirofalk-sommeraktion-2025\/\" target=\"_self\"><figure class=\"img-box \" style=\"background-image: url(https:\/\/www.envirofalk.com\/wp-content\/uploads\/2025\/06\/Thumbnail-Sommeraktion-1.jpg)\"><\/figure><\/a><div class=\"text-box\"><ul class=\"terms-list\"><li><a href=\"https:\/\/www.envirofalk.com\/ch\/category\/envirofalk-firmennews-ch\/\">EnviroFALK<\/a><\/li><li><a href=\"https:\/\/www.envirofalk.com\/ch\/category\/aktuelles-ch\/\">News<\/a><\/li><\/ul><h3 class=\"entry-title\"><a href=\"https:\/\/www.envirofalk.com\/ch\/envirofalk-sommeraktion-2025\/\" target=\"_self\">Die EnviroFALK Sommeraktion 2025<\/a><\/h3><p>Jetzt ist die perfekte Zeit, den Sommer zu genie\u00dfen. Mit allem, was dazugeh\u00f6rt: Sonne, Leichtigkeit und einem L\u00e4cheln im Gesicht. Und genau das m\u00f6chten wir Ihnen schenken! <a href=\"https:\/\/www.envirofalk.com\/ch\/envirofalk-sommeraktion-2025\/\" target=\"_self\">mehr lesen<\/a><\/p><\/div><\/div><div id=\"post-20665\" class=\"post post-20665 type-post status-publish format-standard has-post-thumbnail hentry category-pressemitteilungen-ch category-envirofalk-firmennews-ch category-envirofalk-schweiz-ch category-aktuelles-ch\"><a href=\"https:\/\/www.envirofalk.com\/ch\/produktkatalog-wasseraufbereitungsanlagen\/\" target=\"_self\"><figure class=\"img-box \" style=\"background-image: url(https:\/\/www.envirofalk.com\/wp-content\/uploads\/2025\/05\/Moockup-Blaetterseiten.jpg)\"><\/figure><\/a><div class=\"text-box\"><ul class=\"terms-list\"><li><a href=\"https:\/\/www.envirofalk.com\/ch\/category\/pressemitteilungen-ch\/\">Pressemitteilungen<\/a><\/li><li><a href=\"https:\/\/www.envirofalk.com\/ch\/category\/envirofalk-firmennews-ch\/\">EnviroFALK<\/a><\/li><li><a href=\"https:\/\/www.envirofalk.com\/ch\/category\/envirofalk-schweiz-ch\/\">EnviroFALK Schweiz<\/a><\/li><li><a href=\"https:\/\/www.envirofalk.com\/ch\/category\/aktuelles-ch\/\">News<\/a><\/li><\/ul><h3 class=\"entry-title\"><a href=\"https:\/\/www.envirofalk.com\/ch\/produktkatalog-wasseraufbereitungsanlagen\/\" target=\"_self\">Nur ein Klick entfernt: Der neuer EnviroFALK Produktkatalog f\u00fcr Wasseraufbereitungsanlagen.<\/a><\/h3><p>\u00dcbersichtlich nach Branchen, Verfahrenstechniken und Produkten, informativ und schick im neuen Gewand: Der neue EnviroFALK Produktkatalog f\u00fcr Ihre Rein- und Reinstwasseraufbereitung. \r\n <a href=\"https:\/\/www.envirofalk.com\/ch\/produktkatalog-wasseraufbereitungsanlagen\/\" target=\"_self\">mehr lesen<\/a><\/p><\/div><\/div><div id=\"post-20339\" class=\"post post-20339 type-post status-publish format-standard has-post-thumbnail hentry category-envirofalk-firmennews-ch category-aktuelles-ch category-pressemitteilungen-ch category-krankenhaeuser-labore-ch\"><a href=\"https:\/\/www.envirofalk.com\/ch\/reinstwassersystem_labor\/\" target=\"_self\"><figure class=\"img-box \" style=\"background-image: url(https:\/\/www.envirofalk.com\/wp-content\/uploads\/2023\/09\/EF_Bundesumweltamt_Zugspitze_2.jpg)\"><\/figure><\/a><div class=\"text-box\"><ul class=\"terms-list\"><li><a href=\"https:\/\/www.envirofalk.com\/ch\/category\/envirofalk-firmennews-ch\/\">EnviroFALK<\/a><\/li><li><a href=\"https:\/\/www.envirofalk.com\/ch\/category\/aktuelles-ch\/\">News<\/a><\/li><li><a href=\"https:\/\/www.envirofalk.com\/ch\/category\/pressemitteilungen-ch\/\">Pressemitteilungen<\/a><\/li><li><a href=\"https:\/\/www.envirofalk.com\/ch\/category\/krankenhaeuser-labore-ch\/\">Krankenh\u00e4user &amp; Labore<\/a><\/li><\/ul><h3 class=\"entry-title\"><a href=\"https:\/\/www.envirofalk.com\/ch\/reinstwassersystem_labor\/\" target=\"_self\">Zugspitze - Installation von Reinstwassersystem<\/a><\/h3><p>Installation von Reinstwassersystem f\u00fcr das Labor bei der Umweltforschungsstation Schneefernerhaus auf 2.650 Meter H\u00f6he. \r\n\r\n\r\n\r\n <a href=\"https:\/\/www.envirofalk.com\/ch\/reinstwassersystem_labor\/\" target=\"_self\">mehr lesen<\/a><\/p><\/div><\/div><\/div><div class=\"slider-controls news-slider-controls\"><\/div><div class=\"not-found\"><h3>Keine Eintr\u00e4ge gefunden<\/h3><\/div><\/div>[\/vc_column][\/vc_row][\/vc_section]<\/p>\n<\/div>","protected":false},"excerpt":{"rendered":"<p>[vc_section][vc_row full_width=&#187;stretch_row_content_no_spaces&#187;][vc_column][\/vc_column][\/vc_row][vc_row el_class=&#187;breadcrumbs-wrapper&#187;][vc_column][\/vc_column][\/vc_row][\/vc_section][vc_section][vc_row css_animation=&#187;slideInUp&#187; el_class=&#187;two-columns-row tablet-row&#187;][vc_column width=&#187;3\/4&#8243;][vc_custom_heading source=&#187;post_title&#187; font_container=&#187;tag:h1|text_align:left&#187; use_theme_fonts=&#187;yes&#187;][vc_column_text] Wir erm\u00f6glichen die nachhaltige und effiziente Nutzung von Wasser. Durch ganzheitliche L\u00f6sungen st\u00e4rken wir Unternehmen und sch\u00fctzen das Leben von Mensch und Natur. [\/vc_column_text][\/vc_column][\/vc_row][\/vc_section][vc_section el_class=&#187;tablet-row vertical-center&#187;][vc_row content_placement=&#187;top&#187;][vc_column css_animation=&#187;slideInLeft&#187; width=&#187;1\/3&#8243; el_class=&#187;has-bg&#187;][vc_column_text] Nachhaltigkeit Wir bieten nachhaltige und effiziente L\u00f6sungen, Anlagen und Dienstleistungen, um die Herausforderungen der Wasser- [&hellip;]<\/p>\n","protected":false},"author":3,"featured_media":0,"parent":14117,"menu_order":1,"comment_status":"closed","ping_status":"closed","template":"","meta":{"_acf_changed":false,"rs_blank_template":"","rs_page_bg_color":"","slide_template_v7":"","footnotes":""},"class_list":["post-14052","page","type-page","status-publish","hentry"],"acf":[],"yoast_head":"<!-- This site is optimized with the Yoast SEO Premium plugin v27.3 (Yoast SEO v27.3) - https:\/\/yoast.com\/product\/yoast-seo-premium-wordpress\/ -->\n<title>Unsere Werte &#8211; EnviroFALK<\/title>\n<meta name=\"robots\" content=\"index, follow, max-snippet:-1, max-image-preview:large, max-video-preview:-1\" \/>\n<link rel=\"canonical\" href=\"https:\/\/www.envirofalk.com\/ch\/unsere-werte\/\" \/>\n<meta property=\"og:locale\" content=\"de_DE\" \/>\n<meta property=\"og:type\" content=\"article\" \/>\n<meta property=\"og:title\" content=\"Unsere Werte\" \/>\n<meta property=\"og:description\" content=\"[vc_section][vc_row full_width=&#187;stretch_row_content_no_spaces&#187;][vc_column][\/vc_column][\/vc_row][vc_row el_class=&#187;breadcrumbs-wrapper&#187;][vc_column][\/vc_column][\/vc_row][\/vc_section][vc_section][vc_row css_animation=&#187;slideInUp&#187; el_class=&#187;two-columns-row tablet-row&#187;][vc_column width=&#187;3\/4&#8243;][vc_custom_heading source=&#187;post_title&#187; font_container=&#187;tag:h1|text_align:left&#187; use_theme_fonts=&#187;yes&#187;][vc_column_text] Wir erm\u00f6glichen die nachhaltige und effiziente Nutzung von Wasser. Durch ganzheitliche L\u00f6sungen st\u00e4rken wir Unternehmen und sch\u00fctzen das Leben von Mensch und Natur. [\/vc_column_text][\/vc_column][\/vc_row][\/vc_section][vc_section el_class=&#187;tablet-row vertical-center&#187;][vc_row content_placement=&#187;top&#187;][vc_column css_animation=&#187;slideInLeft&#187; width=&#187;1\/3&#8243; el_class=&#187;has-bg&#187;][vc_column_text] Nachhaltigkeit Wir bieten nachhaltige und effiziente L\u00f6sungen, Anlagen und Dienstleistungen, um die Herausforderungen der Wasser- [&hellip;]\" \/>\n<meta property=\"og:url\" content=\"https:\/\/www.envirofalk.com\/ch\/unsere-werte\/\" \/>\n<meta property=\"og:site_name\" content=\"EnviroFALK\" \/>\n<meta property=\"article:publisher\" content=\"https:\/\/www.facebook.com\/envirofalk\" \/>\n<meta name=\"twitter:card\" content=\"summary_large_image\" \/>\n<meta name=\"twitter:label1\" content=\"Gesch\u00e4tzte Lesezeit\" \/>\n\t<meta name=\"twitter:data1\" content=\"2\u00a0Minuten\" \/>\n<script type=\"application\/ld+json\" class=\"yoast-schema-graph\">{\"@context\":\"https:\\\/\\\/schema.org\",\"@graph\":[{\"@type\":\"WebPage\",\"@id\":\"https:\\\/\\\/www.envirofalk.com\\\/ch\\\/unsere-werte\\\/\",\"url\":\"https:\\\/\\\/www.envirofalk.com\\\/ch\\\/unsere-werte\\\/\",\"name\":\"Unsere Werte &#8211; EnviroFALK\",\"isPartOf\":{\"@id\":\"https:\\\/\\\/www.envirofalk.com\\\/#website\"},\"datePublished\":\"2024-04-18T06:56:43+00:00\",\"breadcrumb\":{\"@id\":\"https:\\\/\\\/www.envirofalk.com\\\/ch\\\/unsere-werte\\\/#breadcrumb\"},\"inLanguage\":\"de-CH\",\"potentialAction\":[{\"@type\":\"ReadAction\",\"target\":[\"https:\\\/\\\/www.envirofalk.com\\\/ch\\\/unsere-werte\\\/\"]}]},{\"@type\":\"BreadcrumbList\",\"@id\":\"https:\\\/\\\/www.envirofalk.com\\\/ch\\\/unsere-werte\\\/#breadcrumb\",\"itemListElement\":[{\"@type\":\"ListItem\",\"position\":1,\"name\":\"Home\",\"item\":\"https:\\\/\\\/www.envirofalk.com\\\/ch\\\/\"},{\"@type\":\"ListItem\",\"position\":2,\"name\":\"Unsere Werte\"}]},{\"@type\":\"WebSite\",\"@id\":\"https:\\\/\\\/www.envirofalk.com\\\/#website\",\"url\":\"https:\\\/\\\/www.envirofalk.com\\\/\",\"name\":\"EnviroFALK\",\"description\":\"Wasseraufbereitungsanlagen f\u00fcr Industrie, Gewerbe &amp; Labor\",\"publisher\":{\"@id\":\"https:\\\/\\\/www.envirofalk.com\\\/#organization\"},\"potentialAction\":[{\"@type\":\"SearchAction\",\"target\":{\"@type\":\"EntryPoint\",\"urlTemplate\":\"https:\\\/\\\/www.envirofalk.com\\\/?s={search_term_string}\"},\"query-input\":{\"@type\":\"PropertyValueSpecification\",\"valueRequired\":true,\"valueName\":\"search_term_string\"}}],\"inLanguage\":\"de-CH\"},{\"@type\":\"Organization\",\"@id\":\"https:\\\/\\\/www.envirofalk.com\\\/#organization\",\"name\":\"EnviroFALK\",\"url\":\"https:\\\/\\\/www.envirofalk.com\\\/\",\"logo\":{\"@type\":\"ImageObject\",\"inLanguage\":\"de-CH\",\"@id\":\"https:\\\/\\\/www.envirofalk.com\\\/#\\\/schema\\\/logo\\\/image\\\/\",\"url\":\"https:\\\/\\\/www.envirofalk.com\\\/wp-content\\\/uploads\\\/2023\\\/01\\\/logo.svg\",\"contentUrl\":\"https:\\\/\\\/www.envirofalk.com\\\/wp-content\\\/uploads\\\/2023\\\/01\\\/logo.svg\",\"caption\":\"EnviroFALK\"},\"image\":{\"@id\":\"https:\\\/\\\/www.envirofalk.com\\\/#\\\/schema\\\/logo\\\/image\\\/\"},\"sameAs\":[\"https:\\\/\\\/www.facebook.com\\\/envirofalk\",\"https:\\\/\\\/www.linkedin.com\\\/company\\\/envirofalk-gmbh\",\"https:\\\/\\\/www.youtube.com\\\/channel\\\/UCM1L-2K6cfBbP3aYgJGbVdA\"],\"description\":\"EnviroFALK Prozesswassertechnik ist Ihr Spezialist f\u00fcr ma\u00dfgeschneiderte Wasseraufbereitungsl\u00f6sungen in der Industrie. Wir bieten innovative Technologien f\u00fcr die Erzeugung und Aufbereitung von Prozesswasser, um h\u00f6chste Effizienz und Qualit\u00e4t in Ihren Produktionsprozessen zu gew\u00e4hrleisten. Mit jahrzehntelanger Erfahrung entwickeln wir nachhaltige und ressourcenschonende L\u00f6sungen, die exakt auf die Anforderungen unserer Kunden abgestimmt sind. Unsere Leistungen umfassen die Filtration, Enth\u00e4rtung, Entsalzung und R\u00fcckgewinnung von Wasser f\u00fcr verschiedenste Anwendungen \u2013 von der Metallverarbeitung bis zur Lebensmittelindustrie. Unsere Experten begleiten Sie von der Planung \u00fcber die Implementierung bis hin zum Service, um eine zuverl\u00e4ssige und wirtschaftliche Wasseraufbereitung sicherzustellen.\",\"email\":\"info@envirofalk.com\",\"telephone\":\"+49 2663 9908-0\",\"legalName\":\"EnviroFALK GmbH\",\"foundingDate\":\"1989-05-01\"}]}<\/script>\n<!-- \/ Yoast SEO Premium plugin. -->","yoast_head_json":{"title":"Unsere Werte &#8211; EnviroFALK","robots":{"index":"index","follow":"follow","max-snippet":"max-snippet:-1","max-image-preview":"max-image-preview:large","max-video-preview":"max-video-preview:-1"},"canonical":"https:\/\/www.envirofalk.com\/ch\/unsere-werte\/","og_locale":"de_DE","og_type":"article","og_title":"Unsere Werte","og_description":"[vc_section][vc_row full_width=&#187;stretch_row_content_no_spaces&#187;][vc_column][\/vc_column][\/vc_row][vc_row el_class=&#187;breadcrumbs-wrapper&#187;][vc_column][\/vc_column][\/vc_row][\/vc_section][vc_section][vc_row css_animation=&#187;slideInUp&#187; el_class=&#187;two-columns-row tablet-row&#187;][vc_column width=&#187;3\/4&#8243;][vc_custom_heading source=&#187;post_title&#187; font_container=&#187;tag:h1|text_align:left&#187; use_theme_fonts=&#187;yes&#187;][vc_column_text] Wir erm\u00f6glichen die nachhaltige und effiziente Nutzung von Wasser. Durch ganzheitliche L\u00f6sungen st\u00e4rken wir Unternehmen und sch\u00fctzen das Leben von Mensch und Natur. [\/vc_column_text][\/vc_column][\/vc_row][\/vc_section][vc_section el_class=&#187;tablet-row vertical-center&#187;][vc_row content_placement=&#187;top&#187;][vc_column css_animation=&#187;slideInLeft&#187; width=&#187;1\/3&#8243; el_class=&#187;has-bg&#187;][vc_column_text] Nachhaltigkeit Wir bieten nachhaltige und effiziente L\u00f6sungen, Anlagen und Dienstleistungen, um die Herausforderungen der Wasser- [&hellip;]","og_url":"https:\/\/www.envirofalk.com\/ch\/unsere-werte\/","og_site_name":"EnviroFALK","article_publisher":"https:\/\/www.facebook.com\/envirofalk","twitter_card":"summary_large_image","twitter_misc":{"Gesch\u00e4tzte Lesezeit":"2\u00a0Minuten"},"schema":{"@context":"https:\/\/schema.org","@graph":[{"@type":"WebPage","@id":"https:\/\/www.envirofalk.com\/ch\/unsere-werte\/","url":"https:\/\/www.envirofalk.com\/ch\/unsere-werte\/","name":"Unsere Werte &#8211; EnviroFALK","isPartOf":{"@id":"https:\/\/www.envirofalk.com\/#website"},"datePublished":"2024-04-18T06:56:43+00:00","breadcrumb":{"@id":"https:\/\/www.envirofalk.com\/ch\/unsere-werte\/#breadcrumb"},"inLanguage":"de-CH","potentialAction":[{"@type":"ReadAction","target":["https:\/\/www.envirofalk.com\/ch\/unsere-werte\/"]}]},{"@type":"BreadcrumbList","@id":"https:\/\/www.envirofalk.com\/ch\/unsere-werte\/#breadcrumb","itemListElement":[{"@type":"ListItem","position":1,"name":"Home","item":"https:\/\/www.envirofalk.com\/ch\/"},{"@type":"ListItem","position":2,"name":"Unsere Werte"}]},{"@type":"WebSite","@id":"https:\/\/www.envirofalk.com\/#website","url":"https:\/\/www.envirofalk.com\/","name":"EnviroFALK","description":"Wasseraufbereitungsanlagen f\u00fcr Industrie, Gewerbe &amp; Labor","publisher":{"@id":"https:\/\/www.envirofalk.com\/#organization"},"potentialAction":[{"@type":"SearchAction","target":{"@type":"EntryPoint","urlTemplate":"https:\/\/www.envirofalk.com\/?s={search_term_string}"},"query-input":{"@type":"PropertyValueSpecification","valueRequired":true,"valueName":"search_term_string"}}],"inLanguage":"de-CH"},{"@type":"Organization","@id":"https:\/\/www.envirofalk.com\/#organization","name":"EnviroFALK","url":"https:\/\/www.envirofalk.com\/","logo":{"@type":"ImageObject","inLanguage":"de-CH","@id":"https:\/\/www.envirofalk.com\/#\/schema\/logo\/image\/","url":"https:\/\/www.envirofalk.com\/wp-content\/uploads\/2023\/01\/logo.svg","contentUrl":"https:\/\/www.envirofalk.com\/wp-content\/uploads\/2023\/01\/logo.svg","caption":"EnviroFALK"},"image":{"@id":"https:\/\/www.envirofalk.com\/#\/schema\/logo\/image\/"},"sameAs":["https:\/\/www.facebook.com\/envirofalk","https:\/\/www.linkedin.com\/company\/envirofalk-gmbh","https:\/\/www.youtube.com\/channel\/UCM1L-2K6cfBbP3aYgJGbVdA"],"description":"EnviroFALK Prozesswassertechnik ist Ihr Spezialist f\u00fcr ma\u00dfgeschneiderte Wasseraufbereitungsl\u00f6sungen in der Industrie. Wir bieten innovative Technologien f\u00fcr die Erzeugung und Aufbereitung von Prozesswasser, um h\u00f6chste Effizienz und Qualit\u00e4t in Ihren Produktionsprozessen zu gew\u00e4hrleisten. Mit jahrzehntelanger Erfahrung entwickeln wir nachhaltige und ressourcenschonende L\u00f6sungen, die exakt auf die Anforderungen unserer Kunden abgestimmt sind. Unsere Leistungen umfassen die Filtration, Enth\u00e4rtung, Entsalzung und R\u00fcckgewinnung von Wasser f\u00fcr verschiedenste Anwendungen \u2013 von der Metallverarbeitung bis zur Lebensmittelindustrie. Unsere Experten begleiten Sie von der Planung \u00fcber die Implementierung bis hin zum Service, um eine zuverl\u00e4ssige und wirtschaftliche Wasseraufbereitung sicherzustellen.","email":"info@envirofalk.com","telephone":"+49 2663 9908-0","legalName":"EnviroFALK GmbH","foundingDate":"1989-05-01"}]}},"_links":{"self":[{"href":"https:\/\/www.envirofalk.com\/ch\/wp-json\/wp\/v2\/pages\/14052","targetHints":{"allow":["GET"]}}],"collection":[{"href":"https:\/\/www.envirofalk.com\/ch\/wp-json\/wp\/v2\/pages"}],"about":[{"href":"https:\/\/www.envirofalk.com\/ch\/wp-json\/wp\/v2\/types\/page"}],"author":[{"embeddable":true,"href":"https:\/\/www.envirofalk.com\/ch\/wp-json\/wp\/v2\/users\/3"}],"replies":[{"embeddable":true,"href":"https:\/\/www.envirofalk.com\/ch\/wp-json\/wp\/v2\/comments?post=14052"}],"version-history":[{"count":1,"href":"https:\/\/www.envirofalk.com\/ch\/wp-json\/wp\/v2\/pages\/14052\/revisions"}],"predecessor-version":[{"id":14059,"href":"https:\/\/www.envirofalk.com\/ch\/wp-json\/wp\/v2\/pages\/14052\/revisions\/14059"}],"up":[{"embeddable":true,"href":"https:\/\/www.envirofalk.com\/ch\/wp-json\/wp\/v2\/pages\/14117"}],"wp:attachment":[{"href":"https:\/\/www.envirofalk.com\/ch\/wp-json\/wp\/v2\/media?parent=14052"}],"curies":[{"name":"wp","href":"https:\/\/api.w.org\/{rel}","templated":true}]}}