{"id":14035,"date":"2024-04-18T08:52:50","date_gmt":"2024-04-18T06:52:50","guid":{"rendered":"https:\/\/www.envirofalk.com\/?page_id=14035"},"modified":"2025-01-21T15:39:22","modified_gmt":"2025-01-21T14:39:22","slug":"niederlassung-bielefeld","status":"publish","type":"page","link":"https:\/\/www.envirofalk.com\/ch\/unternehmen\/unsere-standorte\/niederlassung-bielefeld\/","title":{"rendered":"Niederlassung Bielefeld"},"content":{"rendered":"<div class=\"wpb-content-wrapper\"><p>[vc_section][vc_row full_width=&#187;stretch_row_content_no_spaces&#187;][vc_column]<div class=\"custom-top-banner img-box   has-icon\" style=\"background-image: url(https:\/\/www.envirofalk.com\/wp-content\/uploads\/2023\/12\/EF_Bielefeld_7_lr-cd3665df.webp)\"><div class=\"container relative\"><div class=\"text-box\"><div class=\"slideInRight animated\"><img loading=\"lazy\" decoding=\"async\" width=\"1\" height=\"1\" src=\"https:\/\/www.envirofalk.com\/wp-content\/uploads\/2023\/09\/Wasseraufbereitung_EnviroFALK_Logo.svg\" class=\"attachment-120x120 size-120x120\" alt=\"EnviroFALK-Logo Icon\" \/><p>Immer in Ihrer N\u00e4he, unsere <strong>Standorte<\/strong><\/p><\/div><\/div><\/div><\/div>[\/vc_column][\/vc_row][vc_row el_class=&#187;breadcrumbs-wrapper&#187;][vc_column]<div class=\"breadcrumbs\"><label><\/label> <a href=\"https:\/\/www.envirofalk.com\/ch\/\">Home<\/a><\/div>[\/vc_column][\/vc_row][\/vc_section][vc_section][vc_row full_height=&#187;yes&#187; css_animation=&#187;slideInUp&#187; el_class=&#187;two-columns-row tablet-row align-top&#187; el_id=&#187;ansprechpartner&#187;][vc_column width=&#187;2\/3&#8243;][vc_custom_heading text=&#187;EnviroFALK GmbH &#8211; Niederlassung Bielefeld&#187; font_container=&#187;tag:h1|text_align:left&#187; use_theme_fonts=&#187;yes&#187;][vc_column_text]<\/p>\n<h2>Wasseraufbereitung in Bielefeld und Ostwestfalen<\/h2>\n<p>Als langj\u00e4hriger Experte auf dem Gebiet der modernen Wasseraufbereitung bzw. Prozesswasseraufbereitung sind wir in ganz Deutschland und dar\u00fcber hinaus f\u00fcr Sie da \u2013 so unter anderem auch in Bielefeld. Und wie bei unseren anderen Standorten k\u00f6nnen Sie sich bei der <strong>EnviroFALK GmbH Niederlassung Bielefeld<\/strong> ebenfalls auf hocheffiziente Wasseraufbereitungsanlagen, bedarfsgerechte L\u00f6sungen und einen kompromisslosen Rundum-Feelgood-Service verlassen. Letzterer umfasst dabei neben der schnellen Bereitstellung ben\u00f6tigter Ersatzteile sowie Verbrauchsmaterialien auch unseren komfortablen Regenerationsservice f\u00fcr Ionenaustauscherpatronen.[\/vc_column_text][vc_custom_heading text=&#187;Unsere Leistungen&#187; use_theme_fonts=&#187;yes&#187; css=&#187;.vc_custom_1699281572125{padding-bottom: 30px !important;}&#187;]<div class=\"quick-links default wpb_content_element\" data-background=\"\"><div class=\"flexbox\"><a href=\"https:\/\/envirofalk.com\/ch\/ionenaustauscher-regeneration\/\" target=\"_self\"><div class=\"icon lg\"><img decoding=\"async\" src=\"https:\/\/www.envirofalk.com\/wp-content\/uploads\/2023\/08\/Wasseraufbereitung_Ionenaustauscher_Icon.svg\" class=\"attachment-full size-full\" alt=\"\" \/><\/div><div><h4>Regenerationsservice f\u00fcr Ionenaustauscher<\/h4><\/div><\/a><\/div><div class=\"flexbox\"><a href=\"https:\/\/envirofalk.com\/ch\/service\/\" target=\"_self\"><div class=\"icon lg\"><img decoding=\"async\" src=\"https:\/\/www.envirofalk.com\/wp-content\/uploads\/2023\/09\/Wasseraufbereitung_EnviroFALK_Logo.svg\" class=\"attachment-full size-full\" alt=\"EnviroFALK-Logo Icon\" \/><\/div><div><h4>Regenerier-Siedesalztabletten f\u00fcr Enth\u00e4rtungsanlagen<\/h4><\/div><\/a><\/div><div class=\"flexbox\"><a href=\"https:\/\/envirofalk.com\/ch\/verfahrenstechniken\/individuelle-wasseraufbereitung\/\" target=\"_self\"><div class=\"icon lg\"><img decoding=\"async\" src=\"https:\/\/www.envirofalk.com\/wp-content\/uploads\/2023\/08\/Individueller_Anlagenbau_2_Icon.svg\" class=\"attachment-full size-full\" alt=\"Wasseraufbereitungsanlage Icon\" \/><\/div><div><h4>Beratung f\u00fcr Wasseraufbereitungssysteme<\/h4><\/div><\/a><\/div><\/div>[\/vc_column][vc_column width=&#187;1\/3&#8243; el_class=&#187;has-bg&#187;]<div class=\"online-consultant-box  wpb_content_element\"><div class=\"online-consultant\"><div><div class=\"wpb_text_column\"><p>Niederlassungsleiter<\/p>\n<\/div><div class=\"person-info\"><h5>Phillip Zerbin<\/h5><ul class=\"person-list\"><li><a href=\"tel:02663 9908 583\">02663 9908 583<\/a><\/li><\/ul><\/div><a href=\"#beratung\" target=\"_self\" class=\"custom-btn show-modal\"><i class=\"icon-chevron-right\"><\/i>Zur Onlinebratung<\/a><\/div><div class=\"relative\"><svg xmlns=\"http:\/\/www.w3.org\/2000\/svg\" viewBox=\"0 0 32.83 32.83\">\n\t\t\t\t\t\t\t\t\t<defs>\n\t\t\t\t\t\t\t\t\t\t<linearGradient id=\"gradient\" x1=\"0%\" y1=\"0%\" x2=\"0%\" y2=\"100%\" gradientTransform=\"rotate(-135)\">\n\t\t\t\t\t\t\t\t\t\t\t<stop offset=\"0%\" stop-color=\"#97be0d\"\/>\n\t\t\t\t\t\t\t\t\t\t\t\t<stop offset=\"100%\" stop-color=\"rgba(255, 255, 255, 0)\"\/>\n\t\t\t\t\t\t\t\t\t\t<\/linearGradient>\n\t\t\t\t\t\t\t\t\t<\/defs>\n\t\t\t\t\t\t\t\t\t<path class=\"wpb_animate_when_almost_visible circular-progress\" stroke=\"url(#gradient)\" stroke-width=\"1\" stroke-dasharray=\"100, 100\" fill=\"none\" d=\"M18,2.08a15.92,15.92,0,0,1,0,31.84h0A15.92,15.92,0,0,1,18,2.08\" transform=\"translate(-1.59 -1.58)\"\/>\n                            \t<\/svg><span><img loading=\"lazy\" decoding=\"async\" width=\"500\" height=\"500\" src=\"https:\/\/www.envirofalk.com\/wp-content\/uploads\/2024\/02\/Philipp_Zerbin.png\" class=\"attachment-full size-full\" alt=\"\" srcset=\"https:\/\/www.envirofalk.com\/wp-content\/uploads\/2024\/02\/Philipp_Zerbin.png 500w, https:\/\/www.envirofalk.com\/wp-content\/uploads\/2024\/02\/Philipp_Zerbin-350x350.png 350w, https:\/\/www.envirofalk.com\/wp-content\/uploads\/2024\/02\/Philipp_Zerbin-150x150.png 150w\" sizes=\"auto, (max-width: 500px) 100vw, 500px\" \/><\/span><\/div><\/div><\/div>[vc_column_text css=&#187;&#187;]<\/p>\n<div class=\"address\">\n<h3 style=\"text-align: center;\">EnviroFALK GmbH<br \/>\nNiederlassung Bielefeld<\/h3>\n<div class=\"address\">\n<div class=\"street\" style=\"text-align: center;\">Paderborner Stra\u00dfe 315\/4<\/div>\n<div class=\"city\" style=\"text-align: center;\">33689 Bielefeld<\/div>\n<\/div>\n<div class=\"phone\" style=\"text-align: center;\">Tel. <a href=\"tel:+49 5205 8790 376\">+49 5205 8790 376<\/a><\/div>\n<div class=\"fax\" style=\"text-align: center;\">Fax +49 5205 879-4290<\/div>\n<div style=\"text-align: center;\"><span data-teams=\"true\"><a id=\"menurat\" class=\"fui-Link ___1q1shib f2hkw1w f3rmtva f1ewtqcl fyind8e f1k6fduh f1w7gpdv fk6fouc fjoy568 figsok6 f1s184ao f1mk8lai fnbmjn9 f1o700av f13mvf36 f1cmlufx f9n3di6 f1ids18y f1tx3yz7 f1deo86v f1eh06m1 f1iescvh fhgqx19 f1olyrje f1p93eir f1nev41a f1h8hb77 f1lqvz6u f10aw75t fsle3fq f17ae5zn\" title=\"mailto:bielefeld@envirofalk.com\" href=\"mailto:Bielefeld@envirofalk.com\" target=\"_blank\" rel=\"noreferrer noopener\" aria-label=\"Link Bielefeld@envirofalk.com\">Bielefeld@envirofalk.com<\/a><\/span><\/div>\n<\/div>\n<p>[\/vc_column_text][vc_raw_html]JTVCd3NfZHNndm9fbWFwcyUyMG5hbWUlM0QlMjJCaWVsZWZlbGQlMjIlNUQ=[\/vc_raw_html][\/vc_column][\/vc_row][\/vc_section][vc_section parallax=&#187;content-moving&#187; css=&#187;.vc_custom_1699281713616{background-image: url(https:\/\/www.envirofalk.com\/wp-content\/uploads\/2023\/08\/Wasseraufbereitungsanlage_Reinigung_Oberflaechentechnik.jpg?id=498) !important;background-position: center !important;background-repeat: no-repeat !important;background-size: cover !important;}&#187;][vc_row el_class=&#187;tablet-row reverse vertical-center&#187;][vc_column css_animation=&#187;slideInRight&#187; width=&#187;1\/4&#8243;][\/vc_column][vc_column css_animation=&#187;fadeInLeft&#187; width=&#187;3\/4&#8243; css=&#187;.vc_custom_1697097162005{padding-top: 20px !important;padding-right: 20px !important;padding-bottom: 20px !important;padding-left: 20px !important;}&#187; el_class=&#187;has-bg&#187;][vc_column_text el_class=&#187;arrows-list&#187;]<\/p>\n<h2>Warum die Wasseraufbereitung unseren Profis in Baden-W\u00fcrttemberg \u00fcberlassen?<\/h2>\n<ul>\n<li>Bei EnviroFALK dreht sich alles um die Planung und Fertigung von Anlagen zur Wasseraufbereitung f\u00fcr Industrie, Gewerbe, Labor-, Krankenhaus- und Medizintechnik. Dabei legen wir bei all unserem Tun gr\u00f6\u00dften Wert auf effiziente und bedarfsgerechte Konzepte \u2013 ganz im Sinne unserer Auftraggeber. Daher werden Sie bei uns zu den Themen Prozesswassertechnik, <strong>Reinwasseraufbereitung und Reinstwasseraufbereitung<\/strong> ausschlie\u00dflich von Experten beraten. Das gilt auch, wenn Sie sich an die EnviroFALK GmbH Niederlassung in Bielefeld wenden. Unsere Kollegen kennen sich bestens mit den verschiedensten Anforderungen aus und k\u00f6nnen Sie so optimal beraten.<\/li>\n<li>Die <strong>EnviroFALK Niederlassung in Bielefeld<\/strong> verf\u00fcgt \u00fcber ein gro\u00dfes Lager an Ersatzteilen und Verbrauchsmaterialien, welche dank eines ausgekl\u00fcgelten Logistikkonzepts in k\u00fcrzester Zeit genau dort sind, wo sie gebraucht werden. Im Fall der F\u00e4lle sind wir also schnell mit den richtigen Teilen bei Ihnen, um Ihre Wasseraufbereitungsanlagen wieder zum Laufen zu bringen<\/li>\n<li>Nutzen Sie auch unseren bequemen Vorort- oder Abhol- und Bring-Service f\u00fcr Ionenaustauscher: <strong>Wir regenerieren Ionenaustauscherpatronen aller g\u00e4ngigen Fabrikate<\/strong>, 60-Liter-F\u00e4sser und 500-Liter-Container.<\/li>\n<li>Sie ben\u00f6tigen f\u00fcr Ihre Wasserenth\u00e4rtungsanlagen hochreines Regeneriersalz? Dann sind Sie bei EnviroFALK in Bielefeld genau richtig! Mit unseren Regenerier-Siedesalztabletten nach DIN-EN 973 erlangen Sie h\u00f6chste Reinheit und maximale Leistung. Die Regenerier-Siedesalztabletten erhalten Sie in 25-Kg-S\u00e4cken. Selbstverst\u00e4ndlich bestehen die Tabletten aus reinem Siedesalz \u2013 frei von jeglichen Zusa\u0308tzen!<\/li>\n<\/ul>\n<p>[\/vc_column_text][\/vc_column][\/vc_row][\/vc_section][vc_section][vc_row el_class=&#187;tablet-row vertical-center&#187;][vc_column css_animation=&#187;slideInLeft&#187;]<div class=\"vacancies-wrapper wpb_content_element\"><h2 class=\"entry-title text-center\">Aktuelle Jobs in Bielefeld<\/h2><div class=\"all-vacancies\"><div id=\"post-16558\" class=\"stellenangebot post-16558 type-stellenangebot status-publish hentry stellenangebot_kategorie-alle-jobs-ch stellenangebot_kategorie-bielefeld-ch stellenangebot_tag-bielefeld-ch\"><div class=\"text-box\"><h3 class=\"entry-title\"><a href=\"https:\/\/www.envirofalk.com\/ch\/stellenangebote\/vertriebsmitarbeiter-in-im-aussendienst\/\">Vertriebsmitarbeiter\/in im Au\u00dfendienst (m\/w\/d)<\/a><\/h3><p>Sie haben Freude am Erfolg und m\u00f6chten unterschiedlichste Branchen mit unseren Wasseraufbereitungsanlagen und Dienstleistungen begeistern? Dann sollten wir uns kennenlernen!<\/p><ul class=\"terms-list\"><li><a href=\"https:\/\/www.envirofalk.com\/ch\/stellenangebot-tag\/bielefeld-ch\/\">Bielefeld<\/a><\/li><\/ul><\/div><div><a href=\"https:\/\/www.envirofalk.com\/ch\/stellenangebote\/vertriebsmitarbeiter-in-im-aussendienst\/\" class=\"more-link\">Mehr erfahren<i class=\"icon-chevron-right\"><\/i><\/a><\/div><\/div><\/div><\/div>[\/vc_column][\/vc_row][\/vc_section]<\/p>\n<\/div>","protected":false},"excerpt":{"rendered":"<p>[vc_section][vc_row full_width=&#187;stretch_row_content_no_spaces&#187;][vc_column][\/vc_column][\/vc_row][vc_row el_class=&#187;breadcrumbs-wrapper&#187;][vc_column][\/vc_column][\/vc_row][\/vc_section][vc_section][vc_row full_height=&#187;yes&#187; css_animation=&#187;slideInUp&#187; el_class=&#187;two-columns-row tablet-row align-top&#187; el_id=&#187;ansprechpartner&#187;][vc_column width=&#187;2\/3&#8243;][vc_custom_heading text=&#187;EnviroFALK GmbH &#8211; Niederlassung Bielefeld&#187; font_container=&#187;tag:h1|text_align:left&#187; use_theme_fonts=&#187;yes&#187;][vc_column_text] Wasseraufbereitung in Bielefeld und Ostwestfalen Als langj\u00e4hriger Experte auf dem Gebiet der modernen Wasseraufbereitung bzw. Prozesswasseraufbereitung sind wir in ganz Deutschland und dar\u00fcber hinaus f\u00fcr Sie da \u2013 so unter anderem auch in Bielefeld. Und wie bei unseren [&hellip;]<\/p>\n","protected":false},"author":3,"featured_media":0,"parent":14176,"menu_order":9,"comment_status":"closed","ping_status":"closed","template":"","meta":{"_acf_changed":false,"rs_blank_template":"","rs_page_bg_color":"","slide_template_v7":"","footnotes":""},"class_list":["post-14035","page","type-page","status-publish","hentry"],"acf":[],"yoast_head":"<!-- This site is optimized with the Yoast SEO Premium plugin v27.5 (Yoast SEO v27.5) - https:\/\/yoast.com\/product\/yoast-seo-premium-wordpress\/ -->\n<title>Niederlassung Bielefeld &#8211; EnviroFALK<\/title>\n<meta name=\"robots\" content=\"index, follow, max-snippet:-1, max-image-preview:large, max-video-preview:-1\" \/>\n<link rel=\"canonical\" href=\"https:\/\/www.envirofalk.com\/ch\/unternehmen\/unsere-standorte\/niederlassung-bielefeld\/\" \/>\n<meta property=\"og:locale\" content=\"de_DE\" \/>\n<meta property=\"og:type\" content=\"article\" \/>\n<meta property=\"og:title\" content=\"Niederlassung Bielefeld\" \/>\n<meta property=\"og:description\" content=\"[vc_section][vc_row full_width=&#187;stretch_row_content_no_spaces&#187;][vc_column][\/vc_column][\/vc_row][vc_row el_class=&#187;breadcrumbs-wrapper&#187;][vc_column][\/vc_column][\/vc_row][\/vc_section][vc_section][vc_row full_height=&#187;yes&#187; css_animation=&#187;slideInUp&#187; el_class=&#187;two-columns-row tablet-row align-top&#187; el_id=&#187;ansprechpartner&#187;][vc_column width=&#187;2\/3&#8243;][vc_custom_heading text=&#187;EnviroFALK GmbH &#8211; Niederlassung Bielefeld&#187; font_container=&#187;tag:h1|text_align:left&#187; use_theme_fonts=&#187;yes&#187;][vc_column_text] Wasseraufbereitung in Bielefeld und Ostwestfalen Als langj\u00e4hriger Experte auf dem Gebiet der modernen Wasseraufbereitung bzw. Prozesswasseraufbereitung sind wir in ganz Deutschland und dar\u00fcber hinaus f\u00fcr Sie da \u2013 so unter anderem auch in Bielefeld. Und wie bei unseren [&hellip;]\" \/>\n<meta property=\"og:url\" content=\"https:\/\/www.envirofalk.com\/ch\/unternehmen\/unsere-standorte\/niederlassung-bielefeld\/\" \/>\n<meta property=\"og:site_name\" content=\"EnviroFALK\" \/>\n<meta property=\"article:publisher\" content=\"https:\/\/www.facebook.com\/envirofalk\" \/>\n<meta property=\"article:modified_time\" content=\"2025-01-21T14:39:22+00:00\" \/>\n<meta name=\"twitter:card\" content=\"summary_large_image\" \/>\n<meta name=\"twitter:label1\" content=\"Gesch\u00e4tzte Lesezeit\" \/>\n\t<meta name=\"twitter:data1\" content=\"3\u00a0Minuten\" \/>\n<script type=\"application\/ld+json\" class=\"yoast-schema-graph\">{\"@context\":\"https:\\\/\\\/schema.org\",\"@graph\":[{\"@type\":\"WebPage\",\"@id\":\"https:\\\/\\\/www.envirofalk.com\\\/ch\\\/unternehmen\\\/unsere-standorte\\\/niederlassung-bielefeld\\\/\",\"url\":\"https:\\\/\\\/www.envirofalk.com\\\/ch\\\/unternehmen\\\/unsere-standorte\\\/niederlassung-bielefeld\\\/\",\"name\":\"Niederlassung Bielefeld &#8211; EnviroFALK\",\"isPartOf\":{\"@id\":\"https:\\\/\\\/www.envirofalk.com\\\/ch\\\/#website\"},\"datePublished\":\"2024-04-18T06:52:50+00:00\",\"dateModified\":\"2025-01-21T14:39:22+00:00\",\"breadcrumb\":{\"@id\":\"https:\\\/\\\/www.envirofalk.com\\\/ch\\\/unternehmen\\\/unsere-standorte\\\/niederlassung-bielefeld\\\/#breadcrumb\"},\"inLanguage\":\"de-CH\",\"potentialAction\":[{\"@type\":\"ReadAction\",\"target\":[\"https:\\\/\\\/www.envirofalk.com\\\/ch\\\/unternehmen\\\/unsere-standorte\\\/niederlassung-bielefeld\\\/\"]}]},{\"@type\":\"BreadcrumbList\",\"@id\":\"https:\\\/\\\/www.envirofalk.com\\\/ch\\\/unternehmen\\\/unsere-standorte\\\/niederlassung-bielefeld\\\/#breadcrumb\",\"itemListElement\":[{\"@type\":\"ListItem\",\"position\":1,\"name\":\"Home\",\"item\":\"https:\\\/\\\/www.envirofalk.com\\\/ch\\\/\"},{\"@type\":\"ListItem\",\"position\":2,\"name\":\"Unternehmen\",\"item\":\"https:\\\/\\\/www.envirofalk.com\\\/ch\\\/unternehmen\\\/\"},{\"@type\":\"ListItem\",\"position\":3,\"name\":\"Unsere Standorte\",\"item\":\"https:\\\/\\\/www.envirofalk.com\\\/ch\\\/unternehmen\\\/unsere-standorte\\\/\"},{\"@type\":\"ListItem\",\"position\":4,\"name\":\"Niederlassung Bielefeld\"}]},{\"@type\":\"WebSite\",\"@id\":\"https:\\\/\\\/www.envirofalk.com\\\/ch\\\/#website\",\"url\":\"https:\\\/\\\/www.envirofalk.com\\\/ch\\\/\",\"name\":\"EnviroFALK\",\"description\":\"Wasseraufbereitungsanlagen f\u00fcr Industrie, Gewerbe &amp; Labor\",\"publisher\":{\"@id\":\"https:\\\/\\\/www.envirofalk.com\\\/ch\\\/#organization\"},\"potentialAction\":[{\"@type\":\"SearchAction\",\"target\":{\"@type\":\"EntryPoint\",\"urlTemplate\":\"https:\\\/\\\/www.envirofalk.com\\\/ch\\\/?s={search_term_string}\"},\"query-input\":{\"@type\":\"PropertyValueSpecification\",\"valueRequired\":true,\"valueName\":\"search_term_string\"}}],\"inLanguage\":\"de-CH\"},{\"@type\":\"Organization\",\"@id\":\"https:\\\/\\\/www.envirofalk.com\\\/ch\\\/#organization\",\"name\":\"EnviroFALK\",\"url\":\"https:\\\/\\\/www.envirofalk.com\\\/ch\\\/\",\"logo\":{\"@type\":\"ImageObject\",\"inLanguage\":\"de-CH\",\"@id\":\"https:\\\/\\\/www.envirofalk.com\\\/ch\\\/#\\\/schema\\\/logo\\\/image\\\/\",\"url\":\"https:\\\/\\\/www.envirofalk.com\\\/wp-content\\\/uploads\\\/2023\\\/01\\\/logo.svg\",\"contentUrl\":\"https:\\\/\\\/www.envirofalk.com\\\/wp-content\\\/uploads\\\/2023\\\/01\\\/logo.svg\",\"caption\":\"EnviroFALK\"},\"image\":{\"@id\":\"https:\\\/\\\/www.envirofalk.com\\\/ch\\\/#\\\/schema\\\/logo\\\/image\\\/\"},\"sameAs\":[\"https:\\\/\\\/www.facebook.com\\\/envirofalk\",\"https:\\\/\\\/www.linkedin.com\\\/company\\\/envirofalk-gmbh\",\"https:\\\/\\\/www.youtube.com\\\/channel\\\/UCM1L-2K6cfBbP3aYgJGbVdA\"],\"description\":\"EnviroFALK Prozesswassertechnik ist Ihr Spezialist f\u00fcr ma\u00dfgeschneiderte Wasseraufbereitungsl\u00f6sungen in der Industrie. Wir bieten innovative Technologien f\u00fcr die Erzeugung und Aufbereitung von Prozesswasser, um h\u00f6chste Effizienz und Qualit\u00e4t in Ihren Produktionsprozessen zu gew\u00e4hrleisten. Mit jahrzehntelanger Erfahrung entwickeln wir nachhaltige und ressourcenschonende L\u00f6sungen, die exakt auf die Anforderungen unserer Kunden abgestimmt sind. Unsere Leistungen umfassen die Filtration, Enth\u00e4rtung, Entsalzung und R\u00fcckgewinnung von Wasser f\u00fcr verschiedenste Anwendungen \u2013 von der Metallverarbeitung bis zur Lebensmittelindustrie. Unsere Experten begleiten Sie von der Planung \u00fcber die Implementierung bis hin zum Service, um eine zuverl\u00e4ssige und wirtschaftliche Wasseraufbereitung sicherzustellen.\",\"email\":\"info@envirofalk.com\",\"telephone\":\"+49 2663 9908-0\",\"legalName\":\"EnviroFALK GmbH\",\"foundingDate\":\"1989-05-01\"}]}<\/script>\n<!-- \/ Yoast SEO Premium plugin. -->","yoast_head_json":{"title":"Niederlassung Bielefeld &#8211; EnviroFALK","robots":{"index":"index","follow":"follow","max-snippet":"max-snippet:-1","max-image-preview":"max-image-preview:large","max-video-preview":"max-video-preview:-1"},"canonical":"https:\/\/www.envirofalk.com\/ch\/unternehmen\/unsere-standorte\/niederlassung-bielefeld\/","og_locale":"de_DE","og_type":"article","og_title":"Niederlassung Bielefeld","og_description":"[vc_section][vc_row full_width=&#187;stretch_row_content_no_spaces&#187;][vc_column][\/vc_column][\/vc_row][vc_row el_class=&#187;breadcrumbs-wrapper&#187;][vc_column][\/vc_column][\/vc_row][\/vc_section][vc_section][vc_row full_height=&#187;yes&#187; css_animation=&#187;slideInUp&#187; el_class=&#187;two-columns-row tablet-row align-top&#187; el_id=&#187;ansprechpartner&#187;][vc_column width=&#187;2\/3&#8243;][vc_custom_heading text=&#187;EnviroFALK GmbH &#8211; Niederlassung Bielefeld&#187; font_container=&#187;tag:h1|text_align:left&#187; use_theme_fonts=&#187;yes&#187;][vc_column_text] Wasseraufbereitung in Bielefeld und Ostwestfalen Als langj\u00e4hriger Experte auf dem Gebiet der modernen Wasseraufbereitung bzw. Prozesswasseraufbereitung sind wir in ganz Deutschland und dar\u00fcber hinaus f\u00fcr Sie da \u2013 so unter anderem auch in Bielefeld. Und wie bei unseren [&hellip;]","og_url":"https:\/\/www.envirofalk.com\/ch\/unternehmen\/unsere-standorte\/niederlassung-bielefeld\/","og_site_name":"EnviroFALK","article_publisher":"https:\/\/www.facebook.com\/envirofalk","article_modified_time":"2025-01-21T14:39:22+00:00","twitter_card":"summary_large_image","twitter_misc":{"Gesch\u00e4tzte Lesezeit":"3\u00a0Minuten"},"schema":{"@context":"https:\/\/schema.org","@graph":[{"@type":"WebPage","@id":"https:\/\/www.envirofalk.com\/ch\/unternehmen\/unsere-standorte\/niederlassung-bielefeld\/","url":"https:\/\/www.envirofalk.com\/ch\/unternehmen\/unsere-standorte\/niederlassung-bielefeld\/","name":"Niederlassung Bielefeld &#8211; EnviroFALK","isPartOf":{"@id":"https:\/\/www.envirofalk.com\/ch\/#website"},"datePublished":"2024-04-18T06:52:50+00:00","dateModified":"2025-01-21T14:39:22+00:00","breadcrumb":{"@id":"https:\/\/www.envirofalk.com\/ch\/unternehmen\/unsere-standorte\/niederlassung-bielefeld\/#breadcrumb"},"inLanguage":"de-CH","potentialAction":[{"@type":"ReadAction","target":["https:\/\/www.envirofalk.com\/ch\/unternehmen\/unsere-standorte\/niederlassung-bielefeld\/"]}]},{"@type":"BreadcrumbList","@id":"https:\/\/www.envirofalk.com\/ch\/unternehmen\/unsere-standorte\/niederlassung-bielefeld\/#breadcrumb","itemListElement":[{"@type":"ListItem","position":1,"name":"Home","item":"https:\/\/www.envirofalk.com\/ch\/"},{"@type":"ListItem","position":2,"name":"Unternehmen","item":"https:\/\/www.envirofalk.com\/ch\/unternehmen\/"},{"@type":"ListItem","position":3,"name":"Unsere Standorte","item":"https:\/\/www.envirofalk.com\/ch\/unternehmen\/unsere-standorte\/"},{"@type":"ListItem","position":4,"name":"Niederlassung Bielefeld"}]},{"@type":"WebSite","@id":"https:\/\/www.envirofalk.com\/ch\/#website","url":"https:\/\/www.envirofalk.com\/ch\/","name":"EnviroFALK","description":"Wasseraufbereitungsanlagen f\u00fcr Industrie, Gewerbe &amp; Labor","publisher":{"@id":"https:\/\/www.envirofalk.com\/ch\/#organization"},"potentialAction":[{"@type":"SearchAction","target":{"@type":"EntryPoint","urlTemplate":"https:\/\/www.envirofalk.com\/ch\/?s={search_term_string}"},"query-input":{"@type":"PropertyValueSpecification","valueRequired":true,"valueName":"search_term_string"}}],"inLanguage":"de-CH"},{"@type":"Organization","@id":"https:\/\/www.envirofalk.com\/ch\/#organization","name":"EnviroFALK","url":"https:\/\/www.envirofalk.com\/ch\/","logo":{"@type":"ImageObject","inLanguage":"de-CH","@id":"https:\/\/www.envirofalk.com\/ch\/#\/schema\/logo\/image\/","url":"https:\/\/www.envirofalk.com\/wp-content\/uploads\/2023\/01\/logo.svg","contentUrl":"https:\/\/www.envirofalk.com\/wp-content\/uploads\/2023\/01\/logo.svg","caption":"EnviroFALK"},"image":{"@id":"https:\/\/www.envirofalk.com\/ch\/#\/schema\/logo\/image\/"},"sameAs":["https:\/\/www.facebook.com\/envirofalk","https:\/\/www.linkedin.com\/company\/envirofalk-gmbh","https:\/\/www.youtube.com\/channel\/UCM1L-2K6cfBbP3aYgJGbVdA"],"description":"EnviroFALK Prozesswassertechnik ist Ihr Spezialist f\u00fcr ma\u00dfgeschneiderte Wasseraufbereitungsl\u00f6sungen in der Industrie. Wir bieten innovative Technologien f\u00fcr die Erzeugung und Aufbereitung von Prozesswasser, um h\u00f6chste Effizienz und Qualit\u00e4t in Ihren Produktionsprozessen zu gew\u00e4hrleisten. Mit jahrzehntelanger Erfahrung entwickeln wir nachhaltige und ressourcenschonende L\u00f6sungen, die exakt auf die Anforderungen unserer Kunden abgestimmt sind. Unsere Leistungen umfassen die Filtration, Enth\u00e4rtung, Entsalzung und R\u00fcckgewinnung von Wasser f\u00fcr verschiedenste Anwendungen \u2013 von der Metallverarbeitung bis zur Lebensmittelindustrie. Unsere Experten begleiten Sie von der Planung \u00fcber die Implementierung bis hin zum Service, um eine zuverl\u00e4ssige und wirtschaftliche Wasseraufbereitung sicherzustellen.","email":"info@envirofalk.com","telephone":"+49 2663 9908-0","legalName":"EnviroFALK GmbH","foundingDate":"1989-05-01"}]}},"_links":{"self":[{"href":"https:\/\/www.envirofalk.com\/ch\/wp-json\/wp\/v2\/pages\/14035","targetHints":{"allow":["GET"]}}],"collection":[{"href":"https:\/\/www.envirofalk.com\/ch\/wp-json\/wp\/v2\/pages"}],"about":[{"href":"https:\/\/www.envirofalk.com\/ch\/wp-json\/wp\/v2\/types\/page"}],"author":[{"embeddable":true,"href":"https:\/\/www.envirofalk.com\/ch\/wp-json\/wp\/v2\/users\/3"}],"replies":[{"embeddable":true,"href":"https:\/\/www.envirofalk.com\/ch\/wp-json\/wp\/v2\/comments?post=14035"}],"version-history":[{"count":6,"href":"https:\/\/www.envirofalk.com\/ch\/wp-json\/wp\/v2\/pages\/14035\/revisions"}],"predecessor-version":[{"id":19176,"href":"https:\/\/www.envirofalk.com\/ch\/wp-json\/wp\/v2\/pages\/14035\/revisions\/19176"}],"up":[{"embeddable":true,"href":"https:\/\/www.envirofalk.com\/ch\/wp-json\/wp\/v2\/pages\/14176"}],"wp:attachment":[{"href":"https:\/\/www.envirofalk.com\/ch\/wp-json\/wp\/v2\/media?parent=14035"}],"curies":[{"name":"wp","href":"https:\/\/api.w.org\/{rel}","templated":true}]}}