{"id":14031,"date":"2024-04-18T08:51:49","date_gmt":"2024-04-18T06:51:49","guid":{"rendered":"https:\/\/www.envirofalk.com\/?page_id=14031"},"modified":"2024-05-08T14:00:47","modified_gmt":"2024-05-08T12:00:47","slug":"envirofalk-gmbh-service-stuetzpunkt-fuerth","status":"publish","type":"page","link":"https:\/\/www.envirofalk.com\/ch\/unternehmen\/unsere-standorte\/envirofalk-gmbh-service-stuetzpunkt-fuerth\/","title":{"rendered":"EnviroFALK GmbH &#8211; Service-St\u00fctzpunkt F\u00fcrth"},"content":{"rendered":"<div class=\"wpb-content-wrapper\"><p>[vc_section][vc_row full_width=&#187;stretch_row_content_no_spaces&#187;][vc_column]<div class=\"custom-top-banner img-box   has-icon\" style=\"background-image: url(https:\/\/www.envirofalk.com\/wp-content\/uploads\/2023\/11\/Montage-Inbetriebnahme-fb43c09b-1.webp)\"><div class=\"container relative\"><div class=\"text-box\"><div class=\"slideInRight animated\"><img loading=\"lazy\" decoding=\"async\" width=\"1\" height=\"1\" src=\"https:\/\/www.envirofalk.com\/wp-content\/uploads\/2023\/09\/Wasseraufbereitung_EnviroFALK_Logo.svg\" class=\"attachment-120x120 size-120x120\" alt=\"EnviroFALK-Logo Icon\" \/><p>Immer in Ihrer N\u00e4he, unsere <strong>Standorte<\/strong><\/p><\/div><\/div><\/div><\/div>[\/vc_column][\/vc_row][vc_row el_class=&#187;breadcrumbs-wrapper&#187;][vc_column]<div class=\"breadcrumbs\"><label><\/label> <a href=\"https:\/\/www.envirofalk.com\/ch\/\">Home<\/a><\/div>[\/vc_column][\/vc_row][\/vc_section][vc_section][vc_row full_height=&#187;yes&#187; css_animation=&#187;slideInUp&#187; el_class=&#187;two-columns-row tablet-row align-top&#187; el_id=&#187;ansprechpartner&#187;][vc_column width=&#187;2\/3&#8243;][vc_custom_heading text=&#187;EnviroFALK GmbH &#8211; Service-St\u00fctzpunkt F\u00fcrth&#187; font_container=&#187;tag:h1|text_align:left&#187; use_theme_fonts=&#187;yes&#187;][vc_column_text]Professionelle Anwendungsberatung, zuverl\u00e4ssiges Timing, makellose Arbeit und die N\u00e4he zu unseren norddeutschen Kunden: Beste Beratung und Service hat viele Facetten. Schlie\u00dflich geht es bei Wasseraufbereitungsanlagen nicht nur um Technik sondern um Vertrauen und Zuverl\u00e4ssigkeit. Dies schlie\u00dft selbstverst\u00e4ndlich die Regeneration von Ionenaustauscherpatronen &#8211; aller g\u00e4ngigen Fabrikate &#8211; durch den bequemen Abhol- und Bring-Service mit ein.[\/vc_column_text][vc_custom_heading text=&#187;Unsere Leistungen&#187; use_theme_fonts=&#187;yes&#187; css=&#187;.vc_custom_1699281572125{padding-bottom: 30px !important;}&#187;]<div class=\"quick-links default wpb_content_element\" data-background=\"\"><div class=\"flexbox\"><a href=\"https:\/\/envirofalk.com\/ch\/ionenaustauscher-regeneration\/\" target=\"_self\"><div class=\"icon lg\"><img decoding=\"async\" src=\"https:\/\/www.envirofalk.com\/wp-content\/uploads\/2023\/05\/icon_serviceangebot.svg\" class=\"attachment-full size-full\" alt=\"Zange mit Zahnrad\" \/><\/div><div><h4>Montage und Inbetriebnahme Ihrer Wasseraufbereitungsanlagen<\/h4><\/div><\/a><\/div><div class=\"flexbox\"><a href=\"https:\/\/envirofalk.com\/ch\/service\/\" target=\"_self\"><div class=\"icon lg\"><img decoding=\"async\" src=\"https:\/\/www.envirofalk.com\/wp-content\/uploads\/2023\/05\/icon_service.svg\" class=\"attachment-full size-full\" alt=\"Person mit Headset Icon\" \/><\/div><div><h4>Service und Wartung<\/h4><\/div><\/a><\/div><\/div>[\/vc_column][vc_column width=&#187;1\/3&#8243; el_class=&#187;has-bg&#187;]<div class=\"online-consultant-box  wpb_content_element\"><div class=\"online-consultant\"><div><div class=\"person-info\"><h5>Klaus-Wilhelm Hassel<\/h5><ul class=\"person-list\"><li><a href=\"tel:+49 2663 9908-702\">+49 2663 9908-702<\/a><\/li><\/ul><\/div><a href=\"#beratung\" target=\"_self\" class=\"custom-btn show-modal\"><i class=\"icon-chevron-right\"><\/i>Zur Onlinebratung<\/a><\/div><div class=\"relative\"><svg xmlns=\"http:\/\/www.w3.org\/2000\/svg\" viewBox=\"0 0 32.83 32.83\">\n\t\t\t\t\t\t\t\t\t<defs>\n\t\t\t\t\t\t\t\t\t\t<linearGradient id=\"gradient\" x1=\"0%\" y1=\"0%\" x2=\"0%\" y2=\"100%\" gradientTransform=\"rotate(-135)\">\n\t\t\t\t\t\t\t\t\t\t\t<stop offset=\"0%\" stop-color=\"#97be0d\"\/>\n\t\t\t\t\t\t\t\t\t\t\t\t<stop offset=\"100%\" stop-color=\"rgba(255, 255, 255, 0)\"\/>\n\t\t\t\t\t\t\t\t\t\t<\/linearGradient>\n\t\t\t\t\t\t\t\t\t<\/defs>\n\t\t\t\t\t\t\t\t\t<path class=\"wpb_animate_when_almost_visible circular-progress\" stroke=\"url(#gradient)\" stroke-width=\"1\" stroke-dasharray=\"100, 100\" fill=\"none\" d=\"M18,2.08a15.92,15.92,0,0,1,0,31.84h0A15.92,15.92,0,0,1,18,2.08\" transform=\"translate(-1.59 -1.58)\"\/>\n                            \t<\/svg><span><img loading=\"lazy\" decoding=\"async\" width=\"800\" height=\"800\" src=\"https:\/\/www.envirofalk.com\/wp-content\/uploads\/2023\/09\/Klaus-Wilhelm-Hassel_Ansprechpartner.png\" class=\"attachment-full size-full\" alt=\"\" srcset=\"https:\/\/www.envirofalk.com\/wp-content\/uploads\/2023\/09\/Klaus-Wilhelm-Hassel_Ansprechpartner.png 800w, https:\/\/www.envirofalk.com\/wp-content\/uploads\/2023\/09\/Klaus-Wilhelm-Hassel_Ansprechpartner-350x350.png 350w, https:\/\/www.envirofalk.com\/wp-content\/uploads\/2023\/09\/Klaus-Wilhelm-Hassel_Ansprechpartner-150x150.png 150w, https:\/\/www.envirofalk.com\/wp-content\/uploads\/2023\/09\/Klaus-Wilhelm-Hassel_Ansprechpartner-768x768.png 768w\" sizes=\"auto, (max-width: 800px) 100vw, 800px\" \/><\/span><\/div><\/div><\/div>[vc_column_text]<\/p>\n<div class=\"address\">\n<h3 style=\"text-align: center;\">EnviroFALK GmbH<br \/>\nService-St\u00fctzpunkt F\u00fcrth<\/h3>\n<div class=\"address\">\n<div class=\"street\" style=\"text-align: center;\">Daimlerstra\u00dfe 8<\/div>\n<div class=\"city\" style=\"text-align: center;\">90766 F\u00fcrth<\/div>\n<\/div>\n<div class=\"phone\" style=\"text-align: center;\">Tel. <a href=\"tel:+49 2663 9908-702\">+49 2663 9908-702<\/a><\/div>\n<\/div>\n<p>[\/vc_column_text][vc_raw_html]JTVCd3NfZHNndm9fbWFwcyUyMG5hbWUlM0QlMjJGdWVydGglMjIlNUQ=[\/vc_raw_html][\/vc_column][\/vc_row][\/vc_section][vc_section parallax=&#187;content-moving&#187; css=&#187;.vc_custom_1699281713616{background-image: url(https:\/\/www.envirofalk.com\/wp-content\/uploads\/2023\/08\/Wasseraufbereitungsanlage_Reinigung_Oberflaechentechnik.jpg?id=498) !important;background-position: center !important;background-repeat: no-repeat !important;background-size: cover !important;}&#187;][vc_row el_class=&#187;tablet-row reverse vertical-center&#187;][vc_column css_animation=&#187;slideInRight&#187; width=&#187;1\/4&#8243;][\/vc_column][vc_column css_animation=&#187;fadeInLeft&#187; width=&#187;3\/4&#8243; css=&#187;.vc_custom_1697097162005{padding-top: 20px !important;padding-right: 20px !important;padding-bottom: 20px !important;padding-left: 20px !important;}&#187; el_class=&#187;has-bg&#187;][vc_column_text el_class=&#187;arrows-list&#187;]<\/p>\n<h2>Was unser EnviroFALK Service-St\u00fctzpunkt in F\u00fcrth so einzigartig macht:<\/h2>\n<ul>\n<li>Unser EnviroFALK Service-St\u00fctzpunkt in F\u00fcrth k\u00fcmmert sich um die Montage und Inbetriebnahme Ihrer Wasseraufbereitungsanlagen.<\/li>\n<li>Wir gehen erst, wenn Ihre neue Wasseraufbereitungsanlage anstandslos l\u00e4uft und sorgen uns selbstverst\u00e4ndlich auch darum, dass das so bleibt.<\/li>\n<li>Wenn es mal nicht klappt, wie es klappen sollte, sind wir in k\u00fcrzester Zeit bei Ihnen vor Ort.<\/li>\n<li>Wir k\u00fcmmern uns auch um die Wartung von Wasseraufbereitungsanlagen, die kein EnviroFALK Logo haben.<\/li>\n<li>Pr\u00e4zise Fehlerdiagnose, optimale L\u00f6sungsvorschl\u00e4ge und kompetente Umsetzung: Rufen Sie uns an, wenn Sie technische Unterst\u00fctzung ben\u00f6tigen.<\/li>\n<\/ul>\n<p>[\/vc_column_text][\/vc_column][\/vc_row][\/vc_section][vc_section][\/vc_section]<\/p>\n<\/div>","protected":false},"excerpt":{"rendered":"<p>[vc_section][vc_row full_width=&#187;stretch_row_content_no_spaces&#187;][vc_column][\/vc_column][\/vc_row][vc_row el_class=&#187;breadcrumbs-wrapper&#187;][vc_column][\/vc_column][\/vc_row][\/vc_section][vc_section][vc_row full_height=&#187;yes&#187; css_animation=&#187;slideInUp&#187; el_class=&#187;two-columns-row tablet-row align-top&#187; el_id=&#187;ansprechpartner&#187;][vc_column width=&#187;2\/3&#8243;][vc_custom_heading text=&#187;EnviroFALK GmbH &#8211; Service-St\u00fctzpunkt F\u00fcrth&#187; font_container=&#187;tag:h1|text_align:left&#187; use_theme_fonts=&#187;yes&#187;][vc_column_text]Professionelle Anwendungsberatung, zuverl\u00e4ssiges Timing, makellose Arbeit und die N\u00e4he zu unseren norddeutschen Kunden: Beste Beratung und Service hat viele Facetten. Schlie\u00dflich geht es bei Wasseraufbereitungsanlagen nicht nur um Technik sondern um Vertrauen und Zuverl\u00e4ssigkeit. Dies schlie\u00dft selbstverst\u00e4ndlich die Regeneration [&hellip;]<\/p>\n","protected":false},"author":3,"featured_media":0,"parent":14176,"menu_order":4,"comment_status":"closed","ping_status":"closed","template":"","meta":{"_acf_changed":false,"rs_blank_template":"","rs_page_bg_color":"","slide_template_v7":"","footnotes":""},"class_list":["post-14031","page","type-page","status-publish","hentry"],"acf":[],"yoast_head":"<!-- This site is optimized with the Yoast SEO Premium plugin v27.3 (Yoast SEO v27.3) - https:\/\/yoast.com\/product\/yoast-seo-premium-wordpress\/ -->\n<title>EnviroFALK GmbH - Service-St\u00fctzpunkt F\u00fcrth &#8211; EnviroFALK<\/title>\n<meta name=\"robots\" content=\"index, follow, max-snippet:-1, max-image-preview:large, max-video-preview:-1\" \/>\n<link rel=\"canonical\" href=\"https:\/\/www.envirofalk.com\/ch\/unternehmen\/unsere-standorte\/envirofalk-gmbh-service-stuetzpunkt-fuerth\/\" \/>\n<meta property=\"og:locale\" content=\"de_DE\" \/>\n<meta property=\"og:type\" content=\"article\" \/>\n<meta property=\"og:title\" content=\"EnviroFALK GmbH - Service-St\u00fctzpunkt F\u00fcrth\" \/>\n<meta property=\"og:description\" content=\"[vc_section][vc_row full_width=&#187;stretch_row_content_no_spaces&#187;][vc_column][\/vc_column][\/vc_row][vc_row el_class=&#187;breadcrumbs-wrapper&#187;][vc_column][\/vc_column][\/vc_row][\/vc_section][vc_section][vc_row full_height=&#187;yes&#187; css_animation=&#187;slideInUp&#187; el_class=&#187;two-columns-row tablet-row align-top&#187; el_id=&#187;ansprechpartner&#187;][vc_column width=&#187;2\/3&#8243;][vc_custom_heading text=&#187;EnviroFALK GmbH &#8211; Service-St\u00fctzpunkt F\u00fcrth&#187; font_container=&#187;tag:h1|text_align:left&#187; use_theme_fonts=&#187;yes&#187;][vc_column_text]Professionelle Anwendungsberatung, zuverl\u00e4ssiges Timing, makellose Arbeit und die N\u00e4he zu unseren norddeutschen Kunden: Beste Beratung und Service hat viele Facetten. Schlie\u00dflich geht es bei Wasseraufbereitungsanlagen nicht nur um Technik sondern um Vertrauen und Zuverl\u00e4ssigkeit. Dies schlie\u00dft selbstverst\u00e4ndlich die Regeneration [&hellip;]\" \/>\n<meta property=\"og:url\" content=\"https:\/\/www.envirofalk.com\/ch\/unternehmen\/unsere-standorte\/envirofalk-gmbh-service-stuetzpunkt-fuerth\/\" \/>\n<meta property=\"og:site_name\" content=\"EnviroFALK\" \/>\n<meta property=\"article:publisher\" content=\"https:\/\/www.facebook.com\/envirofalk\" \/>\n<meta property=\"article:modified_time\" content=\"2024-05-08T12:00:47+00:00\" \/>\n<meta name=\"twitter:card\" content=\"summary_large_image\" \/>\n<meta name=\"twitter:label1\" content=\"Gesch\u00e4tzte Lesezeit\" \/>\n\t<meta name=\"twitter:data1\" content=\"2\u00a0Minuten\" \/>\n<script type=\"application\/ld+json\" class=\"yoast-schema-graph\">{\"@context\":\"https:\\\/\\\/schema.org\",\"@graph\":[{\"@type\":\"WebPage\",\"@id\":\"https:\\\/\\\/www.envirofalk.com\\\/ch\\\/unternehmen\\\/unsere-standorte\\\/envirofalk-gmbh-service-stuetzpunkt-fuerth\\\/\",\"url\":\"https:\\\/\\\/www.envirofalk.com\\\/ch\\\/unternehmen\\\/unsere-standorte\\\/envirofalk-gmbh-service-stuetzpunkt-fuerth\\\/\",\"name\":\"EnviroFALK GmbH - Service-St\u00fctzpunkt F\u00fcrth &#8211; EnviroFALK\",\"isPartOf\":{\"@id\":\"https:\\\/\\\/www.envirofalk.com\\\/#website\"},\"datePublished\":\"2024-04-18T06:51:49+00:00\",\"dateModified\":\"2024-05-08T12:00:47+00:00\",\"breadcrumb\":{\"@id\":\"https:\\\/\\\/www.envirofalk.com\\\/ch\\\/unternehmen\\\/unsere-standorte\\\/envirofalk-gmbh-service-stuetzpunkt-fuerth\\\/#breadcrumb\"},\"inLanguage\":\"de-CH\",\"potentialAction\":[{\"@type\":\"ReadAction\",\"target\":[\"https:\\\/\\\/www.envirofalk.com\\\/ch\\\/unternehmen\\\/unsere-standorte\\\/envirofalk-gmbh-service-stuetzpunkt-fuerth\\\/\"]}]},{\"@type\":\"BreadcrumbList\",\"@id\":\"https:\\\/\\\/www.envirofalk.com\\\/ch\\\/unternehmen\\\/unsere-standorte\\\/envirofalk-gmbh-service-stuetzpunkt-fuerth\\\/#breadcrumb\",\"itemListElement\":[{\"@type\":\"ListItem\",\"position\":1,\"name\":\"Home\",\"item\":\"https:\\\/\\\/www.envirofalk.com\\\/ch\\\/\"},{\"@type\":\"ListItem\",\"position\":2,\"name\":\"Unternehmen\",\"item\":\"https:\\\/\\\/www.envirofalk.com\\\/ch\\\/unternehmen\\\/\"},{\"@type\":\"ListItem\",\"position\":3,\"name\":\"Unsere Standorte\",\"item\":\"https:\\\/\\\/www.envirofalk.com\\\/ch\\\/unternehmen\\\/unsere-standorte\\\/\"},{\"@type\":\"ListItem\",\"position\":4,\"name\":\"EnviroFALK GmbH &#8211; Service-St\u00fctzpunkt F\u00fcrth\"}]},{\"@type\":\"WebSite\",\"@id\":\"https:\\\/\\\/www.envirofalk.com\\\/#website\",\"url\":\"https:\\\/\\\/www.envirofalk.com\\\/\",\"name\":\"EnviroFALK\",\"description\":\"Wasseraufbereitungsanlagen f\u00fcr Industrie, Gewerbe &amp; Labor\",\"publisher\":{\"@id\":\"https:\\\/\\\/www.envirofalk.com\\\/#organization\"},\"potentialAction\":[{\"@type\":\"SearchAction\",\"target\":{\"@type\":\"EntryPoint\",\"urlTemplate\":\"https:\\\/\\\/www.envirofalk.com\\\/?s={search_term_string}\"},\"query-input\":{\"@type\":\"PropertyValueSpecification\",\"valueRequired\":true,\"valueName\":\"search_term_string\"}}],\"inLanguage\":\"de-CH\"},{\"@type\":\"Organization\",\"@id\":\"https:\\\/\\\/www.envirofalk.com\\\/#organization\",\"name\":\"EnviroFALK\",\"url\":\"https:\\\/\\\/www.envirofalk.com\\\/\",\"logo\":{\"@type\":\"ImageObject\",\"inLanguage\":\"de-CH\",\"@id\":\"https:\\\/\\\/www.envirofalk.com\\\/#\\\/schema\\\/logo\\\/image\\\/\",\"url\":\"https:\\\/\\\/www.envirofalk.com\\\/wp-content\\\/uploads\\\/2023\\\/01\\\/logo.svg\",\"contentUrl\":\"https:\\\/\\\/www.envirofalk.com\\\/wp-content\\\/uploads\\\/2023\\\/01\\\/logo.svg\",\"caption\":\"EnviroFALK\"},\"image\":{\"@id\":\"https:\\\/\\\/www.envirofalk.com\\\/#\\\/schema\\\/logo\\\/image\\\/\"},\"sameAs\":[\"https:\\\/\\\/www.facebook.com\\\/envirofalk\",\"https:\\\/\\\/www.linkedin.com\\\/company\\\/envirofalk-gmbh\",\"https:\\\/\\\/www.youtube.com\\\/channel\\\/UCM1L-2K6cfBbP3aYgJGbVdA\"],\"description\":\"EnviroFALK Prozesswassertechnik ist Ihr Spezialist f\u00fcr ma\u00dfgeschneiderte Wasseraufbereitungsl\u00f6sungen in der Industrie. Wir bieten innovative Technologien f\u00fcr die Erzeugung und Aufbereitung von Prozesswasser, um h\u00f6chste Effizienz und Qualit\u00e4t in Ihren Produktionsprozessen zu gew\u00e4hrleisten. Mit jahrzehntelanger Erfahrung entwickeln wir nachhaltige und ressourcenschonende L\u00f6sungen, die exakt auf die Anforderungen unserer Kunden abgestimmt sind. Unsere Leistungen umfassen die Filtration, Enth\u00e4rtung, Entsalzung und R\u00fcckgewinnung von Wasser f\u00fcr verschiedenste Anwendungen \u2013 von der Metallverarbeitung bis zur Lebensmittelindustrie. Unsere Experten begleiten Sie von der Planung \u00fcber die Implementierung bis hin zum Service, um eine zuverl\u00e4ssige und wirtschaftliche Wasseraufbereitung sicherzustellen.\",\"email\":\"info@envirofalk.com\",\"telephone\":\"+49 2663 9908-0\",\"legalName\":\"EnviroFALK GmbH\",\"foundingDate\":\"1989-05-01\"}]}<\/script>\n<!-- \/ Yoast SEO Premium plugin. -->","yoast_head_json":{"title":"EnviroFALK GmbH - Service-St\u00fctzpunkt F\u00fcrth &#8211; EnviroFALK","robots":{"index":"index","follow":"follow","max-snippet":"max-snippet:-1","max-image-preview":"max-image-preview:large","max-video-preview":"max-video-preview:-1"},"canonical":"https:\/\/www.envirofalk.com\/ch\/unternehmen\/unsere-standorte\/envirofalk-gmbh-service-stuetzpunkt-fuerth\/","og_locale":"de_DE","og_type":"article","og_title":"EnviroFALK GmbH - Service-St\u00fctzpunkt F\u00fcrth","og_description":"[vc_section][vc_row full_width=&#187;stretch_row_content_no_spaces&#187;][vc_column][\/vc_column][\/vc_row][vc_row el_class=&#187;breadcrumbs-wrapper&#187;][vc_column][\/vc_column][\/vc_row][\/vc_section][vc_section][vc_row full_height=&#187;yes&#187; css_animation=&#187;slideInUp&#187; el_class=&#187;two-columns-row tablet-row align-top&#187; el_id=&#187;ansprechpartner&#187;][vc_column width=&#187;2\/3&#8243;][vc_custom_heading text=&#187;EnviroFALK GmbH &#8211; Service-St\u00fctzpunkt F\u00fcrth&#187; font_container=&#187;tag:h1|text_align:left&#187; use_theme_fonts=&#187;yes&#187;][vc_column_text]Professionelle Anwendungsberatung, zuverl\u00e4ssiges Timing, makellose Arbeit und die N\u00e4he zu unseren norddeutschen Kunden: Beste Beratung und Service hat viele Facetten. Schlie\u00dflich geht es bei Wasseraufbereitungsanlagen nicht nur um Technik sondern um Vertrauen und Zuverl\u00e4ssigkeit. Dies schlie\u00dft selbstverst\u00e4ndlich die Regeneration [&hellip;]","og_url":"https:\/\/www.envirofalk.com\/ch\/unternehmen\/unsere-standorte\/envirofalk-gmbh-service-stuetzpunkt-fuerth\/","og_site_name":"EnviroFALK","article_publisher":"https:\/\/www.facebook.com\/envirofalk","article_modified_time":"2024-05-08T12:00:47+00:00","twitter_card":"summary_large_image","twitter_misc":{"Gesch\u00e4tzte Lesezeit":"2\u00a0Minuten"},"schema":{"@context":"https:\/\/schema.org","@graph":[{"@type":"WebPage","@id":"https:\/\/www.envirofalk.com\/ch\/unternehmen\/unsere-standorte\/envirofalk-gmbh-service-stuetzpunkt-fuerth\/","url":"https:\/\/www.envirofalk.com\/ch\/unternehmen\/unsere-standorte\/envirofalk-gmbh-service-stuetzpunkt-fuerth\/","name":"EnviroFALK GmbH - Service-St\u00fctzpunkt F\u00fcrth &#8211; EnviroFALK","isPartOf":{"@id":"https:\/\/www.envirofalk.com\/#website"},"datePublished":"2024-04-18T06:51:49+00:00","dateModified":"2024-05-08T12:00:47+00:00","breadcrumb":{"@id":"https:\/\/www.envirofalk.com\/ch\/unternehmen\/unsere-standorte\/envirofalk-gmbh-service-stuetzpunkt-fuerth\/#breadcrumb"},"inLanguage":"de-CH","potentialAction":[{"@type":"ReadAction","target":["https:\/\/www.envirofalk.com\/ch\/unternehmen\/unsere-standorte\/envirofalk-gmbh-service-stuetzpunkt-fuerth\/"]}]},{"@type":"BreadcrumbList","@id":"https:\/\/www.envirofalk.com\/ch\/unternehmen\/unsere-standorte\/envirofalk-gmbh-service-stuetzpunkt-fuerth\/#breadcrumb","itemListElement":[{"@type":"ListItem","position":1,"name":"Home","item":"https:\/\/www.envirofalk.com\/ch\/"},{"@type":"ListItem","position":2,"name":"Unternehmen","item":"https:\/\/www.envirofalk.com\/ch\/unternehmen\/"},{"@type":"ListItem","position":3,"name":"Unsere Standorte","item":"https:\/\/www.envirofalk.com\/ch\/unternehmen\/unsere-standorte\/"},{"@type":"ListItem","position":4,"name":"EnviroFALK GmbH &#8211; Service-St\u00fctzpunkt F\u00fcrth"}]},{"@type":"WebSite","@id":"https:\/\/www.envirofalk.com\/#website","url":"https:\/\/www.envirofalk.com\/","name":"EnviroFALK","description":"Wasseraufbereitungsanlagen f\u00fcr Industrie, Gewerbe &amp; Labor","publisher":{"@id":"https:\/\/www.envirofalk.com\/#organization"},"potentialAction":[{"@type":"SearchAction","target":{"@type":"EntryPoint","urlTemplate":"https:\/\/www.envirofalk.com\/?s={search_term_string}"},"query-input":{"@type":"PropertyValueSpecification","valueRequired":true,"valueName":"search_term_string"}}],"inLanguage":"de-CH"},{"@type":"Organization","@id":"https:\/\/www.envirofalk.com\/#organization","name":"EnviroFALK","url":"https:\/\/www.envirofalk.com\/","logo":{"@type":"ImageObject","inLanguage":"de-CH","@id":"https:\/\/www.envirofalk.com\/#\/schema\/logo\/image\/","url":"https:\/\/www.envirofalk.com\/wp-content\/uploads\/2023\/01\/logo.svg","contentUrl":"https:\/\/www.envirofalk.com\/wp-content\/uploads\/2023\/01\/logo.svg","caption":"EnviroFALK"},"image":{"@id":"https:\/\/www.envirofalk.com\/#\/schema\/logo\/image\/"},"sameAs":["https:\/\/www.facebook.com\/envirofalk","https:\/\/www.linkedin.com\/company\/envirofalk-gmbh","https:\/\/www.youtube.com\/channel\/UCM1L-2K6cfBbP3aYgJGbVdA"],"description":"EnviroFALK Prozesswassertechnik ist Ihr Spezialist f\u00fcr ma\u00dfgeschneiderte Wasseraufbereitungsl\u00f6sungen in der Industrie. Wir bieten innovative Technologien f\u00fcr die Erzeugung und Aufbereitung von Prozesswasser, um h\u00f6chste Effizienz und Qualit\u00e4t in Ihren Produktionsprozessen zu gew\u00e4hrleisten. Mit jahrzehntelanger Erfahrung entwickeln wir nachhaltige und ressourcenschonende L\u00f6sungen, die exakt auf die Anforderungen unserer Kunden abgestimmt sind. Unsere Leistungen umfassen die Filtration, Enth\u00e4rtung, Entsalzung und R\u00fcckgewinnung von Wasser f\u00fcr verschiedenste Anwendungen \u2013 von der Metallverarbeitung bis zur Lebensmittelindustrie. Unsere Experten begleiten Sie von der Planung \u00fcber die Implementierung bis hin zum Service, um eine zuverl\u00e4ssige und wirtschaftliche Wasseraufbereitung sicherzustellen.","email":"info@envirofalk.com","telephone":"+49 2663 9908-0","legalName":"EnviroFALK GmbH","foundingDate":"1989-05-01"}]}},"_links":{"self":[{"href":"https:\/\/www.envirofalk.com\/ch\/wp-json\/wp\/v2\/pages\/14031","targetHints":{"allow":["GET"]}}],"collection":[{"href":"https:\/\/www.envirofalk.com\/ch\/wp-json\/wp\/v2\/pages"}],"about":[{"href":"https:\/\/www.envirofalk.com\/ch\/wp-json\/wp\/v2\/types\/page"}],"author":[{"embeddable":true,"href":"https:\/\/www.envirofalk.com\/ch\/wp-json\/wp\/v2\/users\/3"}],"replies":[{"embeddable":true,"href":"https:\/\/www.envirofalk.com\/ch\/wp-json\/wp\/v2\/comments?post=14031"}],"version-history":[{"count":3,"href":"https:\/\/www.envirofalk.com\/ch\/wp-json\/wp\/v2\/pages\/14031\/revisions"}],"predecessor-version":[{"id":15015,"href":"https:\/\/www.envirofalk.com\/ch\/wp-json\/wp\/v2\/pages\/14031\/revisions\/15015"}],"up":[{"embeddable":true,"href":"https:\/\/www.envirofalk.com\/ch\/wp-json\/wp\/v2\/pages\/14176"}],"wp:attachment":[{"href":"https:\/\/www.envirofalk.com\/ch\/wp-json\/wp\/v2\/media?parent=14031"}],"curies":[{"name":"wp","href":"https:\/\/api.w.org\/{rel}","templated":true}]}}