{"id":14030,"date":"2024-04-18T08:51:03","date_gmt":"2024-04-18T06:51:03","guid":{"rendered":"https:\/\/www.envirofalk.com\/?page_id=14030"},"modified":"2024-05-08T13:29:01","modified_gmt":"2024-05-08T11:29:01","slug":"envirofalk-ag-schweiz","status":"publish","type":"page","link":"https:\/\/www.envirofalk.com\/ch\/unternehmen\/unsere-standorte\/envirofalk-ag-schweiz\/","title":{"rendered":"EnviroFALK AG &#8211; Schweiz"},"content":{"rendered":"<div class=\"wpb-content-wrapper\"><p>[vc_section][vc_row full_width=&#187;stretch_row_content_no_spaces&#187;][vc_column]<div class=\"custom-top-banner img-box   has-icon\" style=\"background-image: url(https:\/\/www.envirofalk.com\/wp-content\/uploads\/2023\/11\/Schweiz.webp)\"><div class=\"container relative\"><div class=\"text-box\"><div class=\"slideInRight animated\"><img loading=\"lazy\" decoding=\"async\" width=\"1\" height=\"1\" src=\"https:\/\/www.envirofalk.com\/wp-content\/uploads\/2023\/09\/Wasseraufbereitung_EnviroFALK_Logo.svg\" class=\"attachment-120x120 size-120x120\" alt=\"EnviroFALK-Logo Icon\" \/><p>Immer in Ihrer N\u00e4he, unsere <strong>Standorte<\/strong><\/p><\/div><\/div><\/div><\/div>[\/vc_column][\/vc_row][vc_row el_class=&#187;breadcrumbs-wrapper&#187;][vc_column]<div class=\"breadcrumbs\"><label><\/label> <a href=\"https:\/\/www.envirofalk.com\/ch\/\">Home<\/a><\/div>[\/vc_column][\/vc_row][\/vc_section][vc_section][vc_row full_height=&#187;yes&#187; css_animation=&#187;slideInUp&#187; el_class=&#187;two-columns-row tablet-row align-top&#187; el_id=&#187;ansprechpartner&#187;][vc_column width=&#187;2\/3&#8243;][vc_custom_heading text=&#187;EnviroFALK AG &#8211; Schweiz&#187; font_container=&#187;tag:h1|text_align:left&#187; use_theme_fonts=&#187;yes&#187;][vc_column_text]<\/p>\n<h3>Ihr Partner f\u00fcr die professionelle Wasseraufbereitung: EnviroFALK AG Schweiz<\/h3>\n<p>Ist Prozesswasser h\u00f6chster Qualit\u00e4t f\u00fcr Ihre industriellen Anwendungen zwingend erforderlich, sind Sie bei EnviroFALK an genau der richtigen Adresse. Wieso? Weil wir Ihnen in Sachen <strong>Wasseraufbereitung bzw. Prozesswasseraufbereitung<\/strong> mehr bieten als nur Standard. In gemeinsamer Absprache konzipieren wir f\u00fcr Sie hocheffiziente, nachhaltige<strong> Wasseraufbereitungsanlagen<\/strong> \u2013 und das sowohl <strong>in Deutschland als auch innerhalb der Schweiz<\/strong>. Dabei profitieren Sie als unser Kunde gleich in mehrfacher Hinsicht. Denn neben der Installation Ihrer <strong>individuellen Prozesswassertechnik-L\u00f6sung<\/strong> k\u00f6nnen sich unsere Auftraggeber in der Schweiz auch in puncto Wartung sowie bei der Bereitstellung und Regeneration von Ionenaustauscherpatronen vollkommen auf uns verlassen![\/vc_column_text][vc_custom_heading text=&#187;Unsere Leistungen&#187; use_theme_fonts=&#187;yes&#187; css=&#187;.vc_custom_1699281572125{padding-bottom: 30px !important;}&#187;]<div class=\"quick-links default wpb_content_element\" data-background=\"\"><div class=\"flexbox\"><a href=\"https:\/\/envirofalk.com\/ch\/ionenaustauscher-regeneration\/\" target=\"_self\"><div class=\"icon lg\"><img decoding=\"async\" src=\"https:\/\/www.envirofalk.com\/wp-content\/uploads\/2023\/08\/Wasseraufbereitung_Ionenaustauscher_Icon.svg\" class=\"attachment-full size-full\" alt=\"\" \/><\/div><div><h4>Regenerationsservice f\u00fcr Ionenaustauscher<\/h4><\/div><\/a><\/div><div class=\"flexbox\"><a href=\"https:\/\/envirofalk.com\/ch\/verfahrenstechniken\/individuelle-wasseraufbereitung\/\" target=\"_self\"><div class=\"icon lg\"><img decoding=\"async\" src=\"https:\/\/www.envirofalk.com\/wp-content\/uploads\/2023\/08\/Individueller_Anlagenbau_2_Icon.svg\" class=\"attachment-full size-full\" alt=\"Wasseraufbereitungsanlage Icon\" \/><\/div><div><h4>Beratung f\u00fcr Wasseraufbereitungssysteme<\/h4><\/div><\/a><\/div><div class=\"flexbox\"><a href=\"https:\/\/envirofalk.com\/ch\/service\/\" target=\"_self\"><div class=\"icon lg\"><img decoding=\"async\" src=\"https:\/\/www.envirofalk.com\/wp-content\/uploads\/2023\/05\/icon_service.svg\" class=\"attachment-full size-full\" alt=\"Person mit Headset Icon\" \/><\/div><div><h4>Service und Wartung<\/h4><\/div><\/a><\/div><\/div>[\/vc_column][vc_column width=&#187;1\/3&#8243; el_class=&#187;has-bg&#187;]<div class=\"online-consultant-box  wpb_content_element\"><div class=\"online-consultant\"><div><div class=\"person-info\"><h5>Henri Altorfer<\/h5><ul class=\"person-list\"><li><a href=\"tel:+41 41 7404459\">+41 41 7404459<\/a><\/li><\/ul><\/div><a href=\"#beratung\" target=\"_self\" class=\"custom-btn show-modal\"><i class=\"icon-chevron-right\"><\/i>Zur Onlinebratung<\/a><\/div><div class=\"relative\"><svg xmlns=\"http:\/\/www.w3.org\/2000\/svg\" viewBox=\"0 0 32.83 32.83\">\n\t\t\t\t\t\t\t\t\t<defs>\n\t\t\t\t\t\t\t\t\t\t<linearGradient id=\"gradient\" x1=\"0%\" y1=\"0%\" x2=\"0%\" y2=\"100%\" gradientTransform=\"rotate(-135)\">\n\t\t\t\t\t\t\t\t\t\t\t<stop offset=\"0%\" stop-color=\"#97be0d\"\/>\n\t\t\t\t\t\t\t\t\t\t\t\t<stop offset=\"100%\" stop-color=\"rgba(255, 255, 255, 0)\"\/>\n\t\t\t\t\t\t\t\t\t\t<\/linearGradient>\n\t\t\t\t\t\t\t\t\t<\/defs>\n\t\t\t\t\t\t\t\t\t<path class=\"wpb_animate_when_almost_visible circular-progress\" stroke=\"url(#gradient)\" stroke-width=\"1\" stroke-dasharray=\"100, 100\" fill=\"none\" d=\"M18,2.08a15.92,15.92,0,0,1,0,31.84h0A15.92,15.92,0,0,1,18,2.08\" transform=\"translate(-1.59 -1.58)\"\/>\n                            \t<\/svg><span><img loading=\"lazy\" decoding=\"async\" width=\"800\" height=\"800\" src=\"https:\/\/www.envirofalk.com\/wp-content\/uploads\/2023\/08\/Henri-Altorfer_Ansprechpartner.png\" class=\"attachment-full size-full\" alt=\"Mitarbeiter Henri Altorfer\" srcset=\"https:\/\/www.envirofalk.com\/wp-content\/uploads\/2023\/08\/Henri-Altorfer_Ansprechpartner.png 800w, https:\/\/www.envirofalk.com\/wp-content\/uploads\/2023\/08\/Henri-Altorfer_Ansprechpartner-350x350.png 350w, https:\/\/www.envirofalk.com\/wp-content\/uploads\/2023\/08\/Henri-Altorfer_Ansprechpartner-150x150.png 150w, https:\/\/www.envirofalk.com\/wp-content\/uploads\/2023\/08\/Henri-Altorfer_Ansprechpartner-768x768.png 768w\" sizes=\"auto, (max-width: 800px) 100vw, 800px\" \/><\/span><\/div><\/div><\/div>[vc_column_text]<\/p>\n<div class=\"address\">\n<h3 style=\"text-align: center;\">EnviroFALK AG<br \/>\nSchweiz<\/h3>\n<div class=\"address\">\n<div class=\"street\" style=\"text-align: center;\">B\u00f6sch 27<\/div>\n<div class=\"city\" style=\"text-align: center;\">6331 H\u00fcnenberg<\/div>\n<\/div>\n<div class=\"phone\" style=\"text-align: center;\">Tel. <a href=\"tel:+41 41 740 44 14\">+41 41 740 44 14<\/a><\/div>\n<div class=\"fax\" style=\"text-align: center;\">Fax +41 41 740 44 15<\/div>\n<\/div>\n<p>[\/vc_column_text][vc_raw_html css=&#187;&#187;]JTVCd3NfZHNndm9fbWFwcyUyMG5hbWUlM0QlMjJTY2h3ZWl6JTIyJTVE[\/vc_raw_html][\/vc_column][\/vc_row][\/vc_section][vc_section parallax=&#187;content-moving&#187; css=&#187;.vc_custom_1699281713616{background-image: url(https:\/\/www.envirofalk.com\/wp-content\/uploads\/2023\/08\/Wasseraufbereitungsanlage_Reinigung_Oberflaechentechnik.jpg?id=498) !important;background-position: center !important;background-repeat: no-repeat !important;background-size: cover !important;}&#187;][vc_row el_class=&#187;tablet-row reverse vertical-center&#187;][vc_column css_animation=&#187;slideInRight&#187; width=&#187;1\/4&#8243;][\/vc_column][vc_column css_animation=&#187;fadeInLeft&#187; width=&#187;3\/4&#8243; css=&#187;.vc_custom_1697097162005{padding-top: 20px !important;padding-right: 20px !important;padding-bottom: 20px !important;padding-left: 20px !important;}&#187; el_class=&#187;has-bg&#187;][vc_column_text el_class=&#187;arrows-list&#187;]<\/p>\n<h2>Wasseraufbereitung in der Schweiz mit EnviroFALK \u2013 Ihre Vorteile auf einen Blick<\/h2>\n<ul>\n<li>Im Bereich der Wasseraufbereitung schauen die Mitarbeiter bei <strong>EnviroFALK in der Schweiz<\/strong> auf einen Erfahrungsschatz von \u00fcber 30 Jahren zur\u00fcck. Hei\u00dft, Sie werden bei uns von absoluten Experten beraten!<\/li>\n<li>Wir kennen Ihre speziellen Anforderungen an <strong>Prozesswasser<\/strong> genaustens \u2013 ob ausgew\u00e4hlte Industriebranchen, Spit\u00e4ler oder Labore \u2013 und k\u00f6nnen Ihnen so L\u00f6sungen pr\u00e4sentieren, die exakt Ihrem Bedarf entsprechen.<\/li>\n<li>Wie schon bei unseren L\u00f6sungskonzepten f\u00fcr Ihre <strong>Wasseraufbereitungsanlagen<\/strong> machen wir auch bei unserem Service-Angebot keine halben Sachen! Stattdessen offerieren wir unseren Kunden in der Schweiz das komplette Produkt- und Leistungsportfolio. Hierzu z\u00e4hlt auch unser <strong>Top-Regenerationsservice f\u00fcr Ionenaustauscher<\/strong>: Ein Anruf gen\u00fcgt und unser Paket-Service holt Ihre Ionenaustauscherpatronen ab und liefert sie nach der Aufbereitung respektive Regeneration aufbereitet zur\u00fcck \u2013 einfacher geht es nicht!<\/li>\n<\/ul>\n<p>Sie sehen: Mit <strong>EnviroFALK AG Schweiz<\/strong> haben Sie einen kompetenten und erfahrenen Partner an Ihrer Seite, der sich Ihrem Prozesswasser von A bis Z annimmt. Damit Sie den Kopf frei haben f\u00fcr Ihr Kerngesch\u00e4ft![\/vc_column_text][\/vc_column][\/vc_row][\/vc_section][vc_section][\/vc_section]<\/p>\n<\/div>","protected":false},"excerpt":{"rendered":"<p>[vc_section][vc_row full_width=&#187;stretch_row_content_no_spaces&#187;][vc_column][\/vc_column][\/vc_row][vc_row el_class=&#187;breadcrumbs-wrapper&#187;][vc_column][\/vc_column][\/vc_row][\/vc_section][vc_section][vc_row full_height=&#187;yes&#187; css_animation=&#187;slideInUp&#187; el_class=&#187;two-columns-row tablet-row align-top&#187; el_id=&#187;ansprechpartner&#187;][vc_column width=&#187;2\/3&#8243;][vc_custom_heading text=&#187;EnviroFALK AG &#8211; Schweiz&#187; font_container=&#187;tag:h1|text_align:left&#187; use_theme_fonts=&#187;yes&#187;][vc_column_text] Ihr Partner f\u00fcr die professionelle Wasseraufbereitung: EnviroFALK AG Schweiz Ist Prozesswasser h\u00f6chster Qualit\u00e4t f\u00fcr Ihre industriellen Anwendungen zwingend erforderlich, sind Sie bei EnviroFALK an genau der richtigen Adresse. Wieso? Weil wir Ihnen in Sachen Wasseraufbereitung bzw. Prozesswasseraufbereitung mehr bieten [&hellip;]<\/p>\n","protected":false},"author":3,"featured_media":0,"parent":14176,"menu_order":10,"comment_status":"closed","ping_status":"closed","template":"","meta":{"_acf_changed":false,"rs_blank_template":"","rs_page_bg_color":"","slide_template_v7":"","footnotes":""},"class_list":["post-14030","page","type-page","status-publish","hentry"],"acf":[],"yoast_head":"<!-- This site is optimized with the Yoast SEO Premium plugin v27.6 (Yoast SEO v27.6) - https:\/\/yoast.com\/product\/yoast-seo-premium-wordpress\/ -->\n<title>EnviroFALK AG - Schweiz &#8211; EnviroFALK<\/title>\n<meta name=\"robots\" content=\"index, follow, max-snippet:-1, max-image-preview:large, max-video-preview:-1\" \/>\n<link rel=\"canonical\" href=\"https:\/\/www.envirofalk.com\/ch\/unternehmen\/unsere-standorte\/envirofalk-ag-schweiz\/\" \/>\n<meta property=\"og:locale\" content=\"de_DE\" \/>\n<meta property=\"og:type\" content=\"article\" \/>\n<meta property=\"og:title\" content=\"EnviroFALK AG - Schweiz\" \/>\n<meta property=\"og:description\" content=\"[vc_section][vc_row full_width=&#187;stretch_row_content_no_spaces&#187;][vc_column][\/vc_column][\/vc_row][vc_row el_class=&#187;breadcrumbs-wrapper&#187;][vc_column][\/vc_column][\/vc_row][\/vc_section][vc_section][vc_row full_height=&#187;yes&#187; css_animation=&#187;slideInUp&#187; el_class=&#187;two-columns-row tablet-row align-top&#187; el_id=&#187;ansprechpartner&#187;][vc_column width=&#187;2\/3&#8243;][vc_custom_heading text=&#187;EnviroFALK AG &#8211; Schweiz&#187; font_container=&#187;tag:h1|text_align:left&#187; use_theme_fonts=&#187;yes&#187;][vc_column_text] Ihr Partner f\u00fcr die professionelle Wasseraufbereitung: EnviroFALK AG Schweiz Ist Prozesswasser h\u00f6chster Qualit\u00e4t f\u00fcr Ihre industriellen Anwendungen zwingend erforderlich, sind Sie bei EnviroFALK an genau der richtigen Adresse. Wieso? Weil wir Ihnen in Sachen Wasseraufbereitung bzw. Prozesswasseraufbereitung mehr bieten [&hellip;]\" \/>\n<meta property=\"og:url\" content=\"https:\/\/www.envirofalk.com\/ch\/unternehmen\/unsere-standorte\/envirofalk-ag-schweiz\/\" \/>\n<meta property=\"og:site_name\" content=\"EnviroFALK\" \/>\n<meta property=\"article:publisher\" content=\"https:\/\/www.facebook.com\/envirofalk\" \/>\n<meta property=\"article:modified_time\" content=\"2024-05-08T11:29:01+00:00\" \/>\n<meta name=\"twitter:card\" content=\"summary_large_image\" \/>\n<meta name=\"twitter:label1\" content=\"Gesch\u00e4tzte Lesezeit\" \/>\n\t<meta name=\"twitter:data1\" content=\"3\u00a0Minuten\" \/>\n<script type=\"application\/ld+json\" class=\"yoast-schema-graph\">{\"@context\":\"https:\\\/\\\/schema.org\",\"@graph\":[{\"@type\":\"WebPage\",\"@id\":\"https:\\\/\\\/www.envirofalk.com\\\/ch\\\/unternehmen\\\/unsere-standorte\\\/envirofalk-ag-schweiz\\\/\",\"url\":\"https:\\\/\\\/www.envirofalk.com\\\/ch\\\/unternehmen\\\/unsere-standorte\\\/envirofalk-ag-schweiz\\\/\",\"name\":\"EnviroFALK AG - Schweiz &#8211; EnviroFALK\",\"isPartOf\":{\"@id\":\"https:\\\/\\\/www.envirofalk.com\\\/ch\\\/#website\"},\"datePublished\":\"2024-04-18T06:51:03+00:00\",\"dateModified\":\"2024-05-08T11:29:01+00:00\",\"breadcrumb\":{\"@id\":\"https:\\\/\\\/www.envirofalk.com\\\/ch\\\/unternehmen\\\/unsere-standorte\\\/envirofalk-ag-schweiz\\\/#breadcrumb\"},\"inLanguage\":\"de-CH\",\"potentialAction\":[{\"@type\":\"ReadAction\",\"target\":[\"https:\\\/\\\/www.envirofalk.com\\\/ch\\\/unternehmen\\\/unsere-standorte\\\/envirofalk-ag-schweiz\\\/\"]}]},{\"@type\":\"BreadcrumbList\",\"@id\":\"https:\\\/\\\/www.envirofalk.com\\\/ch\\\/unternehmen\\\/unsere-standorte\\\/envirofalk-ag-schweiz\\\/#breadcrumb\",\"itemListElement\":[{\"@type\":\"ListItem\",\"position\":1,\"name\":\"Home\",\"item\":\"https:\\\/\\\/www.envirofalk.com\\\/ch\\\/\"},{\"@type\":\"ListItem\",\"position\":2,\"name\":\"Unternehmen\",\"item\":\"https:\\\/\\\/www.envirofalk.com\\\/ch\\\/unternehmen\\\/\"},{\"@type\":\"ListItem\",\"position\":3,\"name\":\"Unsere Standorte\",\"item\":\"https:\\\/\\\/www.envirofalk.com\\\/ch\\\/unternehmen\\\/unsere-standorte\\\/\"},{\"@type\":\"ListItem\",\"position\":4,\"name\":\"EnviroFALK AG &#8211; Schweiz\"}]},{\"@type\":\"WebSite\",\"@id\":\"https:\\\/\\\/www.envirofalk.com\\\/ch\\\/#website\",\"url\":\"https:\\\/\\\/www.envirofalk.com\\\/ch\\\/\",\"name\":\"EnviroFALK\",\"description\":\"Wasseraufbereitungsanlagen f\u00fcr Industrie, Gewerbe &amp; Labor\",\"publisher\":{\"@id\":\"https:\\\/\\\/www.envirofalk.com\\\/ch\\\/#organization\"},\"potentialAction\":[{\"@type\":\"SearchAction\",\"target\":{\"@type\":\"EntryPoint\",\"urlTemplate\":\"https:\\\/\\\/www.envirofalk.com\\\/ch\\\/?s={search_term_string}\"},\"query-input\":{\"@type\":\"PropertyValueSpecification\",\"valueRequired\":true,\"valueName\":\"search_term_string\"}}],\"inLanguage\":\"de-CH\"},{\"@type\":\"Organization\",\"@id\":\"https:\\\/\\\/www.envirofalk.com\\\/ch\\\/#organization\",\"name\":\"EnviroFALK\",\"url\":\"https:\\\/\\\/www.envirofalk.com\\\/ch\\\/\",\"logo\":{\"@type\":\"ImageObject\",\"inLanguage\":\"de-CH\",\"@id\":\"https:\\\/\\\/www.envirofalk.com\\\/ch\\\/#\\\/schema\\\/logo\\\/image\\\/\",\"url\":\"https:\\\/\\\/www.envirofalk.com\\\/wp-content\\\/uploads\\\/2023\\\/01\\\/logo.svg\",\"contentUrl\":\"https:\\\/\\\/www.envirofalk.com\\\/wp-content\\\/uploads\\\/2023\\\/01\\\/logo.svg\",\"caption\":\"EnviroFALK\"},\"image\":{\"@id\":\"https:\\\/\\\/www.envirofalk.com\\\/ch\\\/#\\\/schema\\\/logo\\\/image\\\/\"},\"sameAs\":[\"https:\\\/\\\/www.facebook.com\\\/envirofalk\",\"https:\\\/\\\/www.linkedin.com\\\/company\\\/envirofalk-gmbh\",\"https:\\\/\\\/www.youtube.com\\\/channel\\\/UCM1L-2K6cfBbP3aYgJGbVdA\"],\"description\":\"EnviroFALK Prozesswassertechnik ist Ihr Spezialist f\u00fcr ma\u00dfgeschneiderte Wasseraufbereitungsl\u00f6sungen in der Industrie. Wir bieten innovative Technologien f\u00fcr die Erzeugung und Aufbereitung von Prozesswasser, um h\u00f6chste Effizienz und Qualit\u00e4t in Ihren Produktionsprozessen zu gew\u00e4hrleisten. Mit jahrzehntelanger Erfahrung entwickeln wir nachhaltige und ressourcenschonende L\u00f6sungen, die exakt auf die Anforderungen unserer Kunden abgestimmt sind. Unsere Leistungen umfassen die Filtration, Enth\u00e4rtung, Entsalzung und R\u00fcckgewinnung von Wasser f\u00fcr verschiedenste Anwendungen \u2013 von der Metallverarbeitung bis zur Lebensmittelindustrie. Unsere Experten begleiten Sie von der Planung \u00fcber die Implementierung bis hin zum Service, um eine zuverl\u00e4ssige und wirtschaftliche Wasseraufbereitung sicherzustellen.\",\"email\":\"info@envirofalk.com\",\"telephone\":\"+49 2663 9908-0\",\"legalName\":\"EnviroFALK GmbH\",\"foundingDate\":\"1989-05-01\"}]}<\/script>\n<!-- \/ Yoast SEO Premium plugin. -->","yoast_head_json":{"title":"EnviroFALK AG - Schweiz &#8211; EnviroFALK","robots":{"index":"index","follow":"follow","max-snippet":"max-snippet:-1","max-image-preview":"max-image-preview:large","max-video-preview":"max-video-preview:-1"},"canonical":"https:\/\/www.envirofalk.com\/ch\/unternehmen\/unsere-standorte\/envirofalk-ag-schweiz\/","og_locale":"de_DE","og_type":"article","og_title":"EnviroFALK AG - Schweiz","og_description":"[vc_section][vc_row full_width=&#187;stretch_row_content_no_spaces&#187;][vc_column][\/vc_column][\/vc_row][vc_row el_class=&#187;breadcrumbs-wrapper&#187;][vc_column][\/vc_column][\/vc_row][\/vc_section][vc_section][vc_row full_height=&#187;yes&#187; css_animation=&#187;slideInUp&#187; el_class=&#187;two-columns-row tablet-row align-top&#187; el_id=&#187;ansprechpartner&#187;][vc_column width=&#187;2\/3&#8243;][vc_custom_heading text=&#187;EnviroFALK AG &#8211; Schweiz&#187; font_container=&#187;tag:h1|text_align:left&#187; use_theme_fonts=&#187;yes&#187;][vc_column_text] Ihr Partner f\u00fcr die professionelle Wasseraufbereitung: EnviroFALK AG Schweiz Ist Prozesswasser h\u00f6chster Qualit\u00e4t f\u00fcr Ihre industriellen Anwendungen zwingend erforderlich, sind Sie bei EnviroFALK an genau der richtigen Adresse. Wieso? Weil wir Ihnen in Sachen Wasseraufbereitung bzw. Prozesswasseraufbereitung mehr bieten [&hellip;]","og_url":"https:\/\/www.envirofalk.com\/ch\/unternehmen\/unsere-standorte\/envirofalk-ag-schweiz\/","og_site_name":"EnviroFALK","article_publisher":"https:\/\/www.facebook.com\/envirofalk","article_modified_time":"2024-05-08T11:29:01+00:00","twitter_card":"summary_large_image","twitter_misc":{"Gesch\u00e4tzte Lesezeit":"3\u00a0Minuten"},"schema":{"@context":"https:\/\/schema.org","@graph":[{"@type":"WebPage","@id":"https:\/\/www.envirofalk.com\/ch\/unternehmen\/unsere-standorte\/envirofalk-ag-schweiz\/","url":"https:\/\/www.envirofalk.com\/ch\/unternehmen\/unsere-standorte\/envirofalk-ag-schweiz\/","name":"EnviroFALK AG - Schweiz &#8211; EnviroFALK","isPartOf":{"@id":"https:\/\/www.envirofalk.com\/ch\/#website"},"datePublished":"2024-04-18T06:51:03+00:00","dateModified":"2024-05-08T11:29:01+00:00","breadcrumb":{"@id":"https:\/\/www.envirofalk.com\/ch\/unternehmen\/unsere-standorte\/envirofalk-ag-schweiz\/#breadcrumb"},"inLanguage":"de-CH","potentialAction":[{"@type":"ReadAction","target":["https:\/\/www.envirofalk.com\/ch\/unternehmen\/unsere-standorte\/envirofalk-ag-schweiz\/"]}]},{"@type":"BreadcrumbList","@id":"https:\/\/www.envirofalk.com\/ch\/unternehmen\/unsere-standorte\/envirofalk-ag-schweiz\/#breadcrumb","itemListElement":[{"@type":"ListItem","position":1,"name":"Home","item":"https:\/\/www.envirofalk.com\/ch\/"},{"@type":"ListItem","position":2,"name":"Unternehmen","item":"https:\/\/www.envirofalk.com\/ch\/unternehmen\/"},{"@type":"ListItem","position":3,"name":"Unsere Standorte","item":"https:\/\/www.envirofalk.com\/ch\/unternehmen\/unsere-standorte\/"},{"@type":"ListItem","position":4,"name":"EnviroFALK AG &#8211; Schweiz"}]},{"@type":"WebSite","@id":"https:\/\/www.envirofalk.com\/ch\/#website","url":"https:\/\/www.envirofalk.com\/ch\/","name":"EnviroFALK","description":"Wasseraufbereitungsanlagen f\u00fcr Industrie, Gewerbe &amp; Labor","publisher":{"@id":"https:\/\/www.envirofalk.com\/ch\/#organization"},"potentialAction":[{"@type":"SearchAction","target":{"@type":"EntryPoint","urlTemplate":"https:\/\/www.envirofalk.com\/ch\/?s={search_term_string}"},"query-input":{"@type":"PropertyValueSpecification","valueRequired":true,"valueName":"search_term_string"}}],"inLanguage":"de-CH"},{"@type":"Organization","@id":"https:\/\/www.envirofalk.com\/ch\/#organization","name":"EnviroFALK","url":"https:\/\/www.envirofalk.com\/ch\/","logo":{"@type":"ImageObject","inLanguage":"de-CH","@id":"https:\/\/www.envirofalk.com\/ch\/#\/schema\/logo\/image\/","url":"https:\/\/www.envirofalk.com\/wp-content\/uploads\/2023\/01\/logo.svg","contentUrl":"https:\/\/www.envirofalk.com\/wp-content\/uploads\/2023\/01\/logo.svg","caption":"EnviroFALK"},"image":{"@id":"https:\/\/www.envirofalk.com\/ch\/#\/schema\/logo\/image\/"},"sameAs":["https:\/\/www.facebook.com\/envirofalk","https:\/\/www.linkedin.com\/company\/envirofalk-gmbh","https:\/\/www.youtube.com\/channel\/UCM1L-2K6cfBbP3aYgJGbVdA"],"description":"EnviroFALK Prozesswassertechnik ist Ihr Spezialist f\u00fcr ma\u00dfgeschneiderte Wasseraufbereitungsl\u00f6sungen in der Industrie. Wir bieten innovative Technologien f\u00fcr die Erzeugung und Aufbereitung von Prozesswasser, um h\u00f6chste Effizienz und Qualit\u00e4t in Ihren Produktionsprozessen zu gew\u00e4hrleisten. Mit jahrzehntelanger Erfahrung entwickeln wir nachhaltige und ressourcenschonende L\u00f6sungen, die exakt auf die Anforderungen unserer Kunden abgestimmt sind. Unsere Leistungen umfassen die Filtration, Enth\u00e4rtung, Entsalzung und R\u00fcckgewinnung von Wasser f\u00fcr verschiedenste Anwendungen \u2013 von der Metallverarbeitung bis zur Lebensmittelindustrie. Unsere Experten begleiten Sie von der Planung \u00fcber die Implementierung bis hin zum Service, um eine zuverl\u00e4ssige und wirtschaftliche Wasseraufbereitung sicherzustellen.","email":"info@envirofalk.com","telephone":"+49 2663 9908-0","legalName":"EnviroFALK GmbH","foundingDate":"1989-05-01"}]}},"_links":{"self":[{"href":"https:\/\/www.envirofalk.com\/ch\/wp-json\/wp\/v2\/pages\/14030","targetHints":{"allow":["GET"]}}],"collection":[{"href":"https:\/\/www.envirofalk.com\/ch\/wp-json\/wp\/v2\/pages"}],"about":[{"href":"https:\/\/www.envirofalk.com\/ch\/wp-json\/wp\/v2\/types\/page"}],"author":[{"embeddable":true,"href":"https:\/\/www.envirofalk.com\/ch\/wp-json\/wp\/v2\/users\/3"}],"replies":[{"embeddable":true,"href":"https:\/\/www.envirofalk.com\/ch\/wp-json\/wp\/v2\/comments?post=14030"}],"version-history":[{"count":3,"href":"https:\/\/www.envirofalk.com\/ch\/wp-json\/wp\/v2\/pages\/14030\/revisions"}],"predecessor-version":[{"id":15008,"href":"https:\/\/www.envirofalk.com\/ch\/wp-json\/wp\/v2\/pages\/14030\/revisions\/15008"}],"up":[{"embeddable":true,"href":"https:\/\/www.envirofalk.com\/ch\/wp-json\/wp\/v2\/pages\/14176"}],"wp:attachment":[{"href":"https:\/\/www.envirofalk.com\/ch\/wp-json\/wp\/v2\/media?parent=14030"}],"curies":[{"name":"wp","href":"https:\/\/api.w.org\/{rel}","templated":true}]}}