{"id":14019,"date":"2024-04-18T08:45:37","date_gmt":"2024-04-18T06:45:37","guid":{"rendered":"https:\/\/www.envirofalk.com\/?page_id=14019"},"modified":"2025-11-27T10:07:00","modified_gmt":"2025-11-27T09:07:00","slug":"schulungen-fuer-anwender","status":"publish","type":"page","link":"https:\/\/www.envirofalk.com\/ch\/service\/schulungen-fuer-anwender\/","title":{"rendered":"Schulungen f\u00fcr Anwender"},"content":{"rendered":"<div class=\"wpb-content-wrapper\"><p>[vc_section][vc_row full_width=&#187;stretch_row_content_no_spaces&#187;][vc_column]<div class=\"custom-top-banner img-box   has-icon\" style=\"background-image: url(https:\/\/www.envirofalk.com\/wp-content\/uploads\/2023\/10\/Schulung.jpg)\"><div class=\"container relative\"><div class=\"text-box\"><div class=\"slideInRight animated\"><img loading=\"lazy\" decoding=\"async\" width=\"1\" height=\"1\" src=\"https:\/\/www.envirofalk.com\/wp-content\/uploads\/2023\/05\/icon_kundenlosungen.svg\" class=\"attachment-120x120 size-120x120\" alt=\"Gl\u00fchbirne Icon\" \/><p><strong>Wasseraufbereitung <\/strong> von Anfang an verstehen.<\/p><\/div><\/div><\/div><\/div>[\/vc_column][\/vc_row][vc_row el_class=&#187;breadcrumbs-wrapper&#187;][vc_column]<div class=\"breadcrumbs\"><label><\/label> <a href=\"https:\/\/www.envirofalk.com\/ch\/\">Home<\/a><\/div>[\/vc_column][\/vc_row][\/vc_section][vc_section][vc_row css_animation=&#187;slideInUp&#187; el_class=&#187;two-columns-row tablet-row&#187;][vc_column width=&#187;3\/4&#8243;][vc_custom_heading source=&#187;post_title&#187; font_container=&#187;tag:h1|text_align:left&#187; use_theme_fonts=&#187;yes&#187;][\/vc_column][vc_column width=&#187;1\/4&#8243;]<div class=\"online-consultant-box  wpb_content_element\"><div class=\"online-consultant\"><div><div class=\"person-info\"><h5>Gabriel Wigishoff<\/h5><ul class=\"person-list\"><li><a href=\"tel:+41 41 740 44 32\">+41 41 740 44 32<\/a><\/li><\/ul><\/div><a href=\"#beratung\" target=\"_self\" class=\"custom-btn show-modal\"><i class=\"icon-chevron-right\"><\/i>Zur Onlineberatung<\/a><\/div><div class=\"relative\"><svg xmlns=\"http:\/\/www.w3.org\/2000\/svg\" viewBox=\"0 0 32.83 32.83\">\n\t\t\t\t\t\t\t\t\t<defs>\n\t\t\t\t\t\t\t\t\t\t<linearGradient id=\"gradient\" x1=\"0%\" y1=\"0%\" x2=\"0%\" y2=\"100%\" gradientTransform=\"rotate(-135)\">\n\t\t\t\t\t\t\t\t\t\t\t<stop offset=\"0%\" stop-color=\"#97be0d\"\/>\n\t\t\t\t\t\t\t\t\t\t\t\t<stop offset=\"100%\" stop-color=\"rgba(255, 255, 255, 0)\"\/>\n\t\t\t\t\t\t\t\t\t\t<\/linearGradient>\n\t\t\t\t\t\t\t\t\t<\/defs>\n\t\t\t\t\t\t\t\t\t<path class=\"wpb_animate_when_almost_visible circular-progress\" stroke=\"url(#gradient)\" stroke-width=\"1\" stroke-dasharray=\"100, 100\" fill=\"none\" d=\"M18,2.08a15.92,15.92,0,0,1,0,31.84h0A15.92,15.92,0,0,1,18,2.08\" transform=\"translate(-1.59 -1.58)\"\/>\n                            \t<\/svg><span><img loading=\"lazy\" decoding=\"async\" width=\"1835\" height=\"1854\" src=\"https:\/\/www.envirofalk.com\/wp-content\/uploads\/2025\/11\/Gabriel_Wigishoff_FG-e1764234116437.png\" class=\"attachment-full size-full\" alt=\"\" srcset=\"https:\/\/www.envirofalk.com\/wp-content\/uploads\/2025\/11\/Gabriel_Wigishoff_FG-e1764234116437.png 1835w, https:\/\/www.envirofalk.com\/wp-content\/uploads\/2025\/11\/Gabriel_Wigishoff_FG-e1764234116437-346x350.png 346w, https:\/\/www.envirofalk.com\/wp-content\/uploads\/2025\/11\/Gabriel_Wigishoff_FG-e1764234116437-1014x1024.png 1014w, https:\/\/www.envirofalk.com\/wp-content\/uploads\/2025\/11\/Gabriel_Wigishoff_FG-e1764234116437-768x776.png 768w, https:\/\/www.envirofalk.com\/wp-content\/uploads\/2025\/11\/Gabriel_Wigishoff_FG-e1764234116437-1520x1536.png 1520w\" sizes=\"auto, (max-width: 1835px) 100vw, 1835px\" \/><\/span><\/div><\/div><\/div>[\/vc_column][\/vc_row][\/vc_section][vc_section][vc_row el_class=&#187;tablet-row vertical-center&#187;][vc_column css_animation=&#187;slideInLeft&#187; width=&#187;1\/2&#8243;][vc_column_text]<\/p>\n<h2>Bedienerschulungen<\/h2>\n<p>Selbstverst\u00e4ndlich geh\u00f6ren Bedienerschulungen zu unserem Serviceangebot. Sprechen Sie uns an und wir erarbeiten gemeinsam ein Schulungs- und Einarbeitungskonzept f\u00fcr Ihre Mitarbeiterinnen und Mitarbeiter im Umgang mit unserer Wasseraufbereitung. Dazu bietet sich unser moderner Schulungsraum in Westerburg an, oder wir schulen Sie vor Ort direkt im Betrieb an der Wasseraufbereitungsanlage. Wir stimmen gerne die Themen individuell auf Ihren speziellen Anwendungsbereich ab.[\/vc_column_text][\/vc_column][vc_column css_animation=&#187;slideInRight&#187; width=&#187;1\/2&#8243;][vc_single_image image=&#187;13461&#8243; img_size=&#187;full&#187; alignment=&#187;center&#187;][\/vc_column][\/vc_row][\/vc_section][vc_section][vc_row el_class=&#187;tablet-row reverse vertical-center&#187;][vc_column css_animation=&#187;slideInLeft&#187; width=&#187;1\/2&#8243;][vc_single_image image=&#187;13461&#8243; img_size=&#187;full&#187; alignment=&#187;center&#187;][\/vc_column][vc_column css_animation=&#187;slideInRight&#187; width=&#187;1\/2&#8243;][vc_column_text]<\/p>\n<h2>Factory Acceptance Tests<\/h2>\n<p>Mit unseren Werksabnahmen bzw. <strong>Factory Acceptance Tests (FAT)<\/strong> k\u00f6nnen Sie sich davon \u00fcberzeugen, dass wir alle Ihre technischen und qualit\u00e4tsbezogenen Anforderungen erf\u00fcllt haben und zwar bevor Ihre Wasseraufbereitungsanlage unser Haus verl\u00e4sst. Nutzen Sie die Gelegenheit und lernen Sie auch gleichzeitig die \u201eGeburtsst\u00e4tte\u201c Ihrer Anlage bei uns in Westerburg kennen.[\/vc_column_text][\/vc_column][\/vc_row][\/vc_section][vc_section][vc_row][vc_column css_animation=&#187;fadeInUp&#187;][vc_tta_accordion section_title_tag=&#187;h5&#8243; c_icon=&#187;chevron&#187; c_position=&#187;right&#187; active_section=&#187;&#187; no_fill=&#187;true&#187; collapsible_all=&#187;true&#187; title=&#187;Ihre Vorteile mit unseren Schulungen&#187;][vc_tta_section title=&#187;Individuell konzipierte Trainingsprogramme&#187; tab_id=&#187;tab-1b51d-7c3d&#187;][vc_column_text]Gerne bieten wir Ihnen Schulungsprogramme f\u00fcr Ihre Mitarbeiter an: Individuell auf deren Anforderungen abgestimmt. Nat\u00fcrlich kommen auch allt\u00e4gliche Arbeitssituationen hierbei nicht zu kurz. Denn so k\u00f6nnen Sie sicher sein, dass Ihre Wasseraufbereitungsanlage optimal l\u00e4uft.[\/vc_column_text][\/vc_tta_section][vc_tta_section title=&#187;Fachseminar Experten-Treff&#187; tab_id=&#187;tab-2b51d-7c3d&#187;][vc_column_text]In der Veranstaltungsreihe EnviroFALK Experten-Treff vermitteln versierte Referenten wertvolles Wissen rund um die Aufgabe Wasser intelligent zu nutzen. Die Teilnehmer erfahren wichtige Informationen \u00fcber die Verfahrenstechniken und wie sich die Prozesse im eigenen Unternehmen optimieren lassen. Zu den vielf\u00e4ltigen Themen z\u00e4hlen beispielsweise Membrantechnologien und Filtrationstechniken, VE-Wasseraufbereitung und Kreislauff\u00fchrung, Sp\u00fclwasseraufbereitung, Recycling von Prozessb\u00e4dern, Elektrodeionisation (EDI), intelligente Kreislauff\u00fchrung von VE-Wassersp\u00fclen.[\/vc_column_text][\/vc_tta_section][vc_tta_section title=&#187;FAT &#8211; Factory Acceptance Test&#187; tab_id=&#187;tab-3b51d-7c3d&#187;][vc_column_text]Der FAT (Factory Acceptance Test) ist ein optionaler Bestandteil unseres Qualifizierungsprozesses. Durch unsere Pr\u00fcfung k\u00f6nnen Sie sicher sein, dass Ihre neue EnviroFALK Wasseraufbereitungsanlage genau Ihren Vorstellungen entspricht. Je nach Vereinbarung und Vertrag kann ein FAT mit und ohne Funktionstest abgehalten werden. Die Abnahme Ihrer Wasseraufbereitungsanlage erfolgt somit nach genau festgelegten Abnahmekriterien. Bei einer Abnahme mit Funktionstest werden grundlegende Funktionen der mechanischen und elektrischen Systeme gepr\u00fcft. Grundlage jeder Pr\u00fcfung sind die Spezifikationen des Pflichtenheftes und gegebenenfalls weitere bei Vertragsabschluss vereinbarte \u00c4nderungen oder Anpassungen. Nach erfolgreicher Abnahme wird Ihre Wasseraufbereitungsanlage nach Versandspezifikation verpackt und zur Abholung bereitgestellt.[\/vc_column_text][\/vc_tta_section][vc_tta_section title=&#187;Erfahren Sie mehr \u00fcber unsere Schulungsangebote.&#187; tab_id=&#187;tab-4b51d-7c3d&#187;][vc_column_text]EnviorFALK Schulungsprogramm: F\u00fcr den sicheren und effizienten Betrieb Ihrer Wasseraufbereitungsanlage. Treten Sie mit uns in Kontakt. Denn wir sind f\u00fcr Sie da.[\/vc_column_text][\/vc_tta_section][vc_tta_section title=&#187;Sie brauchen Sicherheit?&#187; tab_id=&#187;tab-5b51d-7c3d&#187;][vc_column_text]\u00dcber 30 Jahre Erfahrung und branchen\u00fcbergreifende Expertise, langfristige Partnerschaften und ein speziell ausgebildetes Serviceteam an Standorten in ganz Deutschland und der Schweiz \u00fcberzeugt t\u00e4glich viele namhafte Kunden mit faszinierenden Marken. Allesamt Zeichen f\u00fcr Vertrauen. Wir wissen was wir tun und wir tun es richtig und gewissenhaft. Dabei konzentrieren wir uns darauf, was Sie als Unternehmen voranbringt. Damit Sie auf der sicheren Seite sind.[\/vc_column_text][\/vc_tta_section][\/vc_tta_accordion][\/vc_column][\/vc_row][\/vc_section]<\/p>\n<\/div>","protected":false},"excerpt":{"rendered":"<p>[vc_section][vc_row full_width=&#187;stretch_row_content_no_spaces&#187;][vc_column][\/vc_column][\/vc_row][vc_row el_class=&#187;breadcrumbs-wrapper&#187;][vc_column][\/vc_column][\/vc_row][\/vc_section][vc_section][vc_row css_animation=&#187;slideInUp&#187; el_class=&#187;two-columns-row tablet-row&#187;][vc_column width=&#187;3\/4&#8243;][vc_custom_heading source=&#187;post_title&#187; font_container=&#187;tag:h1|text_align:left&#187; use_theme_fonts=&#187;yes&#187;][\/vc_column][vc_column width=&#187;1\/4&#8243;][\/vc_column][\/vc_row][\/vc_section][vc_section][vc_row el_class=&#187;tablet-row vertical-center&#187;][vc_column css_animation=&#187;slideInLeft&#187; width=&#187;1\/2&#8243;][vc_column_text] Bedienerschulungen Selbstverst\u00e4ndlich geh\u00f6ren Bedienerschulungen zu unserem Serviceangebot. Sprechen Sie uns an und wir erarbeiten gemeinsam ein Schulungs- und Einarbeitungskonzept f\u00fcr Ihre Mitarbeiterinnen und Mitarbeiter im Umgang mit unserer Wasseraufbereitung. Dazu bietet sich unser moderner Schulungsraum in Westerburg an, oder wir [&hellip;]<\/p>\n","protected":false},"author":3,"featured_media":0,"parent":14008,"menu_order":5,"comment_status":"closed","ping_status":"closed","template":"","meta":{"_acf_changed":false,"rs_blank_template":"","rs_page_bg_color":"","slide_template_v7":"","footnotes":""},"class_list":["post-14019","page","type-page","status-publish","hentry"],"acf":[],"yoast_head":"<!-- This site is optimized with the Yoast SEO Premium plugin v27.4 (Yoast SEO v27.4) - https:\/\/yoast.com\/product\/yoast-seo-premium-wordpress\/ -->\n<title>Schulungen f\u00fcr Anwender &#8211; EnviroFALK<\/title>\n<meta name=\"robots\" content=\"index, follow, max-snippet:-1, max-image-preview:large, max-video-preview:-1\" \/>\n<link rel=\"canonical\" href=\"https:\/\/www.envirofalk.com\/ch\/service\/schulungen-fuer-anwender\/\" \/>\n<meta property=\"og:locale\" content=\"de_DE\" \/>\n<meta property=\"og:type\" content=\"article\" \/>\n<meta property=\"og:title\" content=\"Schulungen f\u00fcr Anwender\" \/>\n<meta property=\"og:description\" content=\"[vc_section][vc_row full_width=&#187;stretch_row_content_no_spaces&#187;][vc_column][\/vc_column][\/vc_row][vc_row el_class=&#187;breadcrumbs-wrapper&#187;][vc_column][\/vc_column][\/vc_row][\/vc_section][vc_section][vc_row css_animation=&#187;slideInUp&#187; el_class=&#187;two-columns-row tablet-row&#187;][vc_column width=&#187;3\/4&#8243;][vc_custom_heading source=&#187;post_title&#187; font_container=&#187;tag:h1|text_align:left&#187; use_theme_fonts=&#187;yes&#187;][\/vc_column][vc_column width=&#187;1\/4&#8243;][\/vc_column][\/vc_row][\/vc_section][vc_section][vc_row el_class=&#187;tablet-row vertical-center&#187;][vc_column css_animation=&#187;slideInLeft&#187; width=&#187;1\/2&#8243;][vc_column_text] Bedienerschulungen Selbstverst\u00e4ndlich geh\u00f6ren Bedienerschulungen zu unserem Serviceangebot. Sprechen Sie uns an und wir erarbeiten gemeinsam ein Schulungs- und Einarbeitungskonzept f\u00fcr Ihre Mitarbeiterinnen und Mitarbeiter im Umgang mit unserer Wasseraufbereitung. Dazu bietet sich unser moderner Schulungsraum in Westerburg an, oder wir [&hellip;]\" \/>\n<meta property=\"og:url\" content=\"https:\/\/www.envirofalk.com\/ch\/service\/schulungen-fuer-anwender\/\" \/>\n<meta property=\"og:site_name\" content=\"EnviroFALK\" \/>\n<meta property=\"article:publisher\" content=\"https:\/\/www.facebook.com\/envirofalk\" \/>\n<meta property=\"article:modified_time\" content=\"2025-11-27T09:07:00+00:00\" \/>\n<meta name=\"twitter:card\" content=\"summary_large_image\" \/>\n<meta name=\"twitter:label1\" content=\"Gesch\u00e4tzte Lesezeit\" \/>\n\t<meta name=\"twitter:data1\" content=\"4\u00a0Minuten\" \/>\n<script type=\"application\/ld+json\" class=\"yoast-schema-graph\">{\"@context\":\"https:\\\/\\\/schema.org\",\"@graph\":[{\"@type\":\"WebPage\",\"@id\":\"https:\\\/\\\/www.envirofalk.com\\\/ch\\\/service\\\/schulungen-fuer-anwender\\\/\",\"url\":\"https:\\\/\\\/www.envirofalk.com\\\/ch\\\/service\\\/schulungen-fuer-anwender\\\/\",\"name\":\"Schulungen f\u00fcr Anwender &#8211; EnviroFALK\",\"isPartOf\":{\"@id\":\"https:\\\/\\\/www.envirofalk.com\\\/ch\\\/#website\"},\"datePublished\":\"2024-04-18T06:45:37+00:00\",\"dateModified\":\"2025-11-27T09:07:00+00:00\",\"breadcrumb\":{\"@id\":\"https:\\\/\\\/www.envirofalk.com\\\/ch\\\/service\\\/schulungen-fuer-anwender\\\/#breadcrumb\"},\"inLanguage\":\"de-CH\",\"potentialAction\":[{\"@type\":\"ReadAction\",\"target\":[\"https:\\\/\\\/www.envirofalk.com\\\/ch\\\/service\\\/schulungen-fuer-anwender\\\/\"]}]},{\"@type\":\"BreadcrumbList\",\"@id\":\"https:\\\/\\\/www.envirofalk.com\\\/ch\\\/service\\\/schulungen-fuer-anwender\\\/#breadcrumb\",\"itemListElement\":[{\"@type\":\"ListItem\",\"position\":1,\"name\":\"Home\",\"item\":\"https:\\\/\\\/www.envirofalk.com\\\/ch\\\/\"},{\"@type\":\"ListItem\",\"position\":2,\"name\":\"Service\",\"item\":\"https:\\\/\\\/www.envirofalk.com\\\/ch\\\/service\\\/\"},{\"@type\":\"ListItem\",\"position\":3,\"name\":\"Schulungen f\u00fcr Anwender\"}]},{\"@type\":\"WebSite\",\"@id\":\"https:\\\/\\\/www.envirofalk.com\\\/ch\\\/#website\",\"url\":\"https:\\\/\\\/www.envirofalk.com\\\/ch\\\/\",\"name\":\"EnviroFALK\",\"description\":\"Wasseraufbereitungsanlagen f\u00fcr Industrie, Gewerbe &amp; Labor\",\"publisher\":{\"@id\":\"https:\\\/\\\/www.envirofalk.com\\\/ch\\\/#organization\"},\"potentialAction\":[{\"@type\":\"SearchAction\",\"target\":{\"@type\":\"EntryPoint\",\"urlTemplate\":\"https:\\\/\\\/www.envirofalk.com\\\/ch\\\/?s={search_term_string}\"},\"query-input\":{\"@type\":\"PropertyValueSpecification\",\"valueRequired\":true,\"valueName\":\"search_term_string\"}}],\"inLanguage\":\"de-CH\"},{\"@type\":\"Organization\",\"@id\":\"https:\\\/\\\/www.envirofalk.com\\\/ch\\\/#organization\",\"name\":\"EnviroFALK\",\"url\":\"https:\\\/\\\/www.envirofalk.com\\\/ch\\\/\",\"logo\":{\"@type\":\"ImageObject\",\"inLanguage\":\"de-CH\",\"@id\":\"https:\\\/\\\/www.envirofalk.com\\\/ch\\\/#\\\/schema\\\/logo\\\/image\\\/\",\"url\":\"https:\\\/\\\/www.envirofalk.com\\\/wp-content\\\/uploads\\\/2023\\\/01\\\/logo.svg\",\"contentUrl\":\"https:\\\/\\\/www.envirofalk.com\\\/wp-content\\\/uploads\\\/2023\\\/01\\\/logo.svg\",\"caption\":\"EnviroFALK\"},\"image\":{\"@id\":\"https:\\\/\\\/www.envirofalk.com\\\/ch\\\/#\\\/schema\\\/logo\\\/image\\\/\"},\"sameAs\":[\"https:\\\/\\\/www.facebook.com\\\/envirofalk\",\"https:\\\/\\\/www.linkedin.com\\\/company\\\/envirofalk-gmbh\",\"https:\\\/\\\/www.youtube.com\\\/channel\\\/UCM1L-2K6cfBbP3aYgJGbVdA\"],\"description\":\"EnviroFALK Prozesswassertechnik ist Ihr Spezialist f\u00fcr ma\u00dfgeschneiderte Wasseraufbereitungsl\u00f6sungen in der Industrie. Wir bieten innovative Technologien f\u00fcr die Erzeugung und Aufbereitung von Prozesswasser, um h\u00f6chste Effizienz und Qualit\u00e4t in Ihren Produktionsprozessen zu gew\u00e4hrleisten. Mit jahrzehntelanger Erfahrung entwickeln wir nachhaltige und ressourcenschonende L\u00f6sungen, die exakt auf die Anforderungen unserer Kunden abgestimmt sind. Unsere Leistungen umfassen die Filtration, Enth\u00e4rtung, Entsalzung und R\u00fcckgewinnung von Wasser f\u00fcr verschiedenste Anwendungen \u2013 von der Metallverarbeitung bis zur Lebensmittelindustrie. Unsere Experten begleiten Sie von der Planung \u00fcber die Implementierung bis hin zum Service, um eine zuverl\u00e4ssige und wirtschaftliche Wasseraufbereitung sicherzustellen.\",\"email\":\"info@envirofalk.com\",\"telephone\":\"+49 2663 9908-0\",\"legalName\":\"EnviroFALK GmbH\",\"foundingDate\":\"1989-05-01\"}]}<\/script>\n<!-- \/ Yoast SEO Premium plugin. -->","yoast_head_json":{"title":"Schulungen f\u00fcr Anwender &#8211; EnviroFALK","robots":{"index":"index","follow":"follow","max-snippet":"max-snippet:-1","max-image-preview":"max-image-preview:large","max-video-preview":"max-video-preview:-1"},"canonical":"https:\/\/www.envirofalk.com\/ch\/service\/schulungen-fuer-anwender\/","og_locale":"de_DE","og_type":"article","og_title":"Schulungen f\u00fcr Anwender","og_description":"[vc_section][vc_row full_width=&#187;stretch_row_content_no_spaces&#187;][vc_column][\/vc_column][\/vc_row][vc_row el_class=&#187;breadcrumbs-wrapper&#187;][vc_column][\/vc_column][\/vc_row][\/vc_section][vc_section][vc_row css_animation=&#187;slideInUp&#187; el_class=&#187;two-columns-row tablet-row&#187;][vc_column width=&#187;3\/4&#8243;][vc_custom_heading source=&#187;post_title&#187; font_container=&#187;tag:h1|text_align:left&#187; use_theme_fonts=&#187;yes&#187;][\/vc_column][vc_column width=&#187;1\/4&#8243;][\/vc_column][\/vc_row][\/vc_section][vc_section][vc_row el_class=&#187;tablet-row vertical-center&#187;][vc_column css_animation=&#187;slideInLeft&#187; width=&#187;1\/2&#8243;][vc_column_text] Bedienerschulungen Selbstverst\u00e4ndlich geh\u00f6ren Bedienerschulungen zu unserem Serviceangebot. Sprechen Sie uns an und wir erarbeiten gemeinsam ein Schulungs- und Einarbeitungskonzept f\u00fcr Ihre Mitarbeiterinnen und Mitarbeiter im Umgang mit unserer Wasseraufbereitung. Dazu bietet sich unser moderner Schulungsraum in Westerburg an, oder wir [&hellip;]","og_url":"https:\/\/www.envirofalk.com\/ch\/service\/schulungen-fuer-anwender\/","og_site_name":"EnviroFALK","article_publisher":"https:\/\/www.facebook.com\/envirofalk","article_modified_time":"2025-11-27T09:07:00+00:00","twitter_card":"summary_large_image","twitter_misc":{"Gesch\u00e4tzte Lesezeit":"4\u00a0Minuten"},"schema":{"@context":"https:\/\/schema.org","@graph":[{"@type":"WebPage","@id":"https:\/\/www.envirofalk.com\/ch\/service\/schulungen-fuer-anwender\/","url":"https:\/\/www.envirofalk.com\/ch\/service\/schulungen-fuer-anwender\/","name":"Schulungen f\u00fcr Anwender &#8211; EnviroFALK","isPartOf":{"@id":"https:\/\/www.envirofalk.com\/ch\/#website"},"datePublished":"2024-04-18T06:45:37+00:00","dateModified":"2025-11-27T09:07:00+00:00","breadcrumb":{"@id":"https:\/\/www.envirofalk.com\/ch\/service\/schulungen-fuer-anwender\/#breadcrumb"},"inLanguage":"de-CH","potentialAction":[{"@type":"ReadAction","target":["https:\/\/www.envirofalk.com\/ch\/service\/schulungen-fuer-anwender\/"]}]},{"@type":"BreadcrumbList","@id":"https:\/\/www.envirofalk.com\/ch\/service\/schulungen-fuer-anwender\/#breadcrumb","itemListElement":[{"@type":"ListItem","position":1,"name":"Home","item":"https:\/\/www.envirofalk.com\/ch\/"},{"@type":"ListItem","position":2,"name":"Service","item":"https:\/\/www.envirofalk.com\/ch\/service\/"},{"@type":"ListItem","position":3,"name":"Schulungen f\u00fcr Anwender"}]},{"@type":"WebSite","@id":"https:\/\/www.envirofalk.com\/ch\/#website","url":"https:\/\/www.envirofalk.com\/ch\/","name":"EnviroFALK","description":"Wasseraufbereitungsanlagen f\u00fcr Industrie, Gewerbe &amp; Labor","publisher":{"@id":"https:\/\/www.envirofalk.com\/ch\/#organization"},"potentialAction":[{"@type":"SearchAction","target":{"@type":"EntryPoint","urlTemplate":"https:\/\/www.envirofalk.com\/ch\/?s={search_term_string}"},"query-input":{"@type":"PropertyValueSpecification","valueRequired":true,"valueName":"search_term_string"}}],"inLanguage":"de-CH"},{"@type":"Organization","@id":"https:\/\/www.envirofalk.com\/ch\/#organization","name":"EnviroFALK","url":"https:\/\/www.envirofalk.com\/ch\/","logo":{"@type":"ImageObject","inLanguage":"de-CH","@id":"https:\/\/www.envirofalk.com\/ch\/#\/schema\/logo\/image\/","url":"https:\/\/www.envirofalk.com\/wp-content\/uploads\/2023\/01\/logo.svg","contentUrl":"https:\/\/www.envirofalk.com\/wp-content\/uploads\/2023\/01\/logo.svg","caption":"EnviroFALK"},"image":{"@id":"https:\/\/www.envirofalk.com\/ch\/#\/schema\/logo\/image\/"},"sameAs":["https:\/\/www.facebook.com\/envirofalk","https:\/\/www.linkedin.com\/company\/envirofalk-gmbh","https:\/\/www.youtube.com\/channel\/UCM1L-2K6cfBbP3aYgJGbVdA"],"description":"EnviroFALK Prozesswassertechnik ist Ihr Spezialist f\u00fcr ma\u00dfgeschneiderte Wasseraufbereitungsl\u00f6sungen in der Industrie. Wir bieten innovative Technologien f\u00fcr die Erzeugung und Aufbereitung von Prozesswasser, um h\u00f6chste Effizienz und Qualit\u00e4t in Ihren Produktionsprozessen zu gew\u00e4hrleisten. Mit jahrzehntelanger Erfahrung entwickeln wir nachhaltige und ressourcenschonende L\u00f6sungen, die exakt auf die Anforderungen unserer Kunden abgestimmt sind. Unsere Leistungen umfassen die Filtration, Enth\u00e4rtung, Entsalzung und R\u00fcckgewinnung von Wasser f\u00fcr verschiedenste Anwendungen \u2013 von der Metallverarbeitung bis zur Lebensmittelindustrie. Unsere Experten begleiten Sie von der Planung \u00fcber die Implementierung bis hin zum Service, um eine zuverl\u00e4ssige und wirtschaftliche Wasseraufbereitung sicherzustellen.","email":"info@envirofalk.com","telephone":"+49 2663 9908-0","legalName":"EnviroFALK GmbH","foundingDate":"1989-05-01"}]}},"_links":{"self":[{"href":"https:\/\/www.envirofalk.com\/ch\/wp-json\/wp\/v2\/pages\/14019","targetHints":{"allow":["GET"]}}],"collection":[{"href":"https:\/\/www.envirofalk.com\/ch\/wp-json\/wp\/v2\/pages"}],"about":[{"href":"https:\/\/www.envirofalk.com\/ch\/wp-json\/wp\/v2\/types\/page"}],"author":[{"embeddable":true,"href":"https:\/\/www.envirofalk.com\/ch\/wp-json\/wp\/v2\/users\/3"}],"replies":[{"embeddable":true,"href":"https:\/\/www.envirofalk.com\/ch\/wp-json\/wp\/v2\/comments?post=14019"}],"version-history":[{"count":3,"href":"https:\/\/www.envirofalk.com\/ch\/wp-json\/wp\/v2\/pages\/14019\/revisions"}],"predecessor-version":[{"id":25525,"href":"https:\/\/www.envirofalk.com\/ch\/wp-json\/wp\/v2\/pages\/14019\/revisions\/25525"}],"up":[{"embeddable":true,"href":"https:\/\/www.envirofalk.com\/ch\/wp-json\/wp\/v2\/pages\/14008"}],"wp:attachment":[{"href":"https:\/\/www.envirofalk.com\/ch\/wp-json\/wp\/v2\/media?parent=14019"}],"curies":[{"name":"wp","href":"https:\/\/api.w.org\/{rel}","templated":true}]}}