{"id":14016,"date":"2024-04-18T08:44:55","date_gmt":"2024-04-18T06:44:55","guid":{"rendered":"https:\/\/www.envirofalk.com\/?page_id=14016"},"modified":"2026-02-04T11:14:36","modified_gmt":"2026-02-04T10:14:36","slug":"ersatz-und-verbrauchsteile","status":"publish","type":"page","link":"https:\/\/www.envirofalk.com\/ch\/service\/ersatz-und-verbrauchsteile\/","title":{"rendered":"Ersatz- und Verbrauchsteile"},"content":{"rendered":"<div class=\"wpb-content-wrapper\"><p>[vc_section][vc_row full_width=&#187;stretch_row_content_no_spaces&#187;][vc_column]<div class=\"custom-top-banner img-box   has-icon\" style=\"background-image: url(https:\/\/www.envirofalk.com\/wp-content\/uploads\/2023\/10\/Header_Ersatzteile_Wasseraufbereitung.jpg)\"><div class=\"container relative\"><div class=\"text-box\"><div class=\"slideInRight animated\"><img loading=\"lazy\" decoding=\"async\" width=\"1\" height=\"1\" src=\"https:\/\/www.envirofalk.com\/wp-content\/uploads\/2023\/08\/Individueller_Anlagenbau_2_Icon.svg\" class=\"attachment-120x120 size-120x120\" alt=\"Wasseraufbereitungsanlage Icon\" \/><p>Original <strong>Ersatz- und Verbrauchsteile<\/strong> von <strong>EnviroFALK.<\/strong><\/p><\/div><\/div><\/div><\/div>[\/vc_column][\/vc_row][vc_row el_class=&#187;breadcrumbs-wrapper&#187;][vc_column]<div class=\"breadcrumbs\"><label><\/label> <a href=\"https:\/\/www.envirofalk.com\/ch\/\">Home<\/a><\/div>[\/vc_column][\/vc_row][\/vc_section][vc_section][vc_row css_animation=&#187;slideInUp&#187; el_class=&#187;two-columns-row tablet-row&#187;][vc_column width=&#187;3\/4&#8243;][vc_custom_heading source=&#187;post_title&#187; font_container=&#187;tag:h1|text_align:left&#187; use_theme_fonts=&#187;yes&#187;][vc_column_text]<\/p>\n<h3>Setzen Sie auf Qualit\u00e4t und Sicherheit: Mit Original Ersatz- und Verbrauchsteilen von EnviroFALK<\/h3>\n<div class=\"ce_text block\">\n<p>Eine Wasseraufbereitungsanlage wird Tag f\u00fcr Tag zu H\u00f6chstleistungen gefordert. F\u00fcr die volle Funktionalit\u00e4t kommt es auf das optimale Zusammenspiel aller Komponenten an. <strong>Profitieren Sie von EnviroFALK Original Ersatz- und Verbrauchsteilen in bester Qualit\u00e4t!<\/strong><\/p>\n<\/div>\n<p>[\/vc_column_text][\/vc_column][vc_column width=&#187;1\/4&#8243;]<div class=\"online-consultant-box  wpb_content_element\"><div class=\"online-consultant\"><div><div class=\"person-info\"><h5>Gabriel Wigishoff<\/h5><ul class=\"person-list\"><li><a href=\"tel:+41 41 740 44 32\">+41 41 740 44 32<\/a><\/li><\/ul><\/div><a href=\"#beratung\" target=\"_self\" class=\"custom-btn show-modal\"><i class=\"icon-chevron-right\"><\/i>Zur Onlineberatung<\/a><\/div><div class=\"relative\"><svg xmlns=\"http:\/\/www.w3.org\/2000\/svg\" viewBox=\"0 0 32.83 32.83\">\n\t\t\t\t\t\t\t\t\t<defs>\n\t\t\t\t\t\t\t\t\t\t<linearGradient id=\"gradient\" x1=\"0%\" y1=\"0%\" x2=\"0%\" y2=\"100%\" gradientTransform=\"rotate(-135)\">\n\t\t\t\t\t\t\t\t\t\t\t<stop offset=\"0%\" stop-color=\"#97be0d\"\/>\n\t\t\t\t\t\t\t\t\t\t\t\t<stop offset=\"100%\" stop-color=\"rgba(255, 255, 255, 0)\"\/>\n\t\t\t\t\t\t\t\t\t\t<\/linearGradient>\n\t\t\t\t\t\t\t\t\t<\/defs>\n\t\t\t\t\t\t\t\t\t<path class=\"wpb_animate_when_almost_visible circular-progress\" stroke=\"url(#gradient)\" stroke-width=\"1\" stroke-dasharray=\"100, 100\" fill=\"none\" d=\"M18,2.08a15.92,15.92,0,0,1,0,31.84h0A15.92,15.92,0,0,1,18,2.08\" transform=\"translate(-1.59 -1.58)\"\/>\n                            \t<\/svg><span><img loading=\"lazy\" decoding=\"async\" width=\"1835\" height=\"1854\" src=\"https:\/\/www.envirofalk.com\/wp-content\/uploads\/2025\/11\/Gabriel_Wigishoff_FG-e1764234116437.png\" class=\"attachment-full size-full\" alt=\"\" srcset=\"https:\/\/www.envirofalk.com\/wp-content\/uploads\/2025\/11\/Gabriel_Wigishoff_FG-e1764234116437.png 1835w, https:\/\/www.envirofalk.com\/wp-content\/uploads\/2025\/11\/Gabriel_Wigishoff_FG-e1764234116437-346x350.png 346w, https:\/\/www.envirofalk.com\/wp-content\/uploads\/2025\/11\/Gabriel_Wigishoff_FG-e1764234116437-1014x1024.png 1014w, https:\/\/www.envirofalk.com\/wp-content\/uploads\/2025\/11\/Gabriel_Wigishoff_FG-e1764234116437-768x776.png 768w, https:\/\/www.envirofalk.com\/wp-content\/uploads\/2025\/11\/Gabriel_Wigishoff_FG-e1764234116437-1520x1536.png 1520w\" sizes=\"auto, (max-width: 1835px) 100vw, 1835px\" \/><\/span><\/div><\/div><\/div>[\/vc_column][\/vc_row][\/vc_section][vc_section][vc_row el_class=&#187;tablet-row vertical-center&#187;][vc_column css_animation=&#187;slideInRight&#187; width=&#187;1\/2&#8243;]<div class=\"bg-image img-box\" style=\"background-image: url(https:\/\/www.envirofalk.com\/wp-content\/uploads\/2023\/02\/bg-about.gif)\"><img loading=\"lazy\" decoding=\"async\" width=\"920\" height=\"787\" src=\"https:\/\/www.envirofalk.com\/wp-content\/uploads\/2023\/10\/Pallette_Ersatzteile_Wasseraufbereitung.png\" class=\"attachment-full size-full\" alt=\"verschiedene Arten von Ersatzteilen in und vor einer Kiste\" srcset=\"https:\/\/www.envirofalk.com\/wp-content\/uploads\/2023\/10\/Pallette_Ersatzteile_Wasseraufbereitung.png 920w, https:\/\/www.envirofalk.com\/wp-content\/uploads\/2023\/10\/Pallette_Ersatzteile_Wasseraufbereitung-350x299.png 350w, https:\/\/www.envirofalk.com\/wp-content\/uploads\/2023\/10\/Pallette_Ersatzteile_Wasseraufbereitung-768x657.png 768w\" sizes=\"auto, (max-width: 920px) 100vw, 920px\" \/><\/div>[\/vc_column][vc_column css_animation=&#187;slideInLeft&#187; width=&#187;1\/2&#8243;][vc_custom_heading text=&#187;Ma\u00dfgeschneiderte Ersatzteilpakete, ganz nach Ihren individuellen Anforderungen&#187; use_theme_fonts=&#187;yes&#187;][vc_column_text]Sie m\u00f6chten die Verf\u00fcgbarkeit Ihrer Wasseraufbereitungsanlage optimal sicherstellen und gleichzeitig die Einkaufsprozesse reduzieren? Unsere EnviroFALK Kundenbetreuung stellt Ihnen auf Wunsch kosteng\u00fcnstige Ersatz- und Verbrauchsteil-Pakete zusammen. Alle Teile sind selbstverst\u00e4ndlich perfekt auf den jeweiligen Anwendungsbereich abgestimmt.<\/p>\n<p>Selbstverst\u00e4ndlich bieten wir ma\u00dfgeschneiderte Ersatzteilpakete an, die ganz nach Ihren individuellen Anforderungen und Bed\u00fcrfnissen konfiguriert werden. Verlassen Sie sich auf uns, um Ihre Ersatzteilanforderungen zu erf\u00fcllen.[\/vc_column_text][\/vc_column][\/vc_row][\/vc_section]<\/p>\n<\/div>","protected":false},"excerpt":{"rendered":"<p>[vc_section][vc_row full_width=&#187;stretch_row_content_no_spaces&#187;][vc_column][\/vc_column][\/vc_row][vc_row el_class=&#187;breadcrumbs-wrapper&#187;][vc_column][\/vc_column][\/vc_row][\/vc_section][vc_section][vc_row css_animation=&#187;slideInUp&#187; el_class=&#187;two-columns-row tablet-row&#187;][vc_column width=&#187;3\/4&#8243;][vc_custom_heading source=&#187;post_title&#187; font_container=&#187;tag:h1|text_align:left&#187; use_theme_fonts=&#187;yes&#187;][vc_column_text] Setzen Sie auf Qualit\u00e4t und Sicherheit: Mit Original Ersatz- und Verbrauchsteilen von EnviroFALK Eine Wasseraufbereitungsanlage wird Tag f\u00fcr Tag zu H\u00f6chstleistungen gefordert. F\u00fcr die volle Funktionalit\u00e4t kommt es auf das optimale Zusammenspiel aller Komponenten an. Profitieren Sie von EnviroFALK Original Ersatz- und Verbrauchsteilen in bester [&hellip;]<\/p>\n","protected":false},"author":3,"featured_media":0,"parent":14008,"menu_order":2,"comment_status":"closed","ping_status":"closed","template":"","meta":{"_acf_changed":false,"rs_blank_template":"","rs_page_bg_color":"","slide_template_v7":"","footnotes":""},"class_list":["post-14016","page","type-page","status-publish","hentry"],"acf":[],"yoast_head":"<!-- This site is optimized with the Yoast SEO Premium plugin v27.3 (Yoast SEO v27.3) - https:\/\/yoast.com\/product\/yoast-seo-premium-wordpress\/ -->\n<title>Ersatz- und Verbrauchsteile &#8211; EnviroFALK<\/title>\n<meta name=\"robots\" content=\"index, follow, max-snippet:-1, max-image-preview:large, max-video-preview:-1\" \/>\n<link rel=\"canonical\" href=\"https:\/\/www.envirofalk.com\/ch\/service\/ersatz-und-verbrauchsteile\/\" \/>\n<meta property=\"og:locale\" content=\"de_DE\" \/>\n<meta property=\"og:type\" content=\"article\" \/>\n<meta property=\"og:title\" content=\"Ersatz- und Verbrauchsteile\" \/>\n<meta property=\"og:description\" content=\"[vc_section][vc_row full_width=&#187;stretch_row_content_no_spaces&#187;][vc_column][\/vc_column][\/vc_row][vc_row el_class=&#187;breadcrumbs-wrapper&#187;][vc_column][\/vc_column][\/vc_row][\/vc_section][vc_section][vc_row css_animation=&#187;slideInUp&#187; el_class=&#187;two-columns-row tablet-row&#187;][vc_column width=&#187;3\/4&#8243;][vc_custom_heading source=&#187;post_title&#187; font_container=&#187;tag:h1|text_align:left&#187; use_theme_fonts=&#187;yes&#187;][vc_column_text] Setzen Sie auf Qualit\u00e4t und Sicherheit: Mit Original Ersatz- und Verbrauchsteilen von EnviroFALK Eine Wasseraufbereitungsanlage wird Tag f\u00fcr Tag zu H\u00f6chstleistungen gefordert. F\u00fcr die volle Funktionalit\u00e4t kommt es auf das optimale Zusammenspiel aller Komponenten an. Profitieren Sie von EnviroFALK Original Ersatz- und Verbrauchsteilen in bester [&hellip;]\" \/>\n<meta property=\"og:url\" content=\"https:\/\/www.envirofalk.com\/ch\/service\/ersatz-und-verbrauchsteile\/\" \/>\n<meta property=\"og:site_name\" content=\"EnviroFALK\" \/>\n<meta property=\"article:publisher\" content=\"https:\/\/www.facebook.com\/envirofalk\" \/>\n<meta property=\"article:modified_time\" content=\"2026-02-04T10:14:36+00:00\" \/>\n<meta name=\"twitter:card\" content=\"summary_large_image\" \/>\n<meta name=\"twitter:label1\" content=\"Gesch\u00e4tzte Lesezeit\" \/>\n\t<meta name=\"twitter:data1\" content=\"2\u00a0Minuten\" \/>\n<script type=\"application\/ld+json\" class=\"yoast-schema-graph\">{\"@context\":\"https:\\\/\\\/schema.org\",\"@graph\":[{\"@type\":\"WebPage\",\"@id\":\"https:\\\/\\\/www.envirofalk.com\\\/ch\\\/service\\\/ersatz-und-verbrauchsteile\\\/\",\"url\":\"https:\\\/\\\/www.envirofalk.com\\\/ch\\\/service\\\/ersatz-und-verbrauchsteile\\\/\",\"name\":\"Ersatz- und Verbrauchsteile &#8211; EnviroFALK\",\"isPartOf\":{\"@id\":\"https:\\\/\\\/www.envirofalk.com\\\/#website\"},\"datePublished\":\"2024-04-18T06:44:55+00:00\",\"dateModified\":\"2026-02-04T10:14:36+00:00\",\"breadcrumb\":{\"@id\":\"https:\\\/\\\/www.envirofalk.com\\\/ch\\\/service\\\/ersatz-und-verbrauchsteile\\\/#breadcrumb\"},\"inLanguage\":\"de-CH\",\"potentialAction\":[{\"@type\":\"ReadAction\",\"target\":[\"https:\\\/\\\/www.envirofalk.com\\\/ch\\\/service\\\/ersatz-und-verbrauchsteile\\\/\"]}]},{\"@type\":\"BreadcrumbList\",\"@id\":\"https:\\\/\\\/www.envirofalk.com\\\/ch\\\/service\\\/ersatz-und-verbrauchsteile\\\/#breadcrumb\",\"itemListElement\":[{\"@type\":\"ListItem\",\"position\":1,\"name\":\"Home\",\"item\":\"https:\\\/\\\/www.envirofalk.com\\\/ch\\\/\"},{\"@type\":\"ListItem\",\"position\":2,\"name\":\"Service\",\"item\":\"https:\\\/\\\/www.envirofalk.com\\\/ch\\\/service\\\/\"},{\"@type\":\"ListItem\",\"position\":3,\"name\":\"Ersatz- und Verbrauchsteile\"}]},{\"@type\":\"WebSite\",\"@id\":\"https:\\\/\\\/www.envirofalk.com\\\/#website\",\"url\":\"https:\\\/\\\/www.envirofalk.com\\\/\",\"name\":\"EnviroFALK\",\"description\":\"Wasseraufbereitungsanlagen f\u00fcr Industrie, Gewerbe &amp; Labor\",\"publisher\":{\"@id\":\"https:\\\/\\\/www.envirofalk.com\\\/#organization\"},\"potentialAction\":[{\"@type\":\"SearchAction\",\"target\":{\"@type\":\"EntryPoint\",\"urlTemplate\":\"https:\\\/\\\/www.envirofalk.com\\\/?s={search_term_string}\"},\"query-input\":{\"@type\":\"PropertyValueSpecification\",\"valueRequired\":true,\"valueName\":\"search_term_string\"}}],\"inLanguage\":\"de-CH\"},{\"@type\":\"Organization\",\"@id\":\"https:\\\/\\\/www.envirofalk.com\\\/#organization\",\"name\":\"EnviroFALK\",\"url\":\"https:\\\/\\\/www.envirofalk.com\\\/\",\"logo\":{\"@type\":\"ImageObject\",\"inLanguage\":\"de-CH\",\"@id\":\"https:\\\/\\\/www.envirofalk.com\\\/#\\\/schema\\\/logo\\\/image\\\/\",\"url\":\"https:\\\/\\\/www.envirofalk.com\\\/wp-content\\\/uploads\\\/2023\\\/01\\\/logo.svg\",\"contentUrl\":\"https:\\\/\\\/www.envirofalk.com\\\/wp-content\\\/uploads\\\/2023\\\/01\\\/logo.svg\",\"caption\":\"EnviroFALK\"},\"image\":{\"@id\":\"https:\\\/\\\/www.envirofalk.com\\\/#\\\/schema\\\/logo\\\/image\\\/\"},\"sameAs\":[\"https:\\\/\\\/www.facebook.com\\\/envirofalk\",\"https:\\\/\\\/www.linkedin.com\\\/company\\\/envirofalk-gmbh\",\"https:\\\/\\\/www.youtube.com\\\/channel\\\/UCM1L-2K6cfBbP3aYgJGbVdA\"],\"description\":\"EnviroFALK Prozesswassertechnik ist Ihr Spezialist f\u00fcr ma\u00dfgeschneiderte Wasseraufbereitungsl\u00f6sungen in der Industrie. Wir bieten innovative Technologien f\u00fcr die Erzeugung und Aufbereitung von Prozesswasser, um h\u00f6chste Effizienz und Qualit\u00e4t in Ihren Produktionsprozessen zu gew\u00e4hrleisten. Mit jahrzehntelanger Erfahrung entwickeln wir nachhaltige und ressourcenschonende L\u00f6sungen, die exakt auf die Anforderungen unserer Kunden abgestimmt sind. Unsere Leistungen umfassen die Filtration, Enth\u00e4rtung, Entsalzung und R\u00fcckgewinnung von Wasser f\u00fcr verschiedenste Anwendungen \u2013 von der Metallverarbeitung bis zur Lebensmittelindustrie. Unsere Experten begleiten Sie von der Planung \u00fcber die Implementierung bis hin zum Service, um eine zuverl\u00e4ssige und wirtschaftliche Wasseraufbereitung sicherzustellen.\",\"email\":\"info@envirofalk.com\",\"telephone\":\"+49 2663 9908-0\",\"legalName\":\"EnviroFALK GmbH\",\"foundingDate\":\"1989-05-01\"}]}<\/script>\n<!-- \/ Yoast SEO Premium plugin. -->","yoast_head_json":{"title":"Ersatz- und Verbrauchsteile &#8211; EnviroFALK","robots":{"index":"index","follow":"follow","max-snippet":"max-snippet:-1","max-image-preview":"max-image-preview:large","max-video-preview":"max-video-preview:-1"},"canonical":"https:\/\/www.envirofalk.com\/ch\/service\/ersatz-und-verbrauchsteile\/","og_locale":"de_DE","og_type":"article","og_title":"Ersatz- und Verbrauchsteile","og_description":"[vc_section][vc_row full_width=&#187;stretch_row_content_no_spaces&#187;][vc_column][\/vc_column][\/vc_row][vc_row el_class=&#187;breadcrumbs-wrapper&#187;][vc_column][\/vc_column][\/vc_row][\/vc_section][vc_section][vc_row css_animation=&#187;slideInUp&#187; el_class=&#187;two-columns-row tablet-row&#187;][vc_column width=&#187;3\/4&#8243;][vc_custom_heading source=&#187;post_title&#187; font_container=&#187;tag:h1|text_align:left&#187; use_theme_fonts=&#187;yes&#187;][vc_column_text] Setzen Sie auf Qualit\u00e4t und Sicherheit: Mit Original Ersatz- und Verbrauchsteilen von EnviroFALK Eine Wasseraufbereitungsanlage wird Tag f\u00fcr Tag zu H\u00f6chstleistungen gefordert. F\u00fcr die volle Funktionalit\u00e4t kommt es auf das optimale Zusammenspiel aller Komponenten an. Profitieren Sie von EnviroFALK Original Ersatz- und Verbrauchsteilen in bester [&hellip;]","og_url":"https:\/\/www.envirofalk.com\/ch\/service\/ersatz-und-verbrauchsteile\/","og_site_name":"EnviroFALK","article_publisher":"https:\/\/www.facebook.com\/envirofalk","article_modified_time":"2026-02-04T10:14:36+00:00","twitter_card":"summary_large_image","twitter_misc":{"Gesch\u00e4tzte Lesezeit":"2\u00a0Minuten"},"schema":{"@context":"https:\/\/schema.org","@graph":[{"@type":"WebPage","@id":"https:\/\/www.envirofalk.com\/ch\/service\/ersatz-und-verbrauchsteile\/","url":"https:\/\/www.envirofalk.com\/ch\/service\/ersatz-und-verbrauchsteile\/","name":"Ersatz- und Verbrauchsteile &#8211; EnviroFALK","isPartOf":{"@id":"https:\/\/www.envirofalk.com\/#website"},"datePublished":"2024-04-18T06:44:55+00:00","dateModified":"2026-02-04T10:14:36+00:00","breadcrumb":{"@id":"https:\/\/www.envirofalk.com\/ch\/service\/ersatz-und-verbrauchsteile\/#breadcrumb"},"inLanguage":"de-CH","potentialAction":[{"@type":"ReadAction","target":["https:\/\/www.envirofalk.com\/ch\/service\/ersatz-und-verbrauchsteile\/"]}]},{"@type":"BreadcrumbList","@id":"https:\/\/www.envirofalk.com\/ch\/service\/ersatz-und-verbrauchsteile\/#breadcrumb","itemListElement":[{"@type":"ListItem","position":1,"name":"Home","item":"https:\/\/www.envirofalk.com\/ch\/"},{"@type":"ListItem","position":2,"name":"Service","item":"https:\/\/www.envirofalk.com\/ch\/service\/"},{"@type":"ListItem","position":3,"name":"Ersatz- und Verbrauchsteile"}]},{"@type":"WebSite","@id":"https:\/\/www.envirofalk.com\/#website","url":"https:\/\/www.envirofalk.com\/","name":"EnviroFALK","description":"Wasseraufbereitungsanlagen f\u00fcr Industrie, Gewerbe &amp; Labor","publisher":{"@id":"https:\/\/www.envirofalk.com\/#organization"},"potentialAction":[{"@type":"SearchAction","target":{"@type":"EntryPoint","urlTemplate":"https:\/\/www.envirofalk.com\/?s={search_term_string}"},"query-input":{"@type":"PropertyValueSpecification","valueRequired":true,"valueName":"search_term_string"}}],"inLanguage":"de-CH"},{"@type":"Organization","@id":"https:\/\/www.envirofalk.com\/#organization","name":"EnviroFALK","url":"https:\/\/www.envirofalk.com\/","logo":{"@type":"ImageObject","inLanguage":"de-CH","@id":"https:\/\/www.envirofalk.com\/#\/schema\/logo\/image\/","url":"https:\/\/www.envirofalk.com\/wp-content\/uploads\/2023\/01\/logo.svg","contentUrl":"https:\/\/www.envirofalk.com\/wp-content\/uploads\/2023\/01\/logo.svg","caption":"EnviroFALK"},"image":{"@id":"https:\/\/www.envirofalk.com\/#\/schema\/logo\/image\/"},"sameAs":["https:\/\/www.facebook.com\/envirofalk","https:\/\/www.linkedin.com\/company\/envirofalk-gmbh","https:\/\/www.youtube.com\/channel\/UCM1L-2K6cfBbP3aYgJGbVdA"],"description":"EnviroFALK Prozesswassertechnik ist Ihr Spezialist f\u00fcr ma\u00dfgeschneiderte Wasseraufbereitungsl\u00f6sungen in der Industrie. Wir bieten innovative Technologien f\u00fcr die Erzeugung und Aufbereitung von Prozesswasser, um h\u00f6chste Effizienz und Qualit\u00e4t in Ihren Produktionsprozessen zu gew\u00e4hrleisten. Mit jahrzehntelanger Erfahrung entwickeln wir nachhaltige und ressourcenschonende L\u00f6sungen, die exakt auf die Anforderungen unserer Kunden abgestimmt sind. Unsere Leistungen umfassen die Filtration, Enth\u00e4rtung, Entsalzung und R\u00fcckgewinnung von Wasser f\u00fcr verschiedenste Anwendungen \u2013 von der Metallverarbeitung bis zur Lebensmittelindustrie. Unsere Experten begleiten Sie von der Planung \u00fcber die Implementierung bis hin zum Service, um eine zuverl\u00e4ssige und wirtschaftliche Wasseraufbereitung sicherzustellen.","email":"info@envirofalk.com","telephone":"+49 2663 9908-0","legalName":"EnviroFALK GmbH","foundingDate":"1989-05-01"}]}},"_links":{"self":[{"href":"https:\/\/www.envirofalk.com\/ch\/wp-json\/wp\/v2\/pages\/14016","targetHints":{"allow":["GET"]}}],"collection":[{"href":"https:\/\/www.envirofalk.com\/ch\/wp-json\/wp\/v2\/pages"}],"about":[{"href":"https:\/\/www.envirofalk.com\/ch\/wp-json\/wp\/v2\/types\/page"}],"author":[{"embeddable":true,"href":"https:\/\/www.envirofalk.com\/ch\/wp-json\/wp\/v2\/users\/3"}],"replies":[{"embeddable":true,"href":"https:\/\/www.envirofalk.com\/ch\/wp-json\/wp\/v2\/comments?post=14016"}],"version-history":[{"count":2,"href":"https:\/\/www.envirofalk.com\/ch\/wp-json\/wp\/v2\/pages\/14016\/revisions"}],"predecessor-version":[{"id":26745,"href":"https:\/\/www.envirofalk.com\/ch\/wp-json\/wp\/v2\/pages\/14016\/revisions\/26745"}],"up":[{"embeddable":true,"href":"https:\/\/www.envirofalk.com\/ch\/wp-json\/wp\/v2\/pages\/14008"}],"wp:attachment":[{"href":"https:\/\/www.envirofalk.com\/ch\/wp-json\/wp\/v2\/media?parent=14016"}],"curies":[{"name":"wp","href":"https:\/\/api.w.org\/{rel}","templated":true}]}}