{"id":14009,"date":"2024-04-18T08:42:05","date_gmt":"2024-04-18T06:42:05","guid":{"rendered":"https:\/\/www.envirofalk.com\/?page_id=14009"},"modified":"2024-04-18T08:42:05","modified_gmt":"2024-04-18T06:42:05","slug":"kunden-loesungen","status":"publish","type":"page","link":"https:\/\/www.envirofalk.com\/ch\/kunden-loesungen\/","title":{"rendered":"Kunden &#038; L\u00f6sungen"},"content":{"rendered":"<div class=\"wpb-content-wrapper\"><p>[vc_section][vc_row full_width=&#187;stretch_row_content_no_spaces&#187;][vc_column]<div class=\"custom-top-banner img-box   has-icon\" style=\"background-image: url(https:\/\/www.envirofalk.com\/wp-content\/uploads\/2023\/08\/Wasseraufbereitungsanlage_Reinigung_Oberflaechentechnik.jpg)\"><div class=\"container relative\"><div class=\"text-box\"><div class=\"slideInRight animated\"><img loading=\"lazy\" decoding=\"async\" width=\"1\" height=\"1\" src=\"https:\/\/www.envirofalk.com\/wp-content\/uploads\/2023\/08\/Wasseraufbereitung_Touchscreen_Icon.svg\" class=\"attachment-120x120 size-120x120\" alt=\"\" \/><p>Ausgew\u00e4hlte Referenzprojekte<\/p><\/div><\/div><\/div><\/div>[\/vc_column][\/vc_row][vc_row el_class=&#187;breadcrumbs-wrapper&#187;][vc_column]<div class=\"breadcrumbs\"><label><\/label> <a href=\"https:\/\/www.envirofalk.com\/ch\/\">Home<\/a><\/div>[\/vc_column][\/vc_row][\/vc_section][vc_section][vc_row css_animation=&#187;slideInUp&#187; el_class=&#187;tablet-row&#187;][vc_column width=&#187;3\/4&#8243;][vc_custom_heading text=&#187;<small>Leistungen, die \u00fcberzeugen. Qualit\u00e4t, die Vertrauen schafft.<\/small><br \/>\nKunden &amp; L\u00f6sungen&#187; font_container=&#187;tag:h1|text_align:left&#187; use_theme_fonts=&#187;yes&#187;][vc_column_text]Viele unserer Kunden z\u00e4hlen zu f\u00fchrenden Unternehmen und Institutionen. Industrien, Krankenh\u00e4user und Labore vertrauen seit Jahren in die Wasseraufbereitungstechnik von EnviroFALK. Als L\u00f6sungsanbieter f\u00fcr aufbereitetes Wasser ist uns die Zufriedenheit unserer Kunden das Allerwichtigste. Um das zu erreichen, setzen wir unser ganzes Know-how, unsere langj\u00e4hrige Erfahrung und volle Begeisterung ein. Unabh\u00e4ngig vom Anwendungsbereich, schaffen wir f\u00fcr unsere Kunden nachhaltige L\u00f6sungen. Das treibt uns an. Getreu unserem Credo <strong>Wasser intelligent nutzen!<\/strong>[\/vc_column_text][\/vc_column][\/vc_row][vc_row][vc_column css_animation=&#187;fadeInUpBig&#187;][\/vc_column][\/vc_row][\/vc_section]<\/p>\n<\/div>","protected":false},"excerpt":{"rendered":"<p>[vc_section][vc_row full_width=&#187;stretch_row_content_no_spaces&#187;][vc_column][\/vc_column][\/vc_row][vc_row el_class=&#187;breadcrumbs-wrapper&#187;][vc_column][\/vc_column][\/vc_row][\/vc_section][vc_section][vc_row css_animation=&#187;slideInUp&#187; el_class=&#187;tablet-row&#187;][vc_column width=&#187;3\/4&#8243;][vc_custom_heading text=&#187;Leistungen, die \u00fcberzeugen. Qualit\u00e4t, die Vertrauen schafft. Kunden &amp; L\u00f6sungen&#187; font_container=&#187;tag:h1|text_align:left&#187; use_theme_fonts=&#187;yes&#187;][vc_column_text]Viele unserer Kunden z\u00e4hlen zu f\u00fchrenden Unternehmen und Institutionen. Industrien, Krankenh\u00e4user und Labore vertrauen seit Jahren in die Wasseraufbereitungstechnik von EnviroFALK. Als L\u00f6sungsanbieter f\u00fcr aufbereitetes Wasser ist uns die Zufriedenheit unserer Kunden das Allerwichtigste. Um das zu erreichen, [&hellip;]<\/p>\n","protected":false},"author":3,"featured_media":0,"parent":0,"menu_order":6,"comment_status":"closed","ping_status":"closed","template":"","meta":{"_acf_changed":false,"rs_blank_template":"","rs_page_bg_color":"","slide_template_v7":"","footnotes":""},"class_list":["post-14009","page","type-page","status-publish","hentry"],"acf":[],"yoast_head":"<!-- This site is optimized with the Yoast SEO Premium plugin v27.3 (Yoast SEO v27.3) - https:\/\/yoast.com\/product\/yoast-seo-premium-wordpress\/ -->\n<title>Kunden &amp; L\u00f6sungen &#8211; EnviroFALK<\/title>\n<meta name=\"robots\" content=\"index, follow, max-snippet:-1, max-image-preview:large, max-video-preview:-1\" \/>\n<link rel=\"canonical\" href=\"https:\/\/www.envirofalk.com\/ch\/kunden-loesungen\/\" \/>\n<meta property=\"og:locale\" content=\"de_DE\" \/>\n<meta property=\"og:type\" content=\"article\" \/>\n<meta property=\"og:title\" content=\"Kunden &amp; L\u00f6sungen\" \/>\n<meta property=\"og:description\" content=\"[vc_section][vc_row full_width=&#187;stretch_row_content_no_spaces&#187;][vc_column][\/vc_column][\/vc_row][vc_row el_class=&#187;breadcrumbs-wrapper&#187;][vc_column][\/vc_column][\/vc_row][\/vc_section][vc_section][vc_row css_animation=&#187;slideInUp&#187; el_class=&#187;tablet-row&#187;][vc_column width=&#187;3\/4&#8243;][vc_custom_heading text=&#187;Leistungen, die \u00fcberzeugen. Qualit\u00e4t, die Vertrauen schafft. Kunden &amp; L\u00f6sungen&#187; font_container=&#187;tag:h1|text_align:left&#187; use_theme_fonts=&#187;yes&#187;][vc_column_text]Viele unserer Kunden z\u00e4hlen zu f\u00fchrenden Unternehmen und Institutionen. Industrien, Krankenh\u00e4user und Labore vertrauen seit Jahren in die Wasseraufbereitungstechnik von EnviroFALK. Als L\u00f6sungsanbieter f\u00fcr aufbereitetes Wasser ist uns die Zufriedenheit unserer Kunden das Allerwichtigste. Um das zu erreichen, [&hellip;]\" \/>\n<meta property=\"og:url\" content=\"https:\/\/www.envirofalk.com\/ch\/kunden-loesungen\/\" \/>\n<meta property=\"og:site_name\" content=\"EnviroFALK\" \/>\n<meta property=\"article:publisher\" content=\"https:\/\/www.facebook.com\/envirofalk\" \/>\n<meta name=\"twitter:card\" content=\"summary_large_image\" \/>\n<meta name=\"twitter:label1\" content=\"Gesch\u00e4tzte Lesezeit\" \/>\n\t<meta name=\"twitter:data1\" content=\"1\u00a0Minute\" \/>\n<script type=\"application\/ld+json\" class=\"yoast-schema-graph\">{\"@context\":\"https:\\\/\\\/schema.org\",\"@graph\":[{\"@type\":\"WebPage\",\"@id\":\"https:\\\/\\\/www.envirofalk.com\\\/ch\\\/kunden-loesungen\\\/\",\"url\":\"https:\\\/\\\/www.envirofalk.com\\\/ch\\\/kunden-loesungen\\\/\",\"name\":\"Kunden & L\u00f6sungen &#8211; EnviroFALK\",\"isPartOf\":{\"@id\":\"https:\\\/\\\/www.envirofalk.com\\\/#website\"},\"datePublished\":\"2024-04-18T06:42:05+00:00\",\"breadcrumb\":{\"@id\":\"https:\\\/\\\/www.envirofalk.com\\\/ch\\\/kunden-loesungen\\\/#breadcrumb\"},\"inLanguage\":\"de-CH\",\"potentialAction\":[{\"@type\":\"ReadAction\",\"target\":[\"https:\\\/\\\/www.envirofalk.com\\\/ch\\\/kunden-loesungen\\\/\"]}]},{\"@type\":\"BreadcrumbList\",\"@id\":\"https:\\\/\\\/www.envirofalk.com\\\/ch\\\/kunden-loesungen\\\/#breadcrumb\",\"itemListElement\":[{\"@type\":\"ListItem\",\"position\":1,\"name\":\"Home\",\"item\":\"https:\\\/\\\/www.envirofalk.com\\\/ch\\\/\"},{\"@type\":\"ListItem\",\"position\":2,\"name\":\"Kunden &#038; L\u00f6sungen\"}]},{\"@type\":\"WebSite\",\"@id\":\"https:\\\/\\\/www.envirofalk.com\\\/#website\",\"url\":\"https:\\\/\\\/www.envirofalk.com\\\/\",\"name\":\"EnviroFALK\",\"description\":\"Wasseraufbereitungsanlagen f\u00fcr Industrie, Gewerbe &amp; Labor\",\"publisher\":{\"@id\":\"https:\\\/\\\/www.envirofalk.com\\\/#organization\"},\"potentialAction\":[{\"@type\":\"SearchAction\",\"target\":{\"@type\":\"EntryPoint\",\"urlTemplate\":\"https:\\\/\\\/www.envirofalk.com\\\/?s={search_term_string}\"},\"query-input\":{\"@type\":\"PropertyValueSpecification\",\"valueRequired\":true,\"valueName\":\"search_term_string\"}}],\"inLanguage\":\"de-CH\"},{\"@type\":\"Organization\",\"@id\":\"https:\\\/\\\/www.envirofalk.com\\\/#organization\",\"name\":\"EnviroFALK\",\"url\":\"https:\\\/\\\/www.envirofalk.com\\\/\",\"logo\":{\"@type\":\"ImageObject\",\"inLanguage\":\"de-CH\",\"@id\":\"https:\\\/\\\/www.envirofalk.com\\\/#\\\/schema\\\/logo\\\/image\\\/\",\"url\":\"https:\\\/\\\/www.envirofalk.com\\\/wp-content\\\/uploads\\\/2023\\\/01\\\/logo.svg\",\"contentUrl\":\"https:\\\/\\\/www.envirofalk.com\\\/wp-content\\\/uploads\\\/2023\\\/01\\\/logo.svg\",\"caption\":\"EnviroFALK\"},\"image\":{\"@id\":\"https:\\\/\\\/www.envirofalk.com\\\/#\\\/schema\\\/logo\\\/image\\\/\"},\"sameAs\":[\"https:\\\/\\\/www.facebook.com\\\/envirofalk\",\"https:\\\/\\\/www.linkedin.com\\\/company\\\/envirofalk-gmbh\",\"https:\\\/\\\/www.youtube.com\\\/channel\\\/UCM1L-2K6cfBbP3aYgJGbVdA\"],\"description\":\"EnviroFALK Prozesswassertechnik ist Ihr Spezialist f\u00fcr ma\u00dfgeschneiderte Wasseraufbereitungsl\u00f6sungen in der Industrie. Wir bieten innovative Technologien f\u00fcr die Erzeugung und Aufbereitung von Prozesswasser, um h\u00f6chste Effizienz und Qualit\u00e4t in Ihren Produktionsprozessen zu gew\u00e4hrleisten. Mit jahrzehntelanger Erfahrung entwickeln wir nachhaltige und ressourcenschonende L\u00f6sungen, die exakt auf die Anforderungen unserer Kunden abgestimmt sind. Unsere Leistungen umfassen die Filtration, Enth\u00e4rtung, Entsalzung und R\u00fcckgewinnung von Wasser f\u00fcr verschiedenste Anwendungen \u2013 von der Metallverarbeitung bis zur Lebensmittelindustrie. Unsere Experten begleiten Sie von der Planung \u00fcber die Implementierung bis hin zum Service, um eine zuverl\u00e4ssige und wirtschaftliche Wasseraufbereitung sicherzustellen.\",\"email\":\"info@envirofalk.com\",\"telephone\":\"+49 2663 9908-0\",\"legalName\":\"EnviroFALK GmbH\",\"foundingDate\":\"1989-05-01\"}]}<\/script>\n<!-- \/ Yoast SEO Premium plugin. -->","yoast_head_json":{"title":"Kunden & L\u00f6sungen &#8211; EnviroFALK","robots":{"index":"index","follow":"follow","max-snippet":"max-snippet:-1","max-image-preview":"max-image-preview:large","max-video-preview":"max-video-preview:-1"},"canonical":"https:\/\/www.envirofalk.com\/ch\/kunden-loesungen\/","og_locale":"de_DE","og_type":"article","og_title":"Kunden & L\u00f6sungen","og_description":"[vc_section][vc_row full_width=&#187;stretch_row_content_no_spaces&#187;][vc_column][\/vc_column][\/vc_row][vc_row el_class=&#187;breadcrumbs-wrapper&#187;][vc_column][\/vc_column][\/vc_row][\/vc_section][vc_section][vc_row css_animation=&#187;slideInUp&#187; el_class=&#187;tablet-row&#187;][vc_column width=&#187;3\/4&#8243;][vc_custom_heading text=&#187;Leistungen, die \u00fcberzeugen. Qualit\u00e4t, die Vertrauen schafft. Kunden &amp; L\u00f6sungen&#187; font_container=&#187;tag:h1|text_align:left&#187; use_theme_fonts=&#187;yes&#187;][vc_column_text]Viele unserer Kunden z\u00e4hlen zu f\u00fchrenden Unternehmen und Institutionen. Industrien, Krankenh\u00e4user und Labore vertrauen seit Jahren in die Wasseraufbereitungstechnik von EnviroFALK. Als L\u00f6sungsanbieter f\u00fcr aufbereitetes Wasser ist uns die Zufriedenheit unserer Kunden das Allerwichtigste. Um das zu erreichen, [&hellip;]","og_url":"https:\/\/www.envirofalk.com\/ch\/kunden-loesungen\/","og_site_name":"EnviroFALK","article_publisher":"https:\/\/www.facebook.com\/envirofalk","twitter_card":"summary_large_image","twitter_misc":{"Gesch\u00e4tzte Lesezeit":"1\u00a0Minute"},"schema":{"@context":"https:\/\/schema.org","@graph":[{"@type":"WebPage","@id":"https:\/\/www.envirofalk.com\/ch\/kunden-loesungen\/","url":"https:\/\/www.envirofalk.com\/ch\/kunden-loesungen\/","name":"Kunden & L\u00f6sungen &#8211; EnviroFALK","isPartOf":{"@id":"https:\/\/www.envirofalk.com\/#website"},"datePublished":"2024-04-18T06:42:05+00:00","breadcrumb":{"@id":"https:\/\/www.envirofalk.com\/ch\/kunden-loesungen\/#breadcrumb"},"inLanguage":"de-CH","potentialAction":[{"@type":"ReadAction","target":["https:\/\/www.envirofalk.com\/ch\/kunden-loesungen\/"]}]},{"@type":"BreadcrumbList","@id":"https:\/\/www.envirofalk.com\/ch\/kunden-loesungen\/#breadcrumb","itemListElement":[{"@type":"ListItem","position":1,"name":"Home","item":"https:\/\/www.envirofalk.com\/ch\/"},{"@type":"ListItem","position":2,"name":"Kunden &#038; L\u00f6sungen"}]},{"@type":"WebSite","@id":"https:\/\/www.envirofalk.com\/#website","url":"https:\/\/www.envirofalk.com\/","name":"EnviroFALK","description":"Wasseraufbereitungsanlagen f\u00fcr Industrie, Gewerbe &amp; Labor","publisher":{"@id":"https:\/\/www.envirofalk.com\/#organization"},"potentialAction":[{"@type":"SearchAction","target":{"@type":"EntryPoint","urlTemplate":"https:\/\/www.envirofalk.com\/?s={search_term_string}"},"query-input":{"@type":"PropertyValueSpecification","valueRequired":true,"valueName":"search_term_string"}}],"inLanguage":"de-CH"},{"@type":"Organization","@id":"https:\/\/www.envirofalk.com\/#organization","name":"EnviroFALK","url":"https:\/\/www.envirofalk.com\/","logo":{"@type":"ImageObject","inLanguage":"de-CH","@id":"https:\/\/www.envirofalk.com\/#\/schema\/logo\/image\/","url":"https:\/\/www.envirofalk.com\/wp-content\/uploads\/2023\/01\/logo.svg","contentUrl":"https:\/\/www.envirofalk.com\/wp-content\/uploads\/2023\/01\/logo.svg","caption":"EnviroFALK"},"image":{"@id":"https:\/\/www.envirofalk.com\/#\/schema\/logo\/image\/"},"sameAs":["https:\/\/www.facebook.com\/envirofalk","https:\/\/www.linkedin.com\/company\/envirofalk-gmbh","https:\/\/www.youtube.com\/channel\/UCM1L-2K6cfBbP3aYgJGbVdA"],"description":"EnviroFALK Prozesswassertechnik ist Ihr Spezialist f\u00fcr ma\u00dfgeschneiderte Wasseraufbereitungsl\u00f6sungen in der Industrie. Wir bieten innovative Technologien f\u00fcr die Erzeugung und Aufbereitung von Prozesswasser, um h\u00f6chste Effizienz und Qualit\u00e4t in Ihren Produktionsprozessen zu gew\u00e4hrleisten. Mit jahrzehntelanger Erfahrung entwickeln wir nachhaltige und ressourcenschonende L\u00f6sungen, die exakt auf die Anforderungen unserer Kunden abgestimmt sind. Unsere Leistungen umfassen die Filtration, Enth\u00e4rtung, Entsalzung und R\u00fcckgewinnung von Wasser f\u00fcr verschiedenste Anwendungen \u2013 von der Metallverarbeitung bis zur Lebensmittelindustrie. Unsere Experten begleiten Sie von der Planung \u00fcber die Implementierung bis hin zum Service, um eine zuverl\u00e4ssige und wirtschaftliche Wasseraufbereitung sicherzustellen.","email":"info@envirofalk.com","telephone":"+49 2663 9908-0","legalName":"EnviroFALK GmbH","foundingDate":"1989-05-01"}]}},"_links":{"self":[{"href":"https:\/\/www.envirofalk.com\/ch\/wp-json\/wp\/v2\/pages\/14009","targetHints":{"allow":["GET"]}}],"collection":[{"href":"https:\/\/www.envirofalk.com\/ch\/wp-json\/wp\/v2\/pages"}],"about":[{"href":"https:\/\/www.envirofalk.com\/ch\/wp-json\/wp\/v2\/types\/page"}],"author":[{"embeddable":true,"href":"https:\/\/www.envirofalk.com\/ch\/wp-json\/wp\/v2\/users\/3"}],"replies":[{"embeddable":true,"href":"https:\/\/www.envirofalk.com\/ch\/wp-json\/wp\/v2\/comments?post=14009"}],"version-history":[{"count":1,"href":"https:\/\/www.envirofalk.com\/ch\/wp-json\/wp\/v2\/pages\/14009\/revisions"}],"predecessor-version":[{"id":14013,"href":"https:\/\/www.envirofalk.com\/ch\/wp-json\/wp\/v2\/pages\/14009\/revisions\/14013"}],"wp:attachment":[{"href":"https:\/\/www.envirofalk.com\/ch\/wp-json\/wp\/v2\/media?parent=14009"}],"curies":[{"name":"wp","href":"https:\/\/api.w.org\/{rel}","templated":true}]}}