{"id":14008,"date":"2024-04-18T08:41:52","date_gmt":"2024-04-18T06:41:52","guid":{"rendered":"https:\/\/www.envirofalk.com\/?page_id=14008"},"modified":"2024-05-02T15:41:23","modified_gmt":"2024-05-02T13:41:23","slug":"service","status":"publish","type":"page","link":"https:\/\/www.envirofalk.com\/ch\/service\/","title":{"rendered":"Service"},"content":{"rendered":"<div class=\"wpb-content-wrapper\"><p>[vc_section][vc_row full_width=&#187;stretch_row_content_no_spaces&#187;][vc_column]<div class=\"custom-top-banner img-box   has-icon\" style=\"background-image: url(https:\/\/www.envirofalk.com\/wp-content\/uploads\/2023\/08\/Serviceteam_Wasseraufbereitung_Deutschland.jpg)\"><div class=\"container relative\"><div class=\"text-box\"><div class=\"slideInRight animated\"><img decoding=\"async\" width=\"1\" height=\"1\" src=\"https:\/\/www.envirofalk.com\/wp-content\/uploads\/2023\/05\/icon_service.svg\" class=\"attachment-120x120 size-120x120\" alt=\"Person mit Headset Icon\" \/><p>Ihre Wasseraufbereitung verdient erstklassigen <strong>Service<\/strong><\/p><\/div><\/div><\/div><\/div>[\/vc_column][\/vc_row][vc_row el_class=&#187;breadcrumbs-wrapper&#187;][vc_column]<div class=\"breadcrumbs\"><label><\/label> <a href=\"https:\/\/www.envirofalk.com\/ch\/\">Home<\/a><\/div>[\/vc_column][\/vc_row][\/vc_section][vc_section][vc_row css_animation=&#187;slideInUp&#187; el_class=&#187;tablet-row&#187;][vc_column width=&#187;3\/4&#8243;][vc_custom_heading source=&#187;post_title&#187; font_container=&#187;tag:h1|text_align:left&#187; use_theme_fonts=&#187;yes&#187;][vc_column_text]Sie haben sich f\u00fcr eine erstklassige Qualit\u00e4ts-Wasseraufbereitungsanlage entschieden. Da ist ein erstklassiger Service selbstverst\u00e4ndlich.<\/p>\n<p>\u00dcber 50 ausgebildete Service-Techniker sind t\u00e4glich f\u00fcr Sie im Einsatz und montieren, warten oder reparieren Wasseraufbereitungsanlagen aller Hersteller. Das Service-Team kann Sie von unseren insgesamt 9 Standorten im gesamten Bundesgebiet und der Schweiz aus schnellstens erreichen.<\/p>\n<p>Kurze Wege, das bedeutet maximale Sicherheit. Sollte es mal klemmen, sind wir nah an Ihnen dran und k\u00f6nnen Sie in k\u00fcrzester Zeit erreichen. Immer mit an Bord unserer Service-Flotte: Alle g\u00e4ngigen Ersatzteile und Verbrauchsmaterialien.<\/p>\n<p><strong>Was k\u00f6nnen wir noch f\u00fcr Sie tun? Entdecken Sie unser erstklassiges Serviceangebot:<\/strong>[\/vc_column_text][\/vc_column][vc_column width=&#187;1\/4&#8243;]<div class=\"online-consultant-box  wpb_content_element\"><div class=\"online-consultant\"><div><div class=\"person-info\"><h5>Philippe Anstett<\/h5><ul class=\"person-list\"><li><a href=\"tel:+41 41 740 44 24\">+41 41 740 44 24<\/a><\/li><\/ul><\/div><a href=\"#beratung\" target=\"_self\" class=\"custom-btn show-modal\"><i class=\"icon-chevron-right\"><\/i>Zur Onlineberatung<\/a><\/div><div class=\"relative\"><svg xmlns=\"http:\/\/www.w3.org\/2000\/svg\" viewBox=\"0 0 32.83 32.83\">\n\t\t\t\t\t\t\t\t\t<defs>\n\t\t\t\t\t\t\t\t\t\t<linearGradient id=\"gradient\" x1=\"0%\" y1=\"0%\" x2=\"0%\" y2=\"100%\" gradientTransform=\"rotate(-135)\">\n\t\t\t\t\t\t\t\t\t\t\t<stop offset=\"0%\" stop-color=\"#97be0d\"\/>\n\t\t\t\t\t\t\t\t\t\t\t\t<stop offset=\"100%\" stop-color=\"rgba(255, 255, 255, 0)\"\/>\n\t\t\t\t\t\t\t\t\t\t<\/linearGradient>\n\t\t\t\t\t\t\t\t\t<\/defs>\n\t\t\t\t\t\t\t\t\t<path class=\"wpb_animate_when_almost_visible circular-progress\" stroke=\"url(#gradient)\" stroke-width=\"1\" stroke-dasharray=\"100, 100\" fill=\"none\" d=\"M18,2.08a15.92,15.92,0,0,1,0,31.84h0A15.92,15.92,0,0,1,18,2.08\" transform=\"translate(-1.59 -1.58)\"\/>\n                            \t<\/svg><span><img decoding=\"async\" width=\"500\" height=\"500\" src=\"https:\/\/www.envirofalk.com\/wp-content\/uploads\/2024\/04\/Philippe-Anstett-1.png\" class=\"attachment-full size-full\" alt=\"\" srcset=\"https:\/\/www.envirofalk.com\/wp-content\/uploads\/2024\/04\/Philippe-Anstett-1.png 500w, https:\/\/www.envirofalk.com\/wp-content\/uploads\/2024\/04\/Philippe-Anstett-1-350x350.png 350w, https:\/\/www.envirofalk.com\/wp-content\/uploads\/2024\/04\/Philippe-Anstett-1-150x150.png 150w\" sizes=\"(max-width: 500px) 100vw, 500px\" \/><\/span><\/div><\/div><\/div>[\/vc_column][\/vc_row][vc_row][vc_column css_animation=&#187;fadeInUpBig&#187;]<div class=\"teaser-boxes wpb_content_element\"><div><a href=\"https:\/\/envirofalk.com\/ch\/service\/ersatz-und-verbrauchsteile\/\" target=\"_self\"><figure class=\"img-box \" style=\"background-image: url(https:\/\/www.envirofalk.com\/wp-content\/uploads\/2023\/10\/Header_Ersatzteile_Wasseraufbereitung.jpg)\"><\/figure><\/a><div class=\"text-box\"><img decoding=\"async\" width=\"1\" height=\"1\" src=\"https:\/\/www.envirofalk.com\/wp-content\/uploads\/2023\/08\/Individueller_Anlagenbau_2_Icon.svg\" class=\"attachment-120x120 size-120x120\" alt=\"Wasseraufbereitungsanlage Icon\" \/><h3 class=\"entry-title \"><a href=\"https:\/\/envirofalk.com\/ch\/service\/ersatz-und-verbrauchsteile\/\" target=\"_self\">Ersatz- und Verbrauchsteile<\/a><\/h3><div class=\"wpb_text_column\">Eine Wasseraufbereitungsanlage wird Tag f\u00fcr Tag zu H\u00f6chstleistungen gefordert. F\u00fcr die volle Funktionalit\u00e4t kommt es auf das optimale Zusammenspiel aller Komponenten an. Profitieren Sie von EnviroFALK Original Ersatz- und Verbrauchsteilen in bester Qualit\u00e4t!<\/div><\/div><\/div><div><a href=\"https:\/\/envirofalk.com\/ch\/service\/water-expert\/\" target=\"_self\"><figure class=\"img-box \" style=\"background-image: url(https:\/\/www.envirofalk.com\/wp-content\/uploads\/2023\/10\/Waterexpert_Smartglasses_Anwendung.jpg)\"><\/figure><\/a><div class=\"text-box\"><img decoding=\"async\" width=\"1\" height=\"1\" src=\"https:\/\/www.envirofalk.com\/wp-content\/uploads\/2023\/10\/Waterexpert_Router_Icon.svg\" class=\"attachment-120x120 size-120x120\" alt=\"Router Icon\" \/><h3 class=\"entry-title \"><a href=\"https:\/\/envirofalk.com\/ch\/service\/water-expert\/\" target=\"_self\">Water Expert Live Support<\/a><\/h3><div class=\"wpb_text_column\"> Unser WaterExpert steht Ihnen zur Seite, um Ihre Wasseraufbereitungsanlagen auf h\u00f6chstem Niveau zu betreuen. Wir bieten Ihnen Live-Support, schnelle Anlagendiagnosen, ma\u00dfgeschneiderte L\u00f6sungsvorschl\u00e4ge und kompetente Hilfe von unseren Experten. <\/div><\/div><\/div><div><a href=\"https:\/\/envirofalk.com\/ch\/service\/montage-und-inbetriebnahme\/\" target=\"_self\"><figure class=\"img-box \" style=\"background-image: url(https:\/\/www.envirofalk.com\/wp-content\/uploads\/2023\/10\/2_EnviroFALK_Montage_Solebehaelter_ret-e9345705.webp)\"><\/figure><\/a><div class=\"text-box\"><img decoding=\"async\" width=\"1\" height=\"1\" src=\"https:\/\/www.envirofalk.com\/wp-content\/uploads\/2023\/05\/icon_serviceangebot.svg\" class=\"attachment-120x120 size-120x120\" alt=\"Zange mit Zahnrad\" \/><h3 class=\"entry-title \"><a href=\"https:\/\/envirofalk.com\/ch\/service\/montage-und-inbetriebnahme\/\" target=\"_self\">Montage und Inbetriebnahme<\/a><\/h3><div class=\"wpb_text_column\">Unser Service-Team, von mehr als 50 speziell ausgebildeten Service-Technikern an Standorten in Deutschland und der Schweiz, k\u00fcmmert sich um die Montage und Inbetriebnahme von Ihren Wasseraufbereitungsanlagen \u2013 auch um Anlagen anderer Hersteller.<\/div><\/div><\/div><div><a href=\"https:\/\/envirofalk.com\/ch\/service\/ganzheitliches-wassermanagement\/\" target=\"_self\"><figure class=\"img-box \" style=\"background-image: url(https:\/\/www.envirofalk.com\/wp-content\/uploads\/2023\/08\/Service_Aufbereitungsanlage.jpg)\"><\/figure><\/a><div class=\"text-box\"><img decoding=\"async\" width=\"1\" height=\"1\" src=\"https:\/\/www.envirofalk.com\/wp-content\/uploads\/2023\/05\/icon_serviceangebot.svg\" class=\"attachment-120x120 size-120x120\" alt=\"Zange mit Zahnrad\" \/><h3 class=\"entry-title \"><a href=\"https:\/\/envirofalk.com\/ch\/service\/ganzheitliches-wassermanagement\/\" target=\"_self\">Ganzheitliches Wassermanagement<\/a><\/h3><div class=\"wpb_text_column\">EnviroFALK bietet auf Wunsch das komplette Wassermanagement von Aufbereitungs- und Behandlungsanlagen f\u00fcr Wasser und Abwasser an. Konzentrieren Sie sich einfach auf Ihren Produktionsprozess und wir \u00fcbernehmen die Betriebsf\u00fchrung der wassertechnischen Anlagen. <\/div><\/div><\/div><div><a href=\"https:\/\/envirofalk.com\/ch\/service\/wasseraufbereitung-im-container\/\" target=\"_self\"><figure class=\"img-box \" style=\"background-image: url(https:\/\/www.envirofalk.com\/wp-content\/uploads\/2023\/10\/EnviroFALK_Wasseraufbereitung_Container_Aktivkohle.webp)\"><\/figure><\/a><div class=\"text-box\"><img decoding=\"async\" width=\"1\" height=\"1\" src=\"https:\/\/www.envirofalk.com\/wp-content\/uploads\/2023\/08\/Wasseraufbereitung_Wasser_Kreislauffuehrung.svg\" class=\"attachment-120x120 size-120x120\" alt=\"Wassertropfen mit Recyclingzeichen Icon\" \/><h3 class=\"entry-title \"><a href=\"https:\/\/envirofalk.com\/ch\/service\/wasseraufbereitung-im-container\/\" target=\"_self\">Wasseraufbereitung im Container<\/a><\/h3><div class=\"wpb_text_column\">Die im Container integrierte Wasseraufbereitung wird h\u00e4ufig zur Erzeugung von Prozesswasser in Notf\u00e4llen oder bei Bedarfsspitzen eingesetzt. Zudem findet die Containerl\u00f6sung bei der tempor\u00e4ren Versorgung \u2013 wie etwa bei Reparaturen oder Anlagenerneuerungen \u2013 h\u00e4ufig ihren Einsatz.<\/div><\/div><\/div><div><a href=\"https:\/\/envirofalk.com\/ch\/verfahrenstechniken-produkte\/wasseraufbereitung-als-mietanlagen\/\" target=\"_self\"><figure class=\"img-box \" style=\"background-image: url(https:\/\/www.envirofalk.com\/wp-content\/uploads\/2023\/05\/banner-branchen.jpg)\"><\/figure><\/a><div class=\"text-box\"><img decoding=\"async\" width=\"1\" height=\"1\" src=\"https:\/\/www.envirofalk.com\/wp-content\/uploads\/2023\/08\/Mietanlagen_Icon.svg\" class=\"attachment-120x120 size-120x120\" alt=\"Schild mit der Aufschrift Rent Icon\" \/><h3 class=\"entry-title \"><a href=\"https:\/\/envirofalk.com\/ch\/verfahrenstechniken-produkte\/wasseraufbereitung-als-mietanlagen\/\" target=\"_self\">Wasseraufbereitung als Mietanlage<\/a><\/h3><div class=\"wpb_text_column\">EnviroFALK bietet  individuell zugeschnittene Wasseraufbereitungsanlagen auf Mietbasis an. Hierf\u00fcr haben wir einen umfangreichen Bestand verschiedenster Anlagenmodule, die uns ein schnelles Handeln und eine optimale Anpassung an die \u00f6rtlichen Gegebenheiten erm\u00f6glichen. <\/div><\/div><\/div><div><a href=\"https:\/\/envirofalk.com\/ch\/service\/ausschreibungen\/\" target=\"_self\"><figure class=\"img-box \" style=\"background-image: url(https:\/\/www.envirofalk.com\/wp-content\/uploads\/2023\/09\/Wasserwissen.jpg)\"><\/figure><\/a><div class=\"text-box\"><img decoding=\"async\" width=\"1\" height=\"1\" src=\"https:\/\/www.envirofalk.com\/wp-content\/uploads\/2023\/08\/Wasservorbehandlung_2_Icon.svg\" class=\"attachment-120x120 size-120x120\" alt=\"Hand h\u00e4lt Wassertropfen Icon\" \/><h3 class=\"entry-title \"><a href=\"https:\/\/envirofalk.com\/ch\/service\/ausschreibungen\/\" target=\"_self\">Unterst\u00fctzung bei Ausschreibungen<\/a><\/h3><div class=\"wpb_text_column\">Die Basis f\u00fcr unseren Erfolg liegt in der Genauigkeit. Schnell und zielgerichtet unterst\u00fctzen wir Sie bei ausf\u00fchrlichen, detaillierten Leistungsverzeichnissen (LV) auf Wunsch im GAEB-Format. <\/div><\/div><\/div><div><a href=\"https:\/\/envirofalk.com\/ch\/service\/schulungen\/\" target=\"_self\"><figure class=\"img-box \" style=\"background-image: url(https:\/\/www.envirofalk.com\/wp-content\/uploads\/2023\/10\/Schulung.jpg)\"><\/figure><\/a><div class=\"text-box\"><img decoding=\"async\" width=\"1\" height=\"1\" src=\"https:\/\/www.envirofalk.com\/wp-content\/uploads\/2023\/05\/icon_kundenlosungen.svg\" class=\"attachment-120x120 size-120x120\" alt=\"Gl\u00fchbirne Icon\" \/><h3 class=\"entry-title \"><a href=\"https:\/\/envirofalk.com\/ch\/service\/schulungen\/\" target=\"_self\">Schulungen f\u00fcr Anwender<\/a><\/h3><div class=\"wpb_text_column\">Selbstverst\u00e4ndlich geh\u00f6ren Bedienerschulungen zu unserem Serviceangebot. Sprechen Sie uns an und wir erarbeiten gemeinsam ein Schulungs- und Einarbeitungskonzept f\u00fcr Ihre Mitarbeiterinnen und Mitarbeiter im Umgang mit unserer Wasseraufbereitung. <\/div><\/div><\/div><\/div>[\/vc_column][\/vc_row][\/vc_section]<\/p>\n<\/div>","protected":false},"excerpt":{"rendered":"<p>[vc_section][vc_row full_width=&#187;stretch_row_content_no_spaces&#187;][vc_column][\/vc_column][\/vc_row][vc_row el_class=&#187;breadcrumbs-wrapper&#187;][vc_column][\/vc_column][\/vc_row][\/vc_section][vc_section][vc_row css_animation=&#187;slideInUp&#187; el_class=&#187;tablet-row&#187;][vc_column width=&#187;3\/4&#8243;][vc_custom_heading source=&#187;post_title&#187; font_container=&#187;tag:h1|text_align:left&#187; use_theme_fonts=&#187;yes&#187;][vc_column_text]Sie haben sich f\u00fcr eine erstklassige Qualit\u00e4ts-Wasseraufbereitungsanlage entschieden. Da ist ein erstklassiger Service selbstverst\u00e4ndlich. \u00dcber 50 ausgebildete Service-Techniker sind t\u00e4glich f\u00fcr Sie im Einsatz und montieren, warten oder reparieren Wasseraufbereitungsanlagen aller Hersteller. Das Service-Team kann Sie von unseren insgesamt 9 Standorten im gesamten Bundesgebiet und der Schweiz [&hellip;]<\/p>\n","protected":false},"author":3,"featured_media":0,"parent":0,"menu_order":8,"comment_status":"closed","ping_status":"closed","template":"","meta":{"_acf_changed":false,"rs_blank_template":"","rs_page_bg_color":"","slide_template_v7":"","footnotes":""},"class_list":["post-14008","page","type-page","status-publish","hentry"],"acf":[],"yoast_head":"<!-- This site is optimized with the Yoast SEO Premium plugin v27.3 (Yoast SEO v27.3) - https:\/\/yoast.com\/product\/yoast-seo-premium-wordpress\/ -->\n<title>Service &#8211; EnviroFALK<\/title>\n<meta name=\"robots\" content=\"index, follow, max-snippet:-1, max-image-preview:large, max-video-preview:-1\" \/>\n<link rel=\"canonical\" href=\"https:\/\/www.envirofalk.com\/ch\/service\/\" \/>\n<meta property=\"og:locale\" content=\"de_DE\" \/>\n<meta property=\"og:type\" content=\"article\" \/>\n<meta property=\"og:title\" content=\"Service\" \/>\n<meta property=\"og:description\" content=\"[vc_section][vc_row full_width=&#187;stretch_row_content_no_spaces&#187;][vc_column][\/vc_column][\/vc_row][vc_row el_class=&#187;breadcrumbs-wrapper&#187;][vc_column][\/vc_column][\/vc_row][\/vc_section][vc_section][vc_row css_animation=&#187;slideInUp&#187; el_class=&#187;tablet-row&#187;][vc_column width=&#187;3\/4&#8243;][vc_custom_heading source=&#187;post_title&#187; font_container=&#187;tag:h1|text_align:left&#187; use_theme_fonts=&#187;yes&#187;][vc_column_text]Sie haben sich f\u00fcr eine erstklassige Qualit\u00e4ts-Wasseraufbereitungsanlage entschieden. Da ist ein erstklassiger Service selbstverst\u00e4ndlich. \u00dcber 50 ausgebildete Service-Techniker sind t\u00e4glich f\u00fcr Sie im Einsatz und montieren, warten oder reparieren Wasseraufbereitungsanlagen aller Hersteller. Das Service-Team kann Sie von unseren insgesamt 9 Standorten im gesamten Bundesgebiet und der Schweiz [&hellip;]\" \/>\n<meta property=\"og:url\" content=\"https:\/\/www.envirofalk.com\/ch\/service\/\" \/>\n<meta property=\"og:site_name\" content=\"EnviroFALK\" \/>\n<meta property=\"article:publisher\" content=\"https:\/\/www.facebook.com\/envirofalk\" \/>\n<meta property=\"article:modified_time\" content=\"2024-05-02T13:41:23+00:00\" \/>\n<meta name=\"twitter:card\" content=\"summary_large_image\" \/>\n<meta name=\"twitter:label1\" content=\"Gesch\u00e4tzte Lesezeit\" \/>\n\t<meta name=\"twitter:data1\" content=\"2\u00a0Minuten\" \/>\n<script type=\"application\/ld+json\" class=\"yoast-schema-graph\">{\"@context\":\"https:\\\/\\\/schema.org\",\"@graph\":[{\"@type\":\"WebPage\",\"@id\":\"https:\\\/\\\/www.envirofalk.com\\\/ch\\\/service\\\/\",\"url\":\"https:\\\/\\\/www.envirofalk.com\\\/ch\\\/service\\\/\",\"name\":\"Service &#8211; EnviroFALK\",\"isPartOf\":{\"@id\":\"https:\\\/\\\/www.envirofalk.com\\\/#website\"},\"datePublished\":\"2024-04-18T06:41:52+00:00\",\"dateModified\":\"2024-05-02T13:41:23+00:00\",\"breadcrumb\":{\"@id\":\"https:\\\/\\\/www.envirofalk.com\\\/ch\\\/service\\\/#breadcrumb\"},\"inLanguage\":\"de-CH\",\"potentialAction\":[{\"@type\":\"ReadAction\",\"target\":[\"https:\\\/\\\/www.envirofalk.com\\\/ch\\\/service\\\/\"]}]},{\"@type\":\"BreadcrumbList\",\"@id\":\"https:\\\/\\\/www.envirofalk.com\\\/ch\\\/service\\\/#breadcrumb\",\"itemListElement\":[{\"@type\":\"ListItem\",\"position\":1,\"name\":\"Home\",\"item\":\"https:\\\/\\\/www.envirofalk.com\\\/ch\\\/\"},{\"@type\":\"ListItem\",\"position\":2,\"name\":\"Service\"}]},{\"@type\":\"WebSite\",\"@id\":\"https:\\\/\\\/www.envirofalk.com\\\/#website\",\"url\":\"https:\\\/\\\/www.envirofalk.com\\\/\",\"name\":\"EnviroFALK\",\"description\":\"Wasseraufbereitungsanlagen f\u00fcr Industrie, Gewerbe &amp; Labor\",\"publisher\":{\"@id\":\"https:\\\/\\\/www.envirofalk.com\\\/#organization\"},\"potentialAction\":[{\"@type\":\"SearchAction\",\"target\":{\"@type\":\"EntryPoint\",\"urlTemplate\":\"https:\\\/\\\/www.envirofalk.com\\\/?s={search_term_string}\"},\"query-input\":{\"@type\":\"PropertyValueSpecification\",\"valueRequired\":true,\"valueName\":\"search_term_string\"}}],\"inLanguage\":\"de-CH\"},{\"@type\":\"Organization\",\"@id\":\"https:\\\/\\\/www.envirofalk.com\\\/#organization\",\"name\":\"EnviroFALK\",\"url\":\"https:\\\/\\\/www.envirofalk.com\\\/\",\"logo\":{\"@type\":\"ImageObject\",\"inLanguage\":\"de-CH\",\"@id\":\"https:\\\/\\\/www.envirofalk.com\\\/#\\\/schema\\\/logo\\\/image\\\/\",\"url\":\"https:\\\/\\\/www.envirofalk.com\\\/wp-content\\\/uploads\\\/2023\\\/01\\\/logo.svg\",\"contentUrl\":\"https:\\\/\\\/www.envirofalk.com\\\/wp-content\\\/uploads\\\/2023\\\/01\\\/logo.svg\",\"caption\":\"EnviroFALK\"},\"image\":{\"@id\":\"https:\\\/\\\/www.envirofalk.com\\\/#\\\/schema\\\/logo\\\/image\\\/\"},\"sameAs\":[\"https:\\\/\\\/www.facebook.com\\\/envirofalk\",\"https:\\\/\\\/www.linkedin.com\\\/company\\\/envirofalk-gmbh\",\"https:\\\/\\\/www.youtube.com\\\/channel\\\/UCM1L-2K6cfBbP3aYgJGbVdA\"],\"description\":\"EnviroFALK Prozesswassertechnik ist Ihr Spezialist f\u00fcr ma\u00dfgeschneiderte Wasseraufbereitungsl\u00f6sungen in der Industrie. Wir bieten innovative Technologien f\u00fcr die Erzeugung und Aufbereitung von Prozesswasser, um h\u00f6chste Effizienz und Qualit\u00e4t in Ihren Produktionsprozessen zu gew\u00e4hrleisten. Mit jahrzehntelanger Erfahrung entwickeln wir nachhaltige und ressourcenschonende L\u00f6sungen, die exakt auf die Anforderungen unserer Kunden abgestimmt sind. Unsere Leistungen umfassen die Filtration, Enth\u00e4rtung, Entsalzung und R\u00fcckgewinnung von Wasser f\u00fcr verschiedenste Anwendungen \u2013 von der Metallverarbeitung bis zur Lebensmittelindustrie. Unsere Experten begleiten Sie von der Planung \u00fcber die Implementierung bis hin zum Service, um eine zuverl\u00e4ssige und wirtschaftliche Wasseraufbereitung sicherzustellen.\",\"email\":\"info@envirofalk.com\",\"telephone\":\"+49 2663 9908-0\",\"legalName\":\"EnviroFALK GmbH\",\"foundingDate\":\"1989-05-01\"}]}<\/script>\n<!-- \/ Yoast SEO Premium plugin. -->","yoast_head_json":{"title":"Service &#8211; EnviroFALK","robots":{"index":"index","follow":"follow","max-snippet":"max-snippet:-1","max-image-preview":"max-image-preview:large","max-video-preview":"max-video-preview:-1"},"canonical":"https:\/\/www.envirofalk.com\/ch\/service\/","og_locale":"de_DE","og_type":"article","og_title":"Service","og_description":"[vc_section][vc_row full_width=&#187;stretch_row_content_no_spaces&#187;][vc_column][\/vc_column][\/vc_row][vc_row el_class=&#187;breadcrumbs-wrapper&#187;][vc_column][\/vc_column][\/vc_row][\/vc_section][vc_section][vc_row css_animation=&#187;slideInUp&#187; el_class=&#187;tablet-row&#187;][vc_column width=&#187;3\/4&#8243;][vc_custom_heading source=&#187;post_title&#187; font_container=&#187;tag:h1|text_align:left&#187; use_theme_fonts=&#187;yes&#187;][vc_column_text]Sie haben sich f\u00fcr eine erstklassige Qualit\u00e4ts-Wasseraufbereitungsanlage entschieden. Da ist ein erstklassiger Service selbstverst\u00e4ndlich. \u00dcber 50 ausgebildete Service-Techniker sind t\u00e4glich f\u00fcr Sie im Einsatz und montieren, warten oder reparieren Wasseraufbereitungsanlagen aller Hersteller. Das Service-Team kann Sie von unseren insgesamt 9 Standorten im gesamten Bundesgebiet und der Schweiz [&hellip;]","og_url":"https:\/\/www.envirofalk.com\/ch\/service\/","og_site_name":"EnviroFALK","article_publisher":"https:\/\/www.facebook.com\/envirofalk","article_modified_time":"2024-05-02T13:41:23+00:00","twitter_card":"summary_large_image","twitter_misc":{"Gesch\u00e4tzte Lesezeit":"2\u00a0Minuten"},"schema":{"@context":"https:\/\/schema.org","@graph":[{"@type":"WebPage","@id":"https:\/\/www.envirofalk.com\/ch\/service\/","url":"https:\/\/www.envirofalk.com\/ch\/service\/","name":"Service &#8211; EnviroFALK","isPartOf":{"@id":"https:\/\/www.envirofalk.com\/#website"},"datePublished":"2024-04-18T06:41:52+00:00","dateModified":"2024-05-02T13:41:23+00:00","breadcrumb":{"@id":"https:\/\/www.envirofalk.com\/ch\/service\/#breadcrumb"},"inLanguage":"de-CH","potentialAction":[{"@type":"ReadAction","target":["https:\/\/www.envirofalk.com\/ch\/service\/"]}]},{"@type":"BreadcrumbList","@id":"https:\/\/www.envirofalk.com\/ch\/service\/#breadcrumb","itemListElement":[{"@type":"ListItem","position":1,"name":"Home","item":"https:\/\/www.envirofalk.com\/ch\/"},{"@type":"ListItem","position":2,"name":"Service"}]},{"@type":"WebSite","@id":"https:\/\/www.envirofalk.com\/#website","url":"https:\/\/www.envirofalk.com\/","name":"EnviroFALK","description":"Wasseraufbereitungsanlagen f\u00fcr Industrie, Gewerbe &amp; Labor","publisher":{"@id":"https:\/\/www.envirofalk.com\/#organization"},"potentialAction":[{"@type":"SearchAction","target":{"@type":"EntryPoint","urlTemplate":"https:\/\/www.envirofalk.com\/?s={search_term_string}"},"query-input":{"@type":"PropertyValueSpecification","valueRequired":true,"valueName":"search_term_string"}}],"inLanguage":"de-CH"},{"@type":"Organization","@id":"https:\/\/www.envirofalk.com\/#organization","name":"EnviroFALK","url":"https:\/\/www.envirofalk.com\/","logo":{"@type":"ImageObject","inLanguage":"de-CH","@id":"https:\/\/www.envirofalk.com\/#\/schema\/logo\/image\/","url":"https:\/\/www.envirofalk.com\/wp-content\/uploads\/2023\/01\/logo.svg","contentUrl":"https:\/\/www.envirofalk.com\/wp-content\/uploads\/2023\/01\/logo.svg","caption":"EnviroFALK"},"image":{"@id":"https:\/\/www.envirofalk.com\/#\/schema\/logo\/image\/"},"sameAs":["https:\/\/www.facebook.com\/envirofalk","https:\/\/www.linkedin.com\/company\/envirofalk-gmbh","https:\/\/www.youtube.com\/channel\/UCM1L-2K6cfBbP3aYgJGbVdA"],"description":"EnviroFALK Prozesswassertechnik ist Ihr Spezialist f\u00fcr ma\u00dfgeschneiderte Wasseraufbereitungsl\u00f6sungen in der Industrie. Wir bieten innovative Technologien f\u00fcr die Erzeugung und Aufbereitung von Prozesswasser, um h\u00f6chste Effizienz und Qualit\u00e4t in Ihren Produktionsprozessen zu gew\u00e4hrleisten. Mit jahrzehntelanger Erfahrung entwickeln wir nachhaltige und ressourcenschonende L\u00f6sungen, die exakt auf die Anforderungen unserer Kunden abgestimmt sind. Unsere Leistungen umfassen die Filtration, Enth\u00e4rtung, Entsalzung und R\u00fcckgewinnung von Wasser f\u00fcr verschiedenste Anwendungen \u2013 von der Metallverarbeitung bis zur Lebensmittelindustrie. Unsere Experten begleiten Sie von der Planung \u00fcber die Implementierung bis hin zum Service, um eine zuverl\u00e4ssige und wirtschaftliche Wasseraufbereitung sicherzustellen.","email":"info@envirofalk.com","telephone":"+49 2663 9908-0","legalName":"EnviroFALK GmbH","foundingDate":"1989-05-01"}]}},"_links":{"self":[{"href":"https:\/\/www.envirofalk.com\/ch\/wp-json\/wp\/v2\/pages\/14008","targetHints":{"allow":["GET"]}}],"collection":[{"href":"https:\/\/www.envirofalk.com\/ch\/wp-json\/wp\/v2\/pages"}],"about":[{"href":"https:\/\/www.envirofalk.com\/ch\/wp-json\/wp\/v2\/types\/page"}],"author":[{"embeddable":true,"href":"https:\/\/www.envirofalk.com\/ch\/wp-json\/wp\/v2\/users\/3"}],"replies":[{"embeddable":true,"href":"https:\/\/www.envirofalk.com\/ch\/wp-json\/wp\/v2\/comments?post=14008"}],"version-history":[{"count":3,"href":"https:\/\/www.envirofalk.com\/ch\/wp-json\/wp\/v2\/pages\/14008\/revisions"}],"predecessor-version":[{"id":14690,"href":"https:\/\/www.envirofalk.com\/ch\/wp-json\/wp\/v2\/pages\/14008\/revisions\/14690"}],"wp:attachment":[{"href":"https:\/\/www.envirofalk.com\/ch\/wp-json\/wp\/v2\/media?parent=14008"}],"curies":[{"name":"wp","href":"https:\/\/api.w.org\/{rel}","templated":true}]}}