{"id":14007,"date":"2024-04-18T08:41:40","date_gmt":"2024-04-18T06:41:40","guid":{"rendered":"https:\/\/www.envirofalk.com\/?page_id=14007"},"modified":"2024-05-02T14:54:20","modified_gmt":"2024-05-02T12:54:20","slug":"neuharze","status":"publish","type":"page","link":"https:\/\/www.envirofalk.com\/ch\/neuharze\/","title":{"rendered":"Neuharze"},"content":{"rendered":"<div class=\"wpb-content-wrapper\"><p>[vc_section][vc_row full_width=&#187;stretch_row_content_no_spaces&#187;][vc_column]<div class=\"custom-top-banner img-box   has-icon\" style=\"background-image: url(https:\/\/www.envirofalk.com\/wp-content\/uploads\/2023\/11\/Header_Regeneration_Industrie_Branchen_1920x640_h-b9d4fabd.webp)\"><div class=\"container relative\"><div class=\"text-box\"><div class=\"slideInRight animated\"><img loading=\"lazy\" decoding=\"async\" width=\"1\" height=\"1\" src=\"https:\/\/www.envirofalk.com\/wp-content\/uploads\/2023\/08\/Filtertechnik_Icon.svg\" class=\"attachment-120x120 size-120x120\" alt=\"Wasserfilter Icon\" \/><p>Hochwertige <strong>Neuharze <\/strong><\/p><\/div><\/div><\/div><\/div>[\/vc_column][\/vc_row][vc_row el_class=&#187;breadcrumbs-wrapper&#187;][vc_column]<div class=\"breadcrumbs\"><label><\/label> <a href=\"https:\/\/www.envirofalk.com\/ch\/\">Home<\/a><\/div>[\/vc_column][\/vc_row][\/vc_section][vc_section][vc_row css_animation=&#187;slideInUp&#187; el_class=&#187;two-columns-row tablet-row&#187;][vc_column width=&#187;3\/4&#8243;][vc_custom_heading text=&#187;Neuharze in bester Qualit\u00e4t erhalten Sie bei EnviroFALK&#187; font_container=&#187;tag:h1|text_align:left&#187; use_theme_fonts=&#187;yes&#187;][vc_column_text]Mit mehr als 30 Jahren Erfahrung macht uns von EnviroFALK in Sachen Wasseraufbereitung niemand so schnell etwas vor. So sind wir nicht allein f\u00fcr unsere Wasseraufbereitungsanlagen, sondern auch f\u00fcr unsere qualitativ hochwertigen Ionenaustauscherharze bekannt. [\/vc_column_text][\/vc_column][vc_column width=&#187;1\/4&#8243;]<div class=\"online-consultant-box  wpb_content_element\"><div class=\"online-consultant\"><div><div class=\"person-info\"><h5>Roxane Kamm\u00fcller<\/h5><ul class=\"person-list\"><li><a href=\"tel:+41 41 7404413\">+41 41 7404413<\/a><\/li><\/ul><\/div><a href=\"#beratung\" target=\"_self\" class=\"custom-btn show-modal\"><i class=\"icon-chevron-right\"><\/i>Zur Onlineberatung<\/a><\/div><div class=\"relative\"><svg xmlns=\"http:\/\/www.w3.org\/2000\/svg\" viewBox=\"0 0 32.83 32.83\">\n\t\t\t\t\t\t\t\t\t<defs>\n\t\t\t\t\t\t\t\t\t\t<linearGradient id=\"gradient\" x1=\"0%\" y1=\"0%\" x2=\"0%\" y2=\"100%\" gradientTransform=\"rotate(-135)\">\n\t\t\t\t\t\t\t\t\t\t\t<stop offset=\"0%\" stop-color=\"#97be0d\"\/>\n\t\t\t\t\t\t\t\t\t\t\t\t<stop offset=\"100%\" stop-color=\"rgba(255, 255, 255, 0)\"\/>\n\t\t\t\t\t\t\t\t\t\t<\/linearGradient>\n\t\t\t\t\t\t\t\t\t<\/defs>\n\t\t\t\t\t\t\t\t\t<path class=\"wpb_animate_when_almost_visible circular-progress\" stroke=\"url(#gradient)\" stroke-width=\"1\" stroke-dasharray=\"100, 100\" fill=\"none\" d=\"M18,2.08a15.92,15.92,0,0,1,0,31.84h0A15.92,15.92,0,0,1,18,2.08\" transform=\"translate(-1.59 -1.58)\"\/>\n                            \t<\/svg><span><img loading=\"lazy\" decoding=\"async\" width=\"500\" height=\"500\" src=\"https:\/\/www.envirofalk.com\/wp-content\/uploads\/2024\/04\/Roxane_Kammueller-1.png\" class=\"attachment-full size-full\" alt=\"\" srcset=\"https:\/\/www.envirofalk.com\/wp-content\/uploads\/2024\/04\/Roxane_Kammueller-1.png 500w, https:\/\/www.envirofalk.com\/wp-content\/uploads\/2024\/04\/Roxane_Kammueller-1-350x350.png 350w, https:\/\/www.envirofalk.com\/wp-content\/uploads\/2024\/04\/Roxane_Kammueller-1-150x150.png 150w\" sizes=\"auto, (max-width: 500px) 100vw, 500px\" \/><\/span><\/div><\/div><\/div>[\/vc_column][\/vc_row][\/vc_section][vc_section][vc_row el_class=&#187;tablet-row vertical-center&#187;][vc_column css_animation=&#187;slideInLeft&#187; width=&#187;1\/2&#8243;][vc_column_text]<\/p>\n<h2>Ionenaustauscherharze und Anwendungen: perfekt aufeinander abgestimmt<\/h2>\n<p>Wir von EnviroFALK wissen: Industrielle und gewerbliche Prozesse, Krankenh\u00e4user, Labore, Medizintechnik und Gro\u00dfk\u00fcchen \u2013 sie alle haben ihre spezifischen Anforderungen und Richtlinien, was entsalztes Wasser betrifft. Das ist auch der Grund, weshalb bei EnviroFALK f\u00fcr jeden Anwendungsbereich ein spezielles Harz bzw. eine perfekt abgestimmte Harz-Mischung erh\u00e4ltlich ist. Wir \u00fcberlassen eben nichts dem Zufall, sondern wissen ganz genau, welche Ionenaustauscherharze f\u00fcr welche Anwendungen am besten geeignet sind. Wenden Sie sich an EnviroFALK, k\u00f6nnen Sie sich daher eines immer gewiss sein: So individuell Ihre Anwendungsbereiche, so passgenau sind unsere Ionenaustauscherharze![\/vc_column_text][\/vc_column][vc_column css_animation=&#187;slideInRight&#187; width=&#187;1\/2&#8243;]<div class=\"bg-image img-box\" style=\"background-image: url(https:\/\/www.envirofalk.com\/wp-content\/uploads\/2023\/02\/bg-about.gif)\"><img loading=\"lazy\" decoding=\"async\" width=\"689\" height=\"567\" src=\"https:\/\/www.envirofalk.com\/wp-content\/uploads\/2023\/08\/RS100_Envi_GreenLINE_Ionenaustauscher_Kunststoff.png\" class=\"attachment-full size-full\" alt=\"acht Ionenaustauscher verschiedener Gr\u00f6\u00dfen\" srcset=\"https:\/\/www.envirofalk.com\/wp-content\/uploads\/2023\/08\/RS100_Envi_GreenLINE_Ionenaustauscher_Kunststoff.png 689w, https:\/\/www.envirofalk.com\/wp-content\/uploads\/2023\/08\/RS100_Envi_GreenLINE_Ionenaustauscher_Kunststoff-350x288.png 350w\" sizes=\"auto, (max-width: 689px) 100vw, 689px\" \/><\/div>[\/vc_column][\/vc_row][\/vc_section][vc_section parallax=&#187;content-moving&#187; css=&#187;.vc_custom_1700063037426{background-image: url(https:\/\/www.envirofalk.com\/wp-content\/uploads\/2023\/08\/Wasseraufbereitungspatronen_VE_Wasser.jpg?id=500) !important;background-position: center !important;background-repeat: no-repeat !important;background-size: cover !important;}&#187;][vc_row el_class=&#187;tablet-row reverse vertical-center&#187;][vc_column css_animation=&#187;slideInRight&#187; width=&#187;1\/4&#8243;][\/vc_column][vc_column css_animation=&#187;fadeInLeft&#187; width=&#187;3\/4&#8243; css=&#187;.vc_custom_1697097162005{padding-top: 20px !important;padding-right: 20px !important;padding-bottom: 20px !important;padding-left: 20px !important;}&#187; el_class=&#187;has-bg&#187;][vc_column_text el_class=&#187;arrows-list&#187;]<\/p>\n<h2>In puncto Ionenaustauscherharze empfehlen wir Ihnen<\/h2>\n<ul>\n<li><strong>ultrareine Mischbettharze-Ionenaustauscher f\u00fcr analytische Anwendungen im Labor<\/strong><\/li>\n<li><strong>hochreine Mischbettharze f\u00fcr Wasch- und Beschichtungsprozesse in der Medizintechnik und optischen Industrie<\/strong><\/li>\n<li><strong>spezielle Mischbettharze f\u00fcr die Metallindustrie zur Aufbereitung w\u00e4ssriger L\u00f6sungen<\/strong><\/li>\n<li><strong>besondere Mischbettharze f\u00fcr die Heizungswasserbef\u00fcllung<\/strong><\/li>\n<li><strong>Anionenharze zur pH-Wert-Anhebung<\/strong><\/li>\n<li><strong>Kationenharze zur Wasserenth\u00e4rtung<\/strong><\/li>\n<li><strong>Selektivharze zur Aufbereitung metallhaltiger Abw\u00e4sser<\/strong><\/li>\n<\/ul>\n<p>[\/vc_column_text][\/vc_column][\/vc_row][\/vc_section][vc_section el_class=&#187;img-box top-center&#187; css=&#187;.vc_custom_1691421205622{background-image: url(https:\/\/www.envirofalk.com\/wp-content\/uploads\/2023\/05\/banner-cta.png?id=184) !important;}&#187; el_id=&#187;kunden-und-loesungen&#187;][vc_row][vc_column css_animation=&#187;fadeInLeft&#187;][vc_raw_html]JTNDZGl2JTIwaWQlM0QlMjJhYmMlMjIlM0UlM0MlMkZkaXYlM0U=[\/vc_raw_html]<div class=\"pos_default cta-wrapper wpb_content_element\"><div class=\"text-box\"><div class=\"relative\"><h2 class=\"entry-title\">Wir liefern Ihre aufbereitete VE-Patrone(n)<\/h2><p>Auch das beste Ionenaustauscherharz ist irgendwann ersch\u00f6pft und erfordert eine professionelle Regeneration.. Unser Regenerations-Mobil holt Ihre Ionenaustauscher ab und liefert sie nach der sortenreinen Regeneration aufbereitet zur\u00fcck.<\/p><a href=\"https:\/\/www.envirofalk.com\/ch\/verfahrenstechniken\/ionenaustauscher\/regenerationsservice\/\" target=\"_self\" class=\"custom-btn outline light reverse\">Unser Regenerationsservice<i class=\"icon-chevron-right\"><\/i><\/a><\/div><\/div><figure class=\"img-box\" style=\"background-image: url(https:\/\/www.envirofalk.com\/wp-content\/uploads\/2023\/09\/Standorte_EnvioFALK.jpg)\"><\/figure><\/div>[\/vc_column][\/vc_row][\/vc_section][vc_section el_id=&#187;downloads&#187;][vc_row el_class=&#187;tablet-row&#187;][vc_column css_animation=&#187;slideInRight&#187; el_class=&#187;has-bg&#187;][vc_column_text]<\/p>\n<h3>Das k\u00f6nnte Sie auch interessieren<\/h3>\n<p>[\/vc_column_text]<div class=\"quick-links default wpb_content_element\" data-background=\"\"><div class=\"flexbox\"><a href=\"https:\/\/envirofalk.com\/ch\/service\/\" target=\"_self\"><div class=\"icon default\"><img decoding=\"async\" src=\"https:\/\/www.envirofalk.com\/wp-content\/uploads\/2023\/05\/icon_serviceangebot.svg\" class=\"attachment-full size-full\" alt=\"Zange mit Zahnrad\" \/><\/div><div><h4>Serviceangebot<\/h4><p>Im Bereich der Energieerzeugung bieten wir Services vom kleinsten Ersatzteil bis zur gro\u00dfen Anlagenwartung<\/p><\/div><\/a><\/div><div class=\"flexbox\"><a href=\"https:\/\/envirofalk.com\/ch\/kunden-loesungen\/\" target=\"_self\"><div class=\"icon default\"><img decoding=\"async\" src=\"https:\/\/www.envirofalk.com\/wp-content\/uploads\/2023\/05\/icon_kundenlosungen.svg\" class=\"attachment-full size-full\" alt=\"Gl\u00fchbirne Icon\" \/><\/div><div><h4>Kunden und L\u00f6sungen<\/h4><p>Viele unserer Kunden z\u00e4hlen zu f\u00fchrenden Unternehmen in ihrer Branche, die seit Jahren auf EnviroFALK Wasseraufbereitungsanlagen vertrauen.<\/p><\/div><\/a><\/div><div class=\"flexbox\"><a href=\"https:\/\/envirofalk.com\/ch\/messen-und-veranstaltungen\/\" target=\"_blank\"><div class=\"icon default\"><img decoding=\"async\" src=\"https:\/\/www.envirofalk.com\/wp-content\/uploads\/2023\/05\/icon_messen-events.svg\" class=\"attachment-full size-full\" alt=\"\" \/><\/div><div><h4>Messen und Veranstaltungen<\/h4><p>Geht es um L\u00f6sungen f\u00fcr Ihre Wasseraufbereitung, erleben Sie auf unseren Messen und Veranstaltungen echte Begeisterung im pers\u00f6nlichen Gespr\u00e4ch. Lernen Sie uns kennen!<\/p><\/div><\/a><\/div><\/div>[\/vc_column][\/vc_row][\/vc_section]<\/p>\n<\/div>","protected":false},"excerpt":{"rendered":"<p>[vc_section][vc_row full_width=&#187;stretch_row_content_no_spaces&#187;][vc_column][\/vc_column][\/vc_row][vc_row el_class=&#187;breadcrumbs-wrapper&#187;][vc_column][\/vc_column][\/vc_row][\/vc_section][vc_section][vc_row css_animation=&#187;slideInUp&#187; el_class=&#187;two-columns-row tablet-row&#187;][vc_column width=&#187;3\/4&#8243;][vc_custom_heading text=&#187;Neuharze in bester Qualit\u00e4t erhalten Sie bei EnviroFALK&#187; font_container=&#187;tag:h1|text_align:left&#187; use_theme_fonts=&#187;yes&#187;][vc_column_text]Mit mehr als 30 Jahren Erfahrung macht uns von EnviroFALK in Sachen Wasseraufbereitung niemand so schnell etwas vor. So sind wir nicht allein f\u00fcr unsere Wasseraufbereitungsanlagen, sondern auch f\u00fcr unsere qualitativ hochwertigen Ionenaustauscherharze bekannt. [\/vc_column_text][\/vc_column][vc_column width=&#187;1\/4&#8243;][\/vc_column][\/vc_row][\/vc_section][vc_section][vc_row el_class=&#187;tablet-row vertical-center&#187;][vc_column css_animation=&#187;slideInLeft&#187; [&hellip;]<\/p>\n","protected":false},"author":3,"featured_media":0,"parent":0,"menu_order":17,"comment_status":"closed","ping_status":"closed","template":"","meta":{"_acf_changed":false,"rs_blank_template":"","rs_page_bg_color":"","slide_template_v7":"","footnotes":""},"class_list":["post-14007","page","type-page","status-publish","hentry"],"acf":[],"yoast_head":"<!-- This site is optimized with the Yoast SEO Premium plugin v27.6 (Yoast SEO v27.6) - https:\/\/yoast.com\/product\/yoast-seo-premium-wordpress\/ -->\n<title>Neuharze &#8211; EnviroFALK<\/title>\n<meta name=\"robots\" content=\"index, follow, max-snippet:-1, max-image-preview:large, max-video-preview:-1\" \/>\n<link rel=\"canonical\" href=\"https:\/\/www.envirofalk.com\/ch\/neuharze\/\" \/>\n<meta property=\"og:locale\" content=\"de_DE\" \/>\n<meta property=\"og:type\" content=\"article\" \/>\n<meta property=\"og:title\" content=\"Neuharze\" \/>\n<meta property=\"og:description\" content=\"[vc_section][vc_row full_width=&#187;stretch_row_content_no_spaces&#187;][vc_column][\/vc_column][\/vc_row][vc_row el_class=&#187;breadcrumbs-wrapper&#187;][vc_column][\/vc_column][\/vc_row][\/vc_section][vc_section][vc_row css_animation=&#187;slideInUp&#187; el_class=&#187;two-columns-row tablet-row&#187;][vc_column width=&#187;3\/4&#8243;][vc_custom_heading text=&#187;Neuharze in bester Qualit\u00e4t erhalten Sie bei EnviroFALK&#187; font_container=&#187;tag:h1|text_align:left&#187; use_theme_fonts=&#187;yes&#187;][vc_column_text]Mit mehr als 30 Jahren Erfahrung macht uns von EnviroFALK in Sachen Wasseraufbereitung niemand so schnell etwas vor. So sind wir nicht allein f\u00fcr unsere Wasseraufbereitungsanlagen, sondern auch f\u00fcr unsere qualitativ hochwertigen Ionenaustauscherharze bekannt. [\/vc_column_text][\/vc_column][vc_column width=&#187;1\/4&#8243;][\/vc_column][\/vc_row][\/vc_section][vc_section][vc_row el_class=&#187;tablet-row vertical-center&#187;][vc_column css_animation=&#187;slideInLeft&#187; [&hellip;]\" \/>\n<meta property=\"og:url\" content=\"https:\/\/www.envirofalk.com\/ch\/neuharze\/\" \/>\n<meta property=\"og:site_name\" content=\"EnviroFALK\" \/>\n<meta property=\"article:publisher\" content=\"https:\/\/www.facebook.com\/envirofalk\" \/>\n<meta property=\"article:modified_time\" content=\"2024-05-02T12:54:20+00:00\" \/>\n<meta name=\"twitter:card\" content=\"summary_large_image\" \/>\n<meta name=\"twitter:label1\" content=\"Gesch\u00e4tzte Lesezeit\" \/>\n\t<meta name=\"twitter:data1\" content=\"3\u00a0Minuten\" \/>\n<script type=\"application\/ld+json\" class=\"yoast-schema-graph\">{\"@context\":\"https:\\\/\\\/schema.org\",\"@graph\":[{\"@type\":\"WebPage\",\"@id\":\"https:\\\/\\\/www.envirofalk.com\\\/ch\\\/neuharze\\\/\",\"url\":\"https:\\\/\\\/www.envirofalk.com\\\/ch\\\/neuharze\\\/\",\"name\":\"Neuharze &#8211; EnviroFALK\",\"isPartOf\":{\"@id\":\"https:\\\/\\\/www.envirofalk.com\\\/ch\\\/#website\"},\"datePublished\":\"2024-04-18T06:41:40+00:00\",\"dateModified\":\"2024-05-02T12:54:20+00:00\",\"breadcrumb\":{\"@id\":\"https:\\\/\\\/www.envirofalk.com\\\/ch\\\/neuharze\\\/#breadcrumb\"},\"inLanguage\":\"de-CH\",\"potentialAction\":[{\"@type\":\"ReadAction\",\"target\":[\"https:\\\/\\\/www.envirofalk.com\\\/ch\\\/neuharze\\\/\"]}]},{\"@type\":\"BreadcrumbList\",\"@id\":\"https:\\\/\\\/www.envirofalk.com\\\/ch\\\/neuharze\\\/#breadcrumb\",\"itemListElement\":[{\"@type\":\"ListItem\",\"position\":1,\"name\":\"Home\",\"item\":\"https:\\\/\\\/www.envirofalk.com\\\/ch\\\/\"},{\"@type\":\"ListItem\",\"position\":2,\"name\":\"Neuharze\"}]},{\"@type\":\"WebSite\",\"@id\":\"https:\\\/\\\/www.envirofalk.com\\\/ch\\\/#website\",\"url\":\"https:\\\/\\\/www.envirofalk.com\\\/ch\\\/\",\"name\":\"EnviroFALK\",\"description\":\"Wasseraufbereitungsanlagen f\u00fcr Industrie, Gewerbe &amp; Labor\",\"publisher\":{\"@id\":\"https:\\\/\\\/www.envirofalk.com\\\/ch\\\/#organization\"},\"potentialAction\":[{\"@type\":\"SearchAction\",\"target\":{\"@type\":\"EntryPoint\",\"urlTemplate\":\"https:\\\/\\\/www.envirofalk.com\\\/ch\\\/?s={search_term_string}\"},\"query-input\":{\"@type\":\"PropertyValueSpecification\",\"valueRequired\":true,\"valueName\":\"search_term_string\"}}],\"inLanguage\":\"de-CH\"},{\"@type\":\"Organization\",\"@id\":\"https:\\\/\\\/www.envirofalk.com\\\/ch\\\/#organization\",\"name\":\"EnviroFALK\",\"url\":\"https:\\\/\\\/www.envirofalk.com\\\/ch\\\/\",\"logo\":{\"@type\":\"ImageObject\",\"inLanguage\":\"de-CH\",\"@id\":\"https:\\\/\\\/www.envirofalk.com\\\/ch\\\/#\\\/schema\\\/logo\\\/image\\\/\",\"url\":\"https:\\\/\\\/www.envirofalk.com\\\/wp-content\\\/uploads\\\/2023\\\/01\\\/logo.svg\",\"contentUrl\":\"https:\\\/\\\/www.envirofalk.com\\\/wp-content\\\/uploads\\\/2023\\\/01\\\/logo.svg\",\"caption\":\"EnviroFALK\"},\"image\":{\"@id\":\"https:\\\/\\\/www.envirofalk.com\\\/ch\\\/#\\\/schema\\\/logo\\\/image\\\/\"},\"sameAs\":[\"https:\\\/\\\/www.facebook.com\\\/envirofalk\",\"https:\\\/\\\/www.linkedin.com\\\/company\\\/envirofalk-gmbh\",\"https:\\\/\\\/www.youtube.com\\\/channel\\\/UCM1L-2K6cfBbP3aYgJGbVdA\"],\"description\":\"EnviroFALK Prozesswassertechnik ist Ihr Spezialist f\u00fcr ma\u00dfgeschneiderte Wasseraufbereitungsl\u00f6sungen in der Industrie. Wir bieten innovative Technologien f\u00fcr die Erzeugung und Aufbereitung von Prozesswasser, um h\u00f6chste Effizienz und Qualit\u00e4t in Ihren Produktionsprozessen zu gew\u00e4hrleisten. Mit jahrzehntelanger Erfahrung entwickeln wir nachhaltige und ressourcenschonende L\u00f6sungen, die exakt auf die Anforderungen unserer Kunden abgestimmt sind. Unsere Leistungen umfassen die Filtration, Enth\u00e4rtung, Entsalzung und R\u00fcckgewinnung von Wasser f\u00fcr verschiedenste Anwendungen \u2013 von der Metallverarbeitung bis zur Lebensmittelindustrie. Unsere Experten begleiten Sie von der Planung \u00fcber die Implementierung bis hin zum Service, um eine zuverl\u00e4ssige und wirtschaftliche Wasseraufbereitung sicherzustellen.\",\"email\":\"info@envirofalk.com\",\"telephone\":\"+49 2663 9908-0\",\"legalName\":\"EnviroFALK GmbH\",\"foundingDate\":\"1989-05-01\"}]}<\/script>\n<!-- \/ Yoast SEO Premium plugin. -->","yoast_head_json":{"title":"Neuharze &#8211; EnviroFALK","robots":{"index":"index","follow":"follow","max-snippet":"max-snippet:-1","max-image-preview":"max-image-preview:large","max-video-preview":"max-video-preview:-1"},"canonical":"https:\/\/www.envirofalk.com\/ch\/neuharze\/","og_locale":"de_DE","og_type":"article","og_title":"Neuharze","og_description":"[vc_section][vc_row full_width=&#187;stretch_row_content_no_spaces&#187;][vc_column][\/vc_column][\/vc_row][vc_row el_class=&#187;breadcrumbs-wrapper&#187;][vc_column][\/vc_column][\/vc_row][\/vc_section][vc_section][vc_row css_animation=&#187;slideInUp&#187; el_class=&#187;two-columns-row tablet-row&#187;][vc_column width=&#187;3\/4&#8243;][vc_custom_heading text=&#187;Neuharze in bester Qualit\u00e4t erhalten Sie bei EnviroFALK&#187; font_container=&#187;tag:h1|text_align:left&#187; use_theme_fonts=&#187;yes&#187;][vc_column_text]Mit mehr als 30 Jahren Erfahrung macht uns von EnviroFALK in Sachen Wasseraufbereitung niemand so schnell etwas vor. So sind wir nicht allein f\u00fcr unsere Wasseraufbereitungsanlagen, sondern auch f\u00fcr unsere qualitativ hochwertigen Ionenaustauscherharze bekannt. [\/vc_column_text][\/vc_column][vc_column width=&#187;1\/4&#8243;][\/vc_column][\/vc_row][\/vc_section][vc_section][vc_row el_class=&#187;tablet-row vertical-center&#187;][vc_column css_animation=&#187;slideInLeft&#187; [&hellip;]","og_url":"https:\/\/www.envirofalk.com\/ch\/neuharze\/","og_site_name":"EnviroFALK","article_publisher":"https:\/\/www.facebook.com\/envirofalk","article_modified_time":"2024-05-02T12:54:20+00:00","twitter_card":"summary_large_image","twitter_misc":{"Gesch\u00e4tzte Lesezeit":"3\u00a0Minuten"},"schema":{"@context":"https:\/\/schema.org","@graph":[{"@type":"WebPage","@id":"https:\/\/www.envirofalk.com\/ch\/neuharze\/","url":"https:\/\/www.envirofalk.com\/ch\/neuharze\/","name":"Neuharze &#8211; EnviroFALK","isPartOf":{"@id":"https:\/\/www.envirofalk.com\/ch\/#website"},"datePublished":"2024-04-18T06:41:40+00:00","dateModified":"2024-05-02T12:54:20+00:00","breadcrumb":{"@id":"https:\/\/www.envirofalk.com\/ch\/neuharze\/#breadcrumb"},"inLanguage":"de-CH","potentialAction":[{"@type":"ReadAction","target":["https:\/\/www.envirofalk.com\/ch\/neuharze\/"]}]},{"@type":"BreadcrumbList","@id":"https:\/\/www.envirofalk.com\/ch\/neuharze\/#breadcrumb","itemListElement":[{"@type":"ListItem","position":1,"name":"Home","item":"https:\/\/www.envirofalk.com\/ch\/"},{"@type":"ListItem","position":2,"name":"Neuharze"}]},{"@type":"WebSite","@id":"https:\/\/www.envirofalk.com\/ch\/#website","url":"https:\/\/www.envirofalk.com\/ch\/","name":"EnviroFALK","description":"Wasseraufbereitungsanlagen f\u00fcr Industrie, Gewerbe &amp; Labor","publisher":{"@id":"https:\/\/www.envirofalk.com\/ch\/#organization"},"potentialAction":[{"@type":"SearchAction","target":{"@type":"EntryPoint","urlTemplate":"https:\/\/www.envirofalk.com\/ch\/?s={search_term_string}"},"query-input":{"@type":"PropertyValueSpecification","valueRequired":true,"valueName":"search_term_string"}}],"inLanguage":"de-CH"},{"@type":"Organization","@id":"https:\/\/www.envirofalk.com\/ch\/#organization","name":"EnviroFALK","url":"https:\/\/www.envirofalk.com\/ch\/","logo":{"@type":"ImageObject","inLanguage":"de-CH","@id":"https:\/\/www.envirofalk.com\/ch\/#\/schema\/logo\/image\/","url":"https:\/\/www.envirofalk.com\/wp-content\/uploads\/2023\/01\/logo.svg","contentUrl":"https:\/\/www.envirofalk.com\/wp-content\/uploads\/2023\/01\/logo.svg","caption":"EnviroFALK"},"image":{"@id":"https:\/\/www.envirofalk.com\/ch\/#\/schema\/logo\/image\/"},"sameAs":["https:\/\/www.facebook.com\/envirofalk","https:\/\/www.linkedin.com\/company\/envirofalk-gmbh","https:\/\/www.youtube.com\/channel\/UCM1L-2K6cfBbP3aYgJGbVdA"],"description":"EnviroFALK Prozesswassertechnik ist Ihr Spezialist f\u00fcr ma\u00dfgeschneiderte Wasseraufbereitungsl\u00f6sungen in der Industrie. Wir bieten innovative Technologien f\u00fcr die Erzeugung und Aufbereitung von Prozesswasser, um h\u00f6chste Effizienz und Qualit\u00e4t in Ihren Produktionsprozessen zu gew\u00e4hrleisten. Mit jahrzehntelanger Erfahrung entwickeln wir nachhaltige und ressourcenschonende L\u00f6sungen, die exakt auf die Anforderungen unserer Kunden abgestimmt sind. Unsere Leistungen umfassen die Filtration, Enth\u00e4rtung, Entsalzung und R\u00fcckgewinnung von Wasser f\u00fcr verschiedenste Anwendungen \u2013 von der Metallverarbeitung bis zur Lebensmittelindustrie. Unsere Experten begleiten Sie von der Planung \u00fcber die Implementierung bis hin zum Service, um eine zuverl\u00e4ssige und wirtschaftliche Wasseraufbereitung sicherzustellen.","email":"info@envirofalk.com","telephone":"+49 2663 9908-0","legalName":"EnviroFALK GmbH","foundingDate":"1989-05-01"}]}},"_links":{"self":[{"href":"https:\/\/www.envirofalk.com\/ch\/wp-json\/wp\/v2\/pages\/14007","targetHints":{"allow":["GET"]}}],"collection":[{"href":"https:\/\/www.envirofalk.com\/ch\/wp-json\/wp\/v2\/pages"}],"about":[{"href":"https:\/\/www.envirofalk.com\/ch\/wp-json\/wp\/v2\/types\/page"}],"author":[{"embeddable":true,"href":"https:\/\/www.envirofalk.com\/ch\/wp-json\/wp\/v2\/users\/3"}],"replies":[{"embeddable":true,"href":"https:\/\/www.envirofalk.com\/ch\/wp-json\/wp\/v2\/comments?post=14007"}],"version-history":[{"count":3,"href":"https:\/\/www.envirofalk.com\/ch\/wp-json\/wp\/v2\/pages\/14007\/revisions"}],"predecessor-version":[{"id":14688,"href":"https:\/\/www.envirofalk.com\/ch\/wp-json\/wp\/v2\/pages\/14007\/revisions\/14688"}],"wp:attachment":[{"href":"https:\/\/www.envirofalk.com\/ch\/wp-json\/wp\/v2\/media?parent=14007"}],"curies":[{"name":"wp","href":"https:\/\/api.w.org\/{rel}","templated":true}]}}