{"id":13996,"date":"2024-04-18T08:30:30","date_gmt":"2024-04-18T06:30:30","guid":{"rendered":"https:\/\/www.envirofalk.com\/?page_id=13996"},"modified":"2024-05-08T15:58:34","modified_gmt":"2024-05-08T13:58:34","slug":"leistungen-fuer-mitarbeiter","status":"publish","type":"page","link":"https:\/\/www.envirofalk.com\/ch\/karriere\/leistungen-fuer-mitarbeiter\/","title":{"rendered":"Leistungen f\u00fcr Mitarbeiter"},"content":{"rendered":"<div class=\"wpb-content-wrapper\"><p>[vc_section][vc_row full_width=&#187;stretch_row_content_no_spaces&#187;][vc_column]<div class=\"custom-top-banner img-box   has-icon\" style=\"background-image: url(https:\/\/www.envirofalk.com\/wp-content\/uploads\/2023\/08\/EnviroFALK_Mitarbeiter_Wasseraufbereitungsanlage.jpg)\"><div class=\"container relative\"><div class=\"text-box\"><div class=\"slideInRight animated\"><img decoding=\"async\" width=\"1\" height=\"1\" src=\"https:\/\/www.envirofalk.com\/wp-content\/uploads\/2023\/09\/Wasseraufbereitung_EnviroFALK_Logo.svg\" class=\"attachment-120x120 size-120x120\" alt=\"EnviroFALK-Logo Icon\" \/><p>Vorteile und Zusatzleistungen f\u00fcr <strong>Mitarbeiter<\/strong><\/p><\/div><\/div><\/div><\/div>[\/vc_column][\/vc_row][vc_row el_class=&#187;breadcrumbs-wrapper&#187;][vc_column]<div class=\"breadcrumbs\"><label><\/label> <a href=\"https:\/\/www.envirofalk.com\/ch\/\">Home<\/a><\/div>[\/vc_column][\/vc_row][\/vc_section][vc_section][vc_row css_animation=&#187;slideInUp&#187; el_class=&#187;tablet-row&#187;][vc_column width=&#187;3\/4&#8243;][vc_custom_heading text=&#187;Wir sagen danke!&#187; font_container=&#187;tag:h1|text_align:left&#187; use_theme_fonts=&#187;yes&#187;][vc_column_text]Unter dem Credo \u201eWasser intelligent nutzen\u201c haben unsere Mitarbeiterinnen und Mitarbeiter uns zu dem gemacht, was wir heute sind. Die Experten f\u00fcr Wasseraufbereitungsanlagen f\u00fcr ausgew\u00e4hlte Industriebranchen, Gewerbebetriebe, Labor-, Krankenhaus und Medizintechnik. Daf\u00fcr sagen wir danke, mit einem umfangreichen Paket an Zusatzleistungen.[\/vc_column_text][\/vc_column][vc_column width=&#187;1\/4&#8243;]<div class=\"online-consultant-box  wpb_content_element\"><div class=\"online-consultant\"><div><div class=\"person-info\"><h5>Anna Maria Palmieri<\/h5><ul class=\"person-list\"><li><a href=\"tel:+41 41 7403748\">+41 41 7403748<\/a><\/li><\/ul><\/div><a href=\"#beratung\" target=\"_self\" class=\"custom-btn show-modal\"><i class=\"icon-chevron-right\"><\/i>Jetzt anfragen!<\/a><\/div><div class=\"relative\"><svg xmlns=\"http:\/\/www.w3.org\/2000\/svg\" viewBox=\"0 0 32.83 32.83\">\n\t\t\t\t\t\t\t\t\t<defs>\n\t\t\t\t\t\t\t\t\t\t<linearGradient id=\"gradient\" x1=\"0%\" y1=\"0%\" x2=\"0%\" y2=\"100%\" gradientTransform=\"rotate(-135)\">\n\t\t\t\t\t\t\t\t\t\t\t<stop offset=\"0%\" stop-color=\"#97be0d\"\/>\n\t\t\t\t\t\t\t\t\t\t\t\t<stop offset=\"100%\" stop-color=\"rgba(255, 255, 255, 0)\"\/>\n\t\t\t\t\t\t\t\t\t\t<\/linearGradient>\n\t\t\t\t\t\t\t\t\t<\/defs>\n\t\t\t\t\t\t\t\t\t<path class=\"wpb_animate_when_almost_visible circular-progress\" stroke=\"url(#gradient)\" stroke-width=\"1\" stroke-dasharray=\"100, 100\" fill=\"none\" d=\"M18,2.08a15.92,15.92,0,0,1,0,31.84h0A15.92,15.92,0,0,1,18,2.08\" transform=\"translate(-1.59 -1.58)\"\/>\n                            \t<\/svg><span><img decoding=\"async\" width=\"800\" height=\"800\" src=\"https:\/\/www.envirofalk.com\/wp-content\/uploads\/2023\/08\/Anna-Maria-Palmieri_Ansprechpartner.png\" class=\"attachment-full size-full\" alt=\"\" srcset=\"https:\/\/www.envirofalk.com\/wp-content\/uploads\/2023\/08\/Anna-Maria-Palmieri_Ansprechpartner.png 800w, https:\/\/www.envirofalk.com\/wp-content\/uploads\/2023\/08\/Anna-Maria-Palmieri_Ansprechpartner-350x350.png 350w, https:\/\/www.envirofalk.com\/wp-content\/uploads\/2023\/08\/Anna-Maria-Palmieri_Ansprechpartner-150x150.png 150w, https:\/\/www.envirofalk.com\/wp-content\/uploads\/2023\/08\/Anna-Maria-Palmieri_Ansprechpartner-768x768.png 768w\" sizes=\"(max-width: 800px) 100vw, 800px\" \/><\/span><\/div><\/div><\/div>[\/vc_column][\/vc_row][vc_row][vc_column css_animation=&#187;fadeInUpBig&#187;]<div class=\"teaser-boxes wpb_content_element\"><div><a href=\"#\" target=\"_self\"><figure class=\"img-box \" style=\"background-image: url(https:\/\/www.envirofalk.com\/wp-content\/uploads\/2023\/09\/EF_Leistungen_Seminar_910x500-c1d6a700.webp)\"><\/figure><\/a><div class=\"text-box\"><h3 class=\"entry-title no-icon\"><a href=\"#\" target=\"_self\">Weiterbildung, die begeistert<\/a><\/h3><div class=\"wpb_text_column\">Profitieren Sie von individuellen Weiterbildungsm\u00f6glichkeiten, einschlie\u00dflich unseres betriebsinternen Trainingsprogramms und externer Fachseminare. Wir bieten au\u00dferdem passende Englischkurse f\u00fcr alle Sprachniveaus an, um sicherzustellen, dass Sie beruflich erfolgreich sind.<\/div><\/div><\/div><div><a href=\"#\" target=\"_self\"><figure class=\"img-box \" style=\"background-image: url(https:\/\/www.envirofalk.com\/wp-content\/uploads\/2023\/09\/Firmenfeier_EnviroFALK.jpg)\"><\/figure><\/a><div class=\"text-box\"><h3 class=\"entry-title no-icon\"><a href=\"#\" target=\"_self\">Wohlf\u00fchlfaktor, der verbindet<\/a><\/h3><div class=\"wpb_text_column\">Bei uns steht die perfekte Balance zwischen Familie und Beruf im Mittelpunkt. Im Westerwald sind wir f\u00fcr unsere Feierfreude bekannt \u2013 sei es bei Jahresfeiern, Sommerfesten oder Jubil\u00e4en. Und vergessen Sie nicht, in der Weihnachtszeit verw\u00f6hnen uns unsere Auszubildenden mit k\u00f6stlich selbstgebackenen Waffeln. Ein Genuss f\u00fcr alle Sinne!<\/div><\/div><\/div><div><a href=\"#\" target=\"_self\"><figure class=\"img-box \" style=\"background-image: url(https:\/\/www.envirofalk.com\/wp-content\/uploads\/2023\/09\/Leistungen_Mitarbeiter.jpg)\"><\/figure><\/a><div class=\"text-box\"><h3 class=\"entry-title no-icon\"><a href=\"#\" target=\"_self\">Sportangebote, die fit halten<\/a><\/h3><div class=\"wpb_text_column\">Mit JobRad sind Sie clever und kosteng\u00fcnstig mobil \u2013 sowohl auf dem Weg zur Arbeit als auch in Ihrer Freizeit. Sie k\u00f6nnen Ihr Traumfahrrad bequem \u00fcber Ihre monatliche Gehaltsabrechnung finanzieren und dabei Geld sparen, dank steuerlicher Vorteile. Aber nicht nur das: Beim Firmenlauf geht es bei uns nicht nur ums Laufen, sondern um Teamgeist und jede Menge Spa\u00df. Also schnappen Sie sich Ihre Laufschuhe und machen Sie mit!<\/div><\/div><\/div><div><a href=\"#\" target=\"_self\"><figure class=\"img-box \" style=\"background-image: url(https:\/\/www.envirofalk.com\/wp-content\/uploads\/2023\/09\/EF_Leistungen_Salat_910x500-0e49ed7c.webp)\"><\/figure><\/a><div class=\"text-box\"><h3 class=\"entry-title no-icon\"><a href=\"#\" target=\"_self\">Einfach lecker, der gesunde Pausengenuss<\/a><\/h3><div class=\"wpb_text_column\">Bei uns wird zweimal w\u00f6chentlich frisch gekocht, damit Sie Ihr Lieblings-Mittagessen aus verschiedenen Men\u00fcs w\u00e4hlen k\u00f6nnen. Am Mittwochnachmittag bieten wir Ihnen einen gesunden Snack mit knackigem Obst und leckerem Gem\u00fcse direkt von unserem Bio-Bauern. Und f\u00fcr die genussvollen Momente steht eine Auswahl an Kaffeespezialit\u00e4ten sowie kostenloses Wasser bereit.<\/div><\/div><\/div><div><a href=\"#\" target=\"_self\"><figure class=\"img-box \" style=\"background-image: url(https:\/\/www.envirofalk.com\/wp-content\/uploads\/2023\/09\/Leistungen_EnviroFALK_Altersvorsorge.jpg)\"><\/figure><\/a><div class=\"text-box\"><h3 class=\"entry-title no-icon\"><a href=\"#\" target=\"_self\">Leistungen, die absichern<\/a><\/h3><div class=\"wpb_text_column\">Durch unsere betriebliche Altersvorsorge k\u00fcmmern wir uns um die Absicherung unserer Mitarbeiter - f\u00fcr die finanzielle Sicherheit im wohlverdienten Ruhestand. Hier werden Sie von kompetenten Fachkr\u00e4ften beraten und unterst\u00fctzt!<\/div><\/div><\/div><div><a href=\"https:\/\/envirofalk.com\/ch\/unternehmen\/unsere-werte\/\" target=\"_self\"><figure class=\"img-box \" style=\"background-image: url(https:\/\/www.envirofalk.com\/wp-content\/uploads\/2023\/09\/EF_Leistungen_Werte.jpg)\"><\/figure><\/a><div class=\"text-box\"><h3 class=\"entry-title no-icon\"><a href=\"https:\/\/envirofalk.com\/ch\/unternehmen\/unsere-werte\/\" target=\"_self\">Respekt und Hilfsbereitschaft, die verbindet<\/a><\/h3><div class=\"wpb_text_column\">In unserem Unternehmen sch\u00e4tzen wir Vielfalt in all ihren Facetten. Wir sind ein Team von Menschen, die anpacken, Probleme l\u00f6sen, vielseitig begabt sind und stets als verl\u00e4ssliche Ansprechpartner zur Verf\u00fcgung stehen. Wir sind Wegbereiter und manchmal auch die Feuerwehr in der Not. Vor allem aber sind wir hilfsbereite Kollegen, die zusammenhalten. Erfahren Sie mehr \u00fcber unsere gelebten Werte.<\/div><\/div><\/div><\/div>[\/vc_column][\/vc_row][vc_row][vc_column css_animation=&#187;fadeInLeft&#187;]<div class=\"pos_default cta-wrapper wpb_content_element\"><div class=\"text-box\"><div class=\"relative\"><h2 class=\"entry-title\">Zusatzleistungen in den EnviroFALK Niederlassungen<\/h2><p>Die Vorteile und Zusatzleistungen k\u00f6nnen - \u00fcber unseren Hauptstandort in Westerburg hinaus - in unseren bundesweiten EnviroFALK Niederlassungen strukturell unterschiedlich ausgestaltet sein.<br \/>\nInformationen zu den konkreten Benefits besprechen wir gerne mit Ihnen im Bewerbungsprozess.<\/p><a href=\"https:\/\/www.envirofalk.com\/karriere\/\" target=\"_self\" class=\"custom-btn outline light reverse\">Zu den Jobangeboten<i class=\"icon-chevron-right\"><\/i><\/a><\/div><\/div><figure class=\"img-box\" style=\"background-image: url(https:\/\/www.envirofalk.com\/wp-content\/uploads\/2023\/08\/Serviceteam_Wasseraufbereitung_Deutschland.jpg)\"><\/figure><\/div>[\/vc_column][\/vc_row][\/vc_section]<\/p>\n<\/div>","protected":false},"excerpt":{"rendered":"<p>[vc_section][vc_row full_width=&#187;stretch_row_content_no_spaces&#187;][vc_column][\/vc_column][\/vc_row][vc_row el_class=&#187;breadcrumbs-wrapper&#187;][vc_column][\/vc_column][\/vc_row][\/vc_section][vc_section][vc_row css_animation=&#187;slideInUp&#187; el_class=&#187;tablet-row&#187;][vc_column width=&#187;3\/4&#8243;][vc_custom_heading text=&#187;Wir sagen danke!&#187; font_container=&#187;tag:h1|text_align:left&#187; use_theme_fonts=&#187;yes&#187;][vc_column_text]Unter dem Credo \u201eWasser intelligent nutzen\u201c haben unsere Mitarbeiterinnen und Mitarbeiter uns zu dem gemacht, was wir heute sind. Die Experten f\u00fcr Wasseraufbereitungsanlagen f\u00fcr ausgew\u00e4hlte Industriebranchen, Gewerbebetriebe, Labor-, Krankenhaus und Medizintechnik. Daf\u00fcr sagen wir danke, mit einem umfangreichen Paket an Zusatzleistungen.[\/vc_column_text][\/vc_column][vc_column width=&#187;1\/4&#8243;][\/vc_column][\/vc_row][vc_row][vc_column css_animation=&#187;fadeInUpBig&#187;][\/vc_column][\/vc_row][vc_row][vc_column css_animation=&#187;fadeInLeft&#187;][\/vc_column][\/vc_row][\/vc_section]<\/p>\n","protected":false},"author":3,"featured_media":0,"parent":13980,"menu_order":0,"comment_status":"closed","ping_status":"closed","template":"","meta":{"_acf_changed":false,"rs_blank_template":"","rs_page_bg_color":"","slide_template_v7":"","footnotes":""},"class_list":["post-13996","page","type-page","status-publish","hentry"],"acf":[],"yoast_head":"<!-- This site is optimized with the Yoast SEO Premium plugin v27.3 (Yoast SEO v27.3) - https:\/\/yoast.com\/product\/yoast-seo-premium-wordpress\/ -->\n<title>Leistungen f\u00fcr Mitarbeiter &#8211; EnviroFALK<\/title>\n<meta name=\"robots\" content=\"index, follow, max-snippet:-1, max-image-preview:large, max-video-preview:-1\" \/>\n<link rel=\"canonical\" href=\"https:\/\/www.envirofalk.com\/ch\/karriere\/leistungen-fuer-mitarbeiter\/\" \/>\n<meta property=\"og:locale\" content=\"de_DE\" \/>\n<meta property=\"og:type\" content=\"article\" \/>\n<meta property=\"og:title\" content=\"Leistungen f\u00fcr Mitarbeiter\" \/>\n<meta property=\"og:description\" content=\"[vc_section][vc_row full_width=&#187;stretch_row_content_no_spaces&#187;][vc_column][\/vc_column][\/vc_row][vc_row el_class=&#187;breadcrumbs-wrapper&#187;][vc_column][\/vc_column][\/vc_row][\/vc_section][vc_section][vc_row css_animation=&#187;slideInUp&#187; el_class=&#187;tablet-row&#187;][vc_column width=&#187;3\/4&#8243;][vc_custom_heading text=&#187;Wir sagen danke!&#187; font_container=&#187;tag:h1|text_align:left&#187; use_theme_fonts=&#187;yes&#187;][vc_column_text]Unter dem Credo \u201eWasser intelligent nutzen\u201c haben unsere Mitarbeiterinnen und Mitarbeiter uns zu dem gemacht, was wir heute sind. Die Experten f\u00fcr Wasseraufbereitungsanlagen f\u00fcr ausgew\u00e4hlte Industriebranchen, Gewerbebetriebe, Labor-, Krankenhaus und Medizintechnik. Daf\u00fcr sagen wir danke, mit einem umfangreichen Paket an Zusatzleistungen.[\/vc_column_text][\/vc_column][vc_column width=&#187;1\/4&#8243;][\/vc_column][\/vc_row][vc_row][vc_column css_animation=&#187;fadeInUpBig&#187;][\/vc_column][\/vc_row][vc_row][vc_column css_animation=&#187;fadeInLeft&#187;][\/vc_column][\/vc_row][\/vc_section]\" \/>\n<meta property=\"og:url\" content=\"https:\/\/www.envirofalk.com\/ch\/karriere\/leistungen-fuer-mitarbeiter\/\" \/>\n<meta property=\"og:site_name\" content=\"EnviroFALK\" \/>\n<meta property=\"article:publisher\" content=\"https:\/\/www.facebook.com\/envirofalk\" \/>\n<meta property=\"article:modified_time\" content=\"2024-05-08T13:58:34+00:00\" \/>\n<meta name=\"twitter:card\" content=\"summary_large_image\" \/>\n<meta name=\"twitter:label1\" content=\"Gesch\u00e4tzte Lesezeit\" \/>\n\t<meta name=\"twitter:data1\" content=\"2\u00a0Minuten\" \/>\n<script type=\"application\/ld+json\" class=\"yoast-schema-graph\">{\"@context\":\"https:\\\/\\\/schema.org\",\"@graph\":[{\"@type\":\"WebPage\",\"@id\":\"https:\\\/\\\/www.envirofalk.com\\\/ch\\\/karriere\\\/leistungen-fuer-mitarbeiter\\\/\",\"url\":\"https:\\\/\\\/www.envirofalk.com\\\/ch\\\/karriere\\\/leistungen-fuer-mitarbeiter\\\/\",\"name\":\"Leistungen f\u00fcr Mitarbeiter &#8211; EnviroFALK\",\"isPartOf\":{\"@id\":\"https:\\\/\\\/www.envirofalk.com\\\/#website\"},\"datePublished\":\"2024-04-18T06:30:30+00:00\",\"dateModified\":\"2024-05-08T13:58:34+00:00\",\"breadcrumb\":{\"@id\":\"https:\\\/\\\/www.envirofalk.com\\\/ch\\\/karriere\\\/leistungen-fuer-mitarbeiter\\\/#breadcrumb\"},\"inLanguage\":\"de-CH\",\"potentialAction\":[{\"@type\":\"ReadAction\",\"target\":[\"https:\\\/\\\/www.envirofalk.com\\\/ch\\\/karriere\\\/leistungen-fuer-mitarbeiter\\\/\"]}]},{\"@type\":\"BreadcrumbList\",\"@id\":\"https:\\\/\\\/www.envirofalk.com\\\/ch\\\/karriere\\\/leistungen-fuer-mitarbeiter\\\/#breadcrumb\",\"itemListElement\":[{\"@type\":\"ListItem\",\"position\":1,\"name\":\"Home\",\"item\":\"https:\\\/\\\/www.envirofalk.com\\\/ch\\\/\"},{\"@type\":\"ListItem\",\"position\":2,\"name\":\"Karriere\",\"item\":\"https:\\\/\\\/www.envirofalk.com\\\/ch\\\/karriere\\\/\"},{\"@type\":\"ListItem\",\"position\":3,\"name\":\"Leistungen f\u00fcr Mitarbeiter\"}]},{\"@type\":\"WebSite\",\"@id\":\"https:\\\/\\\/www.envirofalk.com\\\/#website\",\"url\":\"https:\\\/\\\/www.envirofalk.com\\\/\",\"name\":\"EnviroFALK\",\"description\":\"Wasseraufbereitungsanlagen f\u00fcr Industrie, Gewerbe &amp; Labor\",\"publisher\":{\"@id\":\"https:\\\/\\\/www.envirofalk.com\\\/#organization\"},\"potentialAction\":[{\"@type\":\"SearchAction\",\"target\":{\"@type\":\"EntryPoint\",\"urlTemplate\":\"https:\\\/\\\/www.envirofalk.com\\\/?s={search_term_string}\"},\"query-input\":{\"@type\":\"PropertyValueSpecification\",\"valueRequired\":true,\"valueName\":\"search_term_string\"}}],\"inLanguage\":\"de-CH\"},{\"@type\":\"Organization\",\"@id\":\"https:\\\/\\\/www.envirofalk.com\\\/#organization\",\"name\":\"EnviroFALK\",\"url\":\"https:\\\/\\\/www.envirofalk.com\\\/\",\"logo\":{\"@type\":\"ImageObject\",\"inLanguage\":\"de-CH\",\"@id\":\"https:\\\/\\\/www.envirofalk.com\\\/#\\\/schema\\\/logo\\\/image\\\/\",\"url\":\"https:\\\/\\\/www.envirofalk.com\\\/wp-content\\\/uploads\\\/2023\\\/01\\\/logo.svg\",\"contentUrl\":\"https:\\\/\\\/www.envirofalk.com\\\/wp-content\\\/uploads\\\/2023\\\/01\\\/logo.svg\",\"caption\":\"EnviroFALK\"},\"image\":{\"@id\":\"https:\\\/\\\/www.envirofalk.com\\\/#\\\/schema\\\/logo\\\/image\\\/\"},\"sameAs\":[\"https:\\\/\\\/www.facebook.com\\\/envirofalk\",\"https:\\\/\\\/www.linkedin.com\\\/company\\\/envirofalk-gmbh\",\"https:\\\/\\\/www.youtube.com\\\/channel\\\/UCM1L-2K6cfBbP3aYgJGbVdA\"],\"description\":\"EnviroFALK Prozesswassertechnik ist Ihr Spezialist f\u00fcr ma\u00dfgeschneiderte Wasseraufbereitungsl\u00f6sungen in der Industrie. Wir bieten innovative Technologien f\u00fcr die Erzeugung und Aufbereitung von Prozesswasser, um h\u00f6chste Effizienz und Qualit\u00e4t in Ihren Produktionsprozessen zu gew\u00e4hrleisten. Mit jahrzehntelanger Erfahrung entwickeln wir nachhaltige und ressourcenschonende L\u00f6sungen, die exakt auf die Anforderungen unserer Kunden abgestimmt sind. Unsere Leistungen umfassen die Filtration, Enth\u00e4rtung, Entsalzung und R\u00fcckgewinnung von Wasser f\u00fcr verschiedenste Anwendungen \u2013 von der Metallverarbeitung bis zur Lebensmittelindustrie. Unsere Experten begleiten Sie von der Planung \u00fcber die Implementierung bis hin zum Service, um eine zuverl\u00e4ssige und wirtschaftliche Wasseraufbereitung sicherzustellen.\",\"email\":\"info@envirofalk.com\",\"telephone\":\"+49 2663 9908-0\",\"legalName\":\"EnviroFALK GmbH\",\"foundingDate\":\"1989-05-01\"}]}<\/script>\n<!-- \/ Yoast SEO Premium plugin. -->","yoast_head_json":{"title":"Leistungen f\u00fcr Mitarbeiter &#8211; EnviroFALK","robots":{"index":"index","follow":"follow","max-snippet":"max-snippet:-1","max-image-preview":"max-image-preview:large","max-video-preview":"max-video-preview:-1"},"canonical":"https:\/\/www.envirofalk.com\/ch\/karriere\/leistungen-fuer-mitarbeiter\/","og_locale":"de_DE","og_type":"article","og_title":"Leistungen f\u00fcr Mitarbeiter","og_description":"[vc_section][vc_row full_width=&#187;stretch_row_content_no_spaces&#187;][vc_column][\/vc_column][\/vc_row][vc_row el_class=&#187;breadcrumbs-wrapper&#187;][vc_column][\/vc_column][\/vc_row][\/vc_section][vc_section][vc_row css_animation=&#187;slideInUp&#187; el_class=&#187;tablet-row&#187;][vc_column width=&#187;3\/4&#8243;][vc_custom_heading text=&#187;Wir sagen danke!&#187; font_container=&#187;tag:h1|text_align:left&#187; use_theme_fonts=&#187;yes&#187;][vc_column_text]Unter dem Credo \u201eWasser intelligent nutzen\u201c haben unsere Mitarbeiterinnen und Mitarbeiter uns zu dem gemacht, was wir heute sind. Die Experten f\u00fcr Wasseraufbereitungsanlagen f\u00fcr ausgew\u00e4hlte Industriebranchen, Gewerbebetriebe, Labor-, Krankenhaus und Medizintechnik. Daf\u00fcr sagen wir danke, mit einem umfangreichen Paket an Zusatzleistungen.[\/vc_column_text][\/vc_column][vc_column width=&#187;1\/4&#8243;][\/vc_column][\/vc_row][vc_row][vc_column css_animation=&#187;fadeInUpBig&#187;][\/vc_column][\/vc_row][vc_row][vc_column css_animation=&#187;fadeInLeft&#187;][\/vc_column][\/vc_row][\/vc_section]","og_url":"https:\/\/www.envirofalk.com\/ch\/karriere\/leistungen-fuer-mitarbeiter\/","og_site_name":"EnviroFALK","article_publisher":"https:\/\/www.facebook.com\/envirofalk","article_modified_time":"2024-05-08T13:58:34+00:00","twitter_card":"summary_large_image","twitter_misc":{"Gesch\u00e4tzte Lesezeit":"2\u00a0Minuten"},"schema":{"@context":"https:\/\/schema.org","@graph":[{"@type":"WebPage","@id":"https:\/\/www.envirofalk.com\/ch\/karriere\/leistungen-fuer-mitarbeiter\/","url":"https:\/\/www.envirofalk.com\/ch\/karriere\/leistungen-fuer-mitarbeiter\/","name":"Leistungen f\u00fcr Mitarbeiter &#8211; EnviroFALK","isPartOf":{"@id":"https:\/\/www.envirofalk.com\/#website"},"datePublished":"2024-04-18T06:30:30+00:00","dateModified":"2024-05-08T13:58:34+00:00","breadcrumb":{"@id":"https:\/\/www.envirofalk.com\/ch\/karriere\/leistungen-fuer-mitarbeiter\/#breadcrumb"},"inLanguage":"de-CH","potentialAction":[{"@type":"ReadAction","target":["https:\/\/www.envirofalk.com\/ch\/karriere\/leistungen-fuer-mitarbeiter\/"]}]},{"@type":"BreadcrumbList","@id":"https:\/\/www.envirofalk.com\/ch\/karriere\/leistungen-fuer-mitarbeiter\/#breadcrumb","itemListElement":[{"@type":"ListItem","position":1,"name":"Home","item":"https:\/\/www.envirofalk.com\/ch\/"},{"@type":"ListItem","position":2,"name":"Karriere","item":"https:\/\/www.envirofalk.com\/ch\/karriere\/"},{"@type":"ListItem","position":3,"name":"Leistungen f\u00fcr Mitarbeiter"}]},{"@type":"WebSite","@id":"https:\/\/www.envirofalk.com\/#website","url":"https:\/\/www.envirofalk.com\/","name":"EnviroFALK","description":"Wasseraufbereitungsanlagen f\u00fcr Industrie, Gewerbe &amp; Labor","publisher":{"@id":"https:\/\/www.envirofalk.com\/#organization"},"potentialAction":[{"@type":"SearchAction","target":{"@type":"EntryPoint","urlTemplate":"https:\/\/www.envirofalk.com\/?s={search_term_string}"},"query-input":{"@type":"PropertyValueSpecification","valueRequired":true,"valueName":"search_term_string"}}],"inLanguage":"de-CH"},{"@type":"Organization","@id":"https:\/\/www.envirofalk.com\/#organization","name":"EnviroFALK","url":"https:\/\/www.envirofalk.com\/","logo":{"@type":"ImageObject","inLanguage":"de-CH","@id":"https:\/\/www.envirofalk.com\/#\/schema\/logo\/image\/","url":"https:\/\/www.envirofalk.com\/wp-content\/uploads\/2023\/01\/logo.svg","contentUrl":"https:\/\/www.envirofalk.com\/wp-content\/uploads\/2023\/01\/logo.svg","caption":"EnviroFALK"},"image":{"@id":"https:\/\/www.envirofalk.com\/#\/schema\/logo\/image\/"},"sameAs":["https:\/\/www.facebook.com\/envirofalk","https:\/\/www.linkedin.com\/company\/envirofalk-gmbh","https:\/\/www.youtube.com\/channel\/UCM1L-2K6cfBbP3aYgJGbVdA"],"description":"EnviroFALK Prozesswassertechnik ist Ihr Spezialist f\u00fcr ma\u00dfgeschneiderte Wasseraufbereitungsl\u00f6sungen in der Industrie. Wir bieten innovative Technologien f\u00fcr die Erzeugung und Aufbereitung von Prozesswasser, um h\u00f6chste Effizienz und Qualit\u00e4t in Ihren Produktionsprozessen zu gew\u00e4hrleisten. Mit jahrzehntelanger Erfahrung entwickeln wir nachhaltige und ressourcenschonende L\u00f6sungen, die exakt auf die Anforderungen unserer Kunden abgestimmt sind. Unsere Leistungen umfassen die Filtration, Enth\u00e4rtung, Entsalzung und R\u00fcckgewinnung von Wasser f\u00fcr verschiedenste Anwendungen \u2013 von der Metallverarbeitung bis zur Lebensmittelindustrie. Unsere Experten begleiten Sie von der Planung \u00fcber die Implementierung bis hin zum Service, um eine zuverl\u00e4ssige und wirtschaftliche Wasseraufbereitung sicherzustellen.","email":"info@envirofalk.com","telephone":"+49 2663 9908-0","legalName":"EnviroFALK GmbH","foundingDate":"1989-05-01"}]}},"_links":{"self":[{"href":"https:\/\/www.envirofalk.com\/ch\/wp-json\/wp\/v2\/pages\/13996","targetHints":{"allow":["GET"]}}],"collection":[{"href":"https:\/\/www.envirofalk.com\/ch\/wp-json\/wp\/v2\/pages"}],"about":[{"href":"https:\/\/www.envirofalk.com\/ch\/wp-json\/wp\/v2\/types\/page"}],"author":[{"embeddable":true,"href":"https:\/\/www.envirofalk.com\/ch\/wp-json\/wp\/v2\/users\/3"}],"replies":[{"embeddable":true,"href":"https:\/\/www.envirofalk.com\/ch\/wp-json\/wp\/v2\/comments?post=13996"}],"version-history":[{"count":3,"href":"https:\/\/www.envirofalk.com\/ch\/wp-json\/wp\/v2\/pages\/13996\/revisions"}],"predecessor-version":[{"id":15029,"href":"https:\/\/www.envirofalk.com\/ch\/wp-json\/wp\/v2\/pages\/13996\/revisions\/15029"}],"up":[{"embeddable":true,"href":"https:\/\/www.envirofalk.com\/ch\/wp-json\/wp\/v2\/pages\/13980"}],"wp:attachment":[{"href":"https:\/\/www.envirofalk.com\/ch\/wp-json\/wp\/v2\/media?parent=13996"}],"curies":[{"name":"wp","href":"https:\/\/api.w.org\/{rel}","templated":true}]}}