{"id":13995,"date":"2024-04-18T08:30:04","date_gmt":"2024-04-18T06:30:04","guid":{"rendered":"https:\/\/www.envirofalk.com\/?page_id=13995"},"modified":"2024-04-18T08:30:04","modified_gmt":"2024-04-18T06:30:04","slug":"diplomarbeiten-und-praktika","status":"publish","type":"page","link":"https:\/\/www.envirofalk.com\/ch\/karriere\/diplomarbeiten-und-praktika\/","title":{"rendered":"Diplomarbeiten und Praktika"},"content":{"rendered":"<div class=\"wpb-content-wrapper\"><p>[vc_section][vc_row full_width=&#187;stretch_row_content_no_spaces&#187;][vc_column]<div class=\"custom-top-banner img-box   \" style=\"background-image: url(https:\/\/www.envirofalk.com\/wp-content\/uploads\/2023\/09\/Diplomarbeit_Praktikum_EnviroFALK_Westerburg.jpg)\"><div class=\"container relative\"><div class=\"text-box\"><\/div><\/div><\/div>[\/vc_column][\/vc_row][vc_row el_class=&#187;breadcrumbs-wrapper&#187;][vc_column]<div class=\"breadcrumbs\"><label><\/label> <a href=\"https:\/\/www.envirofalk.com\/ch\/\">Home<\/a><\/div>[\/vc_column][\/vc_row][\/vc_section][vc_section][vc_row css_animation=&#187;slideInUp&#187; el_class=&#187;tablet-row&#187;][vc_column width=&#187;3\/4&#8243;][vc_custom_heading text=&#187;Diplomarbeiten und Praktika&#187; font_container=&#187;tag:h1|text_align:left&#187; use_theme_fonts=&#187;yes&#187;][vc_column_text]<\/p>\n<h3>Sie sind im Studium und suchen praktische Erfahrung?<\/h3>\n<p>Ob Pflichtpraktikum oder auf freiwilliger Basis: Bei uns warten spannende Projekte auf dich. Und neben wertvoller Praxiserfahrung kannst du bei uns auch schon den einen oder anderen Kontakt sammeln. W\u00e4hrend deiner Zeit bei EnviroFALK \u00fcbernimmst du Verantwortung und arbeitest an aktuellen Projekten mit.<\/p>\n<p><strong>Du studierst Verfahrenstechnik, Maschinenbau, Chemieingenieurswesen, Chemie, Umwelttechnik, Anlagenbau oder Marketing?<\/strong> Wir vergeben regelm\u00e4\u00dfig Praktika, Diplom-, Bachelor- und Masterarbeiten dieser Fachrichtungen.<\/p>\n<p>Du hast das 4. Semester abgeschlossen und suchst f\u00fcr mindestens drei Monate ein Praktikum? Worauf wartest du noch? Bewirb dich bei EnviroFALK. Schnuppere in das Berufsleben und erhalte spannende Einblicke in die Welt der Wasser- und Reinstwasseraufbereitung f\u00fcr Industrie, Gewerbe, Krankenh\u00e4user, Labor- und Medizintechnik.[\/vc_column_text][\/vc_column][vc_column width=&#187;1\/4&#8243;]<div class=\"online-consultant-box  wpb_content_element\"><div class=\"online-consultant\"><div><div class=\"person-info\"><h5>Susanne Pfendesack<\/h5><ul class=\"person-list\"><li><a href=\"tel:+49 2663 9908-94\">+49 2663 9908-94<\/a><\/li><\/ul><\/div><a href=\"#beratung\" target=\"_self\" class=\"custom-btn show-modal\"><i class=\"icon-chevron-right\"><\/i>Jetzt anfragen!<\/a><\/div><div class=\"relative\"><svg xmlns=\"http:\/\/www.w3.org\/2000\/svg\" viewBox=\"0 0 32.83 32.83\">\n\t\t\t\t\t\t\t\t\t<defs>\n\t\t\t\t\t\t\t\t\t\t<linearGradient id=\"gradient\" x1=\"0%\" y1=\"0%\" x2=\"0%\" y2=\"100%\" gradientTransform=\"rotate(-135)\">\n\t\t\t\t\t\t\t\t\t\t\t<stop offset=\"0%\" stop-color=\"#97be0d\"\/>\n\t\t\t\t\t\t\t\t\t\t\t\t<stop offset=\"100%\" stop-color=\"rgba(255, 255, 255, 0)\"\/>\n\t\t\t\t\t\t\t\t\t\t<\/linearGradient>\n\t\t\t\t\t\t\t\t\t<\/defs>\n\t\t\t\t\t\t\t\t\t<path class=\"wpb_animate_when_almost_visible circular-progress\" stroke=\"url(#gradient)\" stroke-width=\"1\" stroke-dasharray=\"100, 100\" fill=\"none\" d=\"M18,2.08a15.92,15.92,0,0,1,0,31.84h0A15.92,15.92,0,0,1,18,2.08\" transform=\"translate(-1.59 -1.58)\"\/>\n                            \t<\/svg><span><img loading=\"lazy\" decoding=\"async\" width=\"800\" height=\"800\" src=\"https:\/\/www.envirofalk.com\/wp-content\/uploads\/2023\/07\/Susanne_Pfendesack_Jobs_EnviroFALK.png\" class=\"attachment-full size-full\" alt=\"Mitarbeiterin Susanne Pfendesack\" srcset=\"https:\/\/www.envirofalk.com\/wp-content\/uploads\/2023\/07\/Susanne_Pfendesack_Jobs_EnviroFALK.png 800w, https:\/\/www.envirofalk.com\/wp-content\/uploads\/2023\/07\/Susanne_Pfendesack_Jobs_EnviroFALK-350x350.png 350w, https:\/\/www.envirofalk.com\/wp-content\/uploads\/2023\/07\/Susanne_Pfendesack_Jobs_EnviroFALK-150x150.png 150w, https:\/\/www.envirofalk.com\/wp-content\/uploads\/2023\/07\/Susanne_Pfendesack_Jobs_EnviroFALK-768x768.png 768w\" sizes=\"auto, (max-width: 800px) 100vw, 800px\" \/><\/span><\/div><\/div><\/div>[\/vc_column][\/vc_row][vc_row][vc_column css_animation=&#187;fadeInUpBig&#187;]<div class=\"pos_default cta-wrapper wpb_content_element\"><div class=\"text-box\"><div class=\"relative\"><h2 class=\"entry-title\">Praktikum bei EnviroFALK? Hier kannst du schon mal reinschnuppern!<\/h2><p>Ausbildung oder Studium? Werkstatt oder B\u00fcro? Bei EnviroFALK kannst du es bereits w\u00e4hrend deiner Schulzeit ausprobieren und w\u00e4hrend eines Sch\u00fclerpraktikums herausfinden, wo deine wahren Talente liegen. Gewinne einen wertvollen Einblick in den Arbeitsalltag in einem Wassertechnik-Unternehmen<\/p><a href=\"https:\/\/www.youtube.com\/watch?v=X0fHfb6iKaM\" target=\"_blank\" class=\"custom-btn outline light reverse\">Blicke hinter die Kulissen!<i class=\"icon-chevron-right\"><\/i><\/a><\/div><\/div><figure class=\"img-box\" style=\"background-image: url(https:\/\/www.envirofalk.com\/wp-content\/uploads\/2023\/09\/Praktikum-beiEnviroFALK-Mietdenspecht.jpg)\"><\/figure><\/div>[\/vc_column][\/vc_row][vc_row][vc_column css_animation=&#187;fadeInLeft&#187;][\/vc_column][\/vc_row][\/vc_section]<\/p>\n<\/div>","protected":false},"excerpt":{"rendered":"<p>[vc_section][vc_row full_width=&#187;stretch_row_content_no_spaces&#187;][vc_column][\/vc_column][\/vc_row][vc_row el_class=&#187;breadcrumbs-wrapper&#187;][vc_column][\/vc_column][\/vc_row][\/vc_section][vc_section][vc_row css_animation=&#187;slideInUp&#187; el_class=&#187;tablet-row&#187;][vc_column width=&#187;3\/4&#8243;][vc_custom_heading text=&#187;Diplomarbeiten und Praktika&#187; font_container=&#187;tag:h1|text_align:left&#187; use_theme_fonts=&#187;yes&#187;][vc_column_text] Sie sind im Studium und suchen praktische Erfahrung? Ob Pflichtpraktikum oder auf freiwilliger Basis: Bei uns warten spannende Projekte auf dich. Und neben wertvoller Praxiserfahrung kannst du bei uns auch schon den einen oder anderen Kontakt sammeln. W\u00e4hrend deiner Zeit bei EnviroFALK \u00fcbernimmst du [&hellip;]<\/p>\n","protected":false},"author":3,"featured_media":0,"parent":13980,"menu_order":2,"comment_status":"closed","ping_status":"closed","template":"","meta":{"_acf_changed":false,"rs_blank_template":"","rs_page_bg_color":"","slide_template_v7":"","footnotes":""},"class_list":["post-13995","page","type-page","status-publish","hentry"],"acf":[],"yoast_head":"<!-- This site is optimized with the Yoast SEO Premium plugin v27.5 (Yoast SEO v27.5) - https:\/\/yoast.com\/product\/yoast-seo-premium-wordpress\/ -->\n<title>Diplomarbeiten und Praktika &#8211; EnviroFALK<\/title>\n<meta name=\"robots\" content=\"index, follow, max-snippet:-1, max-image-preview:large, max-video-preview:-1\" \/>\n<link rel=\"canonical\" href=\"https:\/\/www.envirofalk.com\/ch\/karriere\/diplomarbeiten-und-praktika\/\" \/>\n<meta property=\"og:locale\" content=\"de_DE\" \/>\n<meta property=\"og:type\" content=\"article\" \/>\n<meta property=\"og:title\" content=\"Diplomarbeiten und Praktika\" \/>\n<meta property=\"og:description\" content=\"[vc_section][vc_row full_width=&#187;stretch_row_content_no_spaces&#187;][vc_column][\/vc_column][\/vc_row][vc_row el_class=&#187;breadcrumbs-wrapper&#187;][vc_column][\/vc_column][\/vc_row][\/vc_section][vc_section][vc_row css_animation=&#187;slideInUp&#187; el_class=&#187;tablet-row&#187;][vc_column width=&#187;3\/4&#8243;][vc_custom_heading text=&#187;Diplomarbeiten und Praktika&#187; font_container=&#187;tag:h1|text_align:left&#187; use_theme_fonts=&#187;yes&#187;][vc_column_text] Sie sind im Studium und suchen praktische Erfahrung? Ob Pflichtpraktikum oder auf freiwilliger Basis: Bei uns warten spannende Projekte auf dich. Und neben wertvoller Praxiserfahrung kannst du bei uns auch schon den einen oder anderen Kontakt sammeln. W\u00e4hrend deiner Zeit bei EnviroFALK \u00fcbernimmst du [&hellip;]\" \/>\n<meta property=\"og:url\" content=\"https:\/\/www.envirofalk.com\/ch\/karriere\/diplomarbeiten-und-praktika\/\" \/>\n<meta property=\"og:site_name\" content=\"EnviroFALK\" \/>\n<meta property=\"article:publisher\" content=\"https:\/\/www.facebook.com\/envirofalk\" \/>\n<meta name=\"twitter:card\" content=\"summary_large_image\" \/>\n<meta name=\"twitter:label1\" content=\"Gesch\u00e4tzte Lesezeit\" \/>\n\t<meta name=\"twitter:data1\" content=\"1\u00a0Minute\" \/>\n<script type=\"application\/ld+json\" class=\"yoast-schema-graph\">{\"@context\":\"https:\\\/\\\/schema.org\",\"@graph\":[{\"@type\":\"WebPage\",\"@id\":\"https:\\\/\\\/www.envirofalk.com\\\/ch\\\/karriere\\\/diplomarbeiten-und-praktika\\\/\",\"url\":\"https:\\\/\\\/www.envirofalk.com\\\/ch\\\/karriere\\\/diplomarbeiten-und-praktika\\\/\",\"name\":\"Diplomarbeiten und Praktika &#8211; EnviroFALK\",\"isPartOf\":{\"@id\":\"https:\\\/\\\/www.envirofalk.com\\\/ch\\\/#website\"},\"datePublished\":\"2024-04-18T06:30:04+00:00\",\"breadcrumb\":{\"@id\":\"https:\\\/\\\/www.envirofalk.com\\\/ch\\\/karriere\\\/diplomarbeiten-und-praktika\\\/#breadcrumb\"},\"inLanguage\":\"de-CH\",\"potentialAction\":[{\"@type\":\"ReadAction\",\"target\":[\"https:\\\/\\\/www.envirofalk.com\\\/ch\\\/karriere\\\/diplomarbeiten-und-praktika\\\/\"]}]},{\"@type\":\"BreadcrumbList\",\"@id\":\"https:\\\/\\\/www.envirofalk.com\\\/ch\\\/karriere\\\/diplomarbeiten-und-praktika\\\/#breadcrumb\",\"itemListElement\":[{\"@type\":\"ListItem\",\"position\":1,\"name\":\"Home\",\"item\":\"https:\\\/\\\/www.envirofalk.com\\\/ch\\\/\"},{\"@type\":\"ListItem\",\"position\":2,\"name\":\"Karriere\",\"item\":\"https:\\\/\\\/www.envirofalk.com\\\/ch\\\/karriere\\\/\"},{\"@type\":\"ListItem\",\"position\":3,\"name\":\"Diplomarbeiten und Praktika\"}]},{\"@type\":\"WebSite\",\"@id\":\"https:\\\/\\\/www.envirofalk.com\\\/ch\\\/#website\",\"url\":\"https:\\\/\\\/www.envirofalk.com\\\/ch\\\/\",\"name\":\"EnviroFALK\",\"description\":\"Wasseraufbereitungsanlagen f\u00fcr Industrie, Gewerbe &amp; Labor\",\"publisher\":{\"@id\":\"https:\\\/\\\/www.envirofalk.com\\\/ch\\\/#organization\"},\"potentialAction\":[{\"@type\":\"SearchAction\",\"target\":{\"@type\":\"EntryPoint\",\"urlTemplate\":\"https:\\\/\\\/www.envirofalk.com\\\/ch\\\/?s={search_term_string}\"},\"query-input\":{\"@type\":\"PropertyValueSpecification\",\"valueRequired\":true,\"valueName\":\"search_term_string\"}}],\"inLanguage\":\"de-CH\"},{\"@type\":\"Organization\",\"@id\":\"https:\\\/\\\/www.envirofalk.com\\\/ch\\\/#organization\",\"name\":\"EnviroFALK\",\"url\":\"https:\\\/\\\/www.envirofalk.com\\\/ch\\\/\",\"logo\":{\"@type\":\"ImageObject\",\"inLanguage\":\"de-CH\",\"@id\":\"https:\\\/\\\/www.envirofalk.com\\\/ch\\\/#\\\/schema\\\/logo\\\/image\\\/\",\"url\":\"https:\\\/\\\/www.envirofalk.com\\\/wp-content\\\/uploads\\\/2023\\\/01\\\/logo.svg\",\"contentUrl\":\"https:\\\/\\\/www.envirofalk.com\\\/wp-content\\\/uploads\\\/2023\\\/01\\\/logo.svg\",\"caption\":\"EnviroFALK\"},\"image\":{\"@id\":\"https:\\\/\\\/www.envirofalk.com\\\/ch\\\/#\\\/schema\\\/logo\\\/image\\\/\"},\"sameAs\":[\"https:\\\/\\\/www.facebook.com\\\/envirofalk\",\"https:\\\/\\\/www.linkedin.com\\\/company\\\/envirofalk-gmbh\",\"https:\\\/\\\/www.youtube.com\\\/channel\\\/UCM1L-2K6cfBbP3aYgJGbVdA\"],\"description\":\"EnviroFALK Prozesswassertechnik ist Ihr Spezialist f\u00fcr ma\u00dfgeschneiderte Wasseraufbereitungsl\u00f6sungen in der Industrie. Wir bieten innovative Technologien f\u00fcr die Erzeugung und Aufbereitung von Prozesswasser, um h\u00f6chste Effizienz und Qualit\u00e4t in Ihren Produktionsprozessen zu gew\u00e4hrleisten. Mit jahrzehntelanger Erfahrung entwickeln wir nachhaltige und ressourcenschonende L\u00f6sungen, die exakt auf die Anforderungen unserer Kunden abgestimmt sind. Unsere Leistungen umfassen die Filtration, Enth\u00e4rtung, Entsalzung und R\u00fcckgewinnung von Wasser f\u00fcr verschiedenste Anwendungen \u2013 von der Metallverarbeitung bis zur Lebensmittelindustrie. Unsere Experten begleiten Sie von der Planung \u00fcber die Implementierung bis hin zum Service, um eine zuverl\u00e4ssige und wirtschaftliche Wasseraufbereitung sicherzustellen.\",\"email\":\"info@envirofalk.com\",\"telephone\":\"+49 2663 9908-0\",\"legalName\":\"EnviroFALK GmbH\",\"foundingDate\":\"1989-05-01\"}]}<\/script>\n<!-- \/ Yoast SEO Premium plugin. -->","yoast_head_json":{"title":"Diplomarbeiten und Praktika &#8211; EnviroFALK","robots":{"index":"index","follow":"follow","max-snippet":"max-snippet:-1","max-image-preview":"max-image-preview:large","max-video-preview":"max-video-preview:-1"},"canonical":"https:\/\/www.envirofalk.com\/ch\/karriere\/diplomarbeiten-und-praktika\/","og_locale":"de_DE","og_type":"article","og_title":"Diplomarbeiten und Praktika","og_description":"[vc_section][vc_row full_width=&#187;stretch_row_content_no_spaces&#187;][vc_column][\/vc_column][\/vc_row][vc_row el_class=&#187;breadcrumbs-wrapper&#187;][vc_column][\/vc_column][\/vc_row][\/vc_section][vc_section][vc_row css_animation=&#187;slideInUp&#187; el_class=&#187;tablet-row&#187;][vc_column width=&#187;3\/4&#8243;][vc_custom_heading text=&#187;Diplomarbeiten und Praktika&#187; font_container=&#187;tag:h1|text_align:left&#187; use_theme_fonts=&#187;yes&#187;][vc_column_text] Sie sind im Studium und suchen praktische Erfahrung? Ob Pflichtpraktikum oder auf freiwilliger Basis: Bei uns warten spannende Projekte auf dich. Und neben wertvoller Praxiserfahrung kannst du bei uns auch schon den einen oder anderen Kontakt sammeln. W\u00e4hrend deiner Zeit bei EnviroFALK \u00fcbernimmst du [&hellip;]","og_url":"https:\/\/www.envirofalk.com\/ch\/karriere\/diplomarbeiten-und-praktika\/","og_site_name":"EnviroFALK","article_publisher":"https:\/\/www.facebook.com\/envirofalk","twitter_card":"summary_large_image","twitter_misc":{"Gesch\u00e4tzte Lesezeit":"1\u00a0Minute"},"schema":{"@context":"https:\/\/schema.org","@graph":[{"@type":"WebPage","@id":"https:\/\/www.envirofalk.com\/ch\/karriere\/diplomarbeiten-und-praktika\/","url":"https:\/\/www.envirofalk.com\/ch\/karriere\/diplomarbeiten-und-praktika\/","name":"Diplomarbeiten und Praktika &#8211; EnviroFALK","isPartOf":{"@id":"https:\/\/www.envirofalk.com\/ch\/#website"},"datePublished":"2024-04-18T06:30:04+00:00","breadcrumb":{"@id":"https:\/\/www.envirofalk.com\/ch\/karriere\/diplomarbeiten-und-praktika\/#breadcrumb"},"inLanguage":"de-CH","potentialAction":[{"@type":"ReadAction","target":["https:\/\/www.envirofalk.com\/ch\/karriere\/diplomarbeiten-und-praktika\/"]}]},{"@type":"BreadcrumbList","@id":"https:\/\/www.envirofalk.com\/ch\/karriere\/diplomarbeiten-und-praktika\/#breadcrumb","itemListElement":[{"@type":"ListItem","position":1,"name":"Home","item":"https:\/\/www.envirofalk.com\/ch\/"},{"@type":"ListItem","position":2,"name":"Karriere","item":"https:\/\/www.envirofalk.com\/ch\/karriere\/"},{"@type":"ListItem","position":3,"name":"Diplomarbeiten und Praktika"}]},{"@type":"WebSite","@id":"https:\/\/www.envirofalk.com\/ch\/#website","url":"https:\/\/www.envirofalk.com\/ch\/","name":"EnviroFALK","description":"Wasseraufbereitungsanlagen f\u00fcr Industrie, Gewerbe &amp; Labor","publisher":{"@id":"https:\/\/www.envirofalk.com\/ch\/#organization"},"potentialAction":[{"@type":"SearchAction","target":{"@type":"EntryPoint","urlTemplate":"https:\/\/www.envirofalk.com\/ch\/?s={search_term_string}"},"query-input":{"@type":"PropertyValueSpecification","valueRequired":true,"valueName":"search_term_string"}}],"inLanguage":"de-CH"},{"@type":"Organization","@id":"https:\/\/www.envirofalk.com\/ch\/#organization","name":"EnviroFALK","url":"https:\/\/www.envirofalk.com\/ch\/","logo":{"@type":"ImageObject","inLanguage":"de-CH","@id":"https:\/\/www.envirofalk.com\/ch\/#\/schema\/logo\/image\/","url":"https:\/\/www.envirofalk.com\/wp-content\/uploads\/2023\/01\/logo.svg","contentUrl":"https:\/\/www.envirofalk.com\/wp-content\/uploads\/2023\/01\/logo.svg","caption":"EnviroFALK"},"image":{"@id":"https:\/\/www.envirofalk.com\/ch\/#\/schema\/logo\/image\/"},"sameAs":["https:\/\/www.facebook.com\/envirofalk","https:\/\/www.linkedin.com\/company\/envirofalk-gmbh","https:\/\/www.youtube.com\/channel\/UCM1L-2K6cfBbP3aYgJGbVdA"],"description":"EnviroFALK Prozesswassertechnik ist Ihr Spezialist f\u00fcr ma\u00dfgeschneiderte Wasseraufbereitungsl\u00f6sungen in der Industrie. Wir bieten innovative Technologien f\u00fcr die Erzeugung und Aufbereitung von Prozesswasser, um h\u00f6chste Effizienz und Qualit\u00e4t in Ihren Produktionsprozessen zu gew\u00e4hrleisten. Mit jahrzehntelanger Erfahrung entwickeln wir nachhaltige und ressourcenschonende L\u00f6sungen, die exakt auf die Anforderungen unserer Kunden abgestimmt sind. Unsere Leistungen umfassen die Filtration, Enth\u00e4rtung, Entsalzung und R\u00fcckgewinnung von Wasser f\u00fcr verschiedenste Anwendungen \u2013 von der Metallverarbeitung bis zur Lebensmittelindustrie. Unsere Experten begleiten Sie von der Planung \u00fcber die Implementierung bis hin zum Service, um eine zuverl\u00e4ssige und wirtschaftliche Wasseraufbereitung sicherzustellen.","email":"info@envirofalk.com","telephone":"+49 2663 9908-0","legalName":"EnviroFALK GmbH","foundingDate":"1989-05-01"}]}},"_links":{"self":[{"href":"https:\/\/www.envirofalk.com\/ch\/wp-json\/wp\/v2\/pages\/13995","targetHints":{"allow":["GET"]}}],"collection":[{"href":"https:\/\/www.envirofalk.com\/ch\/wp-json\/wp\/v2\/pages"}],"about":[{"href":"https:\/\/www.envirofalk.com\/ch\/wp-json\/wp\/v2\/types\/page"}],"author":[{"embeddable":true,"href":"https:\/\/www.envirofalk.com\/ch\/wp-json\/wp\/v2\/users\/3"}],"replies":[{"embeddable":true,"href":"https:\/\/www.envirofalk.com\/ch\/wp-json\/wp\/v2\/comments?post=13995"}],"version-history":[{"count":1,"href":"https:\/\/www.envirofalk.com\/ch\/wp-json\/wp\/v2\/pages\/13995\/revisions"}],"predecessor-version":[{"id":13999,"href":"https:\/\/www.envirofalk.com\/ch\/wp-json\/wp\/v2\/pages\/13995\/revisions\/13999"}],"up":[{"embeddable":true,"href":"https:\/\/www.envirofalk.com\/ch\/wp-json\/wp\/v2\/pages\/13980"}],"wp:attachment":[{"href":"https:\/\/www.envirofalk.com\/ch\/wp-json\/wp\/v2\/media?parent=13995"}],"curies":[{"name":"wp","href":"https:\/\/api.w.org\/{rel}","templated":true}]}}