{"id":13921,"date":"2024-04-17T13:02:10","date_gmt":"2024-04-17T11:02:10","guid":{"rendered":"https:\/\/www.envirofalk.com\/?page_id=13921"},"modified":"2024-04-17T13:02:10","modified_gmt":"2024-04-17T11:02:10","slug":"envirowater-group","status":"publish","type":"page","link":"https:\/\/www.envirofalk.com\/ch\/envirowater-group\/","title":{"rendered":"EnviroWater Group"},"content":{"rendered":"<div class=\"wpb-content-wrapper\"><p>[vc_section][vc_row full_width=&#187;stretch_row_content_no_spaces&#187;][vc_column]<div class=\"custom-top-banner img-box   has-icon\" style=\"background-image: url(https:\/\/www.envirofalk.com\/wp-content\/uploads\/2023\/08\/EnviroWaterGroup_Spezialistennetzwerk_Wasserbehandlung.jpg)\"><div class=\"container relative\"><div class=\"text-box\"><div class=\"slideInRight animated\"><img decoding=\"async\" width=\"1\" height=\"1\" src=\"https:\/\/www.envirofalk.com\/wp-content\/uploads\/2023\/09\/Wasseraufbereitung_EnviroWater_Logo.svg\" class=\"attachment-120x120 size-120x120\" alt=\"\" \/><p>EnviroFALK ist ein Unternehmen der <strong>EnviroWater Group<\/strong><\/p><\/div><\/div><\/div><\/div>[\/vc_column][\/vc_row][vc_row el_class=&#187;breadcrumbs-wrapper&#187;][vc_column]<div class=\"breadcrumbs\"><label><\/label> <a href=\"https:\/\/www.envirofalk.com\/ch\/\">Home<\/a><\/div>[\/vc_column][\/vc_row][\/vc_section][vc_section css=&#187;.vc_custom_1695821270556{margin-top: -20px !important;}&#187;][vc_row el_class=&#187;tablet-row vertical-center&#187;][vc_column css_animation=&#187;slideInLeft&#187; width=&#187;1\/2&#8243;][vc_custom_heading source=&#187;post_title&#187; font_container=&#187;tag:h1|text_align:left&#187; use_theme_fonts=&#187;yes&#187;][vc_column_text]<\/p>\n<h2>Kompetenz, die einzigartig ist!<\/h2>\n<p>[\/vc_column_text][vc_column_text]<\/p>\n<div class=\"ce_row row column first\">\n<p class=\"ce_headline \"><strong><span style=\"font-size: 16px;\">Die EnviroWater Group vereint die Kompetenzen mehrerer Unternehmen zu einem Spezialisten-Netzwerk f\u00fcr die Behandlung von industriellem Wasser, Prozesswasser und Abwasser.<\/span><\/strong><\/p>\n<\/div>\n<p>Sie erhalten von uns L\u00f6sungen, um Wasser so effizient und ressourcenschonend wie m\u00f6glich genau in der Qualit\u00e4t bereitzustellen, die Sie ben\u00f6tigen. Wir zeigen Ihnen, wie Sie Wasser sicher f\u00fcr Ihren Betrieb verf\u00fcgbar machen und gleichzeitig mit dem geringsten Einfluss auf die Umwelt aufbereiten.[\/vc_column_text][\/vc_column][vc_column css_animation=&#187;slideInRight&#187; width=&#187;1\/2&#8243;]<div class=\"bg-image img-box\" style=\"background-image: url(https:\/\/www.envirofalk.com\/wp-content\/uploads\/2023\/02\/bg-about.gif)\"><img decoding=\"async\" width=\"2268\" height=\"1701\" src=\"https:\/\/www.envirofalk.com\/wp-content\/uploads\/2023\/09\/Logo_EnviroWaterGroup.png\" class=\"attachment-full size-full\" alt=\"EnviroWATER Group Logo mit Kreis\" srcset=\"https:\/\/www.envirofalk.com\/wp-content\/uploads\/2023\/09\/Logo_EnviroWaterGroup.png 2268w, https:\/\/www.envirofalk.com\/wp-content\/uploads\/2023\/09\/Logo_EnviroWaterGroup-350x263.png 350w, https:\/\/www.envirofalk.com\/wp-content\/uploads\/2023\/09\/Logo_EnviroWaterGroup-1024x768.png 1024w, https:\/\/www.envirofalk.com\/wp-content\/uploads\/2023\/09\/Logo_EnviroWaterGroup-768x576.png 768w, https:\/\/www.envirofalk.com\/wp-content\/uploads\/2023\/09\/Logo_EnviroWaterGroup-1536x1152.png 1536w, https:\/\/www.envirofalk.com\/wp-content\/uploads\/2023\/09\/Logo_EnviroWaterGroup-2048x1536.png 2048w\" sizes=\"(max-width: 2268px) 100vw, 2268px\" \/><\/div>[\/vc_column][\/vc_row][\/vc_section][vc_section][vc_row][vc_column][vc_column_text]<\/p>\n<h2 style=\"text-align: center;\">Profitieren Sie von unserem Spezialisten-Netzwerk<\/h2>\n<p style=\"text-align: center;\">Gemeinsam realisieren wir individuelle L\u00f6sungen f\u00fcr die Aufbereitung von Frischwasser, Reinstwasser, Prozesswasser, Abwasser und das Wasserrecycling f\u00fcr die nachhaltige und effiziente Nutzung von Wasser f\u00fcr Industrie, Gewerbebetriebe, Schwimmb\u00e4der und Spa.<\/p>\n<p>[\/vc_column_text][\/vc_column][\/vc_row][vc_row el_class=&#187;tablet-row reverse vertical-center&#187;][vc_column css_animation=&#187;slideInLeft&#187; width=&#187;1\/3&#8243; el_class=&#187;has-bg&#187;][vc_single_image image=&#187;1617&#8243; img_size=&#187;full&#187; alignment=&#187;center&#187; onclick=&#187;custom_link&#187; img_link_target=&#187;_blank&#187; link=&#187;https:\/\/www.envirochemie.com\/de\/&#187;][vc_column_text]Systeml\u00f6sungen Kreislaufwasser, K\u00fchlwasser, Kesselwasser und Abwasser[\/vc_column_text]<div class=\"btn-wrapper wpb_content_element\"><a href=\"https:\/\/www.envirochemie.com\/de\/\" target=\"_blank\" class=\"custom-btn dark reverse \">Zur Website<i class=\"icon-chevron-right\"><\/i><\/a><\/div>[\/vc_column][vc_column css_animation=&#187;slideInUp&#187; width=&#187;1\/3&#8243; el_class=&#187;has-bg&#187;][vc_single_image image=&#187;1619&#8243; img_size=&#187;full&#187; alignment=&#187;center&#187;][vc_column_text]Prozesswasser f\u00fcr\u00a0Industrie, Krankenh\u00e4usern und Labore[\/vc_column_text]<div class=\"btn-wrapper wpb_content_element\"><a href=\"https:\/\/www.envirofalk.com\/\" target=\"_blank\" class=\"custom-btn dark reverse \">Zur Website<i class=\"icon-chevron-right\"><\/i><\/a><\/div>[\/vc_column][vc_column css_animation=&#187;slideInRight&#187; width=&#187;1\/3&#8243; el_class=&#187;has-bg&#187;][vc_single_image image=&#187;1618&#8243; img_size=&#187;full&#187; alignment=&#187;center&#187; onclick=&#187;custom_link&#187; img_link_target=&#187;_blank&#187; link=&#187;https:\/\/enviroprocess.com\/en&#187;][vc_column_text]Wassertechnik f\u00fcr Schwimmbad und Spa[\/vc_column_text]<div class=\"btn-wrapper wpb_content_element\"><a href=\"https:\/\/enviroprocess.com\/en\" target=\"_blank\" class=\"custom-btn dark reverse \">Zur Website<i class=\"icon-chevron-right\"><\/i><\/a><\/div>[\/vc_column][\/vc_row][\/vc_section]<\/p>\n<\/div>","protected":false},"excerpt":{"rendered":"<p>[vc_section][vc_row full_width=&#187;stretch_row_content_no_spaces&#187;][vc_column][\/vc_column][\/vc_row][vc_row el_class=&#187;breadcrumbs-wrapper&#187;][vc_column][\/vc_column][\/vc_row][\/vc_section][vc_section css=&#187;.vc_custom_1695821270556{margin-top: -20px !important;}&#187;][vc_row el_class=&#187;tablet-row vertical-center&#187;][vc_column css_animation=&#187;slideInLeft&#187; width=&#187;1\/2&#8243;][vc_custom_heading source=&#187;post_title&#187; font_container=&#187;tag:h1|text_align:left&#187; use_theme_fonts=&#187;yes&#187;][vc_column_text] Kompetenz, die einzigartig ist! [\/vc_column_text][vc_column_text] Die EnviroWater Group vereint die Kompetenzen mehrerer Unternehmen zu einem Spezialisten-Netzwerk f\u00fcr die Behandlung von industriellem Wasser, Prozesswasser und Abwasser. Sie erhalten von uns L\u00f6sungen, um Wasser so effizient und ressourcenschonend wie m\u00f6glich genau in der Qualit\u00e4t [&hellip;]<\/p>\n","protected":false},"author":3,"featured_media":0,"parent":0,"menu_order":18,"comment_status":"closed","ping_status":"closed","template":"","meta":{"_acf_changed":false,"rs_blank_template":"","rs_page_bg_color":"","slide_template_v7":"","footnotes":""},"class_list":["post-13921","page","type-page","status-publish","hentry"],"acf":[],"yoast_head":"<!-- This site is optimized with the Yoast SEO Premium plugin v27.3 (Yoast SEO v27.3) - https:\/\/yoast.com\/product\/yoast-seo-premium-wordpress\/ -->\n<title>EnviroWater Group &#8211; EnviroFALK<\/title>\n<meta name=\"robots\" content=\"index, follow, max-snippet:-1, max-image-preview:large, max-video-preview:-1\" \/>\n<link rel=\"canonical\" href=\"https:\/\/www.envirofalk.com\/ch\/envirowater-group\/\" \/>\n<meta property=\"og:locale\" content=\"de_DE\" \/>\n<meta property=\"og:type\" content=\"article\" \/>\n<meta property=\"og:title\" content=\"EnviroWater Group\" \/>\n<meta property=\"og:description\" content=\"[vc_section][vc_row full_width=&#187;stretch_row_content_no_spaces&#187;][vc_column][\/vc_column][\/vc_row][vc_row el_class=&#187;breadcrumbs-wrapper&#187;][vc_column][\/vc_column][\/vc_row][\/vc_section][vc_section css=&#187;.vc_custom_1695821270556{margin-top: -20px !important;}&#187;][vc_row el_class=&#187;tablet-row vertical-center&#187;][vc_column css_animation=&#187;slideInLeft&#187; width=&#187;1\/2&#8243;][vc_custom_heading source=&#187;post_title&#187; font_container=&#187;tag:h1|text_align:left&#187; use_theme_fonts=&#187;yes&#187;][vc_column_text] Kompetenz, die einzigartig ist! [\/vc_column_text][vc_column_text] Die EnviroWater Group vereint die Kompetenzen mehrerer Unternehmen zu einem Spezialisten-Netzwerk f\u00fcr die Behandlung von industriellem Wasser, Prozesswasser und Abwasser. Sie erhalten von uns L\u00f6sungen, um Wasser so effizient und ressourcenschonend wie m\u00f6glich genau in der Qualit\u00e4t [&hellip;]\" \/>\n<meta property=\"og:url\" content=\"https:\/\/www.envirofalk.com\/ch\/envirowater-group\/\" \/>\n<meta property=\"og:site_name\" content=\"EnviroFALK\" \/>\n<meta property=\"article:publisher\" content=\"https:\/\/www.facebook.com\/envirofalk\" \/>\n<meta name=\"twitter:card\" content=\"summary_large_image\" \/>\n<meta name=\"twitter:label1\" content=\"Gesch\u00e4tzte Lesezeit\" \/>\n\t<meta name=\"twitter:data1\" content=\"1\u00a0Minute\" \/>\n<script type=\"application\/ld+json\" class=\"yoast-schema-graph\">{\"@context\":\"https:\\\/\\\/schema.org\",\"@graph\":[{\"@type\":\"WebPage\",\"@id\":\"https:\\\/\\\/www.envirofalk.com\\\/ch\\\/envirowater-group\\\/\",\"url\":\"https:\\\/\\\/www.envirofalk.com\\\/ch\\\/envirowater-group\\\/\",\"name\":\"EnviroWater Group &#8211; EnviroFALK\",\"isPartOf\":{\"@id\":\"https:\\\/\\\/www.envirofalk.com\\\/#website\"},\"datePublished\":\"2024-04-17T11:02:10+00:00\",\"breadcrumb\":{\"@id\":\"https:\\\/\\\/www.envirofalk.com\\\/ch\\\/envirowater-group\\\/#breadcrumb\"},\"inLanguage\":\"de-CH\",\"potentialAction\":[{\"@type\":\"ReadAction\",\"target\":[\"https:\\\/\\\/www.envirofalk.com\\\/ch\\\/envirowater-group\\\/\"]}]},{\"@type\":\"BreadcrumbList\",\"@id\":\"https:\\\/\\\/www.envirofalk.com\\\/ch\\\/envirowater-group\\\/#breadcrumb\",\"itemListElement\":[{\"@type\":\"ListItem\",\"position\":1,\"name\":\"Home\",\"item\":\"https:\\\/\\\/www.envirofalk.com\\\/ch\\\/\"},{\"@type\":\"ListItem\",\"position\":2,\"name\":\"EnviroWater Group\"}]},{\"@type\":\"WebSite\",\"@id\":\"https:\\\/\\\/www.envirofalk.com\\\/#website\",\"url\":\"https:\\\/\\\/www.envirofalk.com\\\/\",\"name\":\"EnviroFALK\",\"description\":\"Wasseraufbereitungsanlagen f\u00fcr Industrie, Gewerbe &amp; Labor\",\"publisher\":{\"@id\":\"https:\\\/\\\/www.envirofalk.com\\\/#organization\"},\"potentialAction\":[{\"@type\":\"SearchAction\",\"target\":{\"@type\":\"EntryPoint\",\"urlTemplate\":\"https:\\\/\\\/www.envirofalk.com\\\/?s={search_term_string}\"},\"query-input\":{\"@type\":\"PropertyValueSpecification\",\"valueRequired\":true,\"valueName\":\"search_term_string\"}}],\"inLanguage\":\"de-CH\"},{\"@type\":\"Organization\",\"@id\":\"https:\\\/\\\/www.envirofalk.com\\\/#organization\",\"name\":\"EnviroFALK\",\"url\":\"https:\\\/\\\/www.envirofalk.com\\\/\",\"logo\":{\"@type\":\"ImageObject\",\"inLanguage\":\"de-CH\",\"@id\":\"https:\\\/\\\/www.envirofalk.com\\\/#\\\/schema\\\/logo\\\/image\\\/\",\"url\":\"https:\\\/\\\/www.envirofalk.com\\\/wp-content\\\/uploads\\\/2023\\\/01\\\/logo.svg\",\"contentUrl\":\"https:\\\/\\\/www.envirofalk.com\\\/wp-content\\\/uploads\\\/2023\\\/01\\\/logo.svg\",\"caption\":\"EnviroFALK\"},\"image\":{\"@id\":\"https:\\\/\\\/www.envirofalk.com\\\/#\\\/schema\\\/logo\\\/image\\\/\"},\"sameAs\":[\"https:\\\/\\\/www.facebook.com\\\/envirofalk\",\"https:\\\/\\\/www.linkedin.com\\\/company\\\/envirofalk-gmbh\",\"https:\\\/\\\/www.youtube.com\\\/channel\\\/UCM1L-2K6cfBbP3aYgJGbVdA\"],\"description\":\"EnviroFALK Prozesswassertechnik ist Ihr Spezialist f\u00fcr ma\u00dfgeschneiderte Wasseraufbereitungsl\u00f6sungen in der Industrie. Wir bieten innovative Technologien f\u00fcr die Erzeugung und Aufbereitung von Prozesswasser, um h\u00f6chste Effizienz und Qualit\u00e4t in Ihren Produktionsprozessen zu gew\u00e4hrleisten. Mit jahrzehntelanger Erfahrung entwickeln wir nachhaltige und ressourcenschonende L\u00f6sungen, die exakt auf die Anforderungen unserer Kunden abgestimmt sind. Unsere Leistungen umfassen die Filtration, Enth\u00e4rtung, Entsalzung und R\u00fcckgewinnung von Wasser f\u00fcr verschiedenste Anwendungen \u2013 von der Metallverarbeitung bis zur Lebensmittelindustrie. Unsere Experten begleiten Sie von der Planung \u00fcber die Implementierung bis hin zum Service, um eine zuverl\u00e4ssige und wirtschaftliche Wasseraufbereitung sicherzustellen.\",\"email\":\"info@envirofalk.com\",\"telephone\":\"+49 2663 9908-0\",\"legalName\":\"EnviroFALK GmbH\",\"foundingDate\":\"1989-05-01\"}]}<\/script>\n<!-- \/ Yoast SEO Premium plugin. -->","yoast_head_json":{"title":"EnviroWater Group &#8211; EnviroFALK","robots":{"index":"index","follow":"follow","max-snippet":"max-snippet:-1","max-image-preview":"max-image-preview:large","max-video-preview":"max-video-preview:-1"},"canonical":"https:\/\/www.envirofalk.com\/ch\/envirowater-group\/","og_locale":"de_DE","og_type":"article","og_title":"EnviroWater Group","og_description":"[vc_section][vc_row full_width=&#187;stretch_row_content_no_spaces&#187;][vc_column][\/vc_column][\/vc_row][vc_row el_class=&#187;breadcrumbs-wrapper&#187;][vc_column][\/vc_column][\/vc_row][\/vc_section][vc_section css=&#187;.vc_custom_1695821270556{margin-top: -20px !important;}&#187;][vc_row el_class=&#187;tablet-row vertical-center&#187;][vc_column css_animation=&#187;slideInLeft&#187; width=&#187;1\/2&#8243;][vc_custom_heading source=&#187;post_title&#187; font_container=&#187;tag:h1|text_align:left&#187; use_theme_fonts=&#187;yes&#187;][vc_column_text] Kompetenz, die einzigartig ist! [\/vc_column_text][vc_column_text] Die EnviroWater Group vereint die Kompetenzen mehrerer Unternehmen zu einem Spezialisten-Netzwerk f\u00fcr die Behandlung von industriellem Wasser, Prozesswasser und Abwasser. Sie erhalten von uns L\u00f6sungen, um Wasser so effizient und ressourcenschonend wie m\u00f6glich genau in der Qualit\u00e4t [&hellip;]","og_url":"https:\/\/www.envirofalk.com\/ch\/envirowater-group\/","og_site_name":"EnviroFALK","article_publisher":"https:\/\/www.facebook.com\/envirofalk","twitter_card":"summary_large_image","twitter_misc":{"Gesch\u00e4tzte Lesezeit":"1\u00a0Minute"},"schema":{"@context":"https:\/\/schema.org","@graph":[{"@type":"WebPage","@id":"https:\/\/www.envirofalk.com\/ch\/envirowater-group\/","url":"https:\/\/www.envirofalk.com\/ch\/envirowater-group\/","name":"EnviroWater Group &#8211; EnviroFALK","isPartOf":{"@id":"https:\/\/www.envirofalk.com\/#website"},"datePublished":"2024-04-17T11:02:10+00:00","breadcrumb":{"@id":"https:\/\/www.envirofalk.com\/ch\/envirowater-group\/#breadcrumb"},"inLanguage":"de-CH","potentialAction":[{"@type":"ReadAction","target":["https:\/\/www.envirofalk.com\/ch\/envirowater-group\/"]}]},{"@type":"BreadcrumbList","@id":"https:\/\/www.envirofalk.com\/ch\/envirowater-group\/#breadcrumb","itemListElement":[{"@type":"ListItem","position":1,"name":"Home","item":"https:\/\/www.envirofalk.com\/ch\/"},{"@type":"ListItem","position":2,"name":"EnviroWater Group"}]},{"@type":"WebSite","@id":"https:\/\/www.envirofalk.com\/#website","url":"https:\/\/www.envirofalk.com\/","name":"EnviroFALK","description":"Wasseraufbereitungsanlagen f\u00fcr Industrie, Gewerbe &amp; Labor","publisher":{"@id":"https:\/\/www.envirofalk.com\/#organization"},"potentialAction":[{"@type":"SearchAction","target":{"@type":"EntryPoint","urlTemplate":"https:\/\/www.envirofalk.com\/?s={search_term_string}"},"query-input":{"@type":"PropertyValueSpecification","valueRequired":true,"valueName":"search_term_string"}}],"inLanguage":"de-CH"},{"@type":"Organization","@id":"https:\/\/www.envirofalk.com\/#organization","name":"EnviroFALK","url":"https:\/\/www.envirofalk.com\/","logo":{"@type":"ImageObject","inLanguage":"de-CH","@id":"https:\/\/www.envirofalk.com\/#\/schema\/logo\/image\/","url":"https:\/\/www.envirofalk.com\/wp-content\/uploads\/2023\/01\/logo.svg","contentUrl":"https:\/\/www.envirofalk.com\/wp-content\/uploads\/2023\/01\/logo.svg","caption":"EnviroFALK"},"image":{"@id":"https:\/\/www.envirofalk.com\/#\/schema\/logo\/image\/"},"sameAs":["https:\/\/www.facebook.com\/envirofalk","https:\/\/www.linkedin.com\/company\/envirofalk-gmbh","https:\/\/www.youtube.com\/channel\/UCM1L-2K6cfBbP3aYgJGbVdA"],"description":"EnviroFALK Prozesswassertechnik ist Ihr Spezialist f\u00fcr ma\u00dfgeschneiderte Wasseraufbereitungsl\u00f6sungen in der Industrie. Wir bieten innovative Technologien f\u00fcr die Erzeugung und Aufbereitung von Prozesswasser, um h\u00f6chste Effizienz und Qualit\u00e4t in Ihren Produktionsprozessen zu gew\u00e4hrleisten. Mit jahrzehntelanger Erfahrung entwickeln wir nachhaltige und ressourcenschonende L\u00f6sungen, die exakt auf die Anforderungen unserer Kunden abgestimmt sind. Unsere Leistungen umfassen die Filtration, Enth\u00e4rtung, Entsalzung und R\u00fcckgewinnung von Wasser f\u00fcr verschiedenste Anwendungen \u2013 von der Metallverarbeitung bis zur Lebensmittelindustrie. Unsere Experten begleiten Sie von der Planung \u00fcber die Implementierung bis hin zum Service, um eine zuverl\u00e4ssige und wirtschaftliche Wasseraufbereitung sicherzustellen.","email":"info@envirofalk.com","telephone":"+49 2663 9908-0","legalName":"EnviroFALK GmbH","foundingDate":"1989-05-01"}]}},"_links":{"self":[{"href":"https:\/\/www.envirofalk.com\/ch\/wp-json\/wp\/v2\/pages\/13921","targetHints":{"allow":["GET"]}}],"collection":[{"href":"https:\/\/www.envirofalk.com\/ch\/wp-json\/wp\/v2\/pages"}],"about":[{"href":"https:\/\/www.envirofalk.com\/ch\/wp-json\/wp\/v2\/types\/page"}],"author":[{"embeddable":true,"href":"https:\/\/www.envirofalk.com\/ch\/wp-json\/wp\/v2\/users\/3"}],"replies":[{"embeddable":true,"href":"https:\/\/www.envirofalk.com\/ch\/wp-json\/wp\/v2\/comments?post=13921"}],"version-history":[{"count":1,"href":"https:\/\/www.envirofalk.com\/ch\/wp-json\/wp\/v2\/pages\/13921\/revisions"}],"predecessor-version":[{"id":13929,"href":"https:\/\/www.envirofalk.com\/ch\/wp-json\/wp\/v2\/pages\/13921\/revisions\/13929"}],"wp:attachment":[{"href":"https:\/\/www.envirofalk.com\/ch\/wp-json\/wp\/v2\/media?parent=13921"}],"curies":[{"name":"wp","href":"https:\/\/api.w.org\/{rel}","templated":true}]}}