{"id":13018,"date":"2024-04-17T11:00:35","date_gmt":"2024-04-17T09:00:35","guid":{"rendered":"https:\/\/www.envirofalk.com\/?page_id=13018"},"modified":"2026-02-04T10:46:32","modified_gmt":"2026-02-04T09:46:32","slug":"spital-labore","status":"publish","type":"page","link":"https:\/\/www.envirofalk.com\/ch\/branchen\/spital-labore\/","title":{"rendered":"Spital &#038; Labore"},"content":{"rendered":"<div class=\"wpb-content-wrapper\"><p>[vc_section][vc_row full_width=&#187;stretch_row_content_no_spaces&#187;][vc_column]<div class=\"custom-top-banner img-box   has-icon\" style=\"background-image: url(https:\/\/www.envirofalk.com\/wp-content\/uploads\/2023\/05\/banner-labor_und_medizintechnik.jpg)\"><div class=\"container relative\"><div class=\"text-box\"><div class=\"slideInRight animated\"><img loading=\"lazy\" decoding=\"async\" width=\"1\" height=\"1\" src=\"https:\/\/www.envirofalk.com\/wp-content\/uploads\/2023\/05\/Industrielle-Medizintechnik_Reinigung_Icon.svg\" class=\"attachment-120x120 size-120x120\" alt=\"Medi\" \/><p><strong>Labor &amp; Medizintechnik<\/strong><\/p><\/div><\/div><\/div><\/div>[\/vc_column][\/vc_row][vc_row el_class=&#187;breadcrumbs-wrapper&#187;][vc_column]<div class=\"breadcrumbs\"><label><\/label> <a href=\"https:\/\/www.envirofalk.com\/ch\/\">Home<\/a><\/div>[\/vc_column][\/vc_row][\/vc_section][vc_section][vc_row css_animation=&#187;slideInUp&#187; el_class=&#187;two-columns-row tablet-row&#187;][vc_column width=&#187;3\/4&#8243;][vc_custom_heading text=&#187;Rein- und Reinstwasser\u00adaufbereitung f\u00fcr Labor und Medizintechnik&#187; font_container=&#187;tag:h1|text_align:left&#187; use_theme_fonts=&#187;yes&#187;][vc_column_text]Warum EnviroFALK? Nun, wir kennen Ihre Anwendung, finden gemeinsam die Details und entwickeln f\u00fcr Sie ein optimales L\u00f6sungskonzept f\u00fcr Ihren Rein- und Reinstwasserbedarf im Krankenhaus, im Labor und in der Medizintechnik. Wir stehen im direkten Dialog mit Anwendern und Herstellern, bauen auf langj\u00e4hrige Kooperationen.<\/p>\n<p>Wir wissen, was Sie bewegt. Aber wir wissen auch, dass es bei Rein- und Reinstwasseranlagen nicht nur um die Wasserqualit\u00e4t geht. Es geht um mehr: Umweltfreundliche L\u00f6sungskonzepte, die den Wasserverbrauch senken, geringe Betriebskosten, eine zuverl\u00e4ssige Technik und nat\u00fcrlich einen Service, dem Sie vertrauen k\u00f6nnen.[\/vc_column_text][\/vc_column][vc_column width=&#187;1\/4&#8243;]<div class=\"online-consultant-box  wpb_content_element\"><div class=\"online-consultant\"><div><div class=\"person-info\"><h5>Jonas Knoche<\/h5><ul class=\"person-list\"><li><a href=\"tel:+41 41 740 39 49\">+41 41 740 39 49<\/a><\/li><\/ul><\/div><a href=\"#beratung\" target=\"_self\" class=\"custom-btn show-modal\"><i class=\"icon-chevron-right\"><\/i>Zur Onlineberatung<\/a><\/div><div class=\"relative\"><svg xmlns=\"http:\/\/www.w3.org\/2000\/svg\" viewBox=\"0 0 32.83 32.83\">\n\t\t\t\t\t\t\t\t\t<defs>\n\t\t\t\t\t\t\t\t\t\t<linearGradient id=\"gradient\" x1=\"0%\" y1=\"0%\" x2=\"0%\" y2=\"100%\" gradientTransform=\"rotate(-135)\">\n\t\t\t\t\t\t\t\t\t\t\t<stop offset=\"0%\" stop-color=\"#97be0d\"\/>\n\t\t\t\t\t\t\t\t\t\t\t\t<stop offset=\"100%\" stop-color=\"rgba(255, 255, 255, 0)\"\/>\n\t\t\t\t\t\t\t\t\t\t<\/linearGradient>\n\t\t\t\t\t\t\t\t\t<\/defs>\n\t\t\t\t\t\t\t\t\t<path class=\"wpb_animate_when_almost_visible circular-progress\" stroke=\"url(#gradient)\" stroke-width=\"1\" stroke-dasharray=\"100, 100\" fill=\"none\" d=\"M18,2.08a15.92,15.92,0,0,1,0,31.84h0A15.92,15.92,0,0,1,18,2.08\" transform=\"translate(-1.59 -1.58)\"\/>\n                            \t<\/svg><span><img loading=\"lazy\" decoding=\"async\" width=\"500\" height=\"500\" src=\"https:\/\/www.envirofalk.com\/wp-content\/uploads\/2024\/04\/Jonas_Knoche.png\" class=\"attachment-full size-full\" alt=\"\" srcset=\"https:\/\/www.envirofalk.com\/wp-content\/uploads\/2024\/04\/Jonas_Knoche.png 500w, https:\/\/www.envirofalk.com\/wp-content\/uploads\/2024\/04\/Jonas_Knoche-350x350.png 350w, https:\/\/www.envirofalk.com\/wp-content\/uploads\/2024\/04\/Jonas_Knoche-150x150.png 150w\" sizes=\"auto, (max-width: 500px) 100vw, 500px\" \/><\/span><\/div><\/div><\/div><div class=\"quick-links sm wpb_content_element\" data-background=\"#ebebeb\"><div class=\"flexbox\"><a href=\"https:\/\/envirofalk.com\/ch\/service\/\" target=\"_self\"><div class=\"icon default\"><img decoding=\"async\" src=\"https:\/\/www.envirofalk.com\/wp-content\/uploads\/2023\/05\/icon_service.svg\" class=\"attachment-full size-full\" alt=\"Person mit Headset Icon\" \/><\/div><div><h6>Service<\/h6><\/div><\/a><\/div><div class=\"flexbox\"><a href=\"https:\/\/envirofalk.com\/ch\/messen-und-veranstaltungen\/\" target=\"_self\"><div class=\"icon default\"><img decoding=\"async\" src=\"https:\/\/www.envirofalk.com\/wp-content\/uploads\/2023\/05\/icon_messen-events.svg\" class=\"attachment-full size-full\" alt=\"\" \/><\/div><div><h6>Messen & Events<\/h6><\/div><\/a><\/div><div class=\"flexbox\"><a href=\"https:\/\/envirofalk.com\/infocenter\/downloads\/\" target=\"_self\"><div class=\"icon default\"><img decoding=\"async\" src=\"https:\/\/www.envirofalk.com\/wp-content\/uploads\/2023\/05\/icon_downloads.svg\" class=\"attachment-full size-full\" alt=\"Blatt Papier mit Pfeil nach unten\" \/><\/div><div><h6>Downloads<\/h6><\/div><\/a><\/div><div class=\"flexbox\"><a href=\"https:\/\/envirofalk.com\/ch\/kunden-loesungen\/\" target=\"_self\"><div class=\"icon default\"><img decoding=\"async\" src=\"https:\/\/www.envirofalk.com\/wp-content\/uploads\/2023\/05\/icon_kundenlosungen.svg\" class=\"attachment-full size-full\" alt=\"Gl\u00fchbirne Icon\" \/><\/div><div><h6>Kundenl\u00f6sungen<\/h6><\/div><\/a><\/div><\/div>[\/vc_column][\/vc_row][\/vc_section][vc_section][vc_row el_class=&#187;space-bottom&#187;][vc_column css_animation=&#187;slideInLeft&#187;]<div class=\"custom-content-image wpb_content_element \"><figure class=\"img-box\" style=\"background-image: url(https:\/\/www.envirofalk.com\/wp-content\/uploads\/2023\/05\/labor_und_medizintechnik-anwendung.jpg)\"><img loading=\"lazy\" decoding=\"async\" width=\"1\" height=\"1\" src=\"https:\/\/www.envirofalk.com\/wp-content\/uploads\/2023\/08\/Wasseraufbereitung_Labor_Reagenzglas_Icon.svg\" class=\"attachment-120x120 size-120x120\" alt=\"Erlenmeyerkolben Icon\" \/><\/figure><div class=\"text-box\"><h3>Anwendungsbereiche<\/h3><div class=\"wpb_text_column arrows-list\"><p>Was uns so einzigartig macht? Wenn es um Wasseraufbereitungsanlagen geht, liefern wir Ihnen nicht irgendeine Antwort. Vielmehr entwickeln wir eine L\u00f6sung, die in jedem Punkt zu Ihren Herausforderungen passt. Ob Anwender, Hersteller, Planungsb\u00fcro, Fachplaner oder Architekt: Wir fertigen gemeinsam ein L\u00f6sungskonzept f\u00fcr die Rein- und Reinstwasseraufbereitung. Ganz wesentlich hierbei: Wir h\u00f6ren Ihnen genau zu. Wir verstehen uns als Ihr Partner und bieten Ihnen kompetente Unterst\u00fctzung und Entlastung an.<\/p>\n<p><strong>EnviroFALK bietet Rein &amp; Reinstwasser L\u00f6sungen f\u00fcr:<\/strong><\/p>\n<ul>\n<li><a href=\"https:\/\/www.envirofalk.com\/ch\/branchen\/reinstwasseraufbereitung-fuer-krankenhaeuser-und-labore\/reinstwasseraufbereitung-fuer-laboranwendungen\/\">Allgemeine und spezifische Laboranwendungen<\/a><\/li>\n<li><a href=\"https:\/\/www.envirofalk.com\/ch\/branchen\/reinstwasseraufbereitung-fuer-krankenhaeuser-und-labore\/zentrale-sterilgutversorgung\/\">Zentralsterilisation &#8211; ehemals Zentrale Sterilgutversorgungsabteilung (ZSVA)<\/a><\/li>\n<li><a href=\"https:\/\/www.envirofalk.com\/ch\/branchen\/reinstwasseraufbereitung-fuer-krankenhaeuser-und-labore\/reinigungs-und-desinfektionsgeraete\/\">Reinigungs- und Desinfektionsger\u00e4te (RDG und RDG-E)<\/a><\/li>\n<li><a href=\"https:\/\/www.envirofalk.com\/ch\/branchen\/reinstwasseraufbereitung-fuer-krankenhaeuser-und-labore\/rein-und-reinstwasser-fuer-klinische-analysegeraete\/\">Klinische Analyseger\u00e4te<\/a><\/li>\n<\/ul>\n<\/div><\/div><\/div>[\/vc_column][\/vc_row][vc_row el_class=&#187;space-bottom&#187;][vc_column css_animation=&#187;slideInRight&#187;]<div class=\"custom-content-image wpb_content_element reverse\"><figure class=\"img-box\" style=\"background-image: url(https:\/\/www.envirofalk.com\/wp-content\/uploads\/2023\/10\/Produktprogramm_Rein_Reinstwasser_EnviroFALK.jpg)\"><img loading=\"lazy\" decoding=\"async\" width=\"1\" height=\"1\" src=\"https:\/\/www.envirofalk.com\/wp-content\/uploads\/2023\/08\/Individueller_Anlagenbau_2_Icon.svg\" class=\"attachment-120x120 size-120x120\" alt=\"Wasseraufbereitungsanlage Icon\" \/><\/figure><div class=\"text-box\"><h3>Produkte<\/h3><div class=\"wpb_text_column arrows-list\"><p>In unserem Produktprogramm f\u00fcr Rein- und Reinstwasseraufbereitung steckt umfangreiches Know-how, langj\u00e4hrige Erfahrung und intensive Branchen- und Anwenderkenntnisse. Werte, die so wichtig sind wie nie zuvor. Ob Kompaktanlage oder individualisierte Wasseraufbereitungsanlage, begrenztes Raumangebot, spezielle Verrohung &#8211; wir haben die perfekte L\u00f6sung. Darauf k\u00f6nnen Sie sich verlassen.<\/p>\n<p><strong>Erfahren Sie mehr zu unseren verfahrenstechnischen L\u00f6sungen und Produkten:<\/strong><\/p>\n<ul>\n<li><a href=\"https:\/\/www.envirofalk.com\/ch\/verfahrenstechniken\/umkehrosmoseanlagen\/\">Umkehrosmoseanlagen<\/a><\/li>\n<li><a href=\"https:\/\/www.envirofalk.com\/ch\/verfahrenstechniken\/elektrodeionisation-edi\/\">Reinstwasseranlagen mit Elektrodeionisation (EDI)<\/a><\/li>\n<li><a href=\"https:\/\/www.envirofalk.com\/ch\/verfahrenstechniken\/rein-und-reinstwasseranlagen\/\">Rein- und Reinstwassersysteme<\/a><\/li>\n<li><a href=\"https:\/\/www.envirofalk.com\/ch\/ionenaustauscher-regeneration\/\">Ionenaustauscherpatronen und Zubeh\u00f6r<\/a><\/li>\n<\/ul>\n<\/div><\/div><\/div>[\/vc_column][\/vc_row][vc_row el_class=&#187;space-bottom&#187;][vc_column css_animation=&#187;slideInRight&#187;]<div class=\"custom-content-image wpb_content_element reverse\"><figure class=\"img-box\" style=\"background-image: url(https:\/\/www.envirofalk.com\/wp-content\/uploads\/2023\/05\/labor_und_medizintechnik-ionenaustauscher-und-regeneration.jpg)\"><img loading=\"lazy\" decoding=\"async\" width=\"1\" height=\"1\" src=\"https:\/\/www.envirofalk.com\/wp-content\/uploads\/2023\/08\/Wasseraufbereitung_Ionenaustauscher_Icon.svg\" class=\"attachment-120x120 size-120x120\" alt=\"\" \/><\/figure><div class=\"text-box\"><h3>Ionenaustauscher und Regeneration<\/h3><div class=\"wpb_text_column arrows-list\"><p>Wasser, das vielfach \u00fcber Ionenaustauscher aufbereitet wird, ist ein entscheidender Qualit\u00e4tsfaktor beim Reinigen, Sp\u00fclen und Desinfizieren. Schauen Sie mal, wie vielf\u00e4ltig Sie EnviroFALK Ionenaustauscherpatronen f\u00fcr die unterschiedlichsten Anwendungsbereiche in Laboren, Krankenh\u00e4usern und der Medizintechnik einsetzen k\u00f6nnen.<\/p>\n<p><strong>Erfahren Sie mehr \u00fcber Ionenaustauscher im Laborbereich:<\/strong><\/p>\n<ul>\n<li><a href=\"https:\/\/www.envirofalk.com\/ch\/ionenaustauscher-regeneration\/\">Ionenaustauscherpatronen und Zubeh\u00f6r<\/a><\/li>\n<\/ul>\n<p>Ihr Ionenaustauscher ist ersch\u00f6pft und erfordert eine professionelle Aufbereitung? Ein Anruf gen\u00fcgt und unser Regenerations-Mobil holt Ihre Ionenaustauscher ab und liefert sie nach der sortenreinen Regeneration aufbereitet zur\u00fcck.<\/p>\n<p><strong>Nur einen Klick entfernt:<\/strong><\/p>\n<ul>\n<li><a class=\"show-modal\" href=\"#patronen\">Online-Auftrag Patronen regenerieren<\/a><\/li>\n<\/ul>\n<\/div><\/div><\/div>[\/vc_column][\/vc_row][vc_row][vc_column css_animation=&#187;fadeInUpBig&#187;][vc_custom_heading text=&#187;Das k\u00f6nnte Sie auch interessieren&#187; font_container=&#187;tag:h2|text_align:center&#187; use_theme_fonts=&#187;yes&#187;]<div class=\"teaser-boxes wpb_content_element\"><div><a href=\"https:\/\/envirofalk.com\/ch\/service\/\" target=\"_self\"><figure class=\"img-box \" style=\"background-image: url(https:\/\/www.envirofalk.com\/wp-content\/uploads\/2023\/08\/Service_Aufbereitungsanlage.jpg)\"><\/figure><\/a><div class=\"text-box\"><img loading=\"lazy\" decoding=\"async\" width=\"1\" height=\"1\" src=\"https:\/\/www.envirofalk.com\/wp-content\/uploads\/2023\/05\/icon_service.svg\" class=\"attachment-120x120 size-120x120\" alt=\"Person mit Headset Icon\" \/><h3 class=\"entry-title \"><a href=\"https:\/\/envirofalk.com\/ch\/service\/\" target=\"_self\">Unser Service<\/a><\/h3><div class=\"wpb_text_column\">\u00dcber 50 ausgebildete Service-Techniker sind t\u00e4glich f\u00fcr Sie im Einsatz und k\u00f6nnen Sie von unseren deutschlandweiten Standorten schnellstens erreichen. Entdecken Sie unser erstklassiges Serviceangebot.<\/div><\/div><\/div><div><a href=\"https:\/\/envirofalk.com\/ch\/messen-und-veranstaltungen\/\" target=\"_self\"><figure class=\"img-box \" style=\"background-image: url(https:\/\/www.envirofalk.com\/wp-content\/uploads\/2023\/09\/Infocenter_MessenVeranstaltungen.jpg)\"><\/figure><\/a><div class=\"text-box\"><img loading=\"lazy\" decoding=\"async\" width=\"1\" height=\"1\" src=\"https:\/\/www.envirofalk.com\/wp-content\/uploads\/2023\/05\/icon_messen-events.svg\" class=\"attachment-120x120 size-120x120\" alt=\"\" \/><h3 class=\"entry-title \"><a href=\"https:\/\/envirofalk.com\/ch\/messen-und-veranstaltungen\/\" target=\"_self\">Messen & Veranstaltungen<\/a><\/h3><div class=\"wpb_text_column\">Geht es um L\u00f6sungen f\u00fcr Ihre Wasseraufbereitung, erleben Sie auf unseren Messen und Veranstaltungen echte Begeisterung im pers\u00f6nlichen Gespr\u00e4ch. Lernen Sie uns kennen.<\/div><\/div><\/div><div><a href=\"https:\/\/envirofalk.com\/kunden-loesungen\/\" target=\"_self\"><figure class=\"img-box \" style=\"background-image: url(https:\/\/www.envirofalk.com\/wp-content\/uploads\/2023\/08\/Referenz_Labor_MT_Isolierstation.jpg)\"><\/figure><\/a><div class=\"text-box\"><img loading=\"lazy\" decoding=\"async\" width=\"1\" height=\"1\" src=\"https:\/\/www.envirofalk.com\/wp-content\/uploads\/2023\/08\/Wasseraufbereitung_Touchscreen_Icon.svg\" class=\"attachment-120x120 size-120x120\" alt=\"\" \/><h3 class=\"entry-title \"><a href=\"https:\/\/envirofalk.com\/kunden-loesungen\/\" target=\"_self\">Kunden & L\u00f6sungen<\/a><\/h3><div class=\"wpb_text_column\">Viele unserer Kunden aus dem Gesundheitswesen vertrauen seit Jahren auf EnviroFALK Rein- und Reinstwasseranlagen. Schauen Sie sich doch mal verschiedene Beispiele aus der Praxis an.<\/div><\/div><\/div><\/div>[\/vc_column][\/vc_row][\/vc_section]<\/p>\n<\/div>","protected":false},"excerpt":{"rendered":"<p>[vc_section][vc_row full_width=&#187;stretch_row_content_no_spaces&#187;][vc_column][\/vc_column][\/vc_row][vc_row el_class=&#187;breadcrumbs-wrapper&#187;][vc_column][\/vc_column][\/vc_row][\/vc_section][vc_section][vc_row css_animation=&#187;slideInUp&#187; el_class=&#187;two-columns-row tablet-row&#187;][vc_column width=&#187;3\/4&#8243;][vc_custom_heading text=&#187;Rein- und Reinstwasser\u00adaufbereitung f\u00fcr Labor und Medizintechnik&#187; font_container=&#187;tag:h1|text_align:left&#187; use_theme_fonts=&#187;yes&#187;][vc_column_text]Warum EnviroFALK? Nun, wir kennen Ihre Anwendung, finden gemeinsam die Details und entwickeln f\u00fcr Sie ein optimales L\u00f6sungskonzept f\u00fcr Ihren Rein- und Reinstwasserbedarf im Krankenhaus, im Labor und in der Medizintechnik. Wir stehen im direkten Dialog mit Anwendern und Herstellern, [&hellip;]<\/p>\n","protected":false},"author":3,"featured_media":0,"parent":12937,"menu_order":1,"comment_status":"closed","ping_status":"closed","template":"","meta":{"_acf_changed":false,"rs_blank_template":"","rs_page_bg_color":"","slide_template_v7":"","footnotes":""},"class_list":["post-13018","page","type-page","status-publish","hentry"],"acf":[],"yoast_head":"<!-- This site is optimized with the Yoast SEO Premium plugin v27.3 (Yoast SEO v27.3) - https:\/\/yoast.com\/product\/yoast-seo-premium-wordpress\/ -->\n<title>Spital &amp; Labore &#8211; EnviroFALK<\/title>\n<meta name=\"robots\" content=\"index, follow, max-snippet:-1, max-image-preview:large, max-video-preview:-1\" \/>\n<link rel=\"canonical\" href=\"https:\/\/www.envirofalk.com\/ch\/branchen\/spital-labore\/\" \/>\n<meta property=\"og:locale\" content=\"de_DE\" \/>\n<meta property=\"og:type\" content=\"article\" \/>\n<meta property=\"og:title\" content=\"Spital &amp; Labore\" \/>\n<meta property=\"og:description\" content=\"[vc_section][vc_row full_width=&#187;stretch_row_content_no_spaces&#187;][vc_column][\/vc_column][\/vc_row][vc_row el_class=&#187;breadcrumbs-wrapper&#187;][vc_column][\/vc_column][\/vc_row][\/vc_section][vc_section][vc_row css_animation=&#187;slideInUp&#187; el_class=&#187;two-columns-row tablet-row&#187;][vc_column width=&#187;3\/4&#8243;][vc_custom_heading text=&#187;Rein- und Reinstwasser\u00adaufbereitung f\u00fcr Labor und Medizintechnik&#187; font_container=&#187;tag:h1|text_align:left&#187; use_theme_fonts=&#187;yes&#187;][vc_column_text]Warum EnviroFALK? Nun, wir kennen Ihre Anwendung, finden gemeinsam die Details und entwickeln f\u00fcr Sie ein optimales L\u00f6sungskonzept f\u00fcr Ihren Rein- und Reinstwasserbedarf im Krankenhaus, im Labor und in der Medizintechnik. Wir stehen im direkten Dialog mit Anwendern und Herstellern, [&hellip;]\" \/>\n<meta property=\"og:url\" content=\"https:\/\/www.envirofalk.com\/ch\/branchen\/spital-labore\/\" \/>\n<meta property=\"og:site_name\" content=\"EnviroFALK\" \/>\n<meta property=\"article:publisher\" content=\"https:\/\/www.facebook.com\/envirofalk\" \/>\n<meta property=\"article:modified_time\" content=\"2026-02-04T09:46:32+00:00\" \/>\n<meta name=\"twitter:card\" content=\"summary_large_image\" \/>\n<meta name=\"twitter:label1\" content=\"Gesch\u00e4tzte Lesezeit\" \/>\n\t<meta name=\"twitter:data1\" content=\"4\u00a0Minuten\" \/>\n<script type=\"application\/ld+json\" class=\"yoast-schema-graph\">{\"@context\":\"https:\\\/\\\/schema.org\",\"@graph\":[{\"@type\":\"WebPage\",\"@id\":\"https:\\\/\\\/www.envirofalk.com\\\/ch\\\/branchen\\\/spital-labore\\\/\",\"url\":\"https:\\\/\\\/www.envirofalk.com\\\/ch\\\/branchen\\\/spital-labore\\\/\",\"name\":\"Spital & Labore &#8211; EnviroFALK\",\"isPartOf\":{\"@id\":\"https:\\\/\\\/www.envirofalk.com\\\/#website\"},\"datePublished\":\"2024-04-17T09:00:35+00:00\",\"dateModified\":\"2026-02-04T09:46:32+00:00\",\"breadcrumb\":{\"@id\":\"https:\\\/\\\/www.envirofalk.com\\\/ch\\\/branchen\\\/spital-labore\\\/#breadcrumb\"},\"inLanguage\":\"de-CH\",\"potentialAction\":[{\"@type\":\"ReadAction\",\"target\":[\"https:\\\/\\\/www.envirofalk.com\\\/ch\\\/branchen\\\/spital-labore\\\/\"]}]},{\"@type\":\"BreadcrumbList\",\"@id\":\"https:\\\/\\\/www.envirofalk.com\\\/ch\\\/branchen\\\/spital-labore\\\/#breadcrumb\",\"itemListElement\":[{\"@type\":\"ListItem\",\"position\":1,\"name\":\"Home\",\"item\":\"https:\\\/\\\/www.envirofalk.com\\\/ch\\\/\"},{\"@type\":\"ListItem\",\"position\":2,\"name\":\"Branchen\",\"item\":\"https:\\\/\\\/www.envirofalk.com\\\/ch\\\/branchen\\\/\"},{\"@type\":\"ListItem\",\"position\":3,\"name\":\"Spital &#038; Labore\"}]},{\"@type\":\"WebSite\",\"@id\":\"https:\\\/\\\/www.envirofalk.com\\\/#website\",\"url\":\"https:\\\/\\\/www.envirofalk.com\\\/\",\"name\":\"EnviroFALK\",\"description\":\"Wasseraufbereitungsanlagen f\u00fcr Industrie, Gewerbe &amp; Labor\",\"publisher\":{\"@id\":\"https:\\\/\\\/www.envirofalk.com\\\/#organization\"},\"potentialAction\":[{\"@type\":\"SearchAction\",\"target\":{\"@type\":\"EntryPoint\",\"urlTemplate\":\"https:\\\/\\\/www.envirofalk.com\\\/?s={search_term_string}\"},\"query-input\":{\"@type\":\"PropertyValueSpecification\",\"valueRequired\":true,\"valueName\":\"search_term_string\"}}],\"inLanguage\":\"de-CH\"},{\"@type\":\"Organization\",\"@id\":\"https:\\\/\\\/www.envirofalk.com\\\/#organization\",\"name\":\"EnviroFALK\",\"url\":\"https:\\\/\\\/www.envirofalk.com\\\/\",\"logo\":{\"@type\":\"ImageObject\",\"inLanguage\":\"de-CH\",\"@id\":\"https:\\\/\\\/www.envirofalk.com\\\/#\\\/schema\\\/logo\\\/image\\\/\",\"url\":\"https:\\\/\\\/www.envirofalk.com\\\/wp-content\\\/uploads\\\/2023\\\/01\\\/logo.svg\",\"contentUrl\":\"https:\\\/\\\/www.envirofalk.com\\\/wp-content\\\/uploads\\\/2023\\\/01\\\/logo.svg\",\"caption\":\"EnviroFALK\"},\"image\":{\"@id\":\"https:\\\/\\\/www.envirofalk.com\\\/#\\\/schema\\\/logo\\\/image\\\/\"},\"sameAs\":[\"https:\\\/\\\/www.facebook.com\\\/envirofalk\",\"https:\\\/\\\/www.linkedin.com\\\/company\\\/envirofalk-gmbh\",\"https:\\\/\\\/www.youtube.com\\\/channel\\\/UCM1L-2K6cfBbP3aYgJGbVdA\"],\"description\":\"EnviroFALK Prozesswassertechnik ist Ihr Spezialist f\u00fcr ma\u00dfgeschneiderte Wasseraufbereitungsl\u00f6sungen in der Industrie. Wir bieten innovative Technologien f\u00fcr die Erzeugung und Aufbereitung von Prozesswasser, um h\u00f6chste Effizienz und Qualit\u00e4t in Ihren Produktionsprozessen zu gew\u00e4hrleisten. Mit jahrzehntelanger Erfahrung entwickeln wir nachhaltige und ressourcenschonende L\u00f6sungen, die exakt auf die Anforderungen unserer Kunden abgestimmt sind. Unsere Leistungen umfassen die Filtration, Enth\u00e4rtung, Entsalzung und R\u00fcckgewinnung von Wasser f\u00fcr verschiedenste Anwendungen \u2013 von der Metallverarbeitung bis zur Lebensmittelindustrie. Unsere Experten begleiten Sie von der Planung \u00fcber die Implementierung bis hin zum Service, um eine zuverl\u00e4ssige und wirtschaftliche Wasseraufbereitung sicherzustellen.\",\"email\":\"info@envirofalk.com\",\"telephone\":\"+49 2663 9908-0\",\"legalName\":\"EnviroFALK GmbH\",\"foundingDate\":\"1989-05-01\"}]}<\/script>\n<!-- \/ Yoast SEO Premium plugin. -->","yoast_head_json":{"title":"Spital & Labore &#8211; EnviroFALK","robots":{"index":"index","follow":"follow","max-snippet":"max-snippet:-1","max-image-preview":"max-image-preview:large","max-video-preview":"max-video-preview:-1"},"canonical":"https:\/\/www.envirofalk.com\/ch\/branchen\/spital-labore\/","og_locale":"de_DE","og_type":"article","og_title":"Spital & Labore","og_description":"[vc_section][vc_row full_width=&#187;stretch_row_content_no_spaces&#187;][vc_column][\/vc_column][\/vc_row][vc_row el_class=&#187;breadcrumbs-wrapper&#187;][vc_column][\/vc_column][\/vc_row][\/vc_section][vc_section][vc_row css_animation=&#187;slideInUp&#187; el_class=&#187;two-columns-row tablet-row&#187;][vc_column width=&#187;3\/4&#8243;][vc_custom_heading text=&#187;Rein- und Reinstwasser\u00adaufbereitung f\u00fcr Labor und Medizintechnik&#187; font_container=&#187;tag:h1|text_align:left&#187; use_theme_fonts=&#187;yes&#187;][vc_column_text]Warum EnviroFALK? Nun, wir kennen Ihre Anwendung, finden gemeinsam die Details und entwickeln f\u00fcr Sie ein optimales L\u00f6sungskonzept f\u00fcr Ihren Rein- und Reinstwasserbedarf im Krankenhaus, im Labor und in der Medizintechnik. Wir stehen im direkten Dialog mit Anwendern und Herstellern, [&hellip;]","og_url":"https:\/\/www.envirofalk.com\/ch\/branchen\/spital-labore\/","og_site_name":"EnviroFALK","article_publisher":"https:\/\/www.facebook.com\/envirofalk","article_modified_time":"2026-02-04T09:46:32+00:00","twitter_card":"summary_large_image","twitter_misc":{"Gesch\u00e4tzte Lesezeit":"4\u00a0Minuten"},"schema":{"@context":"https:\/\/schema.org","@graph":[{"@type":"WebPage","@id":"https:\/\/www.envirofalk.com\/ch\/branchen\/spital-labore\/","url":"https:\/\/www.envirofalk.com\/ch\/branchen\/spital-labore\/","name":"Spital & Labore &#8211; EnviroFALK","isPartOf":{"@id":"https:\/\/www.envirofalk.com\/#website"},"datePublished":"2024-04-17T09:00:35+00:00","dateModified":"2026-02-04T09:46:32+00:00","breadcrumb":{"@id":"https:\/\/www.envirofalk.com\/ch\/branchen\/spital-labore\/#breadcrumb"},"inLanguage":"de-CH","potentialAction":[{"@type":"ReadAction","target":["https:\/\/www.envirofalk.com\/ch\/branchen\/spital-labore\/"]}]},{"@type":"BreadcrumbList","@id":"https:\/\/www.envirofalk.com\/ch\/branchen\/spital-labore\/#breadcrumb","itemListElement":[{"@type":"ListItem","position":1,"name":"Home","item":"https:\/\/www.envirofalk.com\/ch\/"},{"@type":"ListItem","position":2,"name":"Branchen","item":"https:\/\/www.envirofalk.com\/ch\/branchen\/"},{"@type":"ListItem","position":3,"name":"Spital &#038; Labore"}]},{"@type":"WebSite","@id":"https:\/\/www.envirofalk.com\/#website","url":"https:\/\/www.envirofalk.com\/","name":"EnviroFALK","description":"Wasseraufbereitungsanlagen f\u00fcr Industrie, Gewerbe &amp; Labor","publisher":{"@id":"https:\/\/www.envirofalk.com\/#organization"},"potentialAction":[{"@type":"SearchAction","target":{"@type":"EntryPoint","urlTemplate":"https:\/\/www.envirofalk.com\/?s={search_term_string}"},"query-input":{"@type":"PropertyValueSpecification","valueRequired":true,"valueName":"search_term_string"}}],"inLanguage":"de-CH"},{"@type":"Organization","@id":"https:\/\/www.envirofalk.com\/#organization","name":"EnviroFALK","url":"https:\/\/www.envirofalk.com\/","logo":{"@type":"ImageObject","inLanguage":"de-CH","@id":"https:\/\/www.envirofalk.com\/#\/schema\/logo\/image\/","url":"https:\/\/www.envirofalk.com\/wp-content\/uploads\/2023\/01\/logo.svg","contentUrl":"https:\/\/www.envirofalk.com\/wp-content\/uploads\/2023\/01\/logo.svg","caption":"EnviroFALK"},"image":{"@id":"https:\/\/www.envirofalk.com\/#\/schema\/logo\/image\/"},"sameAs":["https:\/\/www.facebook.com\/envirofalk","https:\/\/www.linkedin.com\/company\/envirofalk-gmbh","https:\/\/www.youtube.com\/channel\/UCM1L-2K6cfBbP3aYgJGbVdA"],"description":"EnviroFALK Prozesswassertechnik ist Ihr Spezialist f\u00fcr ma\u00dfgeschneiderte Wasseraufbereitungsl\u00f6sungen in der Industrie. Wir bieten innovative Technologien f\u00fcr die Erzeugung und Aufbereitung von Prozesswasser, um h\u00f6chste Effizienz und Qualit\u00e4t in Ihren Produktionsprozessen zu gew\u00e4hrleisten. Mit jahrzehntelanger Erfahrung entwickeln wir nachhaltige und ressourcenschonende L\u00f6sungen, die exakt auf die Anforderungen unserer Kunden abgestimmt sind. Unsere Leistungen umfassen die Filtration, Enth\u00e4rtung, Entsalzung und R\u00fcckgewinnung von Wasser f\u00fcr verschiedenste Anwendungen \u2013 von der Metallverarbeitung bis zur Lebensmittelindustrie. Unsere Experten begleiten Sie von der Planung \u00fcber die Implementierung bis hin zum Service, um eine zuverl\u00e4ssige und wirtschaftliche Wasseraufbereitung sicherzustellen.","email":"info@envirofalk.com","telephone":"+49 2663 9908-0","legalName":"EnviroFALK GmbH","foundingDate":"1989-05-01"}]}},"_links":{"self":[{"href":"https:\/\/www.envirofalk.com\/ch\/wp-json\/wp\/v2\/pages\/13018","targetHints":{"allow":["GET"]}}],"collection":[{"href":"https:\/\/www.envirofalk.com\/ch\/wp-json\/wp\/v2\/pages"}],"about":[{"href":"https:\/\/www.envirofalk.com\/ch\/wp-json\/wp\/v2\/types\/page"}],"author":[{"embeddable":true,"href":"https:\/\/www.envirofalk.com\/ch\/wp-json\/wp\/v2\/users\/3"}],"replies":[{"embeddable":true,"href":"https:\/\/www.envirofalk.com\/ch\/wp-json\/wp\/v2\/comments?post=13018"}],"version-history":[{"count":7,"href":"https:\/\/www.envirofalk.com\/ch\/wp-json\/wp\/v2\/pages\/13018\/revisions"}],"predecessor-version":[{"id":26722,"href":"https:\/\/www.envirofalk.com\/ch\/wp-json\/wp\/v2\/pages\/13018\/revisions\/26722"}],"up":[{"embeddable":true,"href":"https:\/\/www.envirofalk.com\/ch\/wp-json\/wp\/v2\/pages\/12937"}],"wp:attachment":[{"href":"https:\/\/www.envirofalk.com\/ch\/wp-json\/wp\/v2\/media?parent=13018"}],"curies":[{"name":"wp","href":"https:\/\/api.w.org\/{rel}","templated":true}]}}